{"id":10,"date":"2021-07-07T10:30:06","date_gmt":"2021-07-07T10:30:06","guid":{"rendered":"http:\/\/onemd.ro\/?page_id=10"},"modified":"2025-08-19T10:43:50","modified_gmt":"2025-08-19T10:43:50","slug":"serviciile-noastre","status":"publish","type":"page","link":"https:\/\/onemd.ro\/en\/serviciile-noastre\/","title":{"rendered":"Our Services"},"content":{"rendered":"<div class=\"wp-block-group alignfull\"><div class=\"wp-block-group__inner-container is-layout-flow wp-block-group-is-layout-flow\">\n<div class=\"wp-block-cover alignfull is-light\"><img fetchpriority=\"high\" decoding=\"async\" width=\"1919\" height=\"600\" class=\"wp-block-cover__image-background wp-image-344\" alt=\"\" src=\"https:\/\/onemd.ro\/wp-content\/uploads\/2021\/07\/serviciibg.jpg\" data-object-fit=\"cover\" srcset=\"https:\/\/onemd.ro\/wp-content\/uploads\/2021\/07\/serviciibg.jpg 1919w, https:\/\/onemd.ro\/wp-content\/uploads\/2021\/07\/serviciibg-300x94.jpg 300w, https:\/\/onemd.ro\/wp-content\/uploads\/2021\/07\/serviciibg-1024x320.jpg 1024w, https:\/\/onemd.ro\/wp-content\/uploads\/2021\/07\/serviciibg-768x240.jpg 768w, https:\/\/onemd.ro\/wp-content\/uploads\/2021\/07\/serviciibg-1536x480.jpg 1536w, https:\/\/onemd.ro\/wp-content\/uploads\/2021\/07\/serviciibg-16x5.jpg 16w, https:\/\/onemd.ro\/wp-content\/uploads\/2021\/07\/serviciibg-1200x375.jpg 1200w\" sizes=\"(max-width: 1919px) 100vw, 1919px\" \/><span aria-hidden=\"true\" class=\"wp-block-cover__background has-background-dim-60 has-background-dim\"><\/span><div class=\"wp-block-cover__inner-container is-layout-flow wp-block-cover-is-layout-flow\">\n<p class=\"has-text-align-center has-background-color has-text-color has-link-color wp-elements-2d6775abc98383d81feaa2d2104e6917\" style=\"font-size:54px\"><strong>Our Services<\/strong><\/p>\n<\/div><\/div>\n\n\n\n<div style=\"height:50px\" aria-hidden=\"true\" class=\"wp-block-spacer\"><\/div>\n\n\n\n<p class=\"has-text-align-center\"><strong>\ud83c\udfaf WHY WE ARE RECOGNISED IN THE MARKET<\/strong><\/p>\n\n\n\n<div style=\"height:35px\" aria-hidden=\"true\" class=\"wp-block-spacer\"><\/div>\n\n\n<div class=\"wp-block-image\">\n<figure class=\"aligncenter size-thumbnail\"><img decoding=\"async\" width=\"150\" height=\"150\" src=\"https:\/\/onemd.ro\/wp-content\/uploads\/2025\/08\/EXPERTISE-IP-REPREZENTARE-BRANDURI-150x150.jpg\" alt=\"\" class=\"wp-image-1468\" srcset=\"https:\/\/onemd.ro\/wp-content\/uploads\/2025\/08\/EXPERTISE-IP-REPREZENTARE-BRANDURI-150x150.jpg 150w, https:\/\/onemd.ro\/wp-content\/uploads\/2025\/08\/EXPERTISE-IP-REPREZENTARE-BRANDURI-12x12.jpg 12w, https:\/\/onemd.ro\/wp-content\/uploads\/2025\/08\/EXPERTISE-IP-REPREZENTARE-BRANDURI.jpg 170w\" sizes=\"(max-width: 150px) 100vw, 150px\" \/><\/figure><\/div>\n\n\n<p class=\"has-text-align-center\">\ud83d\udcbc IP EXPERTISE &amp; BRAND REPRESENTATION<\/p>\n\n\n\n<p class=\"has-small-font-size\">- Full intellectual property management for exclusive brands<\/p>\n\n\n\n<p class=\"has-small-font-size\">- Legal representation and trade mark protection in Romania, Hungary, Bulgaria<\/p>\n\n\n\n<p class=\"has-small-font-size\">- Proven experience in court cases to protect trade marks (PURITO case)<\/p>\n\n\n\n<hr class=\"wp-block-separator aligncenter has-alpha-channel-opacity\"\/>\n\n\n<div class=\"wp-block-image\">\n<figure class=\"aligncenter size-thumbnail\"><img decoding=\"async\" width=\"150\" height=\"150\" src=\"https:\/\/onemd.ro\/wp-content\/uploads\/2025\/08\/EXPERIENTA-MEDICALA-SPECIALIZATA-150x150.jpg\" alt=\"\" class=\"wp-image-1465\" srcset=\"https:\/\/onemd.ro\/wp-content\/uploads\/2025\/08\/EXPERIENTA-MEDICALA-SPECIALIZATA-150x150.jpg 150w, https:\/\/onemd.ro\/wp-content\/uploads\/2025\/08\/EXPERIENTA-MEDICALA-SPECIALIZATA-12x12.jpg 12w, https:\/\/onemd.ro\/wp-content\/uploads\/2025\/08\/EXPERIENTA-MEDICALA-SPECIALIZATA.jpg 170w\" sizes=\"(max-width: 150px) 100vw, 150px\" \/><\/figure><\/div>\n\n\n<p class=\"has-text-align-center\">\ud83c\udfe5 SPECIALISED MEDICAL EXPERIENCE<\/p>\n\n\n\n<p class=\"has-small-font-size\">- Active participation in National Dermatological Congresses<\/p>\n\n\n\n<p class=\"has-small-font-size\">- Direct collaboration with dermatologists and specialised doctors<\/p>\n\n\n\n<p class=\"has-small-font-size\">- Products recommended in professional healthcare<\/p>\n\n\n\n<hr class=\"wp-block-separator aligncenter has-alpha-channel-opacity\"\/>\n\n\n<div class=\"wp-block-image\">\n<figure class=\"aligncenter size-thumbnail\"><img loading=\"lazy\" decoding=\"async\" width=\"150\" height=\"150\" src=\"https:\/\/onemd.ro\/wp-content\/uploads\/2025\/08\/EDUCATIE-SI-TRAINING-150x150.jpg\" alt=\"\" class=\"wp-image-1469\" srcset=\"https:\/\/onemd.ro\/wp-content\/uploads\/2025\/08\/EDUCATIE-SI-TRAINING-150x150.jpg 150w, https:\/\/onemd.ro\/wp-content\/uploads\/2025\/08\/EDUCATIE-SI-TRAINING-12x12.jpg 12w, https:\/\/onemd.ro\/wp-content\/uploads\/2025\/08\/EDUCATIE-SI-TRAINING.jpg 170w\" sizes=\"(max-width: 150px) 100vw, 150px\" \/><\/figure><\/div>\n\n\n<p class=\"has-text-align-center\">\ud83c\udf93 EDUCATION AND TRAINING<\/p>\n\n\n\n<p class=\"has-small-font-size\">- Training programmes for pharmacies and sales staff<\/p>\n\n\n\n<p class=\"has-small-font-size\">- Comprehensive patient counselling guides (36 FAQs)<\/p>\n\n\n\n<p class=\"has-small-font-size\">- Educational materials for professionals<\/p>\n\n\n\n<hr class=\"wp-block-separator aligncenter has-alpha-channel-opacity\"\/>\n\n\n<div class=\"wp-block-image\">\n<figure class=\"aligncenter size-thumbnail\"><img loading=\"lazy\" decoding=\"async\" width=\"150\" height=\"150\" src=\"https:\/\/onemd.ro\/wp-content\/uploads\/2025\/08\/RETEA-EXCLUSIVA-DE-DISTRIBUTIE-150x150.jpg\" alt=\"\" class=\"wp-image-1470\" srcset=\"https:\/\/onemd.ro\/wp-content\/uploads\/2025\/08\/RETEA-EXCLUSIVA-DE-DISTRIBUTIE-150x150.jpg 150w, https:\/\/onemd.ro\/wp-content\/uploads\/2025\/08\/RETEA-EXCLUSIVA-DE-DISTRIBUTIE-12x12.jpg 12w, https:\/\/onemd.ro\/wp-content\/uploads\/2025\/08\/RETEA-EXCLUSIVA-DE-DISTRIBUTIE.jpg 170w\" sizes=\"(max-width: 150px) 100vw, 150px\" \/><\/figure><\/div>\n\n\n<p class=\"has-text-align-center\">\ud83c\udf10 EXCLUSIVE DISTRIBUTION NETWORK<\/p>\n\n\n\n<p class=\"has-small-font-size\">- Full national coverage in 3 countries<\/p>\n\n\n\n<p class=\"has-small-font-size\">- Partnerships with major pharmacy chains<\/p>\n\n\n\n<p class=\"has-small-font-size\">- Presence in premium and online retailers<\/p>\n\n\n\n<hr class=\"wp-block-separator aligncenter has-alpha-channel-opacity\"\/>\n\n\n<div class=\"wp-block-image\">\n<figure class=\"aligncenter size-thumbnail\"><img loading=\"lazy\" decoding=\"async\" width=\"150\" height=\"150\" src=\"https:\/\/onemd.ro\/wp-content\/uploads\/2025\/08\/INOVATIE-SI-CONFORMITATE-150x150.jpg\" alt=\"\" class=\"wp-image-1471\" srcset=\"https:\/\/onemd.ro\/wp-content\/uploads\/2025\/08\/INOVATIE-SI-CONFORMITATE-150x150.jpg 150w, https:\/\/onemd.ro\/wp-content\/uploads\/2025\/08\/INOVATIE-SI-CONFORMITATE-12x12.jpg 12w, https:\/\/onemd.ro\/wp-content\/uploads\/2025\/08\/INOVATIE-SI-CONFORMITATE.jpg 170w\" sizes=\"(max-width: 150px) 100vw, 150px\" \/><\/figure><\/div>\n\n\n<p class=\"has-text-align-center\">\ud83d\udd2c INNOVATION AND COMPLIANCE<\/p>\n\n\n\n<p class=\"has-small-font-size\">- ISO 9001, ISO 14001, ISO 45001 certifications<\/p>\n\n\n\n<p class=\"has-small-font-size\">- Conformity EU Cosmetic Regulation<\/p>\n\n\n\n<p class=\"has-small-font-size\">- Import and distribution of clinically validated products<\/p>\n\n\n\n<hr class=\"wp-block-separator aligncenter has-alpha-channel-opacity\"\/>\n\n\n<div class=\"wp-block-image\">\n<figure class=\"aligncenter size-thumbnail\"><img loading=\"lazy\" decoding=\"async\" width=\"150\" height=\"150\" src=\"https:\/\/onemd.ro\/wp-content\/uploads\/2025\/08\/SERVICIILE-NOASTRE-SPECIALIZATE-150x150.jpg\" alt=\"\" class=\"wp-image-1472\" srcset=\"https:\/\/onemd.ro\/wp-content\/uploads\/2025\/08\/SERVICIILE-NOASTRE-SPECIALIZATE-150x150.jpg 150w, https:\/\/onemd.ro\/wp-content\/uploads\/2025\/08\/SERVICIILE-NOASTRE-SPECIALIZATE-12x12.jpg 12w, https:\/\/onemd.ro\/wp-content\/uploads\/2025\/08\/SERVICIILE-NOASTRE-SPECIALIZATE.jpg 170w\" sizes=\"(max-width: 150px) 100vw, 150px\" \/><\/figure><\/div>\n\n\n<p class=\"has-text-align-center\">\ud83d\ude80 OUR SPECIALISED SERVICES<\/p>\n\n\n\n<p class=\"has-small-font-size\">For Exclusive Brands (Romania, Hungary, Bulgaria):<\/p>\n\n\n\n<p class=\"has-small-font-size\">\u2705 Intellectual Property Rights Management<\/p>\n\n\n\n<p class=\"has-small-font-size\">\u2705 Full legal representation<\/p>\n\n\n\n<p class=\"has-small-font-size\">\u2705 Market strategy and positioning<\/p>\n\n\n\n<p class=\"has-small-font-size\">\u2705 Specialised medical and dermatological marketing<\/p>\n\n\n\n<p class=\"has-small-font-size\">\u2705 Exclusive or selective national distribution<\/p>\n\n\n\n<p class=\"has-small-font-size\">\u2705 Active anti-counterfeiting protection<\/p>\n\n\n\n<p class=\"has-small-font-size\">\u2705 Efficient import and distribution<\/p>\n\n\n\n<p class=\"has-small-font-size\">\u2705 Marketing and point of sale support<\/p>\n\n\n\n<p class=\"has-small-font-size\">\u2705 Training and educating sales staff<\/p>\n\n\n\n<p class=\"has-small-font-size\">\u2705 Promotional campaigns and events Specialised Additional Services:<\/p>\n\n\n\n<p class=\"has-small-font-size\">\u2705 Regulatory advice (EU regulations)<\/p>\n\n\n\n<p class=\"has-small-font-size\">\u2705 Market analysis and trend forecasting<\/p>\n\n\n\n<p class=\"has-small-font-size\">\u2705 Developing medical educational content<\/p>\n\n\n\n<p class=\"has-small-font-size\">\u2705 Organising B2B events<\/p>\n\n\n\n<hr class=\"wp-block-separator aligncenter has-alpha-channel-opacity\"\/>\n\n\n<div class=\"wp-block-image\">\n<figure class=\"aligncenter size-thumbnail\"><img loading=\"lazy\" decoding=\"async\" width=\"150\" height=\"150\" src=\"https:\/\/onemd.ro\/wp-content\/uploads\/2025\/08\/POVESTI-DE-SUCCES-150x150.jpg\" alt=\"\" class=\"wp-image-1473\" srcset=\"https:\/\/onemd.ro\/wp-content\/uploads\/2025\/08\/POVESTI-DE-SUCCES-150x150.jpg 150w, https:\/\/onemd.ro\/wp-content\/uploads\/2025\/08\/POVESTI-DE-SUCCES-12x12.jpg 12w, https:\/\/onemd.ro\/wp-content\/uploads\/2025\/08\/POVESTI-DE-SUCCES.jpg 170w\" sizes=\"(max-width: 150px) 100vw, 150px\" \/><\/figure><\/div>\n\n\n<p class=\"has-text-align-center\">\ud83d\udccb SUCCESS STORIES<\/p>\n\n\n\n<p class=\"has-small-font-size\">\ud83c\udfc6 PURITO - The first full IP protection case \"How we obtained a court decision to protect the exclusivity of the PURITO trademark in Romania\"<\/p>\n\n\n\n<p class=\"has-small-font-size\">\ud83d\udd2c Riemann P20 - Penetrating the medical segment \"From 0 to dermatologist-recommended brand - 3-year strategy\" \ud83c\udf1f SKIN1004 - Education as the foundation \"How we built brand recognition through pharmacy education\"<\/p>\n\n\n\n<p class=\"has-small-font-size\">\ud83c\udf1f SKIN1004 - Education as the foundation \"How we built brand recognition through pharmacy education\"<\/p>\n\n\n\n<div class=\"wp-block-columns alignfull are-vertically-aligned-top is-layout-flex wp-container-core-columns-is-layout-9d6595d7 wp-block-columns-is-layout-flex\">\n<div class=\"wp-block-column is-layout-flow wp-block-column-is-layout-flow\"><\/div>\n\n\n\n<div class=\"wp-block-column is-vertically-aligned-top is-layout-flow wp-block-column-is-layout-flow\"><div class=\"wp-block-image is-style-default\">\n<figure class=\"aligncenter size-large is-resized\"><img loading=\"lazy\" decoding=\"async\" width=\"106\" height=\"106\" src=\"https:\/\/onemd.ro\/wp-content\/uploads\/2021\/07\/1-3.png\" alt=\"Market Access\" class=\"wp-image-470\" style=\"width:118px;height:118px\" srcset=\"https:\/\/onemd.ro\/wp-content\/uploads\/2021\/07\/1-3.png 106w, https:\/\/onemd.ro\/wp-content\/uploads\/2021\/07\/1-3-12x12.png 12w\" sizes=\"(max-width: 106px) 100vw, 106px\" \/><figcaption class=\"wp-element-caption\"><strong><span style=\"color:#243875\" class=\"has-inline-color\">Market Access<\/span><\/strong><\/figcaption><\/figure><\/div><\/div>\n\n\n\n<div class=\"wp-block-column is-vertically-aligned-top is-layout-flow wp-block-column-is-layout-flow\"><div class=\"wp-block-image\">\n<figure class=\"aligncenter size-large is-resized\"><img loading=\"lazy\" decoding=\"async\" width=\"106\" height=\"106\" src=\"https:\/\/onemd.ro\/wp-content\/uploads\/2021\/07\/2-2.png\" alt=\"Product Management\" class=\"wp-image-471\" style=\"width:118px;height:118px\" srcset=\"https:\/\/onemd.ro\/wp-content\/uploads\/2021\/07\/2-2.png 106w, https:\/\/onemd.ro\/wp-content\/uploads\/2021\/07\/2-2-12x12.png 12w\" sizes=\"(max-width: 106px) 100vw, 106px\" \/><figcaption class=\"wp-element-caption\"><strong><span style=\"color:#243875\" class=\"has-inline-color\">Product Management<\/span><\/strong><\/figcaption><\/figure><\/div><\/div>\n\n\n\n<div class=\"wp-block-column is-vertically-aligned-top is-layout-flow wp-block-column-is-layout-flow\"><div class=\"wp-block-image\">\n<figure class=\"aligncenter size-large is-resized\"><img loading=\"lazy\" decoding=\"async\" width=\"106\" height=\"106\" src=\"https:\/\/onemd.ro\/wp-content\/uploads\/2021\/07\/3-1.png\" alt=\"Sales &amp; Marketing Management\" class=\"wp-image-472\" style=\"width:118px;height:118px\" srcset=\"https:\/\/onemd.ro\/wp-content\/uploads\/2021\/07\/3-1.png 106w, https:\/\/onemd.ro\/wp-content\/uploads\/2021\/07\/3-1-12x12.png 12w\" sizes=\"(max-width: 106px) 100vw, 106px\" \/><figcaption class=\"wp-element-caption\"><strong><span style=\"color:#243875\" class=\"has-inline-color\">Sales &amp; Marketing Management<\/span><\/strong><\/figcaption><\/figure><\/div><\/div>\n\n\n\n<div class=\"wp-block-column is-layout-flow wp-block-column-is-layout-flow\"><\/div>\n<\/div>\n\n\n\n<div class=\"wp-block-columns alignfull is-layout-flex wp-container-core-columns-is-layout-9d6595d7 wp-block-columns-is-layout-flex\">\n<div class=\"wp-block-column is-layout-flow wp-block-column-is-layout-flow\"><\/div>\n\n\n\n<div class=\"wp-block-column is-layout-flow wp-block-column-is-layout-flow\"><div class=\"wp-block-image\">\n<figure class=\"aligncenter size-large is-resized\"><img loading=\"lazy\" decoding=\"async\" width=\"106\" height=\"106\" src=\"https:\/\/onemd.ro\/wp-content\/uploads\/2021\/07\/6-2.png\" alt=\"Point of Sales Management\" class=\"wp-image-473\" style=\"width:118px;height:118px\" srcset=\"https:\/\/onemd.ro\/wp-content\/uploads\/2021\/07\/6-2.png 106w, https:\/\/onemd.ro\/wp-content\/uploads\/2021\/07\/6-2-12x12.png 12w\" sizes=\"(max-width: 106px) 100vw, 106px\" \/><figcaption class=\"wp-element-caption\"><strong><span style=\"color:#243875\" class=\"has-inline-color\">Point of Sales Management<\/span><\/strong><\/figcaption><\/figure><\/div><\/div>\n\n\n\n<div class=\"wp-block-column is-layout-flow wp-block-column-is-layout-flow\"><div class=\"wp-block-image\">\n<figure class=\"aligncenter size-large is-resized\"><img loading=\"lazy\" decoding=\"async\" width=\"106\" height=\"106\" src=\"https:\/\/onemd.ro\/wp-content\/uploads\/2021\/07\/5-2.png\" alt=\"Medical Promotion\" class=\"wp-image-475\" style=\"width:118px;height:118px\" srcset=\"https:\/\/onemd.ro\/wp-content\/uploads\/2021\/07\/5-2.png 106w, https:\/\/onemd.ro\/wp-content\/uploads\/2021\/07\/5-2-12x12.png 12w\" sizes=\"(max-width: 106px) 100vw, 106px\" \/><figcaption class=\"wp-element-caption\"><strong><span style=\"color:#243875\" class=\"has-inline-color\">Medical Promotion<\/span><\/strong><\/figcaption><\/figure><\/div><\/div>\n\n\n\n<div class=\"wp-block-column is-layout-flow wp-block-column-is-layout-flow\"><div class=\"wp-block-image\">\n<figure class=\"aligncenter size-large is-resized\"><img loading=\"lazy\" decoding=\"async\" width=\"106\" height=\"106\" src=\"https:\/\/onemd.ro\/wp-content\/uploads\/2021\/07\/4-2.png\" alt=\"Warehousing &amp; Distribution\" class=\"wp-image-474\" style=\"width:118px;height:118px\" srcset=\"https:\/\/onemd.ro\/wp-content\/uploads\/2021\/07\/4-2.png 106w, https:\/\/onemd.ro\/wp-content\/uploads\/2021\/07\/4-2-12x12.png 12w\" sizes=\"(max-width: 106px) 100vw, 106px\" \/><figcaption class=\"wp-element-caption\"><strong><span style=\"color:#243875\" class=\"has-inline-color\">Warehousing &amp; Distribution<\/span><\/strong><\/figcaption><\/figure><\/div><\/div>\n\n\n\n<div class=\"wp-block-column is-layout-flow wp-block-column-is-layout-flow\"><\/div>\n<\/div>\n\n\n\n<div class=\"wp-block-columns alignfull is-layout-flex wp-container-core-columns-is-layout-9d6595d7 wp-block-columns-is-layout-flex\">\n<div class=\"wp-block-column is-layout-flow wp-block-column-is-layout-flow\"><\/div>\n\n\n\n<div class=\"wp-block-column is-layout-flow wp-block-column-is-layout-flow\"><div class=\"wp-block-image\">\n<figure class=\"aligncenter size-large is-resized\"><img loading=\"lazy\" decoding=\"async\" width=\"106\" height=\"106\" src=\"https:\/\/onemd.ro\/wp-content\/uploads\/2021\/07\/7-1.png\" alt=\"Regulatory Affairs\" class=\"wp-image-477\" style=\"width:118px;height:118px\" srcset=\"https:\/\/onemd.ro\/wp-content\/uploads\/2021\/07\/7-1.png 106w, https:\/\/onemd.ro\/wp-content\/uploads\/2021\/07\/7-1-12x12.png 12w\" sizes=\"(max-width: 106px) 100vw, 106px\" \/><figcaption class=\"wp-element-caption\"><span style=\"color:#243875\" class=\"has-inline-color\"><strong>Regulatory Affairs<\/strong><\/span><\/figcaption><\/figure><\/div><\/div>\n\n\n\n<div class=\"wp-block-column is-layout-flow wp-block-column-is-layout-flow\"><div class=\"wp-block-image\">\n<figure class=\"aligncenter size-large is-resized\"><img loading=\"lazy\" decoding=\"async\" width=\"106\" height=\"106\" src=\"https:\/\/onemd.ro\/wp-content\/uploads\/2021\/07\/10-1.png\" alt=\"Customer Promotion Campaigns\" class=\"wp-image-479\" style=\"width:118px;height:118px\" srcset=\"https:\/\/onemd.ro\/wp-content\/uploads\/2021\/07\/10-1.png 106w, https:\/\/onemd.ro\/wp-content\/uploads\/2021\/07\/10-1-12x12.png 12w\" sizes=\"(max-width: 106px) 100vw, 106px\" \/><figcaption class=\"wp-element-caption\"><strong><span style=\"color:#243875\" class=\"has-inline-color\">Customer Promotion Campaigns<\/span><\/strong><\/figcaption><\/figure><\/div><\/div>\n\n\n\n<div class=\"wp-block-column is-layout-flow wp-block-column-is-layout-flow\"><div class=\"wp-block-image\">\n<figure class=\"aligncenter size-large is-resized\"><img loading=\"lazy\" decoding=\"async\" width=\"106\" height=\"106\" src=\"https:\/\/onemd.ro\/wp-content\/uploads\/2021\/07\/12-1.png\" alt=\"Tailor-made Solutions\" class=\"wp-image-478\" style=\"width:118px;height:118px\" srcset=\"https:\/\/onemd.ro\/wp-content\/uploads\/2021\/07\/12-1.png 106w, https:\/\/onemd.ro\/wp-content\/uploads\/2021\/07\/12-1-12x12.png 12w\" sizes=\"(max-width: 106px) 100vw, 106px\" \/><figcaption class=\"wp-element-caption\"><span style=\"color:#243875\" class=\"has-inline-color\"><strong>Tailor-made Solutions<\/strong><\/span><\/figcaption><\/figure><\/div><\/div>\n\n\n\n<div class=\"wp-block-column is-layout-flow wp-block-column-is-layout-flow\"><\/div>\n<\/div>\n<\/div><\/div>","protected":false},"excerpt":{"rendered":"<p>\ud83c\udfaf DE CE SUNTEM RECUNOSCU\u021aI \u00ceN PIA\u021a\u0102 \ud83d\udcbc EXPERTISE IP &amp; REPREZENTARE BRANDURI \u2022 Gestiunea complet\u0103 a propriet\u0103\u021bii intelectuale pentru brandurile exclusive \u2022 Reprezentare legal\u0103 \u0219i protejarea m\u0103rcilor \u00een Romania, Ungaria, Bulgaria \u2022 Experien\u021b\u0103 dovedit\u0103 \u00een procese judiciare pentru protec\u021bia brandurilor (caz PURITO) \ud83c\udfe5 EXPERIEN\u021a\u0102 MEDICAL\u0102 SPECIALIZAT\u0102 \u2022 Participare activ\u0103 la Congresele Na\u021bionale de Dermatologie [&hellip;]<\/p>\n","protected":false},"author":1,"featured_media":0,"parent":0,"menu_order":0,"comment_status":"closed","ping_status":"closed","template":"","meta":{"footnotes":""},"class_list":["post-10","page","type-page","status-publish","hentry"],"aioseo_notices":[],"_links":{"self":[{"href":"https:\/\/onemd.ro\/en\/wp-json\/wp\/v2\/pages\/10","targetHints":{"allow":["GET"]}}],"collection":[{"href":"https:\/\/onemd.ro\/en\/wp-json\/wp\/v2\/pages"}],"about":[{"href":"https:\/\/onemd.ro\/en\/wp-json\/wp\/v2\/types\/page"}],"author":[{"embeddable":true,"href":"https:\/\/onemd.ro\/en\/wp-json\/wp\/v2\/users\/1"}],"replies":[{"embeddable":true,"href":"https:\/\/onemd.ro\/en\/wp-json\/wp\/v2\/comments?post=10"}],"version-history":[{"count":58,"href":"https:\/\/onemd.ro\/en\/wp-json\/wp\/v2\/pages\/10\/revisions"}],"predecessor-version":[{"id":1481,"href":"https:\/\/onemd.ro\/en\/wp-json\/wp\/v2\/pages\/10\/revisions\/1481"}],"wp:attachment":[{"href":"https:\/\/onemd.ro\/en\/wp-json\/wp\/v2\/media?parent=10"}],"curies":[{"name":"wp","href":"https:\/\/api.w.org\/{rel}","templated":true}]}}