{"id":1166,"date":"2024-09-17T07:23:34","date_gmt":"2024-09-17T07:23:34","guid":{"rendered":"https:\/\/onemd.ro\/?page_id=1166"},"modified":"2025-09-01T12:29:40","modified_gmt":"2025-09-01T12:29:40","slug":"luque","status":"publish","type":"page","link":"https:\/\/onemd.ro\/en\/luque\/","title":{"rendered":"Luque"},"content":{"rendered":"<div class=\"wp-block-image\">\n<figure class=\"aligncenter size-medium\"><img decoding=\"async\" width=\"300\" height=\"150\" src=\"https:\/\/onemd.ro\/wp-content\/uploads\/2024\/09\/luque-300x150.jpg\" alt=\"luque\" class=\"wp-image-1178\" srcset=\"https:\/\/onemd.ro\/wp-content\/uploads\/2024\/09\/luque-300x150.jpg 300w, https:\/\/onemd.ro\/wp-content\/uploads\/2024\/09\/luque-1024x512.jpg 1024w, https:\/\/onemd.ro\/wp-content\/uploads\/2024\/09\/luque-768x384.jpg 768w, https:\/\/onemd.ro\/wp-content\/uploads\/2024\/09\/luque-18x9.jpg 18w, https:\/\/onemd.ro\/wp-content\/uploads\/2024\/09\/luque.jpg 1058w\" sizes=\"(max-width: 300px) 100vw, 300px\" \/><\/figure><\/div>\n\n\n<p><strong>Luque de la Naris Cosmetics: High quality Japanese skin care<\/strong><\/p>\n\n\n\n<p>Luque, a cosmetics line under the Naris Cosmetics umbrella, is recognised for its innovative formulations and natural ingredients inspired by Japanese skincare traditions. The brand focuses on providing effective and gentle products to help skin maintain its healthy and radiant appearance.<\/p>\n\n\n\n<h4 class=\"wp-block-heading has-normal-font-size\"><strong>Why choose Luque?<\/strong><\/h4>\n\n\n\n<ul class=\"wp-block-list\">\n<li><strong>Advanced technology:<\/strong> Luque uses cutting-edge cosmetic technologies like iPF to create products that penetrate deep into the skin and work at the cellular level.<\/li>\n\n\n\n<li><strong>Natural ingredients:<\/strong> Luque formulas are enriched with plant extracts and other natural ingredients known for their beneficial properties on the skin.<\/li>\n\n\n\n<li><strong>Proven effectiveness:<\/strong> Luque products have been clinically and dermatologically tested, providing visible results in terms of moisturisation, firmness and radiance.<\/li>\n\n\n\n<li><strong>Pleasant texts:<\/strong> Luque products have light, non-greasy textures that absorb quickly into the skin and leave skin feeling comfortable.<\/li>\n<\/ul>\n\n\n\n<h4 class=\"wp-block-heading has-primary-color has-text-color has-link-color has-normal-font-size wp-elements-6bdd75e21575760bd1ad367a695f724b\">Recommended products Luque:<\/h4>\n\n\n\n<ul class=\"wp-block-list\">\n<li><strong>Lo\u021biune Luque:<\/strong> Intensely moisturises the skin, improves texture and gives a natural glow.<\/li>\n\n\n\n<li><strong>Luque night cream:<\/strong> Deeply moisturises skin while you sleep, reducing the appearance of fine lines and wrinkles.<\/li>\n\n\n\n<li><strong>Luque lifting cream:<\/strong> Firms and tones the skin, giving a visible lifting effect.<\/li>\n<\/ul>\n\n\n\n<p>Luque is a trusted skincare brand, offering high-quality products inspired by Japanese traditions. Using natural ingredients and advanced technologies, Luque helps you achieve healthy, radiant skin.<\/p>\n\n\n\n<hr class=\"wp-block-separator aligncenter has-alpha-channel-opacity\"\/>\n\n\n\n<p class=\"has-text-align-center\"><strong>Order products online <strong>Luque<\/strong> from official partner shops:<\/strong><\/p>\n\n\n\n<div class=\"wp-block-group has-large-font-size is-layout-grid wp-container-core-group-is-layout-6be84c55 wp-block-group-is-layout-grid\">\n<figure class=\"wp-block-image size-medium\"><a href=\"https:\/\/sole.ro\/brand\/luque\" target=\"_blank\" rel=\" noreferrer noopener\"><img decoding=\"async\" width=\"300\" height=\"150\" src=\"https:\/\/onemd.ro\/wp-content\/uploads\/2021\/07\/f6-2-300x150.jpg\" alt=\"sole.ro\" class=\"wp-image-297\" srcset=\"https:\/\/onemd.ro\/wp-content\/uploads\/2021\/07\/f6-2-300x150.jpg 300w, https:\/\/onemd.ro\/wp-content\/uploads\/2021\/07\/f6-2-16x8.jpg 16w, https:\/\/onemd.ro\/wp-content\/uploads\/2021\/07\/f6-2.jpg 600w\" sizes=\"(max-width: 300px) 100vw, 300px\" \/><\/a><\/figure>\n<\/div>","protected":false},"excerpt":{"rendered":"<p>Luque de la Naris Cosmetics: O \u00eengrijire a pielii japonez\u0103 de \u00eenalt\u0103 calitate Luque, o linie de produse cosmetice sub umbrela Naris Cosmetics, este recunoscut\u0103 pentru formula\u021biile sale inovatoare \u0219i ingredientele naturale, inspirate din tradi\u021biile japoneze de \u00eengrijire a pielii. Brandul se concentreaz\u0103 pe furnizarea de produse eficiente \u0219i bl\u00e2nde, care s\u0103 ajute pielea s\u0103-\u0219i [&hellip;]<\/p>\n","protected":false},"author":1,"featured_media":0,"parent":0,"menu_order":0,"comment_status":"closed","ping_status":"closed","template":"","meta":{"footnotes":""},"class_list":["post-1166","page","type-page","status-publish","hentry"],"aioseo_notices":[],"_links":{"self":[{"href":"https:\/\/onemd.ro\/en\/wp-json\/wp\/v2\/pages\/1166","targetHints":{"allow":["GET"]}}],"collection":[{"href":"https:\/\/onemd.ro\/en\/wp-json\/wp\/v2\/pages"}],"about":[{"href":"https:\/\/onemd.ro\/en\/wp-json\/wp\/v2\/types\/page"}],"author":[{"embeddable":true,"href":"https:\/\/onemd.ro\/en\/wp-json\/wp\/v2\/users\/1"}],"replies":[{"embeddable":true,"href":"https:\/\/onemd.ro\/en\/wp-json\/wp\/v2\/comments?post=1166"}],"version-history":[{"count":5,"href":"https:\/\/onemd.ro\/en\/wp-json\/wp\/v2\/pages\/1166\/revisions"}],"predecessor-version":[{"id":1727,"href":"https:\/\/onemd.ro\/en\/wp-json\/wp\/v2\/pages\/1166\/revisions\/1727"}],"wp:attachment":[{"href":"https:\/\/onemd.ro\/en\/wp-json\/wp\/v2\/media?parent=1166"}],"curies":[{"name":"wp","href":"https:\/\/api.w.org\/{rel}","templated":true}]}}