{"id":14,"date":"2021-07-07T10:31:54","date_gmt":"2021-07-07T10:31:54","guid":{"rendered":"http:\/\/onemd.ro\/?page_id=14"},"modified":"2025-08-19T12:39:54","modified_gmt":"2025-08-19T12:39:54","slug":"contact","status":"publish","type":"page","link":"https:\/\/onemd.ro\/en\/contact\/","title":{"rendered":"Contact"},"content":{"rendered":"\n<div class=\"wp-block-cover alignfull is-light\"><img fetchpriority=\"high\" decoding=\"async\" width=\"1919\" height=\"600\" class=\"wp-block-cover__image-background wp-image-347\" alt=\"\" src=\"https:\/\/onemd.ro\/wp-content\/uploads\/2021\/07\/contactbg.jpg\" data-object-fit=\"cover\" srcset=\"https:\/\/onemd.ro\/wp-content\/uploads\/2021\/07\/contactbg.jpg 1919w, https:\/\/onemd.ro\/wp-content\/uploads\/2021\/07\/contactbg-300x94.jpg 300w, https:\/\/onemd.ro\/wp-content\/uploads\/2021\/07\/contactbg-1024x320.jpg 1024w, https:\/\/onemd.ro\/wp-content\/uploads\/2021\/07\/contactbg-768x240.jpg 768w, https:\/\/onemd.ro\/wp-content\/uploads\/2021\/07\/contactbg-1536x480.jpg 1536w, https:\/\/onemd.ro\/wp-content\/uploads\/2021\/07\/contactbg-16x5.jpg 16w, https:\/\/onemd.ro\/wp-content\/uploads\/2021\/07\/contactbg-1200x375.jpg 1200w\" sizes=\"(max-width: 1919px) 100vw, 1919px\" \/><span aria-hidden=\"true\" class=\"wp-block-cover__background has-background-dim-20 has-background-dim\"><\/span><div class=\"wp-block-cover__inner-container is-layout-flow wp-block-cover-is-layout-flow\">\n<p class=\"has-text-align-center has-background-color has-text-color has-link-color wp-elements-bb0860a05aa67558759dedc093bd05e6\" style=\"font-size:62px\">Contact<\/p>\n<\/div><\/div>\n\n\n\n<div class=\"wp-block-columns is-layout-flex wp-container-core-columns-is-layout-9d6595d7 wp-block-columns-is-layout-flex\">\n<div class=\"wp-block-column is-layout-flow wp-block-column-is-layout-flow\" style=\"flex-basis:100%\">\n<h2 class=\"wp-block-heading alignwide has-text-align-center has-normal-font-size\"><strong>1. \ud83c\udf0d PENTRU BRANDURI INTERNA\u021aIONALE DE SUCCESS<\/strong><\/h2>\n\n\n\n<p class=\"has-small-font-size\">Vrei s\u0103 intri serios \u0219i s\u0103n\u0103tos pe pia\u021ba din Rom\u00e2nia, Ungaria, Bulgaria \u0219i restul regiunii?<\/p>\n\n\n\n<div style=\"height:40px\" aria-hidden=\"true\" class=\"wp-block-spacer\"><\/div>\n\n\n\n<p class=\"has-text-align-left\">\ud83c\udfaf DE CE S\u0102 ALEGI ONE MASTER DISTRIBUTION?<\/p>\n\n\n\n<p class=\"has-small-font-size\">\u2705 13 ani de experien\u021b\u0103 \u00een lansarea brandurilor premium<\/p>\n\n\n\n<p class=\"has-small-font-size\">\u2705 Re\u021bea exclusiv\u0103 \u00een 3 \u021b\u0103ri cu extindere \u00een Europa de Est<\/p>\n\n\n\n<p class=\"has-small-font-size\">\u2705 Expertiz\u0103 complet\u0103 \u00een protejarea IP \u0219i reprezentare legal\u0103<\/p>\n\n\n\n<p class=\"has-small-font-size\">\u2705 Parteneriate directe cu lan\u021burile majore de farmacii<\/p>\n\n\n\n<p class=\"has-small-font-size\">\u2705 Acoperire medical\u0103 &#8211; colabor\u0103ri cu dermatologi \u0219i congrese<\/p>\n\n\n\n<p class=\"has-small-font-size\">\u2705 Certific\u0103ri ISO pentru calitate, mediu \u0219i siguran\u021b\u0103<\/p>\n\n\n\n<div style=\"height:40px\" aria-hidden=\"true\" class=\"wp-block-spacer\"><\/div>\n\n\n\n<p class=\"has-text-align-left\">\ud83d\udcca TRACK RECORD DOVEDIT: <\/p>\n\n\n\n<p class=\"has-small-font-size\">\u2022 50+ branduri lansate cu succes<\/p>\n\n\n\n<p class=\"has-small-font-size\">\u2022 Prezen\u021ba \u00een 500+ farmacii \u0219i retail points<\/p>\n\n\n\n<p class=\"has-small-font-size\">\u2022 Participare la 10+ congrese medicale anual<\/p>\n\n\n\n<p class=\"has-small-font-size\">\u2022 Proces juridic c\u00e2\u0219tigat pentru protec\u021bia brandurilor<\/p>\n\n\n\n<div style=\"height:40px\" aria-hidden=\"true\" class=\"wp-block-spacer\"><\/div>\n\n\n\n<p class=\"has-text-align-left\">\ud83d\udcbc SERVICII COMPLETE PENTRU BRANDURI:<\/p>\n\n\n\n<p class=\"has-small-font-size\">\ud83d\udd39 Analiza pie\u021bei \u0219i strategie de intrare<\/p>\n\n\n\n<p class=\"has-small-font-size\">\ud83d\udd39 Achizi\u021bia \u0219i gestionarea drepturilor de Proprietate Intelectuala<\/p>\n\n\n\n<p class=\"has-small-font-size\">\ud83d\udd39 Conformitate regulamentar\u0103 EU<\/p>\n\n\n\n<p class=\"has-small-font-size\">\ud83d\udd39 Marketing medical \u0219i educa\u021bional<\/p>\n\n\n\n<p class=\"has-small-font-size\">\ud83d\udd39 Distribu\u021bie exclusiv\u0103 \u0219i logistic\u0103<\/p>\n\n\n\n<p class=\"has-small-font-size\">\ud83d\udd39 Protec\u021bie activ\u0103 \u00eempotriva contrafacerii<\/p>\n\n\n\n<div style=\"height:40px\" aria-hidden=\"true\" class=\"wp-block-spacer\"><\/div>\n\n\n\n<p class=\"has-text-align-center has-subtle-background-background-color has-background has-small-font-size\"><strong>\ud83d\udcde READY TO EXPAND?<\/strong><\/p>\n\n\n\n<p class=\"has-text-align-center has-subtle-background-background-color has-background has-small-font-size\">Contacteaz\u0103 echipa nostra de business development:<\/p>\n\n\n\n<p class=\"has-text-align-center has-subtle-background-background-color has-text-color has-background has-link-color has-small-font-size wp-elements-54ebda1941706b820f38edb0402e3f01\" style=\"color:#0f00b5\"><a href=\"mailto:contact@onemd.ro\" title=\"\"><strong>contact@onemd.ro<\/strong><\/a><\/p>\n\n\n\n<hr class=\"wp-block-separator has-alpha-channel-opacity is-style-dots\"\/>\n\n\n\n<h2 class=\"wp-block-heading alignwide has-text-align-center has-normal-font-size\"><strong><strong>2. \ud83c\udfea PENTRU RETAILERI &amp; LAN\u021aURI DE FARMACII<\/strong><\/strong><\/h2>\n\n\n\n<p class=\"has-small-font-size\">Dore\u0219ti s\u0103 ai \u00een portofoliu cele mai \u00een trend branduri de cosmetic\u0103 din \u00eentreaga lume?<\/p>\n\n\n\n<div style=\"height:30px\" aria-hidden=\"true\" class=\"wp-block-spacer\"><\/div>\n\n\n\n<p class=\"has-text-align-left\">\ud83c\udfaf PARTENERIATUL CU ONE MASTER DISTRIBUTION \u00ce\u021aI OFER\u0102:<\/p>\n\n\n\n<p class=\"has-small-font-size\">\u2705 Acces exclusiv la 50+ branduri premium internationale<\/p>\n\n\n\n<p class=\"has-small-font-size\">\u2705 Branduri \u00een trend cresc\u0103tor \u0219i cu demand ridicat<\/p>\n\n\n\n<p class=\"has-small-font-size\">\u2705 Suport marketing complet \u0219i materiale POS<\/p>\n\n\n\n<p class=\"has-small-font-size\">\u2705 Training specializat pentru echipa ta de v\u00e2nzare<\/p>\n\n\n\n<p class=\"has-small-font-size\">\u2705 Pre\u021buri competitive \u0219i condi\u021bii preferen\u021biale<\/p>\n\n\n\n<p class=\"has-small-font-size\">\u2705 Livrare rapid\u0103 \u0219i stoc garantat<\/p>\n\n\n\n<div style=\"height:35px\" aria-hidden=\"true\" class=\"wp-block-spacer\"><\/div>\n\n\n\n<p class=\"has-text-align-left\">\ud83d\udcc8 BENEFICII CONCRETE PENTRU BUSINESS-UL T\u0102U:<\/p>\n\n\n\n<p class=\"has-small-font-size\">\u2022 Marja profitabil\u0103 pe segmentul premium<\/p>\n\n\n\n<p class=\"has-small-font-size\">\u2022 Clien\u021bi fideli \u0219i repeat purchase ridicat<\/p>\n\n\n\n<p class=\"has-small-font-size\">\u2022 Diferen\u021biere fa\u021b\u0103 de competitori<\/p>\n\n\n\n<p class=\"has-small-font-size\">\u2022 Suport continuu \u00een dezvoltarea v\u00e2nz\u0103rilor<\/p>\n\n\n\n<div style=\"height:35px\" aria-hidden=\"true\" class=\"wp-block-spacer\"><\/div>\n\n\n\n<p class=\"has-text-align-left\">\ud83d\udcbc TIPURI DE PARTENERIAT:<\/p>\n\n\n\n<p class=\"has-small-font-size\">\ud83d\udd39 Distribu\u021bie standard pentru retail<\/p>\n\n\n\n<p class=\"has-small-font-size\">\ud83d\udd39 Parteneriat exclusiv regional<\/p>\n\n\n\n<p class=\"has-small-font-size\">\ud83d\udd39 Franchise pentru farmacii independente<\/p>\n\n\n\n<p class=\"has-small-font-size\">\ud83d\udd39 Solu\u021bii private label \u0219i co-branding<\/p>\n\n\n\n<div style=\"height:35px\" aria-hidden=\"true\" class=\"wp-block-spacer\"><\/div>\n\n\n\n<p class=\"has-text-align-center has-subtle-background-background-color has-background has-small-font-size\"><strong>\ud83d\udcde READY TO GROW TOGETHER?<\/strong><\/p>\n\n\n\n<p class=\"has-text-align-center has-subtle-background-background-color has-background has-small-font-size\">Contacteaz\u0103 echipa noastr\u0103 de retail partnerships:<\/p>\n\n\n\n<p class=\"has-text-align-center has-subtle-background-background-color has-text-color has-background has-link-color has-small-font-size wp-elements-2e7072cc159967b2377bcc1f4d5d7643\" style=\"color:#0f00b5\"><a href=\"mailto:contact@onemd.ro\" title=\"\">contact@onemd.ro<\/a><\/p>\n\n\n\n<div style=\"height:58px\" aria-hidden=\"true\" class=\"wp-block-spacer\"><\/div>\n<\/div>\n<\/div>\n\n\n<div class=\"wpforms-container wpforms-container-full\" id=\"wpforms-244\"><form id=\"wpforms-form-244\" class=\"wpforms-validate wpforms-form\" data-formid=\"244\" method=\"post\" enctype=\"multipart\/form-data\" action=\"\/en\/wp-json\/wp\/v2\/pages\/14\" data-token=\"8a324b63486d553f48389a803df3fe84\" data-token-time=\"1776940298\"><noscript class=\"wpforms-error-noscript\">Please enable JavaScript in your browser to complete this form.<\/noscript><div class=\"wpforms-field-container\"><div id=\"wpforms-244-field_0-container\" class=\"wpforms-field wpforms-field-name\" data-field-id=\"0\"><label class=\"wpforms-field-label\" for=\"wpforms-244-field_0\">Nume <span class=\"wpforms-required-label\">*<\/span><\/label><input type=\"text\" id=\"wpforms-244-field_0\" class=\"wpforms-field-medium wpforms-field-required\" name=\"wpforms[fields][0]\" required><\/div><div id=\"wpforms-244-field_1-container\" class=\"wpforms-field wpforms-field-email\" data-field-id=\"1\"><label class=\"wpforms-field-label\" for=\"wpforms-244-field_1\">Email<\/label><input type=\"email\" id=\"wpforms-244-field_1\" class=\"wpforms-field-medium\" name=\"wpforms[fields][1]\" spellcheck=\"false\" ><\/div><div id=\"wpforms-244-field_2-container\" class=\"wpforms-field wpforms-field-textarea\" data-field-id=\"2\"><label class=\"wpforms-field-label\" for=\"wpforms-244-field_2\">Mesajul dumneavoastra <span class=\"wpforms-required-label\">*<\/span><\/label><textarea id=\"wpforms-244-field_2\" class=\"wpforms-field-medium wpforms-field-required\" name=\"wpforms[fields][2]\" required><\/textarea><\/div><\/div><!-- .wpforms-field-container --><div class=\"wpforms-submit-container\" ><input type=\"hidden\" name=\"wpforms[id]\" value=\"244\"><input type=\"hidden\" name=\"page_title\" value=\"\"><input type=\"hidden\" name=\"page_url\" value=\"https:\/\/onemd.ro\/en\/wp-json\/wp\/v2\/pages\/14\"><input type=\"hidden\" name=\"url_referer\" value=\"\"><button type=\"submit\" name=\"wpforms[submit]\" id=\"wpforms-submit-244\" class=\"wpforms-submit\" data-alt-text=\"Se trimite...\" data-submit-text=\"Trimite\" aria-live=\"assertive\" value=\"wpforms-submit\">Trimite<\/button><\/div><\/form><\/div>  <!-- .wpforms-container -->\n","protected":false},"excerpt":{"rendered":"<p>1. \ud83c\udf0d PENTRU BRANDURI INTERNA\u021aIONALE DE SUCCESS Vrei s\u0103 intri serios \u0219i s\u0103n\u0103tos pe pia\u021ba din Rom\u00e2nia, Ungaria, Bulgaria \u0219i restul regiunii? \ud83c\udfaf DE CE S\u0102 ALEGI ONE MASTER DISTRIBUTION? \u2705 13 ani de experien\u021b\u0103 \u00een lansarea brandurilor premium \u2705 Re\u021bea exclusiv\u0103 \u00een 3 \u021b\u0103ri cu extindere \u00een Europa de Est \u2705 Expertiz\u0103 complet\u0103 \u00een [&hellip;]<\/p>\n","protected":false},"author":1,"featured_media":0,"parent":0,"menu_order":0,"comment_status":"closed","ping_status":"closed","template":"","meta":{"footnotes":""},"class_list":["post-14","page","type-page","status-publish","hentry"],"aioseo_notices":[],"_links":{"self":[{"href":"https:\/\/onemd.ro\/en\/wp-json\/wp\/v2\/pages\/14","targetHints":{"allow":["GET"]}}],"collection":[{"href":"https:\/\/onemd.ro\/en\/wp-json\/wp\/v2\/pages"}],"about":[{"href":"https:\/\/onemd.ro\/en\/wp-json\/wp\/v2\/types\/page"}],"author":[{"embeddable":true,"href":"https:\/\/onemd.ro\/en\/wp-json\/wp\/v2\/users\/1"}],"replies":[{"embeddable":true,"href":"https:\/\/onemd.ro\/en\/wp-json\/wp\/v2\/comments?post=14"}],"version-history":[{"count":44,"href":"https:\/\/onemd.ro\/en\/wp-json\/wp\/v2\/pages\/14\/revisions"}],"predecessor-version":[{"id":1524,"href":"https:\/\/onemd.ro\/en\/wp-json\/wp\/v2\/pages\/14\/revisions\/1524"}],"wp:attachment":[{"href":"https:\/\/onemd.ro\/en\/wp-json\/wp\/v2\/media?parent=14"}],"curies":[{"name":"wp","href":"https:\/\/api.w.org\/{rel}","templated":true}]}}