{"id":822,"date":"2024-05-27T10:40:39","date_gmt":"2024-05-27T10:40:39","guid":{"rendered":"https:\/\/onemd.ro\/?page_id=822"},"modified":"2025-08-29T10:27:09","modified_gmt":"2025-08-29T10:27:09","slug":"acropass","status":"publish","type":"page","link":"https:\/\/onemd.ro\/en\/acropass\/","title":{"rendered":"Acropass"},"content":{"rendered":"<div class=\"wp-block-image\">\n<figure class=\"aligncenter size-medium\"><img decoding=\"async\" width=\"300\" height=\"150\" src=\"https:\/\/onemd.ro\/wp-content\/uploads\/2024\/05\/acropass-300x150.jpg\" alt=\"\" class=\"wp-image-794\" srcset=\"https:\/\/onemd.ro\/wp-content\/uploads\/2024\/05\/acropass-300x150.jpg 300w, https:\/\/onemd.ro\/wp-content\/uploads\/2024\/05\/acropass-1024x512.jpg 1024w, https:\/\/onemd.ro\/wp-content\/uploads\/2024\/05\/acropass-768x384.jpg 768w, https:\/\/onemd.ro\/wp-content\/uploads\/2024\/05\/acropass-18x9.jpg 18w, https:\/\/onemd.ro\/wp-content\/uploads\/2024\/05\/acropass.jpg 1058w\" sizes=\"(max-width: 300px) 100vw, 300px\" \/><\/figure><\/div>\n\n\n<p><strong>Acropass is an innovative skincare brand known for its advanced technologies and effective solutions for various skin problems<\/strong>. Acropass products are designed to provide specialised and pleasant care, promoting healthy and beautiful skin.<\/p>\n\n\n\n<p class=\"has-primary-color has-text-color has-link-color wp-elements-738f71140121705b6e464ec4f4afd125\"><strong>Acropass key products<\/strong><\/p>\n\n\n\n<p>\u2013 <strong>Patches to treat acne<\/strong>: Patches specially formulated to treat and reduce acne and skin inflammation while providing protection, soothing and regenerating action.<\/p>\n\n\n\n<p>\u2013 <strong>Wrinkle treatment patches<\/strong>: Patches with concentrated formulas designed to reduce the signs of skin ageing and fine wrinkles, giving a younger, firmer look.<\/p>\n\n\n\n<p>\u2013 <strong>Eye care patches<\/strong>: Hydrogel patches for the delicate area around the eyes that moisturise and revitalise the skin, reducing the appearance of dark circles and bags.<\/p>\n\n\n\n<p>\u2013 <strong>Patches to treat pigmentation spots<\/strong>: Patches with active ingredients, designed to even skin tone and reduce hyperpigmentation, giving a brighter, more even complexion.<\/p>\n\n\n\n<p>\u2013 <strong>Intensive skin moisturising patches<\/strong>: Hydrogel patches, enriched with moisturising and soothing ingredients that deeply hydrate and revitalise the skin, leaving it healthy-looking and radiant.<\/p>\n\n\n\n<p><strong>Acropass products are recognised for their effectiveness and the immediate benefits they offer to the skin<\/strong>. The brand is committed to providing innovative and enjoyable skincare solutions to promote natural and healthy beauty.<\/p>\n\n\n\n<hr class=\"wp-block-separator aligncenter has-alpha-channel-opacity\"\/>\n\n\n\n<p class=\"has-text-align-center\"><strong>Order products online <strong>Acropass<\/strong> from official partner shops:<\/strong><\/p>\n\n\n\n<div class=\"wp-block-group has-large-font-size is-layout-grid wp-container-core-group-is-layout-6be84c55 wp-block-group-is-layout-grid\">\n<figure class=\"wp-block-image size-medium\"><a href=\"https:\/\/sole.ro\/brand\/acropass\" target=\"_blank\" rel=\" noreferrer noopener\"><img decoding=\"async\" width=\"300\" height=\"150\" src=\"https:\/\/onemd.ro\/wp-content\/uploads\/2021\/07\/f6-2-300x150.jpg\" alt=\"sole.ro\" class=\"wp-image-297\" srcset=\"https:\/\/onemd.ro\/wp-content\/uploads\/2021\/07\/f6-2-300x150.jpg 300w, https:\/\/onemd.ro\/wp-content\/uploads\/2021\/07\/f6-2-16x8.jpg 16w, https:\/\/onemd.ro\/wp-content\/uploads\/2021\/07\/f6-2.jpg 600w\" sizes=\"(max-width: 300px) 100vw, 300px\" \/><\/a><\/figure>\n<\/div>","protected":false},"excerpt":{"rendered":"<p>Acropass este un brand inovator \u00een domeniul produselor de \u00eengrijire a pielii, cunoscut pentru tehnologiile sale avansate \u0219i pentru solu\u021biile eficiente pentru diverse probleme ale pielii. Produsele Acropass sunt create pentru a oferi o \u00eengrijire specializat\u0103 \u0219i pl\u0103cut\u0103, promov\u00e2nd s\u0103n\u0103tatea \u0219i frumuse\u021bea pielii. Produse cheie Acropass &#8211; Patch-uri pentru tratamentul acneei: Patch-uri special formulate pentru [&hellip;]<\/p>\n","protected":false},"author":1,"featured_media":0,"parent":0,"menu_order":0,"comment_status":"closed","ping_status":"closed","template":"","meta":{"footnotes":""},"class_list":["post-822","page","type-page","status-publish","hentry"],"aioseo_notices":[],"_links":{"self":[{"href":"https:\/\/onemd.ro\/en\/wp-json\/wp\/v2\/pages\/822","targetHints":{"allow":["GET"]}}],"collection":[{"href":"https:\/\/onemd.ro\/en\/wp-json\/wp\/v2\/pages"}],"about":[{"href":"https:\/\/onemd.ro\/en\/wp-json\/wp\/v2\/types\/page"}],"author":[{"embeddable":true,"href":"https:\/\/onemd.ro\/en\/wp-json\/wp\/v2\/users\/1"}],"replies":[{"embeddable":true,"href":"https:\/\/onemd.ro\/en\/wp-json\/wp\/v2\/comments?post=822"}],"version-history":[{"count":4,"href":"https:\/\/onemd.ro\/en\/wp-json\/wp\/v2\/pages\/822\/revisions"}],"predecessor-version":[{"id":1668,"href":"https:\/\/onemd.ro\/en\/wp-json\/wp\/v2\/pages\/822\/revisions\/1668"}],"wp:attachment":[{"href":"https:\/\/onemd.ro\/en\/wp-json\/wp\/v2\/media?parent=822"}],"curies":[{"name":"wp","href":"https:\/\/api.w.org\/{rel}","templated":true}]}}