{"id":827,"date":"2024-05-27T10:45:40","date_gmt":"2024-05-27T10:45:40","guid":{"rendered":"https:\/\/onemd.ro\/?page_id=827"},"modified":"2025-08-29T11:01:08","modified_gmt":"2025-08-29T11:01:08","slug":"lee-stafford","status":"publish","type":"page","link":"https:\/\/onemd.ro\/en\/lee-stafford\/","title":{"rendered":"Lee Stafford"},"content":{"rendered":"<div class=\"wp-block-image\">\n<figure class=\"aligncenter size-medium\"><img decoding=\"async\" width=\"300\" height=\"150\" src=\"https:\/\/onemd.ro\/wp-content\/uploads\/2024\/05\/LeeStafford-300x150.jpg\" alt=\"Lee Stafford\" class=\"wp-image-801\" title=\"Lee Stafford\" srcset=\"https:\/\/onemd.ro\/wp-content\/uploads\/2024\/05\/LeeStafford-300x150.jpg 300w, https:\/\/onemd.ro\/wp-content\/uploads\/2024\/05\/LeeStafford-1024x512.jpg 1024w, https:\/\/onemd.ro\/wp-content\/uploads\/2024\/05\/LeeStafford-768x384.jpg 768w, https:\/\/onemd.ro\/wp-content\/uploads\/2024\/05\/LeeStafford-18x9.jpg 18w, https:\/\/onemd.ro\/wp-content\/uploads\/2024\/05\/LeeStafford.jpg 1058w\" sizes=\"(max-width: 300px) 100vw, 300px\" \/><\/figure><\/div>\n\n\n<p><strong>Lee Stafford is an internationally recognised brand in hair care products, known for its innovation and effective solutions for various hair needs<\/strong>. Lee Stafford products are designed to provide specialised and pleasant care, promoting the health and beauty of hair.<\/p>\n\n\n\n<p class=\"has-primary-color has-text-color has-link-color wp-elements-77f635a570814f648d45e887c23580fa\"><strong>Key products Lee Stafford<\/strong><\/p>\n\n\n\n<p>\u2013 <strong>Shampoos and conditioners for different hair types<\/strong>: Innovative formulas designed to cleanse and nourish hair, giving it shine and vitality.<\/p>\n\n\n\n<p>\u2013 <strong>Styling products for high-impact hairstyles<\/strong>From styling foams and gels to setting creams and sprays, the Lee Stafford range offers versatile and effective products to create high-impact hairstyles and maintain your style all day long.<\/p>\n\n\n\n<p>\u2013 <strong>Treatments to revitalise and regenerate hair<\/strong>: Concentrated treatments designed to revitalise and regenerate damaged or brittle hair, giving it strength and shine.<\/p>\n\n\n\n<p>\u2013 <strong>Thermal protection products<\/strong>: Thermal protection formulas that protect hair from damage caused by blow-dryers, straighteners or curling irons, keeping it healthy and shiny.<\/p>\n\n\n\n<p>\u2013 <strong>Scalp care products<\/strong>Special scalp care treatments that cleanse and soothe the scalp, reducing dandruff and discomfort.<\/p>\n\n\n\n<p><strong>Lee Stafford products are recognised for their superior quality and visible results<\/strong>. The brand is committed to providing innovative and enjoyable hair care solutions to promote healthy and beautiful hair.<\/p>\n\n\n\n<hr class=\"wp-block-separator aligncenter has-alpha-channel-opacity\"\/>\n\n\n\n<p class=\"has-text-align-center\"><strong>Order products online <strong>Lee Stafford<\/strong> from official partner shops:<\/strong><\/p>\n\n\n\n<div class=\"wp-block-group has-large-font-size is-layout-grid wp-container-core-group-is-layout-6be84c55 wp-block-group-is-layout-grid\">\n<figure class=\"wp-block-image size-medium\"><a href=\"https:\/\/sole.ro\/brand\/lee-stafford\" target=\"_blank\" rel=\" noreferrer noopener\"><img decoding=\"async\" width=\"300\" height=\"150\" src=\"https:\/\/onemd.ro\/wp-content\/uploads\/2021\/07\/f6-2-300x150.jpg\" alt=\"sole.ro\" class=\"wp-image-297\" srcset=\"https:\/\/onemd.ro\/wp-content\/uploads\/2021\/07\/f6-2-300x150.jpg 300w, https:\/\/onemd.ro\/wp-content\/uploads\/2021\/07\/f6-2-16x8.jpg 16w, https:\/\/onemd.ro\/wp-content\/uploads\/2021\/07\/f6-2.jpg 600w\" sizes=\"(max-width: 300px) 100vw, 300px\" \/><\/a><\/figure>\n\n\n\n<figure class=\"wp-block-image size-medium\"><a href=\"https:\/\/www.drmax.ro\/lee-stafford\" target=\"_blank\" rel=\" noreferrer noopener\"><img decoding=\"async\" width=\"300\" height=\"129\" src=\"https:\/\/onemd.ro\/wp-content\/uploads\/2024\/05\/dr-max-300x129.jpg\" alt=\"Official Dr.Max partner shop\" class=\"wp-image-673\" srcset=\"https:\/\/onemd.ro\/wp-content\/uploads\/2024\/05\/dr-max-300x129.jpg 300w, https:\/\/onemd.ro\/wp-content\/uploads\/2024\/05\/dr-max-18x8.jpg 18w, https:\/\/onemd.ro\/wp-content\/uploads\/2024\/05\/dr-max.jpg 473w\" sizes=\"(max-width: 300px) 100vw, 300px\" \/><\/a><\/figure>\n<\/div>","protected":false},"excerpt":{"rendered":"<p>Lee Stafford este un brand recunoscut la nivel interna\u021bional \u00een domeniul produselor de \u00eengrijire a p\u0103rului, cunoscut pentru inova\u021bia sa \u0219i pentru solu\u021biile eficiente pentru diverse nevoi ale p\u0103rului. Produsele Lee Stafford sunt create pentru a oferi o \u00eengrijire specializat\u0103 \u0219i pl\u0103cut\u0103, promov\u00e2nd s\u0103n\u0103tatea \u0219i frumuse\u021bea p\u0103rului. Produse cheie Lee Stafford &#8211; \u0218ampoane \u0219i balsamuri [&hellip;]<\/p>\n","protected":false},"author":1,"featured_media":0,"parent":0,"menu_order":0,"comment_status":"closed","ping_status":"closed","template":"","meta":{"footnotes":""},"class_list":["post-827","page","type-page","status-publish","hentry"],"aioseo_notices":[],"_links":{"self":[{"href":"https:\/\/onemd.ro\/en\/wp-json\/wp\/v2\/pages\/827","targetHints":{"allow":["GET"]}}],"collection":[{"href":"https:\/\/onemd.ro\/en\/wp-json\/wp\/v2\/pages"}],"about":[{"href":"https:\/\/onemd.ro\/en\/wp-json\/wp\/v2\/types\/page"}],"author":[{"embeddable":true,"href":"https:\/\/onemd.ro\/en\/wp-json\/wp\/v2\/users\/1"}],"replies":[{"embeddable":true,"href":"https:\/\/onemd.ro\/en\/wp-json\/wp\/v2\/comments?post=827"}],"version-history":[{"count":5,"href":"https:\/\/onemd.ro\/en\/wp-json\/wp\/v2\/pages\/827\/revisions"}],"predecessor-version":[{"id":1677,"href":"https:\/\/onemd.ro\/en\/wp-json\/wp\/v2\/pages\/827\/revisions\/1677"}],"wp:attachment":[{"href":"https:\/\/onemd.ro\/en\/wp-json\/wp\/v2\/media?parent=827"}],"curies":[{"name":"wp","href":"https:\/\/api.w.org\/{rel}","templated":true}]}}