{"id":835,"date":"2024-05-27T10:51:31","date_gmt":"2024-05-27T10:51:31","guid":{"rendered":"https:\/\/onemd.ro\/?page_id=835"},"modified":"2025-09-01T10:45:00","modified_gmt":"2025-09-01T10:45:00","slug":"timeless-skincare","status":"publish","type":"page","link":"https:\/\/onemd.ro\/en\/timeless-skincare\/","title":{"rendered":"Timeless Skincare"},"content":{"rendered":"<div class=\"wp-block-image\">\n<figure class=\"aligncenter size-medium\"><img decoding=\"async\" width=\"300\" height=\"150\" src=\"https:\/\/onemd.ro\/wp-content\/uploads\/2024\/05\/timeless-300x150.jpg\" alt=\"Timeless Skin Care\" class=\"wp-image-804\" title=\"Timeless Skin Care\" srcset=\"https:\/\/onemd.ro\/wp-content\/uploads\/2024\/05\/timeless-300x150.jpg 300w, https:\/\/onemd.ro\/wp-content\/uploads\/2024\/05\/timeless-1024x512.jpg 1024w, https:\/\/onemd.ro\/wp-content\/uploads\/2024\/05\/timeless-768x384.jpg 768w, https:\/\/onemd.ro\/wp-content\/uploads\/2024\/05\/timeless-18x9.jpg 18w, https:\/\/onemd.ro\/wp-content\/uploads\/2024\/05\/timeless.jpg 1058w\" sizes=\"(max-width: 300px) 100vw, 300px\" \/><\/figure><\/div>\n\n\n<p><strong>Timeless Skin Care is an innovative skin care brand known for its high-quality products and effective ingredients<\/strong>. Timeless Skin Care products are designed to provide effective and pleasant skin care, promoting natural and healthy beauty.<\/p>\n\n\n\n<p class=\"has-primary-color has-text-color\"><strong>Key products Timeless Skin Care<\/strong><\/p>\n\n\n\n<p>\u2013 <strong>Anti-ageing serums with hyaluronic acid<\/strong>: Concentrated formulas designed to reduce the signs of skin ageing, such as fine lines and wrinkles, and give a younger, brighter look.<\/p>\n\n\n\n<p>\u2013 <strong>Moisturising and nourishing creams<\/strong>: Nutrient- and antioxidant-rich formulas that moisturise and protect the skin against dryness and external aggressions, leaving it healthy-looking and radiant.<\/p>\n\n\n\n<p>\u2013 <strong>Revitalising and regenerating face masks<\/strong>: Masks designed to revitalise and regenerate the skin, giving it intensive moisturisation and a fresh, invigorated look.<\/p>\n\n\n\n<p>\u2013 <strong>Eye and lip products<\/strong>: Treatments specially formulated to moisturise and rejuvenate the delicate area around the eyes and lips, reducing the appearance of dark circles, puffiness and fine lines.<\/p>\n\n\n\n<p>\u2013 <strong>Products with vitamin C and retinol<\/strong>: Powerful formulas designed to even out skin tone and texture, reducing hyperpigmentation and stimulating collagen production for firmer, more elastic skin.<\/p>\n\n\n\n<p><strong>Timeless Skin Care products are recognised for their superior quality and the visible results they deliver to the skin<\/strong>. The brand is committed to providing effective and pleasant skincare solutions to promote healthy and radiant skin.<\/p>\n\n\n\n<hr class=\"wp-block-separator aligncenter has-alpha-channel-opacity\"\/>\n\n\n\n<p class=\"has-text-align-center\"><strong>Order products online <strong>Timeless Skin Care<\/strong> from official partner shops:<\/strong><\/p>\n\n\n\n<div class=\"wp-block-group has-large-font-size is-layout-grid wp-container-core-group-is-layout-6be84c55 wp-block-group-is-layout-grid\">\n<figure class=\"wp-block-image size-medium\"><a href=\"https:\/\/sole.ro\/brand\/timeless-skin-care\" target=\"_blank\" rel=\" noreferrer noopener\"><img decoding=\"async\" width=\"300\" height=\"150\" src=\"https:\/\/onemd.ro\/wp-content\/uploads\/2021\/07\/f6-2-300x150.jpg\" alt=\"sole.ro\" class=\"wp-image-297\" srcset=\"https:\/\/onemd.ro\/wp-content\/uploads\/2021\/07\/f6-2-300x150.jpg 300w, https:\/\/onemd.ro\/wp-content\/uploads\/2021\/07\/f6-2-16x8.jpg 16w, https:\/\/onemd.ro\/wp-content\/uploads\/2021\/07\/f6-2.jpg 600w\" sizes=\"(max-width: 300px) 100vw, 300px\" \/><\/a><\/figure>\n\n\n\n<figure class=\"wp-block-image size-medium\"><a href=\"https:\/\/comenzi.farmaciatei.ro\/brand\/timeless-skin-care\" target=\"_blank\" rel=\" noreferrer noopener\"><img decoding=\"async\" width=\"300\" height=\"150\" src=\"https:\/\/onemd.ro\/wp-content\/uploads\/2021\/07\/f1-1-300x150.jpg\" alt=\"Tei Pharmacy official partner shop\" class=\"wp-image-301\" srcset=\"https:\/\/onemd.ro\/wp-content\/uploads\/2021\/07\/f1-1-300x150.jpg 300w, https:\/\/onemd.ro\/wp-content\/uploads\/2021\/07\/f1-1-16x8.jpg 16w, https:\/\/onemd.ro\/wp-content\/uploads\/2021\/07\/f1-1.jpg 600w\" sizes=\"(max-width: 300px) 100vw, 300px\" \/><\/a><\/figure>\n\n\n\n<figure class=\"wp-block-image size-medium\"><a href=\"https:\/\/comenzi.bebetei.ro\/brand\/timeless-skin-care\" target=\"_blank\" rel=\" noreferrer noopener\"><img loading=\"lazy\" decoding=\"async\" width=\"300\" height=\"150\" src=\"https:\/\/onemd.ro\/wp-content\/uploads\/2021\/07\/f4-300x150.jpg\" alt=\"Bebe Tei official partner shop\" class=\"wp-image-292\" srcset=\"https:\/\/onemd.ro\/wp-content\/uploads\/2021\/07\/f4-300x150.jpg 300w, https:\/\/onemd.ro\/wp-content\/uploads\/2021\/07\/f4-16x8.jpg 16w, https:\/\/onemd.ro\/wp-content\/uploads\/2021\/07\/f4.jpg 600w\" sizes=\"(max-width: 300px) 100vw, 300px\" \/><\/a><\/figure>\n<\/div>","protected":false},"excerpt":{"rendered":"<p>Timeless Skin Care este un brand inovator \u00een domeniul \u00eengrijirii pielii, cunoscut pentru produsele sale de \u00eenalt\u0103 calitate \u0219i ingrediente eficiente. Produsele Timeless Skin Care sunt create pentru a oferi o \u00eengrijire eficient\u0103 \u0219i pl\u0103cut\u0103 a pielii, promov\u00e2nd frumuse\u021bea natural\u0103 \u0219i s\u0103n\u0103toas\u0103. Produse cheie Timeless Skin Care &#8211; Seruri anti-\u00eemb\u0103tr\u00e2nire cu acid hialuronic: Formule concentrate, [&hellip;]<\/p>\n","protected":false},"author":1,"featured_media":0,"parent":0,"menu_order":0,"comment_status":"closed","ping_status":"closed","template":"","meta":{"footnotes":""},"class_list":["post-835","page","type-page","status-publish","hentry"],"aioseo_notices":[],"_links":{"self":[{"href":"https:\/\/onemd.ro\/en\/wp-json\/wp\/v2\/pages\/835","targetHints":{"allow":["GET"]}}],"collection":[{"href":"https:\/\/onemd.ro\/en\/wp-json\/wp\/v2\/pages"}],"about":[{"href":"https:\/\/onemd.ro\/en\/wp-json\/wp\/v2\/types\/page"}],"author":[{"embeddable":true,"href":"https:\/\/onemd.ro\/en\/wp-json\/wp\/v2\/users\/1"}],"replies":[{"embeddable":true,"href":"https:\/\/onemd.ro\/en\/wp-json\/wp\/v2\/comments?post=835"}],"version-history":[{"count":4,"href":"https:\/\/onemd.ro\/en\/wp-json\/wp\/v2\/pages\/835\/revisions"}],"predecessor-version":[{"id":1683,"href":"https:\/\/onemd.ro\/en\/wp-json\/wp\/v2\/pages\/835\/revisions\/1683"}],"wp:attachment":[{"href":"https:\/\/onemd.ro\/en\/wp-json\/wp\/v2\/media?parent=835"}],"curies":[{"name":"wp","href":"https:\/\/api.w.org\/{rel}","templated":true}]}}