{"id":908,"date":"2024-05-30T13:40:26","date_gmt":"2024-05-30T13:40:26","guid":{"rendered":"https:\/\/onemd.ro\/?page_id=908"},"modified":"2025-09-01T12:12:55","modified_gmt":"2025-09-01T12:12:55","slug":"abib","status":"publish","type":"page","link":"https:\/\/onemd.ro\/en\/abib\/","title":{"rendered":"Abib"},"content":{"rendered":"<div class=\"wp-block-image\">\n<figure class=\"aligncenter size-medium\"><img decoding=\"async\" width=\"300\" height=\"150\" src=\"https:\/\/onemd.ro\/wp-content\/uploads\/2024\/05\/abib-300x150.jpg\" alt=\"\" class=\"wp-image-906\" srcset=\"https:\/\/onemd.ro\/wp-content\/uploads\/2024\/05\/abib-300x150.jpg 300w, https:\/\/onemd.ro\/wp-content\/uploads\/2024\/05\/abib-1024x512.jpg 1024w, https:\/\/onemd.ro\/wp-content\/uploads\/2024\/05\/abib-768x384.jpg 768w, https:\/\/onemd.ro\/wp-content\/uploads\/2024\/05\/abib-18x9.jpg 18w, https:\/\/onemd.ro\/wp-content\/uploads\/2024\/05\/abib.jpg 1058w\" sizes=\"(max-width: 300px) 100vw, 300px\" \/><\/figure><\/div>\n\n\n<p>Abib is a Korean skincare company founded in 2017 that focuses on creating natural and vegan products that are safe and effective. Abib has quickly gained popularity for its innovative products formulated with carefully selected natural ingredients, providing effective solutions for a variety of skin concerns.<\/p>\n\n\n\n<p class=\"has-primary-color has-text-color has-link-color wp-elements-a16d171ab64a13951fe3c7fb4fd3bcfc\"><strong>Abib key products:<\/strong><\/p>\n\n\n\n<ul class=\"wp-block-list\">\n<li><strong>Abib Heartleaf Essence Calming Pump:<\/strong> A soothing and hydrating essence, perfect for sensitive or irritated skin.<\/li>\n\n\n\n<li><strong>Abib Gummy Sheet Sheet Mask<\/strong> A nourishing and hydrating sheet mask that leaves skin soft and supple.<\/li>\n\n\n\n<li><strong>Abib Hydro-Tube Gel Cream:<\/strong> A light and refreshing moisturizer, ideal for oily or combination skin.<\/li>\n\n\n\n<li><strong>Abib Daily Sun Cream SPF50+ PA++++:<\/strong> A broad-spectrum sunscreen that protects the skin from harmful UV rays.<\/li>\n\n\n\n<li><strong>Abib Mild Acid pH Sheet Mask:<\/strong> A gentle exfoliating sheet mask that helps remove dead skin cells and improve skin texture.<\/li>\n<\/ul>\n\n\n\n<p>If you're looking for natural, vegan, effective, and affordable skincare products, Abib is a great brand to consider.<\/p>\n\n\n\n<hr class=\"wp-block-separator aligncenter has-alpha-channel-opacity\"\/>\n\n\n\n<p class=\"has-text-align-center\"><strong>Order products online <strong>Abib<\/strong> from official partner shops:<\/strong><\/p>\n\n\n\n<div class=\"wp-block-group has-large-font-size is-layout-grid wp-container-core-group-is-layout-6be84c55 wp-block-group-is-layout-grid\">\n<figure class=\"wp-block-image size-medium\"><a href=\"https:\/\/sole.ro\/brand\/abib\" target=\"_blank\" rel=\" noreferrer noopener\"><img decoding=\"async\" width=\"300\" height=\"150\" src=\"https:\/\/onemd.ro\/wp-content\/uploads\/2021\/07\/f6-2-300x150.jpg\" alt=\"sole.ro\" class=\"wp-image-297\" srcset=\"https:\/\/onemd.ro\/wp-content\/uploads\/2021\/07\/f6-2-300x150.jpg 300w, https:\/\/onemd.ro\/wp-content\/uploads\/2021\/07\/f6-2-16x8.jpg 16w, https:\/\/onemd.ro\/wp-content\/uploads\/2021\/07\/f6-2.jpg 600w\" sizes=\"(max-width: 300px) 100vw, 300px\" \/><\/a><\/figure>\n<\/div>","protected":false},"excerpt":{"rendered":"<p>Abib este o companie coreean\u0103 de ingrijire a pielii fondat\u0103 \u00een 2017, care se concentreaz\u0103 pe crearea de produse naturale \u0219i vegane, sigure \u0219i eficiente. Abib a c\u00e2\u0219tigat rapid popularitate pentru produsele sale inovatoare, formulate cu ingrediente naturale atent selectate, oferind solu\u021bii eficiente pentru o varietate de probleme ale pielii. Produse cheie Abib: Daca sunteti [&hellip;]<\/p>\n","protected":false},"author":1,"featured_media":0,"parent":0,"menu_order":0,"comment_status":"closed","ping_status":"closed","template":"","meta":{"footnotes":""},"class_list":["post-908","page","type-page","status-publish","hentry"],"aioseo_notices":[],"_links":{"self":[{"href":"https:\/\/onemd.ro\/en\/wp-json\/wp\/v2\/pages\/908","targetHints":{"allow":["GET"]}}],"collection":[{"href":"https:\/\/onemd.ro\/en\/wp-json\/wp\/v2\/pages"}],"about":[{"href":"https:\/\/onemd.ro\/en\/wp-json\/wp\/v2\/types\/page"}],"author":[{"embeddable":true,"href":"https:\/\/onemd.ro\/en\/wp-json\/wp\/v2\/users\/1"}],"replies":[{"embeddable":true,"href":"https:\/\/onemd.ro\/en\/wp-json\/wp\/v2\/comments?post=908"}],"version-history":[{"count":4,"href":"https:\/\/onemd.ro\/en\/wp-json\/wp\/v2\/pages\/908\/revisions"}],"predecessor-version":[{"id":1715,"href":"https:\/\/onemd.ro\/en\/wp-json\/wp\/v2\/pages\/908\/revisions\/1715"}],"wp:attachment":[{"href":"https:\/\/onemd.ro\/en\/wp-json\/wp\/v2\/media?parent=908"}],"curies":[{"name":"wp","href":"https:\/\/api.w.org\/{rel}","templated":true}]}}