{"id":10,"date":"2021-07-07T10:30:06","date_gmt":"2021-07-07T10:30:06","guid":{"rendered":"http:\/\/onemd.ro\/?page_id=10"},"modified":"2025-08-19T10:43:50","modified_gmt":"2025-08-19T10:43:50","slug":"serviciile-noastre","status":"publish","type":"page","link":"https:\/\/onemd.ro\/ja\/serviciile-noastre\/","title":{"rendered":"\u30b5\u30fc\u30d3\u30b9"},"content":{"rendered":"<div class=\"wp-block-group alignfull\"><div class=\"wp-block-group__inner-container is-layout-flow wp-block-group-is-layout-flow\">\n<div class=\"wp-block-cover alignfull is-light\"><img fetchpriority=\"high\" decoding=\"async\" width=\"1919\" height=\"600\" class=\"wp-block-cover__image-background wp-image-344\" alt=\"\" src=\"https:\/\/onemd.ro\/wp-content\/uploads\/2021\/07\/serviciibg.jpg\" data-object-fit=\"cover\" srcset=\"https:\/\/onemd.ro\/wp-content\/uploads\/2021\/07\/serviciibg.jpg 1919w, https:\/\/onemd.ro\/wp-content\/uploads\/2021\/07\/serviciibg-300x94.jpg 300w, https:\/\/onemd.ro\/wp-content\/uploads\/2021\/07\/serviciibg-1024x320.jpg 1024w, https:\/\/onemd.ro\/wp-content\/uploads\/2021\/07\/serviciibg-768x240.jpg 768w, https:\/\/onemd.ro\/wp-content\/uploads\/2021\/07\/serviciibg-1536x480.jpg 1536w, https:\/\/onemd.ro\/wp-content\/uploads\/2021\/07\/serviciibg-16x5.jpg 16w, https:\/\/onemd.ro\/wp-content\/uploads\/2021\/07\/serviciibg-1200x375.jpg 1200w\" sizes=\"(max-width: 1919px) 100vw, 1919px\" \/><span aria-hidden=\"true\" class=\"wp-block-cover__background has-background-dim-60 has-background-dim\"><\/span><div class=\"wp-block-cover__inner-container is-layout-flow wp-block-cover-is-layout-flow\">\n<p class=\"has-text-align-center has-background-color has-text-color has-link-color wp-elements-2d6775abc98383d81feaa2d2104e6917\" style=\"font-size:54px\"><strong>\u30b5\u30fc\u30d3\u30b9<\/strong><\/p>\n<\/div><\/div>\n\n\n\n<div style=\"height:50px\" aria-hidden=\"true\" class=\"wp-block-spacer\"><\/div>\n\n\n\n<p class=\"has-text-align-center\"><strong>\ud83c\udfaf \u79c1\u305f\u3061\u304c\u5e02\u5834\u3067\u8a8d\u3081\u3089\u308c\u3066\u3044\u308b\u7406\u7531<\/strong><\/p>\n\n\n\n<div style=\"height:35px\" aria-hidden=\"true\" class=\"wp-block-spacer\"><\/div>\n\n\n<div class=\"wp-block-image\">\n<figure class=\"aligncenter size-thumbnail\"><img decoding=\"async\" width=\"150\" height=\"150\" src=\"https:\/\/onemd.ro\/wp-content\/uploads\/2025\/08\/EXPERTISE-IP-REPREZENTARE-BRANDURI-150x150.jpg\" alt=\"\" class=\"wp-image-1468\" srcset=\"https:\/\/onemd.ro\/wp-content\/uploads\/2025\/08\/EXPERTISE-IP-REPREZENTARE-BRANDURI-150x150.jpg 150w, https:\/\/onemd.ro\/wp-content\/uploads\/2025\/08\/EXPERTISE-IP-REPREZENTARE-BRANDURI-12x12.jpg 12w, https:\/\/onemd.ro\/wp-content\/uploads\/2025\/08\/EXPERTISE-IP-REPREZENTARE-BRANDURI.jpg 170w\" sizes=\"(max-width: 150px) 100vw, 150px\" \/><\/figure><\/div>\n\n\n<p class=\"has-text-align-center\">\ud83d\udcbc IP\u306b\u95a2\u3059\u308b\u5c02\u9580\u77e5\u8b58\u3068\u30d6\u30e9\u30f3\u30c9\u8868\u73fe<\/p>\n\n\n\n<p class=\"has-small-font-size\">- \u72ec\u5360\u30d6\u30e9\u30f3\u30c9\u306e\u5b8c\u5168\u306a\u77e5\u7684\u8ca1\u7523\u7ba1\u7406<\/p>\n\n\n\n<p class=\"has-small-font-size\">- \u30eb\u30fc\u30de\u30cb\u30a2\u3001\u30cf\u30f3\u30ac\u30ea\u30fc\u3001\u30d6\u30eb\u30ac\u30ea\u30a2\u306b\u304a\u3051\u308b\u6cd5\u7684\u4ee3\u7406\u6a29\u3068\u5546\u6a19\u4fdd\u8b77<\/p>\n\n\n\n<p class=\"has-small-font-size\">- \u5546\u6a19\u4fdd\u8b77\u306b\u95a2\u3059\u308b\u88c1\u5224\u306e\u5b9f\u7e3e\uff08PURITO\u4e8b\u4ef6\uff09<\/p>\n\n\n\n<hr class=\"wp-block-separator aligncenter has-alpha-channel-opacity\"\/>\n\n\n<div class=\"wp-block-image\">\n<figure class=\"aligncenter size-thumbnail\"><img decoding=\"async\" width=\"150\" height=\"150\" src=\"https:\/\/onemd.ro\/wp-content\/uploads\/2025\/08\/EXPERIENTA-MEDICALA-SPECIALIZATA-150x150.jpg\" alt=\"\" class=\"wp-image-1465\" srcset=\"https:\/\/onemd.ro\/wp-content\/uploads\/2025\/08\/EXPERIENTA-MEDICALA-SPECIALIZATA-150x150.jpg 150w, https:\/\/onemd.ro\/wp-content\/uploads\/2025\/08\/EXPERIENTA-MEDICALA-SPECIALIZATA-12x12.jpg 12w, https:\/\/onemd.ro\/wp-content\/uploads\/2025\/08\/EXPERIENTA-MEDICALA-SPECIALIZATA.jpg 170w\" sizes=\"(max-width: 150px) 100vw, 150px\" \/><\/figure><\/div>\n\n\n<p class=\"has-text-align-center\">\u2571 \u5c02\u9580\u7684\u306a\u533b\u7642\u7d4c\u9a13<\/p>\n\n\n\n<p class=\"has-small-font-size\">- \u5168\u56fd\u76ae\u819a\u79d1\u5b66\u4f1a\u3078\u306e\u7a4d\u6975\u7684\u53c2\u52a0<\/p>\n\n\n\n<p class=\"has-small-font-size\">- \u76ae\u819a\u79d1\u533b\u3084\u5c02\u9580\u533b\u3068\u306e\u76f4\u63a5\u9023\u643a<\/p>\n\n\n\n<p class=\"has-small-font-size\">- \u30d7\u30ed\u306e\u30d8\u30eb\u30b9\u30b1\u30a2\u3067\u63a8\u5968\u3055\u308c\u308b\u88fd\u54c1<\/p>\n\n\n\n<hr class=\"wp-block-separator aligncenter has-alpha-channel-opacity\"\/>\n\n\n<div class=\"wp-block-image\">\n<figure class=\"aligncenter size-thumbnail\"><img loading=\"lazy\" decoding=\"async\" width=\"150\" height=\"150\" src=\"https:\/\/onemd.ro\/wp-content\/uploads\/2025\/08\/EDUCATIE-SI-TRAINING-150x150.jpg\" alt=\"\" class=\"wp-image-1469\" srcset=\"https:\/\/onemd.ro\/wp-content\/uploads\/2025\/08\/EDUCATIE-SI-TRAINING-150x150.jpg 150w, https:\/\/onemd.ro\/wp-content\/uploads\/2025\/08\/EDUCATIE-SI-TRAINING-12x12.jpg 12w, https:\/\/onemd.ro\/wp-content\/uploads\/2025\/08\/EDUCATIE-SI-TRAINING.jpg 170w\" sizes=\"(max-width: 150px) 100vw, 150px\" \/><\/figure><\/div>\n\n\n<p class=\"has-text-align-center\">\u6559\u80b2\u3068\u30c8\u30ec\u30fc\u30cb\u30f3\u30b0<\/p>\n\n\n\n<p class=\"has-small-font-size\">- \u85ac\u5c40\u304a\u3088\u3073\u8ca9\u58f2\u30b9\u30bf\u30c3\u30d5\u5411\u3051\u7814\u4fee\u30d7\u30ed\u30b0\u30e9\u30e0<\/p>\n\n\n\n<p class=\"has-small-font-size\">- \u5305\u62ec\u7684\u306a\u60a3\u8005\u30ab\u30a6\u30f3\u30bb\u30ea\u30f3\u30b0\u30ac\u30a4\u30c9\uff0836\u306eFAQ\uff09<\/p>\n\n\n\n<p class=\"has-small-font-size\">- \u5c02\u9580\u5bb6\u5411\u3051\u6559\u6750<\/p>\n\n\n\n<hr class=\"wp-block-separator aligncenter has-alpha-channel-opacity\"\/>\n\n\n<div class=\"wp-block-image\">\n<figure class=\"aligncenter size-thumbnail\"><img loading=\"lazy\" decoding=\"async\" width=\"150\" height=\"150\" src=\"https:\/\/onemd.ro\/wp-content\/uploads\/2025\/08\/RETEA-EXCLUSIVA-DE-DISTRIBUTIE-150x150.jpg\" alt=\"\" class=\"wp-image-1470\" srcset=\"https:\/\/onemd.ro\/wp-content\/uploads\/2025\/08\/RETEA-EXCLUSIVA-DE-DISTRIBUTIE-150x150.jpg 150w, https:\/\/onemd.ro\/wp-content\/uploads\/2025\/08\/RETEA-EXCLUSIVA-DE-DISTRIBUTIE-12x12.jpg 12w, https:\/\/onemd.ro\/wp-content\/uploads\/2025\/08\/RETEA-EXCLUSIVA-DE-DISTRIBUTIE.jpg 170w\" sizes=\"(max-width: 150px) 100vw, 150px\" \/><\/figure><\/div>\n\n\n<p class=\"has-text-align-center\">\ud83c\udf10 \u72ec\u5360\u8ca9\u58f2\u30cd\u30c3\u30c8\u30ef\u30fc\u30af<\/p>\n\n\n\n<p class=\"has-small-font-size\">- 3\u30ab\u56fd\u3067\u5168\u56fd\u3092\u30ab\u30d0\u30fc<\/p>\n\n\n\n<p class=\"has-small-font-size\">- \u5927\u624b\u85ac\u5c40\u30c1\u30a7\u30fc\u30f3\u3068\u306e\u63d0\u643a<\/p>\n\n\n\n<p class=\"has-small-font-size\">- \u30d7\u30ec\u30df\u30a2\u30e0\u304a\u3088\u3073\u30aa\u30f3\u30e9\u30a4\u30f3\u5c0f\u58f2\u5e97\u3067\u306e\u30d7\u30ec\u30bc\u30f3\u30b9<\/p>\n\n\n\n<hr class=\"wp-block-separator aligncenter has-alpha-channel-opacity\"\/>\n\n\n<div class=\"wp-block-image\">\n<figure class=\"aligncenter size-thumbnail\"><img loading=\"lazy\" decoding=\"async\" width=\"150\" height=\"150\" src=\"https:\/\/onemd.ro\/wp-content\/uploads\/2025\/08\/INOVATIE-SI-CONFORMITATE-150x150.jpg\" alt=\"\" class=\"wp-image-1471\" srcset=\"https:\/\/onemd.ro\/wp-content\/uploads\/2025\/08\/INOVATIE-SI-CONFORMITATE-150x150.jpg 150w, https:\/\/onemd.ro\/wp-content\/uploads\/2025\/08\/INOVATIE-SI-CONFORMITATE-12x12.jpg 12w, https:\/\/onemd.ro\/wp-content\/uploads\/2025\/08\/INOVATIE-SI-CONFORMITATE.jpg 170w\" sizes=\"(max-width: 150px) 100vw, 150px\" \/><\/figure><\/div>\n\n\n<p class=\"has-text-align-center\">\u30a4\u30ce\u30d9\u30fc\u30b7\u30e7\u30f3\u3068\u30b3\u30f3\u30d7\u30e9\u30a4\u30a2\u30f3\u30b9<\/p>\n\n\n\n<p class=\"has-small-font-size\">- ISO9001\u3001ISO14001\u3001ISO45001\u8a8d\u8a3c\u53d6\u5f97<\/p>\n\n\n\n<p class=\"has-small-font-size\">- \u9069\u5408\u6027 EU\u5316\u7ca7\u54c1\u898f\u5236<\/p>\n\n\n\n<p class=\"has-small-font-size\">- \u81e8\u5e8a\u7684\u306b\u691c\u8a3c\u3055\u308c\u305f\u88fd\u54c1\u306e\u8f38\u5165\u3068\u8ca9\u58f2<\/p>\n\n\n\n<hr class=\"wp-block-separator aligncenter has-alpha-channel-opacity\"\/>\n\n\n<div class=\"wp-block-image\">\n<figure class=\"aligncenter size-thumbnail\"><img loading=\"lazy\" decoding=\"async\" width=\"150\" height=\"150\" src=\"https:\/\/onemd.ro\/wp-content\/uploads\/2025\/08\/SERVICIILE-NOASTRE-SPECIALIZATE-150x150.jpg\" alt=\"\" class=\"wp-image-1472\" srcset=\"https:\/\/onemd.ro\/wp-content\/uploads\/2025\/08\/SERVICIILE-NOASTRE-SPECIALIZATE-150x150.jpg 150w, https:\/\/onemd.ro\/wp-content\/uploads\/2025\/08\/SERVICIILE-NOASTRE-SPECIALIZATE-12x12.jpg 12w, https:\/\/onemd.ro\/wp-content\/uploads\/2025\/08\/SERVICIILE-NOASTRE-SPECIALIZATE.jpg 170w\" sizes=\"(max-width: 150px) 100vw, 150px\" \/><\/figure><\/div>\n\n\n<p class=\"has-text-align-center\">\ud83d\ude80 \u5f53\u793e\u306e\u5c02\u9580\u30b5\u30fc\u30d3\u30b9<\/p>\n\n\n\n<p class=\"has-small-font-size\">\u72ec\u5360\u30d6\u30e9\u30f3\u30c9\uff08\u30eb\u30fc\u30de\u30cb\u30a2\u3001\u30cf\u30f3\u30ac\u30ea\u30fc\u3001\u30d6\u30eb\u30ac\u30ea\u30a2\uff09\uff1a<\/p>\n\n\n\n<p class=\"has-small-font-size\">\u77e5\u7684\u8ca1\u7523\u6a29\u306e\u7ba1\u7406<\/p>\n\n\n\n<p class=\"has-small-font-size\">\u2705 \u5b8c\u5168\u306a\u6cd5\u5b9a\u4ee3\u7406\u6a29<\/p>\n\n\n\n<p class=\"has-small-font-size\">\u5e02\u5834\u6226\u7565\u3068\u30dd\u30b8\u30b7\u30e7\u30cb\u30f3\u30b0<\/p>\n\n\n\n<p class=\"has-small-font-size\">\u2705 \u5c02\u9580\u533b\u7642\u30fb\u76ae\u819a\u79d1\u30de\u30fc\u30b1\u30c6\u30a3\u30f3\u30b0<\/p>\n\n\n\n<p class=\"has-small-font-size\">\u72ec\u5360\u7684\u307e\u305f\u306f\u9078\u629e\u7684\u5168\u56fd\u6d41\u901a<\/p>\n\n\n\n<p class=\"has-small-font-size\">\u30a2\u30af\u30c6\u30a3\u30d6\u306a\u507d\u9020\u9632\u6b62\u6a5f\u80fd<\/p>\n\n\n\n<p class=\"has-small-font-size\">\u52b9\u7387\u7684\u306a\u8f38\u5165\u3068\u6d41\u901a<\/p>\n\n\n\n<p class=\"has-small-font-size\">\u2705 \u30de\u30fc\u30b1\u30c6\u30a3\u30f3\u30b0\u3068\u5e97\u982d\u8ca9\u58f2\u30b5\u30dd\u30fc\u30c8<\/p>\n\n\n\n<p class=\"has-small-font-size\">\u8ca9\u58f2\u30b9\u30bf\u30c3\u30d5\u306e\u30c8\u30ec\u30fc\u30cb\u30f3\u30b0\u3068\u6559\u80b2<\/p>\n\n\n\n<p class=\"has-small-font-size\">\u2705 \u8ca9\u4fc3\u30ad\u30e3\u30f3\u30da\u30fc\u30f3\u3068\u30a4\u30d9\u30f3\u30c8 \u5c02\u9580\u7684\u306a\u8ffd\u52a0\u30b5\u30fc\u30d3\u30b9\uff1a<\/p>\n\n\n\n<p class=\"has-small-font-size\">\u2705 \u898f\u5236\u306b\u95a2\u3059\u308b\u30a2\u30c9\u30d0\u30a4\u30b9\uff08EU\u898f\u5236\uff09<\/p>\n\n\n\n<p class=\"has-small-font-size\">\u5e02\u5834\u5206\u6790\u3068\u30c8\u30ec\u30f3\u30c9\u4e88\u6e2c<\/p>\n\n\n\n<p class=\"has-small-font-size\">\u533b\u7642\u6559\u80b2\u30b3\u30f3\u30c6\u30f3\u30c4\u306e\u958b\u767a<\/p>\n\n\n\n<p class=\"has-small-font-size\">B2705 \u2705 B2B\u30a4\u30d9\u30f3\u30c8\u306e\u958b\u50ac<\/p>\n\n\n\n<hr class=\"wp-block-separator aligncenter has-alpha-channel-opacity\"\/>\n\n\n<div class=\"wp-block-image\">\n<figure class=\"aligncenter size-thumbnail\"><img loading=\"lazy\" decoding=\"async\" width=\"150\" height=\"150\" src=\"https:\/\/onemd.ro\/wp-content\/uploads\/2025\/08\/POVESTI-DE-SUCCES-150x150.jpg\" alt=\"\" class=\"wp-image-1473\" srcset=\"https:\/\/onemd.ro\/wp-content\/uploads\/2025\/08\/POVESTI-DE-SUCCES-150x150.jpg 150w, https:\/\/onemd.ro\/wp-content\/uploads\/2025\/08\/POVESTI-DE-SUCCES-12x12.jpg 12w, https:\/\/onemd.ro\/wp-content\/uploads\/2025\/08\/POVESTI-DE-SUCCES.jpg 170w\" sizes=\"(max-width: 150px) 100vw, 150px\" \/><\/figure><\/div>\n\n\n<p class=\"has-text-align-center\">\u30b5\u30af\u30bb\u30b9\u30fb\u30b9\u30c8\u30fc\u30ea\u30fc<\/p>\n\n\n\n<p class=\"has-small-font-size\">\ud83c\udfc6 PURITO-\u521d\u306e\u5b8c\u5168\u306a\u77e5\u7684\u8ca1\u7523\u6a29\u4fdd\u8b77\u4e8b\u4f8b\u300c\u30eb\u30fc\u30de\u30cb\u30a2\u306b\u304a\u3051\u308bPURITO\u5546\u6a19\u306e\u72ec\u5360\u6a29\u3092\u4fdd\u8b77\u3059\u308b\u5224\u6c7a\u3092\u3044\u304b\u306b\u3057\u3066\u5f97\u305f\u304b\u300d\u3002<\/p>\n\n\n\n<p class=\"has-small-font-size\">\ud83d\udd2c \u30ea\u30fc\u30de\u30f3P20 - \u533b\u7642\u5206\u91ce\u3078\u306e\u9032\u51fa \"0\u304b\u3089\u76ae\u819a\u79d1\u533b\u63a8\u5968\u30d6\u30e9\u30f3\u30c9\u3078 - 3\u30ab\u5e74\u6226\u7565\" \ud83c\udf1f SKIN1004 - \u57fa\u790e\u3068\u3057\u3066\u306e\u6559\u80b2 \"\u85ac\u5c40\u6559\u80b2\u3092\u901a\u3058\u3066\u30d6\u30e9\u30f3\u30c9\u8a8d\u77e5\u3092\u7bc9\u3044\u305f\u65b9\u6cd5\"<\/p>\n\n\n\n<p class=\"has-small-font-size\">SKIN1004 - \u57fa\u790e\u3068\u3057\u3066\u306e\u6559\u80b2 \"\u85ac\u5b66\u6559\u80b2\u3092\u901a\u3058\u3066\u30d6\u30e9\u30f3\u30c9\u8a8d\u77e5\u3092\u7bc9\u3044\u305f\u65b9\u6cd5\"<\/p>\n\n\n\n<div class=\"wp-block-columns alignfull are-vertically-aligned-top is-layout-flex wp-container-core-columns-is-layout-9d6595d7 wp-block-columns-is-layout-flex\">\n<div class=\"wp-block-column is-layout-flow wp-block-column-is-layout-flow\"><\/div>\n\n\n\n<div class=\"wp-block-column is-vertically-aligned-top is-layout-flow wp-block-column-is-layout-flow\"><div class=\"wp-block-image is-style-default\">\n<figure class=\"aligncenter size-large is-resized\"><img loading=\"lazy\" decoding=\"async\" width=\"106\" height=\"106\" src=\"https:\/\/onemd.ro\/wp-content\/uploads\/2021\/07\/1-3.png\" alt=\"\u5e02\u5834\u30a2\u30af\u30bb\u30b9\" class=\"wp-image-470\" style=\"width:118px;height:118px\" srcset=\"https:\/\/onemd.ro\/wp-content\/uploads\/2021\/07\/1-3.png 106w, https:\/\/onemd.ro\/wp-content\/uploads\/2021\/07\/1-3-12x12.png 12w\" sizes=\"(max-width: 106px) 100vw, 106px\" \/><figcaption class=\"wp-element-caption\"><strong><span style=\"color:#243875\" class=\"has-inline-color\">\u5e02\u5834\u30a2\u30af\u30bb\u30b9<\/span><\/strong><\/figcaption><\/figure><\/div><\/div>\n\n\n\n<div class=\"wp-block-column is-vertically-aligned-top is-layout-flow wp-block-column-is-layout-flow\"><div class=\"wp-block-image\">\n<figure class=\"aligncenter size-large is-resized\"><img loading=\"lazy\" decoding=\"async\" width=\"106\" height=\"106\" src=\"https:\/\/onemd.ro\/wp-content\/uploads\/2021\/07\/2-2.png\" alt=\"\u88fd\u54c1\u7ba1\u7406\" class=\"wp-image-471\" style=\"width:118px;height:118px\" srcset=\"https:\/\/onemd.ro\/wp-content\/uploads\/2021\/07\/2-2.png 106w, https:\/\/onemd.ro\/wp-content\/uploads\/2021\/07\/2-2-12x12.png 12w\" sizes=\"(max-width: 106px) 100vw, 106px\" \/><figcaption class=\"wp-element-caption\"><strong><span style=\"color:#243875\" class=\"has-inline-color\">\u88fd\u54c1\u7ba1\u7406<\/span><\/strong><\/figcaption><\/figure><\/div><\/div>\n\n\n\n<div class=\"wp-block-column is-vertically-aligned-top is-layout-flow wp-block-column-is-layout-flow\"><div class=\"wp-block-image\">\n<figure class=\"aligncenter size-large is-resized\"><img loading=\"lazy\" decoding=\"async\" width=\"106\" height=\"106\" src=\"https:\/\/onemd.ro\/wp-content\/uploads\/2021\/07\/3-1.png\" alt=\"\u30bb\u30fc\u30eb\u30b9\uff06\u30de\u30fc\u30b1\u30c6\u30a3\u30f3\u30b0\u30fb\u30de\u30cd\u30b8\u30e1\u30f3\u30c8\" class=\"wp-image-472\" style=\"width:118px;height:118px\" srcset=\"https:\/\/onemd.ro\/wp-content\/uploads\/2021\/07\/3-1.png 106w, https:\/\/onemd.ro\/wp-content\/uploads\/2021\/07\/3-1-12x12.png 12w\" sizes=\"(max-width: 106px) 100vw, 106px\" \/><figcaption class=\"wp-element-caption\"><strong><span style=\"color:#243875\" class=\"has-inline-color\">\u30bb\u30fc\u30eb\u30b9\uff06\u30de\u30fc\u30b1\u30c6\u30a3\u30f3\u30b0\u30fb\u30de\u30cd\u30b8\u30e1\u30f3\u30c8<\/span><\/strong><\/figcaption><\/figure><\/div><\/div>\n\n\n\n<div class=\"wp-block-column is-layout-flow wp-block-column-is-layout-flow\"><\/div>\n<\/div>\n\n\n\n<div class=\"wp-block-columns alignfull is-layout-flex wp-container-core-columns-is-layout-9d6595d7 wp-block-columns-is-layout-flex\">\n<div class=\"wp-block-column is-layout-flow wp-block-column-is-layout-flow\"><\/div>\n\n\n\n<div class=\"wp-block-column is-layout-flow wp-block-column-is-layout-flow\"><div class=\"wp-block-image\">\n<figure class=\"aligncenter size-large is-resized\"><img loading=\"lazy\" decoding=\"async\" width=\"106\" height=\"106\" src=\"https:\/\/onemd.ro\/wp-content\/uploads\/2021\/07\/6-2.png\" alt=\"\u8ca9\u58f2\u6642\u70b9\u7ba1\u7406\" class=\"wp-image-473\" style=\"width:118px;height:118px\" srcset=\"https:\/\/onemd.ro\/wp-content\/uploads\/2021\/07\/6-2.png 106w, https:\/\/onemd.ro\/wp-content\/uploads\/2021\/07\/6-2-12x12.png 12w\" sizes=\"(max-width: 106px) 100vw, 106px\" \/><figcaption class=\"wp-element-caption\"><strong><span style=\"color:#243875\" class=\"has-inline-color\">\u8ca9\u58f2\u6642\u70b9\u7ba1\u7406<\/span><\/strong><\/figcaption><\/figure><\/div><\/div>\n\n\n\n<div class=\"wp-block-column is-layout-flow wp-block-column-is-layout-flow\"><div class=\"wp-block-image\">\n<figure class=\"aligncenter size-large is-resized\"><img loading=\"lazy\" decoding=\"async\" width=\"106\" height=\"106\" src=\"https:\/\/onemd.ro\/wp-content\/uploads\/2021\/07\/5-2.png\" alt=\"\u533b\u7642\u30d7\u30ed\u30e2\u30fc\u30b7\u30e7\u30f3\" class=\"wp-image-475\" style=\"width:118px;height:118px\" srcset=\"https:\/\/onemd.ro\/wp-content\/uploads\/2021\/07\/5-2.png 106w, https:\/\/onemd.ro\/wp-content\/uploads\/2021\/07\/5-2-12x12.png 12w\" sizes=\"(max-width: 106px) 100vw, 106px\" \/><figcaption class=\"wp-element-caption\"><strong><span style=\"color:#243875\" class=\"has-inline-color\">\u533b\u7642\u30d7\u30ed\u30e2\u30fc\u30b7\u30e7\u30f3<\/span><\/strong><\/figcaption><\/figure><\/div><\/div>\n\n\n\n<div class=\"wp-block-column is-layout-flow wp-block-column-is-layout-flow\"><div class=\"wp-block-image\">\n<figure class=\"aligncenter size-large is-resized\"><img loading=\"lazy\" decoding=\"async\" width=\"106\" height=\"106\" src=\"https:\/\/onemd.ro\/wp-content\/uploads\/2021\/07\/4-2.png\" alt=\"\u4fdd\u7ba1\u3068\u6d41\u901a\" class=\"wp-image-474\" style=\"width:118px;height:118px\" srcset=\"https:\/\/onemd.ro\/wp-content\/uploads\/2021\/07\/4-2.png 106w, https:\/\/onemd.ro\/wp-content\/uploads\/2021\/07\/4-2-12x12.png 12w\" sizes=\"(max-width: 106px) 100vw, 106px\" \/><figcaption class=\"wp-element-caption\"><strong><span style=\"color:#243875\" class=\"has-inline-color\">\u4fdd\u7ba1\u3068\u6d41\u901a<\/span><\/strong><\/figcaption><\/figure><\/div><\/div>\n\n\n\n<div class=\"wp-block-column is-layout-flow wp-block-column-is-layout-flow\"><\/div>\n<\/div>\n\n\n\n<div class=\"wp-block-columns alignfull is-layout-flex wp-container-core-columns-is-layout-9d6595d7 wp-block-columns-is-layout-flex\">\n<div class=\"wp-block-column is-layout-flow wp-block-column-is-layout-flow\"><\/div>\n\n\n\n<div class=\"wp-block-column is-layout-flow wp-block-column-is-layout-flow\"><div class=\"wp-block-image\">\n<figure class=\"aligncenter size-large is-resized\"><img loading=\"lazy\" decoding=\"async\" width=\"106\" height=\"106\" src=\"https:\/\/onemd.ro\/wp-content\/uploads\/2021\/07\/7-1.png\" alt=\"\u898f\u5236\u3068\u8a8d\u53ef\" class=\"wp-image-477\" style=\"width:118px;height:118px\" srcset=\"https:\/\/onemd.ro\/wp-content\/uploads\/2021\/07\/7-1.png 106w, https:\/\/onemd.ro\/wp-content\/uploads\/2021\/07\/7-1-12x12.png 12w\" sizes=\"(max-width: 106px) 100vw, 106px\" \/><figcaption class=\"wp-element-caption\"><span style=\"color:#243875\" class=\"has-inline-color\"><strong>\u898f\u5236\u3068\u8a8d\u53ef<\/strong><\/span><\/figcaption><\/figure><\/div><\/div>\n\n\n\n<div class=\"wp-block-column is-layout-flow wp-block-column-is-layout-flow\"><div class=\"wp-block-image\">\n<figure class=\"aligncenter size-large is-resized\"><img loading=\"lazy\" decoding=\"async\" width=\"106\" height=\"106\" src=\"https:\/\/onemd.ro\/wp-content\/uploads\/2021\/07\/10-1.png\" alt=\"\u9867\u5ba2\u4fc3\u9032\u30ad\u30e3\u30f3\u30da\u30fc\u30f3\" class=\"wp-image-479\" style=\"width:118px;height:118px\" srcset=\"https:\/\/onemd.ro\/wp-content\/uploads\/2021\/07\/10-1.png 106w, https:\/\/onemd.ro\/wp-content\/uploads\/2021\/07\/10-1-12x12.png 12w\" sizes=\"(max-width: 106px) 100vw, 106px\" \/><figcaption class=\"wp-element-caption\"><strong><span style=\"color:#243875\" class=\"has-inline-color\">\u9867\u5ba2\u4fc3\u9032\u30ad\u30e3\u30f3\u30da\u30fc\u30f3<\/span><\/strong><\/figcaption><\/figure><\/div><\/div>\n\n\n\n<div class=\"wp-block-column is-layout-flow wp-block-column-is-layout-flow\"><div class=\"wp-block-image\">\n<figure class=\"aligncenter size-large is-resized\"><img loading=\"lazy\" decoding=\"async\" width=\"106\" height=\"106\" src=\"https:\/\/onemd.ro\/wp-content\/uploads\/2021\/07\/12-1.png\" alt=\"\u30ab\u30b9\u30bf\u30de\u30a4\u30ba\u30fb\u30bd\u30ea\u30e5\u30fc\u30b7\u30e7\u30f3\" class=\"wp-image-478\" style=\"width:118px;height:118px\" srcset=\"https:\/\/onemd.ro\/wp-content\/uploads\/2021\/07\/12-1.png 106w, https:\/\/onemd.ro\/wp-content\/uploads\/2021\/07\/12-1-12x12.png 12w\" sizes=\"(max-width: 106px) 100vw, 106px\" \/><figcaption class=\"wp-element-caption\"><span style=\"color:#243875\" class=\"has-inline-color\"><strong>\u30ab\u30b9\u30bf\u30de\u30a4\u30ba\u30fb\u30bd\u30ea\u30e5\u30fc\u30b7\u30e7\u30f3<\/strong><\/span><\/figcaption><\/figure><\/div><\/div>\n\n\n\n<div class=\"wp-block-column is-layout-flow wp-block-column-is-layout-flow\"><\/div>\n<\/div>\n<\/div><\/div>","protected":false},"excerpt":{"rendered":"<p>\ud83c\udfaf DE CE SUNTEM RECUNOSCU\u021aI \u00ceN PIA\u021a\u0102 \ud83d\udcbc EXPERTISE IP &amp; REPREZENTARE BRANDURI \u2022 Gestiunea complet\u0103 a propriet\u0103\u021bii intelectuale pentru brandurile exclusive \u2022 Reprezentare legal\u0103 \u0219i protejarea m\u0103rcilor \u00een Romania, Ungaria, Bulgaria \u2022 Experien\u021b\u0103 dovedit\u0103 \u00een procese judiciare pentru protec\u021bia brandurilor (caz PURITO) \ud83c\udfe5 EXPERIEN\u021a\u0102 MEDICAL\u0102 SPECIALIZAT\u0102 \u2022 Participare activ\u0103 la Congresele Na\u021bionale de Dermatologie \u2022 Colabor\u0103ri directe cu dermatololi \u0219i medici speciali\u0219ti \u2022 Produse recomandate \u00een mediul medical profesionist \ud83c\udf93 EDUCA\u021aIE \u0218I TRAINING \u2022 Programe de training pentru farmacii \u0219i personal de v\u00e2nzare \u2022 Ghiduri complete pentru consilierea pacien\u021bilor (36 \u00eentreb\u0103ri frecvente) \u2022 Materiale educa\u021bionale pentru profesioni\u0219ti \ud83c\udf10 RE\u021aEA EXCLUSIV\u0102 DE DISTRIBU\u021aIE \u2022 Acoperire na\u021bional\u0103 complet\u0103 \u00een 3 \u021b\u0103ri [&hellip;]<\/p>","protected":false},"author":1,"featured_media":0,"parent":0,"menu_order":0,"comment_status":"closed","ping_status":"closed","template":"","meta":{"footnotes":""},"class_list":["post-10","page","type-page","status-publish","hentry"],"aioseo_notices":[],"_links":{"self":[{"href":"https:\/\/onemd.ro\/ja\/wp-json\/wp\/v2\/pages\/10","targetHints":{"allow":["GET"]}}],"collection":[{"href":"https:\/\/onemd.ro\/ja\/wp-json\/wp\/v2\/pages"}],"about":[{"href":"https:\/\/onemd.ro\/ja\/wp-json\/wp\/v2\/types\/page"}],"author":[{"embeddable":true,"href":"https:\/\/onemd.ro\/ja\/wp-json\/wp\/v2\/users\/1"}],"replies":[{"embeddable":true,"href":"https:\/\/onemd.ro\/ja\/wp-json\/wp\/v2\/comments?post=10"}],"version-history":[{"count":58,"href":"https:\/\/onemd.ro\/ja\/wp-json\/wp\/v2\/pages\/10\/revisions"}],"predecessor-version":[{"id":1481,"href":"https:\/\/onemd.ro\/ja\/wp-json\/wp\/v2\/pages\/10\/revisions\/1481"}],"wp:attachment":[{"href":"https:\/\/onemd.ro\/ja\/wp-json\/wp\/v2\/media?parent=10"}],"curies":[{"name":"wp","href":"https:\/\/api.w.org\/{rel}","templated":true}]}}