{"id":1053,"date":"2024-08-01T06:45:31","date_gmt":"2024-08-01T06:45:31","guid":{"rendered":"https:\/\/onemd.ro\/?page_id=1053"},"modified":"2024-09-11T13:03:24","modified_gmt":"2024-09-11T13:03:24","slug":"lg-chem","status":"publish","type":"page","link":"https:\/\/onemd.ro\/ja\/lg-chem\/","title":{"rendered":"LG\u5316\u5b66"},"content":{"rendered":"<div class=\"wp-block-image\">\n<figure class=\"aligncenter size-medium\"><img decoding=\"async\" width=\"300\" height=\"150\" src=\"https:\/\/onemd.ro\/wp-content\/uploads\/2024\/09\/yvoire-lg-chem-300x150.jpg\" alt=\"\" class=\"wp-image-1153\" srcset=\"https:\/\/onemd.ro\/wp-content\/uploads\/2024\/09\/yvoire-lg-chem-300x150.jpg 300w, https:\/\/onemd.ro\/wp-content\/uploads\/2024\/09\/yvoire-lg-chem-1024x512.jpg 1024w, https:\/\/onemd.ro\/wp-content\/uploads\/2024\/09\/yvoire-lg-chem-768x384.jpg 768w, https:\/\/onemd.ro\/wp-content\/uploads\/2024\/09\/yvoire-lg-chem-18x9.jpg 18w, https:\/\/onemd.ro\/wp-content\/uploads\/2024\/09\/yvoire-lg-chem.jpg 1058w\" sizes=\"(max-width: 300px) 100vw, 300px\" \/><\/figure><\/div>\n\n\n<p><strong>\u30a4\u30f4\u30a9\u30ef\u30fc\u30eb<\/strong> \u306f\u3001\u5927\u624b\u5316\u5b66\u30e1\u30fc\u30ab\u30fc\u304c\u958b\u767a\u3057\u305f\u30d7\u30ec\u30df\u30a2\u30e0\u30fb\u30d6\u30e9\u30f3\u30c9\u3067\u3042\u308b\u3002 <strong>LG\u5316\u5b66<\/strong>.\u5353\u8d8a\u3057\u305f\u54c1\u8cea\u3068\u9ad8\u5ea6\u306a\u6280\u8853\u3067\u6709\u540d\u306a\u30a4\u30f4\u30a9\u30ef\u30fc\u30eb\u306f\u3001\u9854\u3068\u4f53\u306e\u898b\u305f\u76ee\u3092\u6539\u5584\u3059\u308b\u305f\u3081\u306b\u30c7\u30b6\u30a4\u30f3\u3055\u308c\u305f\u5e45\u5e83\u3044\u88fd\u54c1\u3092\u63d0\u4f9b\u3057\u3066\u3044\u307e\u3059\u3002<\/p>\n\n\n\n<p><strong>\u30a4\u30f4\u30a9\u30ef\u30fc\u30eb\u306e\u7279\u5fb4\u306f\uff1f<\/strong><\/p>\n\n\n\n<ul class=\"wp-block-list\">\n<li><strong>\u9ad8\u54c1\u8cea\u306e\u30d2\u30a2\u30eb\u30ed\u30f3\u9178\uff1a<\/strong> \u30a4\u30f4\u30a9\u30ef\u30fc\u30eb\u306e\u5168\u88fd\u54c1\u306b\u306f\u3001\u975e\u52d5\u7269\u7531\u6765\u306e\u30d2\u30a2\u30eb\u30ed\u30f3\u9178\u304c\u542b\u307e\u308c\u3066\u3044\u307e\u3059\u3002\u30d2\u30a2\u30eb\u30ed\u30f3\u9178\u306f\u4eba\u4f53\u306b\u5b58\u5728\u3059\u308b\u5929\u7136\u7269\u8cea\u3067\u3001\u4fdd\u6e7f\u3068\u30dc\u30ea\u30e5\u30fc\u30e0\u3092\u4e0e\u3048\u307e\u3059\u3002<\/li>\n\n\n\n<li><strong>HICE\u2122\u30c6\u30af\u30ce\u30ed\u30b8\u30fc\uff1a<\/strong> \u3053\u306e\u9769\u65b0\u7684\u306a\u6280\u8853\u306b\u3088\u308a\u3001\u5747\u4e00\u306a\u6fc3\u5ea6\u3068\u5b89\u5b9a\u3057\u305f\u5206\u5b50\u30cd\u30c3\u30c8\u30ef\u30fc\u30af\u3092\u6301\u3064\u30d2\u30a2\u30eb\u30ed\u30f3\u9178\u30b2\u30eb\u304c\u751f\u6210\u3055\u308c\u3001\u9577\u671f\u9593\u6301\u7d9a\u3059\u308b\u81ea\u7136\u306a\u5be9\u7f8e\u7d50\u679c\u3092\u3082\u305f\u3089\u3057\u307e\u3059\u3002<\/li>\n\n\n\n<li><strong>\u76ee\u306b\u898b\u3048\u308b\u52b9\u679c\u304c\u9577\u6642\u9593\u6301\u7d9a\u3059\u308b\uff1a<\/strong> \u30a4\u30f4\u30a9\u30ef\u30fc\u30eb\u88fd\u54c1\u306f\u3001\u30b7\u30ef\u3092\u6e1b\u3089\u3057\u3001\u9854\u306e\u30dc\u30ea\u30e5\u30fc\u30e0\u3092\u53d6\u308a\u623b\u3057\u3001\u9854\u306e\u8f2a\u90ed\u3092\u6574\u3048\u3001\u808c\u306e\u5f3e\u529b\u3092\u6539\u5584\u3059\u308b\u52b9\u679c\u304c\u3042\u308b\u3002<\/li>\n\n\n\n<li><strong>\u5b89\u5168\u6027\u3068\u6709\u52b9\u6027\uff1a<\/strong> \u30a4\u30f4\u30a9\u30ef\u30fc\u30eb\u306e\u88fd\u54c1\u306f\u53b3\u3057\u3044\u691c\u67fb\u3092\u53d7\u3051\u3001\u6700\u9ad8\u306e\u54c1\u8cea\u3068\u5b89\u5168\u57fa\u6e96\u3092\u6e80\u305f\u3057\u3066\u3044\u307e\u3059\u3002<\/li>\n<\/ul>\n\n\n\n<p><strong>\u306a\u305c\u30a4\u30f4\u30a9\u30ef\u30fc\u30eb\u306a\u306e\u304b\uff1f<\/strong><\/p>\n\n\n\n<ul class=\"wp-block-list\">\n<li><strong>\u7d4c\u9a13\u3068\u9769\u65b0\uff1a<\/strong> \u30a4\u30f4\u30a9\u30ef\u30fc\u30eb\u30d6\u30e9\u30f3\u30c9\u306e\u89aa\u4f1a\u793e\u3067\u3042\u308bLG\u5316\u5b66\u306f\u3001\u30d2\u30a2\u30eb\u30ed\u30f3\u9178\u306e\u7814\u7a76\u958b\u767a\u306b\u304a\u3044\u306630\u5e74\u4ee5\u4e0a\u306e\u7d4c\u9a13\u3092\u6301\u3063\u3066\u3044\u308b\u3002<\/li>\n\n\n\n<li><strong>\u30d1\u30fc\u30bd\u30ca\u30e9\u30a4\u30ba\u3055\u308c\u305f\u7d50\u679c\uff1a<\/strong> \u30a4\u30f4\u30a9\u30ef\u30fc\u30eb\u306e\u5e45\u5e83\u3044\u88fd\u54c1\u7fa4\u306b\u3088\u308a\u3001\u7f8e\u5bb9\u30bb\u30e9\u30d4\u30b9\u30c8\u306f\u60a3\u8005\u4e00\u4eba\u3072\u3068\u308a\u306e\u30cb\u30fc\u30ba\u306b\u5408\u308f\u305b\u305f\u30d1\u30fc\u30bd\u30ca\u30eb\u306a\u30c8\u30ea\u30fc\u30c8\u30e1\u30f3\u30c8\u3092\u63d0\u4f9b\u3059\u308b\u3053\u3068\u304c\u3067\u304d\u308b\u3002<\/li>\n\n\n\n<li><strong>\u4fe1\u983c\u3068\u8a8d\u8b58\uff1a<\/strong> \u30a4\u30f4\u30a9\u30ef\u30fc\u30eb\u30d6\u30e9\u30f3\u30c9\u306f\u3001\u305d\u306e\u88fd\u54c1\u306e\u54c1\u8cea\u3068\u52b9\u679c\u3067\u4e16\u754c\u7684\u306b\u8a8d\u3081\u3089\u308c\u3066\u3044\u308b\u3002<\/li>\n<\/ul>\n\n\n\n<p><strong>\u30a4\u30f4\u30a9\u30ef\u30fc\u30eb<\/strong> \u306f\u5358\u306a\u308b\u76ae\u819a\u5145\u586b\u5264\u306e\u30d6\u30e9\u30f3\u30c9\u3067\u306f\u3042\u308a\u307e\u305b\u3093\u3002LG\u30b1\u30e0\u306e\u5c02\u9580\u77e5\u8b58\u3068\u6280\u8853\u9769\u65b0\u306b\u88cf\u6253\u3061\u3055\u308c\u305f\u3001\u81ea\u7136\u306a\u7f8e\u3057\u3055\u3001\u9577\u6301\u3061\u3059\u308b\u52b9\u679c\u3001\u6700\u5927\u9650\u306e\u5b89\u5168\u6027\u3092\u304a\u7d04\u675f\u3057\u307e\u3059\u3002Yvoire\u306f\u3001\u82e5\u3005\u3057\u304f\u8f1d\u304d\u306e\u3042\u308b\u5916\u898b\u3092\u5b9f\u73fe\u3059\u308b\u305f\u3081\u306e\u5e45\u5e83\u3044\u88fd\u54c1\u3092\u63d0\u4f9b\u3057\u3066\u3044\u307e\u3059\u3002\u30e1\u30c7\u30a3\u30ab\u30eb\u30fb\u30a8\u30b9\u30c6\u30c6\u30a3\u30b7\u30e3\u30f3\u306e\u52a9\u3051\u3092\u501f\u308a\u3066\u3001\u3042\u306a\u305f\u306e\u7f8e\u7684\u76ee\u6a19\u3092\u9054\u6210\u3059\u308b\u305f\u3081\u306e\u9069\u5207\u306a\u88fd\u54c1\u3092\u304a\u9078\u3073\u304f\u3060\u3055\u3044\u3002<\/p>\n\n\n\n<p class=\"has-text-align-center\"><strong>\u30aa\u30d5\u30a3\u30b7\u30e3\u30eb\u30d1\u30fc\u30c8\u30ca\u30fc\u306eSOLE\u304b\u3089\u30aa\u30f3\u30e9\u30a4\u30f3\u3067\u6ce8\u6587<\/strong><\/p>\n\n\n\n<div class=\"wp-block-buttons is-horizontal is-content-justification-center is-layout-flex wp-container-core-buttons-is-layout-499968f5 wp-block-buttons-is-layout-flex\">\n<div class=\"wp-block-button is-style-outline is-style-outline--1\"><a class=\"wp-block-button__link has-background-color has-text-color has-background wp-element-button\" href=\"https:\/\/www.sole.ro\/\" style=\"border-radius:17px;background-color:#1474b8\">\u30aa\u30fc\u30c0\u30fc<\/a><\/div>\n<\/div>","protected":false},"excerpt":{"rendered":"<p>Yvoire este un brand premium dezvoltat de gigantul chimic LG Chem. Renumit pentru calitatea sa excep\u021bional\u0103 \u0219i pentru tehnologia avansat\u0103, Yvoire ofer\u0103 o gam\u0103 variat\u0103 de produse destinate \u00eembun\u0103t\u0103\u021birii aspectului facial \u0219i corporal. Ce face Yvoire special? De ce s\u0103 alegi Yvoire? Yvoire este mai mult dec\u00e2t un simplu brand de umpluturi dermice. Este o promisiune de frumuse\u021be natural\u0103, rezultate de durat\u0103 \u0219i siguran\u021b\u0103 maxim\u0103, sustinut\u0103 de expertiza si inovatia LG Chem. Yvoire ofer\u0103 o gam\u0103 variat\u0103 de produse pentru a te ajuta s\u0103 ob\u021bii un aspect t\u00e2n\u0103r \u0219i radiant. Cu ajutorul unui medic estetician, po\u021bi alege produsul potrivit pentru a-\u021bi atinge obiectivele estetice. Comand\u0103 online de la partenerul nostru [&hellip;]<\/p>","protected":false},"author":1,"featured_media":0,"parent":0,"menu_order":0,"comment_status":"closed","ping_status":"closed","template":"","meta":{"footnotes":""},"class_list":["post-1053","page","type-page","status-publish","hentry"],"aioseo_notices":[],"_links":{"self":[{"href":"https:\/\/onemd.ro\/ja\/wp-json\/wp\/v2\/pages\/1053","targetHints":{"allow":["GET"]}}],"collection":[{"href":"https:\/\/onemd.ro\/ja\/wp-json\/wp\/v2\/pages"}],"about":[{"href":"https:\/\/onemd.ro\/ja\/wp-json\/wp\/v2\/types\/page"}],"author":[{"embeddable":true,"href":"https:\/\/onemd.ro\/ja\/wp-json\/wp\/v2\/users\/1"}],"replies":[{"embeddable":true,"href":"https:\/\/onemd.ro\/ja\/wp-json\/wp\/v2\/comments?post=1053"}],"version-history":[{"count":3,"href":"https:\/\/onemd.ro\/ja\/wp-json\/wp\/v2\/pages\/1053\/revisions"}],"predecessor-version":[{"id":1156,"href":"https:\/\/onemd.ro\/ja\/wp-json\/wp\/v2\/pages\/1053\/revisions\/1156"}],"wp:attachment":[{"href":"https:\/\/onemd.ro\/ja\/wp-json\/wp\/v2\/media?parent=1053"}],"curies":[{"name":"wp","href":"https:\/\/api.w.org\/{rel}","templated":true}]}}