{"id":1059,"date":"2024-08-01T06:48:05","date_gmt":"2024-08-01T06:48:05","guid":{"rendered":"https:\/\/onemd.ro\/?page_id=1059"},"modified":"2024-09-20T07:48:52","modified_gmt":"2024-09-20T07:48:52","slug":"sigknow","status":"publish","type":"page","link":"https:\/\/onemd.ro\/ja\/sigknow\/","title":{"rendered":"\u30b7\u30b0\u30ce\u30a6"},"content":{"rendered":"<div class=\"wp-block-image\">\n<figure class=\"aligncenter size-medium\"><img decoding=\"async\" width=\"300\" height=\"150\" src=\"https:\/\/onemd.ro\/wp-content\/uploads\/2024\/08\/Sigknow-300x150.jpg\" alt=\"\" class=\"wp-image-1066\" srcset=\"https:\/\/onemd.ro\/wp-content\/uploads\/2024\/08\/Sigknow-300x150.jpg 300w, https:\/\/onemd.ro\/wp-content\/uploads\/2024\/08\/Sigknow-1024x512.jpg 1024w, https:\/\/onemd.ro\/wp-content\/uploads\/2024\/08\/Sigknow-768x384.jpg 768w, https:\/\/onemd.ro\/wp-content\/uploads\/2024\/08\/Sigknow-18x9.jpg 18w, https:\/\/onemd.ro\/wp-content\/uploads\/2024\/08\/Sigknow.jpg 1058w\" sizes=\"(max-width: 300px) 100vw, 300px\" \/><\/figure><\/div>\n\n\n<p><strong>\u30b7\u30b0\u30ce\u30fb\u30d0\u30a4\u30aa\u30e1\u30c7\u30a3\u30ab\u30eb<\/strong> \u306f\u3001\u5fc3\u81d3\u8a3a\u65ad\u306e\u305f\u3081\u306e\u9769\u65b0\u7684\u306a\u30bd\u30ea\u30e5\u30fc\u30b7\u30e7\u30f3\u306e\u958b\u767a\u3092\u5c02\u9580\u3068\u3059\u308b\u53f0\u6e7e\u306e\u4f01\u696d\u3067\u3042\u308b\u3002\u540c\u793e\u306e\u4e3b\u306a\u7126\u70b9\u306f\u3001\u60a3\u8005\u3068\u533b\u7642\u5f93\u4e8b\u8005\u306e\u4e21\u65b9\u306b\u3068\u3063\u3066\u306e\u8a3a\u65ad\u4f53\u9a13\u3092\u5411\u4e0a\u3055\u305b\u308b\u3053\u3068\u3067\u3042\u308b\u3002<\/p>\n\n\n\n<p class=\"has-primary-color has-text-color has-link-color has-normal-font-size wp-elements-11cd8b294b22e0ebabec366fe3c5944d\"><strong><a href=\"https:\/\/www.sole.ro\/brand\/sigknow-biomedical\" target=\"_blank\" rel=\"noopener\" title=\"\">\u4e3b\u8981\u88fd\u54c1\uff1aEZYPRO\u9023\u7d9a\u5fc3\u96fb\u56f3\u30e2\u30cb\u30bf\u30fc<\/a><\/strong><\/p>\n\n\n\n<p>\u30b7\u30b0\u30ce\u30a6\u306e\u4e3b\u529b\u88fd\u54c1\u306f\u4ee5\u4e0b\u306e\u901a\u308a\u3002 <strong>EZYPRO\u9023\u7d9a\u5fc3\u96fb\u56f3\u30e2\u30cb\u30bf\u30fc<\/strong>.\u3053\u306e\u30dd\u30fc\u30bf\u30d6\u30eb\u6a5f\u5668\u306f\u3001\u5fc3\u81d3\u306e\u30ea\u30ba\u30e0\u3092\u9577\u671f\u9593\u30e2\u30cb\u30bf\u30fc\u3059\u308b\u3053\u3068\u304c\u3067\u304d\u3001\u4e0d\u6574\u8108\u3084\u305d\u306e\u4ed6\u306e\u5fc3\u81d3\u75c5\u306e\u8a3a\u65ad\u306b\u8cb4\u91cd\u306a\u30c7\u30fc\u30bf\u3092\u63d0\u4f9b\u3059\u308b\u3002<\/p>\n\n\n\n<p><strong>\u30b7\u30b0\u30ce\u30a6\u30fb\u30c6\u30af\u30ce\u30ed\u30b8\u30fc\u306e\u4e3b\u306a\u7279\u5fb4\uff1a<\/strong><\/p>\n\n\n\n<ul class=\"wp-block-list\">\n<li><strong>\u643a\u5e2f\u6027\uff1a<\/strong> EZYPRO\u30e2\u30cb\u30bf\u30fc\u306f\u3001\u5feb\u9069\u306a\u9577\u6642\u9593\u88c5\u7740\u304c\u3067\u304d\u308b\u3088\u3046\u306b\u8a2d\u8a08\u3055\u308c\u3066\u3044\u308b\u3002<\/li>\n\n\n\n<li><strong>\u6b63\u78ba\u3055\uff1a<\/strong> \u3053\u306e\u88c5\u7f6e\u306f\u3001\u6b63\u78ba\u306a\u8a3a\u65ad\u306e\u305f\u3081\u306e\u6b63\u78ba\u306aECG\u6e2c\u5b9a\u5024\u3092\u63d0\u4f9b\u3059\u308b\u3002<\/li>\n\n\n\n<li><strong>\u30c7\u30fc\u30bf\u5206\u6790\uff1a<\/strong> Sigknow\u306e\u9ad8\u5ea6\u306a\u30a2\u30eb\u30b4\u30ea\u30ba\u30e0\u304cECG\u30c7\u30fc\u30bf\u3092\u5206\u6790\u3057\u3001\u6f5c\u5728\u7684\u306a\u5fc3\u81d3\u306e\u554f\u984c\u3092\u7279\u5b9a\u3057\u307e\u3059\u3002<\/li>\n\n\n\n<li><strong>\u4f7f\u3044\u3084\u3059\u3055\uff1a<\/strong> \u60a3\u8005\u3082\u4ecb\u8b77\u8005\u3082\u3001\u3053\u306e\u30b7\u30b9\u30c6\u30e0\u306f\u4f7f\u3044\u3084\u3059\u3044\u3068\u611f\u3058\u3066\u3044\u308b\u3002<\/li>\n<\/ul>\n\n\n\n<p><strong>\u30b7\u30b0\u30ce\u30a6\u306e\u4f7f\u547d<\/strong><\/p>\n\n\n\n<p>Sigknow\u306f\u3001\u9769\u65b0\u7684\u306a\u6280\u8853\u3092\u901a\u3058\u3066\u5fc3\u81d3\u75c5\u306e\u65e9\u671f\u767a\u898b\u3068\u4e88\u9632\u306b\u53d6\u308a\u7d44\u3093\u3067\u3044\u307e\u3059\u3002\u6b63\u78ba\u3067\u624b\u9803\u306a\u4fa1\u683c\u306e\u5fc3\u81d3\u30e2\u30cb\u30bf\u30ea\u30f3\u30b0\u30fb\u30bd\u30ea\u30e5\u30fc\u30b7\u30e7\u30f3\u3092\u63d0\u4f9b\u3059\u308b\u3053\u3068\u3067\u3001\u60a3\u8005\u306e\u4e88\u5f8c\u3092\u6539\u5584\u3057\u3001\u533b\u7642\u5f93\u4e8b\u8005\u306e\u696d\u52d9\u3092\u30b5\u30dd\u30fc\u30c8\u3059\u308b\u3053\u3068\u3092\u76ee\u6307\u3057\u3066\u3044\u307e\u3059\u3002<\/p>\n\n\n\n<p class=\"has-text-align-center\"><strong>\u30aa\u30d5\u30a3\u30b7\u30e3\u30eb\u30d1\u30fc\u30c8\u30ca\u30fc\u306eSOLE\u304b\u3089\u30aa\u30f3\u30e9\u30a4\u30f3\u3067\u6ce8\u6587<\/strong><\/p>\n\n\n\n<div class=\"wp-block-buttons is-horizontal is-content-justification-center is-layout-flex wp-container-core-buttons-is-layout-499968f5 wp-block-buttons-is-layout-flex\">\n<div class=\"wp-block-button is-style-outline is-style-outline--1\"><a class=\"wp-block-button__link has-background-color has-text-color has-background wp-element-button\" href=\"https:\/\/www.sole.ro\/brand\/sigknow-biomedical\" style=\"border-radius:17px;background-color:#1474b8\">\u30aa\u30fc\u30c0\u30fc<\/a><\/div>\n<\/div>","protected":false},"excerpt":{"rendered":"<p>Sigknow Biomedical este o companie taiwanez\u0103 specializat\u0103 \u00een dezvoltarea de solu\u021bii inovatoare pentru diagnosticarea cardiac\u0103. Focusul lor principal este \u00eembun\u0103t\u0103\u021birea experien\u021bei de diagnostic at\u00e2t pentru pacien\u021bi, c\u00e2t \u0219i pentru profesioni\u0219tii din domeniul s\u0103n\u0103t\u0103\u021bii. Produsul cheie: Monitorul ECG continuu EZYPRO Produsul emblematic al Sigknow este monitorul ECG continuu EZYPRO. Acest dispozitiv portabil permite monitorizarea pe termen lung a ritmului cardiac, oferind date valoroase pentru diagnosticarea aritmiilor \u0219i a altor afec\u021biuni cardiace. Caracteristici cheie ale tehnologiei Sigknow: Misiunea Sigknow Sigknow este angajat s\u0103 detecteze precoce \u0219i s\u0103 previn\u0103 bolile cardiace prin intermediul tehnologiei sale inovatoare. Oferind solu\u021bii de monitorizare cardiac\u0103 precise \u0219i accesibile, \u00ee\u0219i propun s\u0103 \u00eembun\u0103t\u0103\u021beasc\u0103 rezultatele pentru pacien\u021bi \u0219i s\u0103 [&hellip;]<\/p>","protected":false},"author":1,"featured_media":0,"parent":0,"menu_order":0,"comment_status":"closed","ping_status":"closed","template":"","meta":{"footnotes":""},"class_list":["post-1059","page","type-page","status-publish","hentry"],"aioseo_notices":[],"_links":{"self":[{"href":"https:\/\/onemd.ro\/ja\/wp-json\/wp\/v2\/pages\/1059","targetHints":{"allow":["GET"]}}],"collection":[{"href":"https:\/\/onemd.ro\/ja\/wp-json\/wp\/v2\/pages"}],"about":[{"href":"https:\/\/onemd.ro\/ja\/wp-json\/wp\/v2\/types\/page"}],"author":[{"embeddable":true,"href":"https:\/\/onemd.ro\/ja\/wp-json\/wp\/v2\/users\/1"}],"replies":[{"embeddable":true,"href":"https:\/\/onemd.ro\/ja\/wp-json\/wp\/v2\/comments?post=1059"}],"version-history":[{"count":4,"href":"https:\/\/onemd.ro\/ja\/wp-json\/wp\/v2\/pages\/1059\/revisions"}],"predecessor-version":[{"id":1215,"href":"https:\/\/onemd.ro\/ja\/wp-json\/wp\/v2\/pages\/1059\/revisions\/1215"}],"wp:attachment":[{"href":"https:\/\/onemd.ro\/ja\/wp-json\/wp\/v2\/media?parent=1059"}],"curies":[{"name":"wp","href":"https:\/\/api.w.org\/{rel}","templated":true}]}}