{"id":1089,"date":"2024-08-01T11:55:08","date_gmt":"2024-08-01T11:55:08","guid":{"rendered":"https:\/\/onemd.ro\/?page_id=1089"},"modified":"2025-09-01T11:13:17","modified_gmt":"2025-09-01T11:13:17","slug":"black-rouge","status":"publish","type":"page","link":"https:\/\/onemd.ro\/ja\/black-rouge\/","title":{"rendered":"\u30d6\u30e9\u30c3\u30af\u30fb\u30ec\u30c3\u30c9"},"content":{"rendered":"<div class=\"wp-block-image\">\n<figure class=\"aligncenter size-medium\"><img decoding=\"async\" width=\"300\" height=\"150\" src=\"https:\/\/onemd.ro\/wp-content\/uploads\/2024\/08\/black-rouge-300x150.jpg\" alt=\"\" class=\"wp-image-1091\" srcset=\"https:\/\/onemd.ro\/wp-content\/uploads\/2024\/08\/black-rouge-300x150.jpg 300w, https:\/\/onemd.ro\/wp-content\/uploads\/2024\/08\/black-rouge-1024x512.jpg 1024w, https:\/\/onemd.ro\/wp-content\/uploads\/2024\/08\/black-rouge-768x384.jpg 768w, https:\/\/onemd.ro\/wp-content\/uploads\/2024\/08\/black-rouge-18x9.jpg 18w, https:\/\/onemd.ro\/wp-content\/uploads\/2024\/08\/black-rouge.jpg 1058w\" sizes=\"(max-width: 300px) 100vw, 300px\" \/><\/figure><\/div>\n\n\n<p><\/p>\n\n\n\n<p><strong>\u30d6\u30e9\u30c3\u30af\u30fb\u30ec\u30c3\u30c9<\/strong> \u306f\u3001\u6d17\u7df4\u3055\u308c\u305f\u4ed5\u4e0a\u304c\u308a\u3068\u9bae\u3084\u304b\u306a\u8272\u5f69\u3092\u6301\u3064\u9ad8\u54c1\u8cea\u306e\u88fd\u54c1\u3067\u77e5\u3089\u308c\u308b\u97d3\u56fd\u306e\u30e1\u30fc\u30ad\u30e3\u30c3\u30d7\u30fb\u30d6\u30e9\u30f3\u30c9\u3067\u3042\u308b\u3002\u73fe\u5728\u306e\u30d5\u30a1\u30c3\u30b7\u30e7\u30f3\u30c8\u30ec\u30f3\u30c9\u306b\u30a4\u30f3\u30b9\u30d1\u30a4\u30a2\u3055\u308c\u305f\u30d6\u30e9\u30c3\u30af\u30eb\u30fc\u30b8\u30e5\u306f\u3001\u53e3\u7d05\u3001\u30a2\u30a4\u30b7\u30e3\u30c9\u30a6\u3001\u30c1\u30fc\u30af\u3001\u30a2\u30a4\u30d6\u30ed\u30a6\u88fd\u54c1\u306b\u81f3\u308b\u307e\u3067\u3001\u5e45\u5e83\u3044\u30e1\u30a4\u30af\u30a2\u30c3\u30d7\u88fd\u54c1\u3092\u63d0\u4f9b\u3057\u3066\u3044\u308b\u3002<\/p>\n\n\n\n<p class=\"has-primary-color has-text-color has-link-color wp-elements-ab2163f722ce53bcf298f23e61037b83\"><strong>\u4e3b\u8981\u88fd\u54c1 \u30d6\u30e9\u30c3\u30af\u30eb\u30fc\u30b8\u30e5<\/strong><\/p>\n\n\n\n<ul class=\"wp-block-list\">\n<li><strong>\u30a2\u30fb\u30d6\u30eb\u30fc\u30e0\u30fb\u30e2\u30fc\u30e1\u30f3\u30c8\u30fb\u30ea\u30ad\u30c3\u30c9\u30fb\u30ea\u30c3\u30d7\u30b9\u30c6\u30a3\u30c3\u30af<\/strong> \u30ea\u30ad\u30c3\u30c9\u30bf\u30a4\u30d7\u306e\u53e3\u7d05\u306f\u3001\u6fc3\u5bc6\u306a\u30d4\u30b0\u30e1\u30f3\u30c8\u3001\u30de\u30c3\u30c8\u306a\u8cea\u611f\u3001\u30d9\u30eb\u30d9\u30c3\u30c8\u306e\u3088\u3046\u306a\u4ed5\u4e0a\u304c\u308a\u3067\u5927\u4eba\u6c17\u3002\u30ab\u30e9\u30fc\u30d1\u30ec\u30c3\u30c8\u306f\u3001\u30cc\u30fc\u30c9\u30b7\u30a7\u30fc\u30c9\u304b\u3089\u5927\u80c6\u306a\u8d64\u307e\u3067\u5e45\u5e83\u3044\u3002<\/li>\n\n\n\n<li><strong>\u30a8\u30a2\u30d5\u30a3\u30c3\u30c8\u30fb\u30d9\u30eb\u30d9\u30c3\u30c8\u30fb\u30a2\u30a4\u30b7\u30e3\u30c9\u30a6\uff1a<\/strong> \u30af\u30ea\u30fc\u30df\u30fc\u306a\u30c6\u30af\u30b9\u30c1\u30e3\u30fc\u3001\u5857\u308a\u3084\u3059\u3055\u3001\u512a\u308c\u305f\u767a\u8272\u304c\u7279\u5fb4\u306e\u30a2\u30a4\u30b7\u30e3\u30c9\u30a6\u3002\u30ab\u30e9\u30fc\u30d1\u30ec\u30c3\u30c8\u306f\u8c4a\u5bcc\u3067\u3001\u30de\u30c3\u30c8\u3068\u30b7\u30de\u30fc\u306e\u4e21\u65b9\u306e\u30b7\u30a7\u30fc\u30c9\u3092\u53d6\u308a\u63c3\u3048\u3066\u3044\u308b\u3002\u30d6\u30e9\u30c3\u30af \u30eb\u30fc\u30b8\u30e5 \u30a8\u30a2\u30d5\u30a3\u30c3\u30c8 \u30d9\u30eb\u30d9\u30c3\u30c8 \u30a2\u30a4\u30b7\u30e3\u30c9\u30a6<\/li>\n\n\n\n<li><strong>\u30a8\u30a2\u30d5\u30a3\u30c3\u30c8\u30fb\u30d9\u30eb\u30d9\u30c3\u30c8\u30fb\u30d5\u30a7\u30a4\u30b9\u30d1\u30a6\u30c0\u30fc\uff1a<\/strong> \u3053\u306e\u30b3\u30f3\u30d1\u30af\u30c8\u306a\u30d1\u30a6\u30c0\u30fc\u306f\u3001\u4eba\u5de5\u7684\u306a\u5370\u8c61\u3092\u4e0e\u3048\u308b\u3053\u3068\u306a\u304f\u3001\u30de\u30c3\u30c8\u3067\u5747\u4e00\u3001\u30d9\u30eb\u30d9\u30c3\u30c8\u306e\u3088\u3046\u306a\u808c\u8272\u306b\u4ed5\u4e0a\u3052\u308b\u3002\u3055\u307e\u3056\u307e\u306a\u808c\u306e\u30c8\u30fc\u30f3\u306b\u5408\u3046\u3088\u3046\u3001\u3044\u304f\u3064\u304b\u306e\u8272\u5408\u3044\u304c\u7528\u610f\u3055\u308c\u3066\u3044\u308b\u3002\u30d6\u30e9\u30c3\u30af\u30eb\u30fc\u30b8\u30e5 \u30a8\u30a2\u30d5\u30a3\u30c3\u30c8 \u30d9\u30eb\u30d9\u30c3\u30c8\u30d1\u30a6\u30c0\u30fc<\/li>\n\n\n\n<li><strong>\u76ee\u3092\u304f\u3059\u3050\u308b\uff1a<\/strong> \u30d6\u30e9\u30c3\u30af\u30eb\u30fc\u30b8\u30e5\u306e\u53e3\u7d05\u306f\u3001\u7d30\u304f\u3066\u6b63\u78ba\u306a\u30d6\u30e9\u30b7\u3067\u77e5\u3089\u308c\u3066\u304a\u308a\u3001\u7e4a\u7d30\u3067\u6b63\u78ba\u306a\u30e9\u30a4\u30f3\u3092\u63cf\u304f\u3053\u3068\u304c\u3067\u304d\u308b\u3002\u30d6\u30e9\u30c3\u30af\u30eb\u30fc\u30b8\u30e5 \u30a2\u30a4\u30e9\u30a4\u30ca\u30fc<\/li>\n<\/ul>\n\n\n\n<p><strong>\u306a\u305c\u30d6\u30e9\u30c3\u30af\u30eb\u30fc\u30b8\u30e5\u306f\u7279\u5225\u306a\u306e\u304b\uff1f<\/strong><\/p>\n\n\n\n<ul class=\"wp-block-list\">\n<li><strong>\u5f37\u70c8\u306a\u8272\u7d20\u6c88\u7740\uff1a<\/strong> \u30d6\u30e9\u30c3\u30af\u30eb\u30fc\u30b8\u30e5\u306e\u88fd\u54c1\u306f\u8272\u7d20\u6c88\u7740\u306b\u512a\u308c\u3066\u3044\u308b\u306e\u3067\u3001\u4e00\u65e5\u4e2d\u30e1\u30a4\u30af\u304c\u6301\u7d9a\u3059\u308b\u3002<\/li>\n\n\n\n<li><strong>\u69d8\u3005\u306a\u4ed5\u4e0a\u3052\uff1a<\/strong> \u30de\u30c3\u30c8\u3001\u30b5\u30c6\u30f3\u3001\u30b0\u30ed\u30c3\u30b7\u30fc\u306e\u3069\u306e\u4ed5\u4e0a\u304c\u308a\u3092\u304a\u597d\u307f\u3067\u3082\u3001\u30d6\u30e9\u30c3\u30af\u30eb\u30fc\u30b8\u30e5\u306f\u3042\u306a\u305f\u306b\u3074\u3063\u305f\u308a\u306e\u88fd\u54c1\u3092\u3054\u7528\u610f\u3057\u3066\u3044\u307e\u3059\u3002<\/li>\n\n\n\n<li><strong>\u30a8\u30ec\u30ac\u30f3\u30c8\u306a\u30d1\u30c3\u30b1\u30fc\u30b8\uff1a<\/strong> \u88fd\u54c1\u306f\u6d17\u7df4\u3055\u308c\u305f\u30e2\u30c0\u30f3\u306a\u5bb9\u5668\u306b\u5165\u3063\u3066\u304a\u308a\u3001\u3069\u3093\u306a\u30c8\u30a4\u30ec\u306b\u3082\u4f3c\u5408\u3046\u3002<\/li>\n\n\n\n<li><strong>\u624b\u9803\u306a\u4fa1\u683c\uff1a<\/strong> \u9ad8\u54c1\u8cea\u306e\u88fd\u54c1\u3092\u63d0\u4f9b\u3059\u308b\u4e00\u65b9\u3067\u3001\u30d6\u30e9\u30c3\u30af\u30eb\u30fc\u30b8\u30e5\u306f\u8ab0\u3082\u304c\u697d\u3057\u3081\u308b\u3088\u3046\u3001\u624b\u9803\u306a\u4fa1\u683c\u3092\u7dad\u6301\u3057\u3066\u3044\u308b\u3002<\/li>\n<\/ul>\n\n\n\n<p><strong>\u30d6\u30e9\u30c3\u30af\u30fb\u30ec\u30c3\u30c9<\/strong> \u306f\u3001\u54c1\u8cea\u3068\u5be9\u7f8e\u6027\u3092\u517c\u306d\u5099\u3048\u305f\u30d6\u30e9\u30f3\u30c9\u3067\u3001\u591a\u7528\u9014\u3067\u4f7f\u3044\u3084\u3059\u3044\u30e1\u30a4\u30af\u30a2\u30c3\u30d7\u88fd\u54c1\u3092\u63d0\u4f9b\u3057\u3066\u3044\u308b\u3002\u30b3\u30b9\u30c8\u30d1\u30d5\u30a9\u30fc\u30de\u30f3\u30b9\u306b\u512a\u308c\u305f\u97d3\u56fd\u306e\u30e1\u30a4\u30af\u30a2\u30c3\u30d7\u88fd\u54c1\u3092\u63a2\u3057\u3066\u3044\u308b\u306a\u3089\u3001\u30d6\u30e9\u30c3\u30af\u30eb\u30fc\u30b8\u30e5\u306f\u9593\u9055\u3044\u306a\u304f\u691c\u8a0e\u3059\u3079\u304d\u9078\u629e\u80a2\u306e\u3072\u3068\u3064\u3067\u3042\u308b\u3002<\/p>\n\n\n\n<hr class=\"wp-block-separator aligncenter has-alpha-channel-opacity\"\/>\n\n\n\n<p class=\"has-text-align-center\"><strong>\u30aa\u30f3\u30e9\u30a4\u30f3\u3067\u5546\u54c1\u3092\u6ce8\u6587\u3059\u308b <strong>\u30d6\u30e9\u30c3\u30af\u30fb\u30ec\u30c3\u30c9<\/strong> \u30aa\u30d5\u30a3\u30b7\u30e3\u30eb\u30fb\u30d1\u30fc\u30c8\u30ca\u30fc\u30fb\u30b7\u30e7\u30c3\u30d7\u304b\u3089\uff1a<\/strong><\/p>\n\n\n\n<div class=\"wp-block-group has-large-font-size is-layout-grid wp-container-core-group-is-layout-6be84c55 wp-block-group-is-layout-grid\">\n<figure class=\"wp-block-image size-medium\"><a href=\"https:\/\/sole.ro\/brand\/black-rouge\" target=\"_blank\" rel=\" noreferrer noopener\"><img decoding=\"async\" width=\"300\" height=\"150\" src=\"https:\/\/onemd.ro\/wp-content\/uploads\/2021\/07\/f6-2-300x150.jpg\" alt=\"\u30bd\u30fc\u30eb\u30ed\" class=\"wp-image-297\" srcset=\"https:\/\/onemd.ro\/wp-content\/uploads\/2021\/07\/f6-2-300x150.jpg 300w, https:\/\/onemd.ro\/wp-content\/uploads\/2021\/07\/f6-2-16x8.jpg 16w, https:\/\/onemd.ro\/wp-content\/uploads\/2021\/07\/f6-2.jpg 600w\" sizes=\"(max-width: 300px) 100vw, 300px\" \/><\/a><\/figure>\n<\/div>","protected":false},"excerpt":{"rendered":"<p>Black Rouge este un brand sud-coreean de machiaj, cunoscut pentru produsele sale de \u00eenalt\u0103 calitate, cu finisaje sofisticate \u0219i culori vibrante. Inspirat de tendin\u021bele actuale din lumea modei, Black Rouge ofer\u0103 o gam\u0103 variat\u0103 de produse de machiaj, de la rujuri \u0219i farduri de pleoape p\u00e2n\u0103 la blush-uri \u0219i produse pentru spr\u00e2ncene. Produse Cheie Black Rouge De ce s\u0103 alegi Black Rouge? Black Rouge este o marc\u0103 care combin\u0103 calitatea cu estetica, oferind produse de machiaj versatile \u0219i u\u0219or de utilizat. Dac\u0103 e\u0219ti \u00een c\u0103utarea unor produse de machiaj coreene, cu un raport calitate-pre\u021b excelent, Black Rouge este cu siguran\u021b\u0103 o op\u021biune de luat \u00een considerare. Comand\u0103 online produse Black [&hellip;]<\/p>","protected":false},"author":1,"featured_media":0,"parent":0,"menu_order":0,"comment_status":"closed","ping_status":"closed","template":"","meta":{"footnotes":""},"class_list":["post-1089","page","type-page","status-publish","hentry"],"aioseo_notices":[],"_links":{"self":[{"href":"https:\/\/onemd.ro\/ja\/wp-json\/wp\/v2\/pages\/1089","targetHints":{"allow":["GET"]}}],"collection":[{"href":"https:\/\/onemd.ro\/ja\/wp-json\/wp\/v2\/pages"}],"about":[{"href":"https:\/\/onemd.ro\/ja\/wp-json\/wp\/v2\/types\/page"}],"author":[{"embeddable":true,"href":"https:\/\/onemd.ro\/ja\/wp-json\/wp\/v2\/users\/1"}],"replies":[{"embeddable":true,"href":"https:\/\/onemd.ro\/ja\/wp-json\/wp\/v2\/comments?post=1089"}],"version-history":[{"count":5,"href":"https:\/\/onemd.ro\/ja\/wp-json\/wp\/v2\/pages\/1089\/revisions"}],"predecessor-version":[{"id":1689,"href":"https:\/\/onemd.ro\/ja\/wp-json\/wp\/v2\/pages\/1089\/revisions\/1689"}],"wp:attachment":[{"href":"https:\/\/onemd.ro\/ja\/wp-json\/wp\/v2\/media?parent=1089"}],"curies":[{"name":"wp","href":"https:\/\/api.w.org\/{rel}","templated":true}]}}