{"id":1135,"date":"2024-09-11T08:52:33","date_gmt":"2024-09-11T08:52:33","guid":{"rendered":"https:\/\/onemd.ro\/?page_id=1135"},"modified":"2025-09-01T12:22:56","modified_gmt":"2025-09-01T12:22:56","slug":"color-wow","status":"publish","type":"page","link":"https:\/\/onemd.ro\/ja\/color-wow\/","title":{"rendered":"\u30ab\u30e9\u30fc\u30fb\u30ef\u30a6"},"content":{"rendered":"<div class=\"wp-block-image\">\n<figure class=\"aligncenter size-medium\"><img decoding=\"async\" width=\"300\" height=\"150\" src=\"https:\/\/onemd.ro\/wp-content\/uploads\/2024\/09\/color-wow-300x150.jpg\" alt=\"\" class=\"wp-image-1137\" srcset=\"https:\/\/onemd.ro\/wp-content\/uploads\/2024\/09\/color-wow-300x150.jpg 300w, https:\/\/onemd.ro\/wp-content\/uploads\/2024\/09\/color-wow-1024x512.jpg 1024w, https:\/\/onemd.ro\/wp-content\/uploads\/2024\/09\/color-wow-768x384.jpg 768w, https:\/\/onemd.ro\/wp-content\/uploads\/2024\/09\/color-wow-18x9.jpg 18w, https:\/\/onemd.ro\/wp-content\/uploads\/2024\/09\/color-wow.jpg 1058w\" sizes=\"(max-width: 300px) 100vw, 300px\" \/><\/figure><\/div>\n\n\n<p><strong>\u30ab\u30e9\u30fc\u30fb\u30ef\u30aa<\/strong> \u306f\u3001\u67d3\u3081\u305f\u9aea\u3092\u4fdd\u8b77\u3057\u3001\u8272\u3092\u6fc3\u304f\u3059\u308b\u305f\u3081\u306b\u7279\u5225\u306b\u30c7\u30b6\u30a4\u30f3\u3055\u308c\u305f\u9769\u65b0\u7684\u306a\u51e6\u65b9\u3067\u6709\u540d\u306a\u30d8\u30a2\u30b1\u30a2\u30d6\u30e9\u30f3\u30c9\u3067\u3059\u3002\u30ab\u30e9\u30fc\u30fb\u30ef\u30a6\u306e\u88fd\u54c1\u306f\u3001\u9aea\u3092\u5909\u8272\u3055\u305b\u305f\u308a\u50b7\u3081\u305f\u308a\u3059\u308b\u6709\u5bb3\u306a\u6210\u5206\u3092\u914d\u5408\u305b\u305a\u3001\u8d05\u6ca2\u306a\u30b1\u30a2\u3068\u76ee\u306b\u898b\u3048\u308b\u7d50\u679c\u3092\u63d0\u4f9b\u3057\u307e\u3059\u3002<\/p>\n\n\n\n<h2 class=\"wp-block-heading has-normal-font-size\"><strong>\u306a\u305c\u30ab\u30e9\u30fc\u30fb\u30ef\u30a6\u306f\u7279\u5225\u306a\u306e\u304b\uff1f<\/strong><\/h2>\n\n\n\n<ul class=\"wp-block-list\">\n<li><strong>\u8272\u3092\u4fdd\u8b77\u3059\u308b\uff1a<\/strong> \u30ab\u30e9\u30fc\u30fb\u30ef\u30a6\u88fd\u54c1\u306e\u30e6\u30cb\u30fc\u30af\u306a\u914d\u5408\u306f\u3001\u9bae\u3084\u304b\u3067\u660e\u308b\u3044\u8272\u3092\u9577\u304f\u4fdd\u3064\u306e\u306b\u5f79\u7acb\u3064\u3002<\/li>\n\n\n\n<li><strong>\u30c7\u30a3\u30fc\u30d7\u30b1\u30a2\uff1a<\/strong> \u3053\u306e\u88fd\u54c1\u306f\u3001\u9aea\u306b\u5f37\u3044\u6f64\u3044\u3092\u4e0e\u3048\u3001\u50b7\u3093\u3060\u9aea\u3092\u88dc\u4fee\u3057\u3001\u7d79\u306e\u3088\u3046\u306b\u67d4\u3089\u304b\u304f\u30b9\u30bf\u30a4\u30ea\u30f3\u30b0\u3057\u3084\u3059\u3044\u9aea\u306b\u4ed5\u4e0a\u3052\u308b\u3002<\/li>\n\n\n\n<li><strong>\u6709\u5bb3\u306a\u6210\u5206\u306f\u542b\u307e\u308c\u3066\u3044\u306a\u3044\uff1a<\/strong> \u30ab\u30e9\u30fc\u30fb\u30ef\u30a6\u306f\u3001\u30d8\u30a2\u30ab\u30e9\u30fc\u306b\u5f71\u97ff\u3092\u4e0e\u3048\u308b\u53ef\u80fd\u6027\u306e\u3042\u308b60\u7a2e\u985e\u4ee5\u4e0a\u306e\u4e00\u822c\u7684\u306a\u6210\u5206\u3092\u7279\u5b9a\u30fb\u9664\u53bb\u3057\u3001\u512a\u3057\u304f\u52b9\u679c\u7684\u306a\u30b1\u30a2\u3092\u5b9f\u73fe\u3057\u3066\u3044\u308b\u3002<\/li>\n\n\n\n<li><strong>\u76ee\u306b\u898b\u3048\u308b\u7d50\u679c\uff1a<\/strong> \u30ab\u30e9\u30fc\u30fb\u30ef\u30a6\u306e\u88fd\u54c1\u306f\u3001\u4e26\u5916\u308c\u305f\u30dc\u30ea\u30e5\u30fc\u30e0\u3001\u5f37\u70c8\u306a\u8f1d\u304d\u3001\u7fa8\u671b\u306e\u7684\u3068\u306a\u308b\u6ed1\u3089\u304b\u3055\u3092\u5b9f\u73fe\u3057\u307e\u3059\u3002<\/li>\n<\/ul>\n\n\n\n<h3 class=\"wp-block-heading has-primary-color has-text-color has-link-color has-normal-font-size wp-elements-63f66371e49942c18770663a59ec8050\"><strong>\u6ce8\u76ee\u5546\u54c1 Colour Wow\uff1a<\/strong><\/h3>\n\n\n\n<ul class=\"wp-block-list\">\n<li><strong>\u30c9\u30ea\u30fc\u30e0\u30b3\u30fc\u30c8\u30fb\u30b9\u30fc\u30d1\u30fc\u30ca\u30c1\u30e5\u30e9\u30eb\u30fb\u30b9\u30d7\u30ec\u30fc<\/strong> \u9aea\u306e1\u672c1\u672c\u306b\u4fdd\u8b77\u30d0\u30ea\u30a2\u3092\u4f5c\u308a\u3001\u6ed1\u3089\u304b\u3055\u3001\u71b1\u4fdd\u8b77\u3001\u8010\u6e7f\u6027\u3092\u9577\u6642\u9593\u6301\u7d9a\u3055\u305b\u308b\u753b\u671f\u7684\u306a\u88fd\u54c1\u3002<\/li>\n\n\n\n<li><strong>\u30ab\u30e9\u30fc\u30fb\u30bb\u30ad\u30e5\u30ea\u30c6\u30a3\u30fc\u30fb\u30b7\u30e3\u30f3\u30d7\u30fc<\/strong> \u8272\u843d\u3061\u3059\u308b\u3053\u3068\u306a\u304f\u3001\u67d3\u3081\u305f\u9aea\u3092\u304d\u308c\u3044\u306b\u3059\u308b\u305f\u3081\u306b\u7279\u5225\u306b\u51e6\u65b9\u3055\u308c\u305f\u512a\u3057\u3044\u30b7\u30e3\u30f3\u30d7\u30fc\u3002<\/li>\n\n\n\n<li><strong>\u30a8\u30af\u30b9\u30c8\u30e9\u30fb\u30e9\u30fc\u30b8\u30fb\u30dc\u30e0\u30b7\u30a7\u30eb\u30fb\u30dc\u30ea\u30e5\u30fc\u30de\u30a4\u30b6\u30fc\uff1a<\/strong> \u7d30\u304f\u3001\u751f\u6c17\u306e\u306a\u3044\u9aea\u306b\u30dc\u30ea\u30e5\u30fc\u30e0\u3068\u8c4a\u304b\u306a\u8cea\u611f\u3092\u4e0e\u3048\u308b\u30dc\u30ea\u30e5\u30fc\u30de\u30a4\u30b8\u30f3\u30b0\u30fb\u30e0\u30fc\u30b9\u3002<\/li>\n\n\n\n<li><strong>\u30de\u30cd\u30fc\u30de\u30b9\u30af<\/strong> \u50b7\u3093\u3060\u9aea\u3092\u88dc\u4fee\u3057\u3001\u6d3b\u529b\u3092\u4e0e\u3048\u3001\u81ea\u7136\u306a\u8f1d\u304d\u3092\u53d6\u308a\u623b\u3059\u96c6\u4e2d\u4fdd\u6e7f\u30de\u30b9\u30af\u3002<\/li>\n<\/ul>\n\n\n\n<p>\u30ab\u30e9\u30fc\u30fb\u30ef\u30a6\u306e\u88fd\u54c1\u306f\u3001\u30ab\u30e9\u30fc\u30ea\u30f3\u30b0\u3057\u305f\u9aea\u3092\u4fdd\u8b77\u3057\u3001\u30ab\u30e9\u30fc\u3092\u5f15\u304d\u7acb\u3066\u305f\u3044\u4eba\u3001\u5065\u5eb7\u3067\u8276\u3084\u304b\u3067\u307e\u3068\u307e\u308a\u306e\u3042\u308b\u9aea\u3092\u6c42\u3081\u308b\u4eba\u306b\u7406\u60f3\u7684\u3067\u3059\u3002<\/p>\n\n\n\n<p>\u3042\u306a\u305f\u306e\u9aea\u304c\u30d6\u30ed\u30f3\u30c9\u3001\u30d6\u30eb\u30cd\u30c3\u30c8\u3001\u8d64\u3001\u307e\u305f\u306f\u5927\u80c6\u306a\u8272\u3067\u3042\u308d\u3046\u3068\u3001\u30ab\u30e9\u30fc\u30fb\u30ef\u30a6\u306f\u3042\u306a\u305f\u306b\u5b8c\u74a7\u306a\u30bd\u30ea\u30e5\u30fc\u30b7\u30e7\u30f3\u3092\u63d0\u4f9b\u3057\u307e\u3059\u3002<\/p>\n\n\n\n<hr class=\"wp-block-separator aligncenter has-alpha-channel-opacity\"\/>\n\n\n\n<p class=\"has-text-align-center\"><strong>\u30aa\u30f3\u30e9\u30a4\u30f3\u3067\u5546\u54c1\u3092\u6ce8\u6587\u3059\u308b <strong>\u30ab\u30e9\u30fc\u30fb\u30ef\u30aa<\/strong> \u30aa\u30d5\u30a3\u30b7\u30e3\u30eb\u30fb\u30d1\u30fc\u30c8\u30ca\u30fc\u30fb\u30b7\u30e7\u30c3\u30d7\u304b\u3089\uff1a<\/strong><\/p>\n\n\n\n<div class=\"wp-block-group has-large-font-size is-layout-grid wp-container-core-group-is-layout-6be84c55 wp-block-group-is-layout-grid\">\n<figure class=\"wp-block-image size-medium\"><a href=\"https:\/\/sole.ro\/brand\/color-wow\" target=\"_blank\" rel=\" noreferrer noopener\"><img decoding=\"async\" width=\"300\" height=\"150\" src=\"https:\/\/onemd.ro\/wp-content\/uploads\/2021\/07\/f6-2-300x150.jpg\" alt=\"\u30bd\u30fc\u30eb\u30ed\" class=\"wp-image-297\" srcset=\"https:\/\/onemd.ro\/wp-content\/uploads\/2021\/07\/f6-2-300x150.jpg 300w, https:\/\/onemd.ro\/wp-content\/uploads\/2021\/07\/f6-2-16x8.jpg 16w, https:\/\/onemd.ro\/wp-content\/uploads\/2021\/07\/f6-2.jpg 600w\" sizes=\"(max-width: 300px) 100vw, 300px\" \/><\/a><\/figure>\n\n\n\n<figure class=\"wp-block-image size-medium\"><a href=\"https:\/\/comenzi.farmaciatei.ro\/brand\/color-wow\" target=\"_blank\" rel=\" noreferrer noopener\"><img decoding=\"async\" width=\"300\" height=\"150\" src=\"https:\/\/onemd.ro\/wp-content\/uploads\/2021\/07\/f1-1-300x150.jpg\" alt=\"\u30c6\u30a4\u85ac\u5c40\u30aa\u30d5\u30a3\u30b7\u30e3\u30eb\u30d1\u30fc\u30c8\u30ca\u30fc\u30b7\u30e7\u30c3\u30d7\" class=\"wp-image-301\" srcset=\"https:\/\/onemd.ro\/wp-content\/uploads\/2021\/07\/f1-1-300x150.jpg 300w, https:\/\/onemd.ro\/wp-content\/uploads\/2021\/07\/f1-1-16x8.jpg 16w, https:\/\/onemd.ro\/wp-content\/uploads\/2021\/07\/f1-1.jpg 600w\" sizes=\"(max-width: 300px) 100vw, 300px\" \/><\/a><\/figure>\n\n\n\n<figure class=\"wp-block-image size-medium\"><a href=\"https:\/\/comenzi.bebetei.ro\/brand\/color-wow\" target=\"_blank\" rel=\" noreferrer noopener\"><img loading=\"lazy\" decoding=\"async\" width=\"300\" height=\"150\" src=\"https:\/\/onemd.ro\/wp-content\/uploads\/2021\/07\/f4-300x150.jpg\" alt=\"\u3079\u3079\u4ead\u30aa\u30d5\u30a3\u30b7\u30e3\u30eb\u30d1\u30fc\u30c8\u30ca\u30fc\u30b7\u30e7\u30c3\u30d7\" class=\"wp-image-292\" srcset=\"https:\/\/onemd.ro\/wp-content\/uploads\/2021\/07\/f4-300x150.jpg 300w, https:\/\/onemd.ro\/wp-content\/uploads\/2021\/07\/f4-16x8.jpg 16w, https:\/\/onemd.ro\/wp-content\/uploads\/2021\/07\/f4.jpg 600w\" sizes=\"(max-width: 300px) 100vw, 300px\" \/><\/a><\/figure>\n<\/div>","protected":false},"excerpt":{"rendered":"<p>Color Wow este un brand de \u00eengrijire a p\u0103rului renumit pentru formula\u021biile sale inovatoare, special concepute pentru a proteja \u0219i intensifica culoarea p\u0103rului vopsit. Produsele Color Wow sunt formulate f\u0103r\u0103 ingrediente d\u0103un\u0103toare care pot decolora sau deteriora p\u0103rul, oferind \u00een schimb o \u00eengrijire de lux \u0219i rezultate vizibile. De ce s\u0103 alegi Color Wow? Produse recomandate Color Wow: Produsele Color Wow sunt ideale pentru persoanele cu p\u0103rul vopsit care doresc s\u0103 \u00ee\u0219i protejeze \u0219i s\u0103 \u00ee\u0219i \u00eembun\u0103t\u0103\u021beasc\u0103 culoarea, precum \u0219i pentru cei care \u00ee\u0219i doresc un p\u0103r s\u0103n\u0103tos, str\u0103lucitor \u0219i u\u0219or de coafat. Indiferent dac\u0103 ai p\u0103rul blond, brunet, ro\u0219cat sau vopsit \u00een nuan\u021be \u00eendr\u0103zne\u021be, Color Wow are solu\u021bia perfect\u0103 [&hellip;]<\/p>\n","protected":false},"author":1,"featured_media":0,"parent":0,"menu_order":0,"comment_status":"closed","ping_status":"closed","template":"","meta":{"footnotes":""},"class_list":["post-1135","page","type-page","status-publish","hentry"],"aioseo_notices":[],"_links":{"self":[{"href":"https:\/\/onemd.ro\/ja\/wp-json\/wp\/v2\/pages\/1135","targetHints":{"allow":["GET"]}}],"collection":[{"href":"https:\/\/onemd.ro\/ja\/wp-json\/wp\/v2\/pages"}],"about":[{"href":"https:\/\/onemd.ro\/ja\/wp-json\/wp\/v2\/types\/page"}],"author":[{"embeddable":true,"href":"https:\/\/onemd.ro\/ja\/wp-json\/wp\/v2\/users\/1"}],"replies":[{"embeddable":true,"href":"https:\/\/onemd.ro\/ja\/wp-json\/wp\/v2\/comments?post=1135"}],"version-history":[{"count":3,"href":"https:\/\/onemd.ro\/ja\/wp-json\/wp\/v2\/pages\/1135\/revisions"}],"predecessor-version":[{"id":1723,"href":"https:\/\/onemd.ro\/ja\/wp-json\/wp\/v2\/pages\/1135\/revisions\/1723"}],"wp:attachment":[{"href":"https:\/\/onemd.ro\/ja\/wp-json\/wp\/v2\/media?parent=1135"}],"curies":[{"name":"wp","href":"https:\/\/api.w.org\/{rel}","templated":true}]}}