{"id":1157,"date":"2024-09-13T06:22:57","date_gmt":"2024-09-13T06:22:57","guid":{"rendered":"https:\/\/onemd.ro\/?page_id=1157"},"modified":"2025-09-01T11:21:02","modified_gmt":"2025-09-01T11:21:02","slug":"tfit","status":"publish","type":"page","link":"https:\/\/onemd.ro\/ja\/tfit\/","title":{"rendered":"\u30c6\u30a3\u30fc\u30d5\u30a3\u30c3\u30c8"},"content":{"rendered":"<div class=\"wp-block-image\">\n<figure class=\"aligncenter size-medium\"><img decoding=\"async\" width=\"300\" height=\"150\" src=\"https:\/\/onemd.ro\/wp-content\/uploads\/2024\/09\/tfit-300x150.jpg\" alt=\"\" class=\"wp-image-1158\" srcset=\"https:\/\/onemd.ro\/wp-content\/uploads\/2024\/09\/tfit-300x150.jpg 300w, https:\/\/onemd.ro\/wp-content\/uploads\/2024\/09\/tfit-1024x512.jpg 1024w, https:\/\/onemd.ro\/wp-content\/uploads\/2024\/09\/tfit-768x384.jpg 768w, https:\/\/onemd.ro\/wp-content\/uploads\/2024\/09\/tfit-18x9.jpg 18w, https:\/\/onemd.ro\/wp-content\/uploads\/2024\/09\/tfit.jpg 1058w\" sizes=\"(max-width: 300px) 100vw, 300px\" \/><\/figure><\/div>\n\n\n<p class=\"has-primary-color has-text-color has-link-color wp-elements-6c21f2fe356c5e6d7754ad63db407d1c\"><strong>TFIT<\/strong> \u306f\u3001\u30db\u30ea\u30b9\u30c6\u30a3\u30c3\u30af\u306a\u30a2\u30d7\u30ed\u30fc\u30c1\u3068\u7f8e\u306e\u591a\u69d8\u6027\u306e\u5c0a\u91cd\u306b\u3088\u3063\u3066\u4eba\u6c17\u3092\u535a\u3057\u3066\u3044\u308b\u97d3\u56fd\u306e\u5316\u7ca7\u54c1\u30d6\u30e9\u30f3\u30c9\u3067\u3042\u308b\u3002Tfit\u306e\u88fd\u54c1\u306f\u3001\u808c\u306e\u81ea\u7136\u306a\u5916\u89b3\u3092\u9ad8\u3081\u308b\u3088\u3046\u306b\u30c7\u30b6\u30a4\u30f3\u3055\u308c\u3066\u304a\u308a\u3001\u3055\u307e\u3056\u307e\u306a\u808c\u30bf\u30a4\u30d7\u3084\u597d\u307f\u306b\u5408\u308f\u305b\u305f\u5e45\u5e83\u3044\u9078\u629e\u80a2\u3092\u63d0\u4f9b\u3057\u3066\u3044\u308b\u3002<\/p>\n\n\n\n<p><strong>TFIT\u306e\u7279\u5fb4\u306f\uff1f<\/strong><\/p>\n\n\n\n<ul class=\"wp-block-list\">\n<li><strong>\u30d1\u30fc\u30bd\u30ca\u30eb\u30fb\u30d3\u30e5\u30fc\u30c6\u30a3\u30fc\uff1a<\/strong> TFIT\u306f\u3001\u7f8e\u3057\u3055\u306f\u4e3b\u89b3\u7684\u306a\u3082\u306e\u3067\u3042\u308a\u3001\u4e00\u4eba\u3072\u3068\u308a\u304c\u81ea\u5206\u306e\u808c\u306b\u81ea\u4fe1\u3092\u6301\u3064\u3079\u304d\u3060\u3068\u8003\u3048\u3066\u3044\u308b\u3002\u540c\u793e\u306e\u88fd\u54c1\u306f\u3001\u4e00\u4eba\u3072\u3068\u308a\u306e\u30cb\u30fc\u30ba\u306b\u5408\u308f\u305b\u3066\u8abf\u5408\u3055\u308c\u3066\u3044\u308b\u3002<\/li>\n\n\n\n<li><strong>\u5929\u7136\u6210\u5206\uff1a<\/strong> \u591a\u304f\u306eTFIT\u88fd\u54c1\u306b\u306f\u3001\u690d\u7269\u30a8\u30ad\u30b9\u3084\u30d3\u30bf\u30df\u30f3\u306a\u3069\u306e\u5929\u7136\u6210\u5206\u304c\u914d\u5408\u3055\u308c\u3066\u304a\u308a\u3001\u808c\u306b\u6804\u990a\u3092\u4e0e\u3048\u4fdd\u8b77\u3059\u308b\u3002<\/li>\n\n\n\n<li><strong>\u5e45\u5e83\u3044\u88fd\u54c1\uff1a<\/strong> \u30b9\u30ad\u30f3\u30b1\u30a2\uff08\u5316\u7ca7\u6c34\u3001\u7f8e\u5bb9\u6db2\u3001\u30af\u30ea\u30fc\u30e0\uff09\u304b\u3089\u30e1\u30a4\u30af\u30a2\u30c3\u30d7\uff08\u30d5\u30a1\u30f3\u30c7\u30fc\u30b7\u30e7\u30f3\u3001\u30b3\u30f3\u30b7\u30fc\u30e9\u30fc\u3001\u4e0b\u5730\uff09\u307e\u3067\u3001\u5e45\u5e83\u3044\u88fd\u54c1\u3092\u63d0\u4f9b\u3057\u3066\u3044\u308b\u3002<\/li>\n\n\n\n<li><strong>\u512a\u308c\u305f\u54c1\u8cea\uff1a<\/strong> TFIT\u88fd\u54c1\u306f\u3001\u305d\u306e\u9ad8\u3044\u54c1\u8cea\u3068\u76ee\u306b\u898b\u3048\u308b\u52b9\u679c\u3067\u77e5\u3089\u308c\u3066\u3044\u308b\u3002<\/li>\n<\/ul>\n\n\n\n<p><strong>TFIT\u88fd\u54c1\u306b\u306f\u4f55\u304c\u3042\u308a\u307e\u3059\u304b\uff1f<\/strong><\/p>\n\n\n\n<ul class=\"wp-block-list\">\n<li><strong>\u30b9\u30ad\u30f3\u30b1\u30a2\u3060\uff1a<\/strong> \u30af\u30ec\u30f3\u30b8\u30f3\u30b0\u3001\u30c8\u30fc\u30cb\u30f3\u30b0\u3001\u30e2\u30a4\u30b9\u30c1\u30e3\u30e9\u30a4\u30b8\u30f3\u30b0\u3001\u30b5\u30f3\u30b9\u30af\u30ea\u30fc\u30f3\u306a\u3069\u3001\u3055\u307e\u3056\u307e\u306a\u808c\u30bf\u30a4\u30d7\u306b\u5408\u308f\u305b\u305f\u88fd\u54c1\u3092\u3054\u7528\u610f\u3057\u3066\u3044\u307e\u3059\u3002<\/li>\n\n\n\n<li><strong>\u30e1\u30a4\u30af\u30a2\u30c3\u30d7\uff1a<\/strong> \u30ab\u30d0\u30fc\u529b\u306e\u3042\u308b\u30d5\u30a1\u30f3\u30c7\u30fc\u30b7\u30e7\u30f3\u3001\u30b3\u30f3\u30b7\u30fc\u30e9\u30fc\u3001\u30d1\u30a6\u30c0\u30fc\u3001\u30c1\u30fc\u30af\u3001\u53e3\u7d05\u3001\u30a2\u30a4\u88fd\u54c1\u3002<\/li>\n\n\n\n<li><strong>\u30bb\u30c3\u30c8\uff1a<\/strong> \u3055\u307e\u3056\u307e\u306a\u88fd\u54c1\u3092\u8a66\u3057\u305f\u308a\u3001\u81ea\u5206\u3060\u3051\u306e\u30b0\u30eb\u30fc\u30df\u30f3\u30b0\u30fb\u30eb\u30fc\u30c1\u30f3\u3092\u4f5c\u308b\u306e\u306b\u7406\u60f3\u7684\u306a\u3001\u5b8c\u5168\u306a\u88fd\u54c1\u30bb\u30c3\u30c8\u3002<\/li>\n<\/ul>\n\n\n\n<p><strong>TFIT<\/strong> \u7279\u306b\u3001\u81ea\u7136\u306a\u7f8e\u3057\u3055\u3092\u5f37\u8abf\u3059\u308b\u306e\u306b\u5f79\u7acb\u3064\u5929\u7136\u6210\u5206\u3092\u4f7f\u3063\u305f\u9ad8\u54c1\u8cea\u306e\u88fd\u54c1\u3092\u63a2\u3057\u3066\u3044\u308b\u306a\u3089\u3001\u691c\u8a0e\u3059\u308b\u4fa1\u5024\u306e\u3042\u308b\u5316\u7ca7\u54c1\u30d6\u30e9\u30f3\u30c9\u3060\u3002<\/p>\n\n\n\n<hr class=\"wp-block-separator aligncenter has-alpha-channel-opacity\"\/>\n\n\n\n<p class=\"has-text-align-center\"><strong>\u30aa\u30f3\u30e9\u30a4\u30f3\u3067\u5546\u54c1\u3092\u6ce8\u6587\u3059\u308b <strong>TFIT<\/strong> \u30aa\u30d5\u30a3\u30b7\u30e3\u30eb\u30fb\u30d1\u30fc\u30c8\u30ca\u30fc\u30fb\u30b7\u30e7\u30c3\u30d7\u304b\u3089\uff1a<\/strong><\/p>\n\n\n\n<div class=\"wp-block-group has-large-font-size is-layout-grid wp-container-core-group-is-layout-6be84c55 wp-block-group-is-layout-grid\">\n<figure class=\"wp-block-image size-medium\"><a href=\"https:\/\/sole.ro\/brand\/tfit\" target=\"_blank\" rel=\" noreferrer noopener\"><img decoding=\"async\" width=\"300\" height=\"150\" src=\"https:\/\/onemd.ro\/wp-content\/uploads\/2021\/07\/f6-2-300x150.jpg\" alt=\"\u30bd\u30fc\u30eb\u30ed\" class=\"wp-image-297\" srcset=\"https:\/\/onemd.ro\/wp-content\/uploads\/2021\/07\/f6-2-300x150.jpg 300w, https:\/\/onemd.ro\/wp-content\/uploads\/2021\/07\/f6-2-16x8.jpg 16w, https:\/\/onemd.ro\/wp-content\/uploads\/2021\/07\/f6-2.jpg 600w\" sizes=\"(max-width: 300px) 100vw, 300px\" \/><\/a><\/figure>\n\n\n\n<figure class=\"wp-block-image size-medium\"><a href=\"https:\/\/comenzi.farmaciatei.ro\/brand\/tfit\" target=\"_blank\" rel=\" noreferrer noopener\"><img decoding=\"async\" width=\"300\" height=\"150\" src=\"https:\/\/onemd.ro\/wp-content\/uploads\/2021\/07\/f1-1-300x150.jpg\" alt=\"\u30c6\u30a4\u85ac\u5c40\u30aa\u30d5\u30a3\u30b7\u30e3\u30eb\u30d1\u30fc\u30c8\u30ca\u30fc\u30b7\u30e7\u30c3\u30d7\" class=\"wp-image-301\" srcset=\"https:\/\/onemd.ro\/wp-content\/uploads\/2021\/07\/f1-1-300x150.jpg 300w, https:\/\/onemd.ro\/wp-content\/uploads\/2021\/07\/f1-1-16x8.jpg 16w, https:\/\/onemd.ro\/wp-content\/uploads\/2021\/07\/f1-1.jpg 600w\" sizes=\"(max-width: 300px) 100vw, 300px\" \/><\/a><\/figure>\n<\/div>\n\n\n\n<p><\/p>","protected":false},"excerpt":{"rendered":"<p>TFIT este un brand de cosmetice coreene care a c\u00e2\u0219tigat popularitate datorit\u0103 abord\u0103rii sale holistice \u0219i respectului pentru diversitatea frumuse\u021bii. Produsele Tfit sunt concepute pentru a \u00eembun\u0103t\u0103\u021bi aspectul natural al pielii \u0219i pentru a oferi o gam\u0103 larg\u0103 de op\u021biuni pentru diferite tipuri de ten \u0219i preferin\u021be. Ce face TFIT special? Ce po\u021bi g\u0103si \u00een gama de produse TFIT? TFIT este un brand de cosmetice care merit\u0103 s\u0103 fie luat\u0103 \u00een considerare, mai ales dac\u0103 e\u0219ti \u00een c\u0103utarea unor produse de \u00eenalt\u0103 calitate, cu ingrediente naturale \u0219i care s\u0103 te ajute s\u0103 \u00ee\u021bi eviden\u021biezi frumuse\u021bea natural\u0103. Comand\u0103 online produse TFIT de la magazinele partenere oficiale:<\/p>","protected":false},"author":1,"featured_media":0,"parent":0,"menu_order":0,"comment_status":"closed","ping_status":"closed","template":"","meta":{"footnotes":""},"class_list":["post-1157","page","type-page","status-publish","hentry"],"aioseo_notices":[],"_links":{"self":[{"href":"https:\/\/onemd.ro\/ja\/wp-json\/wp\/v2\/pages\/1157","targetHints":{"allow":["GET"]}}],"collection":[{"href":"https:\/\/onemd.ro\/ja\/wp-json\/wp\/v2\/pages"}],"about":[{"href":"https:\/\/onemd.ro\/ja\/wp-json\/wp\/v2\/types\/page"}],"author":[{"embeddable":true,"href":"https:\/\/onemd.ro\/ja\/wp-json\/wp\/v2\/users\/1"}],"replies":[{"embeddable":true,"href":"https:\/\/onemd.ro\/ja\/wp-json\/wp\/v2\/comments?post=1157"}],"version-history":[{"count":2,"href":"https:\/\/onemd.ro\/ja\/wp-json\/wp\/v2\/pages\/1157\/revisions"}],"predecessor-version":[{"id":1691,"href":"https:\/\/onemd.ro\/ja\/wp-json\/wp\/v2\/pages\/1157\/revisions\/1691"}],"wp:attachment":[{"href":"https:\/\/onemd.ro\/ja\/wp-json\/wp\/v2\/media?parent=1157"}],"curies":[{"name":"wp","href":"https:\/\/api.w.org\/{rel}","templated":true}]}}