{"id":1162,"date":"2024-09-17T07:22:08","date_gmt":"2024-09-17T07:22:08","guid":{"rendered":"https:\/\/onemd.ro\/?page_id=1162"},"modified":"2024-09-17T08:57:36","modified_gmt":"2024-09-17T08:57:36","slug":"giverny","status":"publish","type":"page","link":"https:\/\/onemd.ro\/ja\/giverny\/","title":{"rendered":"\u30b8\u30f4\u30a7\u30eb\u30cb\u30fc"},"content":{"rendered":"<div class=\"wp-block-image\">\n<figure class=\"aligncenter size-medium\"><img decoding=\"async\" width=\"300\" height=\"150\" src=\"https:\/\/onemd.ro\/wp-content\/uploads\/2024\/09\/giverny-300x150.jpg\" alt=\"\u30b8\u30f4\u30a7\u30eb\u30cb\u30fc\" class=\"wp-image-1177\" srcset=\"https:\/\/onemd.ro\/wp-content\/uploads\/2024\/09\/giverny-300x150.jpg 300w, https:\/\/onemd.ro\/wp-content\/uploads\/2024\/09\/giverny-1024x512.jpg 1024w, https:\/\/onemd.ro\/wp-content\/uploads\/2024\/09\/giverny-768x384.jpg 768w, https:\/\/onemd.ro\/wp-content\/uploads\/2024\/09\/giverny-18x9.jpg 18w, https:\/\/onemd.ro\/wp-content\/uploads\/2024\/09\/giverny.jpg 1058w\" sizes=\"(max-width: 300px) 100vw, 300px\" \/><\/figure><\/div>\n\n\n<p><strong>\u30b8\u30f4\u30a7\u30eb\u30cb\u30fc<\/strong> \u306f\u3001\u6bce\u65e5\u306e\u7f8e\u5bb9\u30eb\u30fc\u30c1\u30f3\u306b\u30a8\u30ec\u30ac\u30f3\u30b9\u3068\u6d17\u7df4\u306e\u30bf\u30c3\u30c1\u3092\u3082\u305f\u3089\u3059\u97d3\u56fd\u306e\u30e1\u30a4\u30af\u30a2\u30c3\u30d7\u30d6\u30e9\u30f3\u30c9\u3067\u3042\u308b\u3002\u30d5\u30e9\u30f3\u30b9\u306e\u30b8\u30f4\u30a7\u30eb\u30cb\u30fc\u306b\u3042\u308b\u753b\u5bb6\u30af\u30ed\u30fc\u30c9\u30fb\u30e2\u30cd\u306e\u6709\u540d\u306a\u5ead\u5712\u306b\u30a4\u30f3\u30b9\u30d1\u30a4\u30a2\u3055\u308c\u305f\u3053\u306e\u30d6\u30e9\u30f3\u30c9\u306f\u3001\u6d17\u7df4\u3055\u308c\u305f\u30e1\u30a4\u30af\u30a2\u30c3\u30d7\u306e\u4e2d\u306b\u5149\u3068\u81ea\u7136\u3055\u3092\u53d6\u308a\u8fbc\u3080\u3053\u3068\u3092\u7d04\u675f\u3059\u308b\u3002<\/p>\n\n\n\n<p><strong>\u306a\u305c\u30b8\u30f4\u30a7\u30eb\u30cb\u30fc\u304c\u7279\u5225\u306a\u306e\u304b\uff1f<\/strong><\/p>\n\n\n\n<ul class=\"wp-block-list\">\n<li><strong>\u5929\u7136\u6210\u5206\uff1a<\/strong> \u30b8\u30f4\u30a7\u30eb\u30cb\u30fc\u306e\u88fd\u54c1\u306b\u306f\u3001\u82b1\u30a8\u30ad\u30b9\u3084\u305d\u306e\u4ed6\u306e\u690d\u7269\u6210\u5206\u304c\u914d\u5408\u3055\u308c\u3066\u304a\u308a\u3001\u30e1\u30a4\u30af\u30a2\u30c3\u30d7\u3057\u306a\u304c\u3089\u808c\u3092\u3084\u3055\u3057\u304f\u30b1\u30a2\u3059\u308b\u3053\u3068\u304c\u3067\u304d\u308b\u3002<\/li>\n\n\n\n<li><strong>\u8d05\u6ca2\u306a\u8cea\u611f\uff1a<\/strong> \u4e0a\u8cea\u306a\u30c6\u30af\u30b9\u30c1\u30e3\u30fc\u3068\u9bae\u3084\u304b\u306a\u767a\u8272\u3067\u3001\u5b8c\u74a7\u306a\u8f1d\u304d\u3092\u653e\u3064\u5e45\u5e83\u3044\u30e9\u30a4\u30f3\u30ca\u30c3\u30d7\u3092\u53d6\u308a\u63c3\u3048\u3066\u3044\u308b\u3002<\/li>\n\n\n\n<li><strong>\u9ad8\u5ea6\u306a\u6280\u8853\uff1a<\/strong> \u3053\u306e\u30d6\u30e9\u30f3\u30c9\u306f\u3001\u5929\u7136\u6210\u5206\u306e\u6709\u76ca\u306a\u7279\u6027\u3092\u62bd\u51fa\u3057\u3001\u4fdd\u5b58\u3059\u308b\u305f\u3081\u306b\u8fd1\u4ee3\u7684\u306a\u6280\u8853\u3092\u4f7f\u7528\u3057\u3066\u3044\u308b\u3002<\/li>\n\n\n\n<li><strong>\u81ea\u7136\u306b\u898b\u3048\u308b\uff1a<\/strong> \u30b8\u30f4\u30a7\u30eb\u30cb\u30fc\u306e\u30e1\u30a4\u30af\u30a2\u30c3\u30d7\u306f\u81ea\u7136\u306a\u7f8e\u3057\u3055\u3092\u5f37\u8abf\u3057\u3001\u8f1d\u304d\u306e\u3042\u308b\u5065\u5eb7\u7684\u306a\u5370\u8c61\u3092\u4e0e\u3048\u308b\u3002<\/li>\n<\/ul>\n\n\n\n<p class=\"has-primary-color has-text-color has-link-color wp-elements-de3239593f9b5626ebfdd4aef47ce6ad\"><strong><a href=\"https:\/\/www.sole.ro\/brand\/giverny\" target=\"_blank\" rel=\"noopener\" title=\"\">\u304a\u52e7\u3081\u306e\u88fd\u54c1\uff1a<\/a><\/strong><\/p>\n\n\n\n<ul class=\"wp-block-list\">\n<li><strong>\u30df\u30eb\u30c1\u30e3\u30c3\u30af\u8ca1\u56e3<\/strong> \u30df\u30c7\u30a3\u30a2\u30e0\u30ab\u30d0\u30ec\u30c3\u30b8\u3068\u30de\u30c3\u30c8\u306a\u4ed5\u4e0a\u304c\u308a\u3067\u77e5\u3089\u308c\u308b\u3053\u306e\u30d5\u30a1\u30f3\u30c7\u30fc\u30b7\u30e7\u30f3\u306f\u3001\u4e00\u65e5\u4e2d\u5747\u4e00\u306a\u808c\u3092\u6301\u7d9a\u3055\u305b\u308b\u3002<\/li>\n\n\n\n<li><strong>\u30cb\u30e5\u30a2\u30f3\u30b9G\u30a2\u30a4\u30b7\u30e3\u30c9\u30a6\u30d1\u30ec\u30c3\u30c8\uff1a<\/strong> \u591a\u5f69\u306a\u8272\u5408\u3044\u3068\u30af\u30ea\u30fc\u30df\u30fc\u306a\u30c6\u30af\u30b9\u30c1\u30e3\u30fc\u306e\u3053\u308c\u3089\u306e\u30d1\u30ec\u30c3\u30c8\u306f\u3001\u30ca\u30c1\u30e5\u30e9\u30eb\u306b\u3082\u5927\u80c6\u306b\u3082\u6f14\u51fa\u3067\u304d\u308b\u3002<\/li>\n\n\n\n<li><strong>\u30df\u30eb\u30c1\u30e3\u30c3\u30af \u30bb\u30f3\u30b7\u30c6\u30a3\u30d6\u30fb\u30de\u30b9\u30ab\u30e9<\/strong> \u654f\u611f\u306a\u76ee\u306b\u523a\u6fc0\u3092\u4e0e\u3048\u308b\u3053\u3068\u306a\u304f\u3001\u30dc\u30ea\u30e5\u30fc\u30e0\u3068\u9577\u3055\u3092\u4e0e\u3048\u307e\u3059\u3002<\/li>\n\n\n\n<li><strong>\u30a4\u30f3\u30d7\u30ec\u30c3\u30b7\u30e7\u30f3\u30fb\u30c0\u30d6\u30eb\u30a8\u30c3\u30b8\u30fb\u30a2\u30a4\u30d6\u30ed\u30a6\u30fb\u30da\u30f3\u30b7\u30eb\uff1a<\/strong> \u30da\u30f3\u30b7\u30eb\u306e\u4e21\u7aef\u304c\u3001\u7709\u6bdb\u3092\u57cb\u3081\u308b\u7528\u3068\u7709\u6bdb\u3092\u306f\u3063\u304d\u308a\u3055\u305b\u308b\u7528\u306b\u5206\u304b\u308c\u3066\u3044\u308b\u306e\u3067\u3001\u5b8c\u74a7\u306a\u7709\u6bdb\u3092\u63cf\u304f\u3053\u3068\u304c\u3067\u304d\u308b\u3002<\/li>\n<\/ul>\n\n\n\n<p>\u30b8\u30f4\u30a7\u30eb\u30cb\u30fc\u306f\u5358\u306a\u308b\u30e1\u30a4\u30af\u30a2\u30c3\u30d7\u30d6\u30e9\u30f3\u30c9\u3067\u306f\u306a\u304f\u3001\u81ea\u7136\u306a\u7f8e\u3057\u3055\u3092\u53d7\u3051\u5165\u308c\u3001\u8eab\u3060\u3057\u306a\u307f\u306e\u82b8\u8853\u304b\u3089\u30a4\u30f3\u30b9\u30d4\u30ec\u30fc\u30b7\u30e7\u30f3\u3092\u5f97\u308b\u305f\u3081\u306e\u62db\u5f85\u72b6\u306a\u306e\u3060\u3002<\/p>\n\n\n\n<p class=\"has-text-align-center\"><strong>\u30aa\u30d5\u30a3\u30b7\u30e3\u30eb\u30d1\u30fc\u30c8\u30ca\u30fc\u306eSOLE\u304b\u3089\u30aa\u30f3\u30e9\u30a4\u30f3\u3067\u6ce8\u6587<\/strong><\/p>\n\n\n\n<div class=\"wp-block-buttons is-horizontal is-content-justification-center is-layout-flex wp-container-core-buttons-is-layout-499968f5 wp-block-buttons-is-layout-flex\">\n<div class=\"wp-block-button is-style-outline is-style-outline--1\"><a class=\"wp-block-button__link has-background-color has-text-color has-background wp-element-button\" href=\"https:\/\/www.sole.ro\/brand\/giverny\" style=\"border-radius:17px;background-color:#1474b8\">\u30aa\u30fc\u30c0\u30fc<\/a><\/div>\n<\/div>","protected":false},"excerpt":{"rendered":"<p>Giverny este un brand coreean de machiaj care aduce o not\u0103 de elegan\u021b\u0103 \u0219i rafinament \u00een rutina zilnic\u0103 de frumuse\u021be. Inspirat de celebrele gr\u0103dini ale pictorului Claude Monet din Giverny, Fran\u021ba, acest brand promite s\u0103 capteze lumina \u0219i naturale\u021bea \u00eentr-un machiaj sofisticat. De ce s\u0103 alegi Giverny? Produse recomandate: Giverny este mai mult dec\u00e2t un brand de machiaj; este o invita\u021bie la a-\u021bi \u00eembr\u0103\u021bi\u0219a frumuse\u021bea natural\u0103 \u0219i a te inspira din arta de a te \u00eengriji. Comand\u0103 online de la partenerul nostru oficial SOLE<\/p>","protected":false},"author":1,"featured_media":0,"parent":0,"menu_order":0,"comment_status":"closed","ping_status":"closed","template":"","meta":{"footnotes":""},"class_list":["post-1162","page","type-page","status-publish","hentry"],"aioseo_notices":[],"_links":{"self":[{"href":"https:\/\/onemd.ro\/ja\/wp-json\/wp\/v2\/pages\/1162","targetHints":{"allow":["GET"]}}],"collection":[{"href":"https:\/\/onemd.ro\/ja\/wp-json\/wp\/v2\/pages"}],"about":[{"href":"https:\/\/onemd.ro\/ja\/wp-json\/wp\/v2\/types\/page"}],"author":[{"embeddable":true,"href":"https:\/\/onemd.ro\/ja\/wp-json\/wp\/v2\/users\/1"}],"replies":[{"embeddable":true,"href":"https:\/\/onemd.ro\/ja\/wp-json\/wp\/v2\/comments?post=1162"}],"version-history":[{"count":2,"href":"https:\/\/onemd.ro\/ja\/wp-json\/wp\/v2\/pages\/1162\/revisions"}],"predecessor-version":[{"id":1190,"href":"https:\/\/onemd.ro\/ja\/wp-json\/wp\/v2\/pages\/1162\/revisions\/1190"}],"wp:attachment":[{"href":"https:\/\/onemd.ro\/ja\/wp-json\/wp\/v2\/media?parent=1162"}],"curies":[{"name":"wp","href":"https:\/\/api.w.org\/{rel}","templated":true}]}}