{"id":1166,"date":"2024-09-17T07:23:34","date_gmt":"2024-09-17T07:23:34","guid":{"rendered":"https:\/\/onemd.ro\/?page_id=1166"},"modified":"2025-09-01T12:29:40","modified_gmt":"2025-09-01T12:29:40","slug":"luque","status":"publish","type":"page","link":"https:\/\/onemd.ro\/ja\/luque\/","title":{"rendered":"\u30eb\u30b1"},"content":{"rendered":"<div class=\"wp-block-image\">\n<figure class=\"aligncenter size-medium\"><img decoding=\"async\" width=\"300\" height=\"150\" src=\"https:\/\/onemd.ro\/wp-content\/uploads\/2024\/09\/luque-300x150.jpg\" alt=\"\u30eb\u30fc\u30af\" class=\"wp-image-1178\" srcset=\"https:\/\/onemd.ro\/wp-content\/uploads\/2024\/09\/luque-300x150.jpg 300w, https:\/\/onemd.ro\/wp-content\/uploads\/2024\/09\/luque-1024x512.jpg 1024w, https:\/\/onemd.ro\/wp-content\/uploads\/2024\/09\/luque-768x384.jpg 768w, https:\/\/onemd.ro\/wp-content\/uploads\/2024\/09\/luque-18x9.jpg 18w, https:\/\/onemd.ro\/wp-content\/uploads\/2024\/09\/luque.jpg 1058w\" sizes=\"(max-width: 300px) 100vw, 300px\" \/><\/figure><\/div>\n\n\n<p><strong>\u30eb\u30af\u30fb\u30c9\u30a5\u30fb\u30e9\u30fb\u30ca\u30ea\u30b9\u5316\u7ca7\u54c1\uff1a\u9ad8\u54c1\u8cea\u306a\u65e5\u672c\u306e\u30b9\u30ad\u30f3\u30b1\u30a2<\/strong><\/p>\n\n\n\n<p>\u30ca\u30ea\u30b9\u5316\u7ca7\u54c1\u5098\u4e0b\u306e\u5316\u7ca7\u54c1\u30e9\u30a4\u30f3\u3067\u3042\u308b\u30eb\u30fc\u30af\u306f\u3001\u65e5\u672c\u306e\u30b9\u30ad\u30f3\u30b1\u30a2\u306e\u4f1d\u7d71\u306b\u30a4\u30f3\u30b9\u30d1\u30a4\u30a2\u3055\u308c\u305f\u9769\u65b0\u7684\u306a\u51e6\u65b9\u3068\u5929\u7136\u6210\u5206\u3067\u77e5\u3089\u308c\u3066\u3044\u308b\u3002\u3053\u306e\u30d6\u30e9\u30f3\u30c9\u306f\u3001\u808c\u304c\u5065\u5eb7\u7684\u3067\u8f1d\u304f\u3088\u3046\u306a\u5916\u89b3\u3092\u7dad\u6301\u3067\u304d\u308b\u3088\u3046\u3001\u52b9\u679c\u7684\u3067\u808c\u306b\u512a\u3057\u3044\u88fd\u54c1\u3092\u63d0\u4f9b\u3059\u308b\u3053\u3068\u306b\u91cd\u70b9\u3092\u7f6e\u3044\u3066\u3044\u308b\u3002<\/p>\n\n\n\n<h4 class=\"wp-block-heading has-normal-font-size\"><strong>\u30eb\u30b1\u3092\u9078\u3076\u7406\u7531<\/strong><\/h4>\n\n\n\n<ul class=\"wp-block-list\">\n<li><strong>\u9ad8\u5ea6\u306a\u6280\u8853\uff1a<\/strong> \u30eb\u30af\u30a8\u306f\u3001iPF\u306e\u3088\u3046\u306a\u6700\u5148\u7aef\u306e\u5316\u7ca7\u54c1\u6280\u8853\u3092\u99c6\u4f7f\u3057\u3066\u3001\u808c\u306e\u5965\u6df1\u304f\u307e\u3067\u6d78\u900f\u3057\u3001\u7d30\u80de\u30ec\u30d9\u30eb\u306b\u50cd\u304d\u304b\u3051\u308b\u88fd\u54c1\u3092\u751f\u307f\u51fa\u3057\u3066\u3044\u308b\u3002<\/li>\n\n\n\n<li><strong>\u5929\u7136\u6210\u5206\uff1a<\/strong> \u30eb\u30af\u30a8\u306e\u30d5\u30a9\u30fc\u30df\u30e5\u30e9\u306b\u306f\u3001\u690d\u7269\u30a8\u30ad\u30b9\u3084\u3001\u808c\u306b\u826f\u3044\u3053\u3068\u3067\u77e5\u3089\u308c\u308b\u305d\u306e\u4ed6\u306e\u5929\u7136\u6210\u5206\u304c\u8c4a\u5bcc\u306b\u914d\u5408\u3055\u308c\u3066\u3044\u308b\u3002<\/li>\n\n\n\n<li><strong>\u52b9\u679c\u306f\u5b9f\u8a3c\u6e08\u307f\uff1a<\/strong> Luque\u306e\u88fd\u54c1\u306f\u81e8\u5e8a\u7684\u3001\u76ae\u819a\u79d1\u5b66\u7684\u306b\u30c6\u30b9\u30c8\u3055\u308c\u3066\u304a\u308a\u3001\u4fdd\u6e7f\u3001\u30cf\u30ea\u3001\u8f1d\u304d\u3068\u3044\u3063\u305f\u76ee\u306b\u898b\u3048\u308b\u7d50\u679c\u3092\u3082\u305f\u3089\u3057\u307e\u3059\u3002<\/li>\n\n\n\n<li><strong>\u5fc3\u5730\u3088\u3044\u6587\u7ae0\u3060\uff1a<\/strong> Luque\u306e\u88fd\u54c1\u306f\u8efd\u304f\u3001\u3079\u305f\u3064\u304b\u306a\u3044\u30c6\u30af\u30b9\u30c1\u30e3\u30fc\u3067\u3001\u808c\u306b\u7d20\u65e9\u304f\u5438\u53ce\u3055\u308c\u3001\u5fc3\u5730\u3088\u3044\u808c\u89e6\u308a\u306b\u306a\u308b\u3002<\/li>\n<\/ul>\n\n\n\n<h4 class=\"wp-block-heading has-primary-color has-text-color has-link-color has-normal-font-size wp-elements-6bdd75e21575760bd1ad367a695f724b\">\u304a\u3059\u3059\u3081\u5546\u54c1 \u30eb\u30b1<\/h4>\n\n\n\n<ul class=\"wp-block-list\">\n<li><strong>\u30ed\u30fc\u30c8\u30eb\u30cd\u30fb\u30eb\u30b1<\/strong> \u808c\u3092\u96c6\u4e2d\u7684\u306b\u4fdd\u6e7f\u3057\u3001\u30ad\u30e1\u3092\u6574\u3048\u3001\u81ea\u7136\u306a\u8f1d\u304d\u3092\u4e0e\u3048\u308b\u3002<\/li>\n\n\n\n<li><strong>\u30eb\u30af\u30a8\u306e\u30ca\u30a4\u30c8\u30af\u30ea\u30fc\u30e0\uff1a<\/strong> \u7720\u3063\u3066\u3044\u308b\u9593\u306b\u808c\u306b\u6df1\u3044\u3046\u308b\u304a\u3044\u3092\u4e0e\u3048\u3001\u5c0f\u3058\u308f\u3092\u76ee\u7acb\u305f\u306a\u304f\u3057\u307e\u3059\u3002<\/li>\n\n\n\n<li><strong>\u30eb\u30af\u30a8\u306e\u30ea\u30d5\u30c6\u30a3\u30f3\u30b0\u30af\u30ea\u30fc\u30e0\uff1a<\/strong> \u808c\u3092\u5f15\u304d\u7de0\u3081\u3001\u8abf\u5b50\u3092\u6574\u3048\u3001\u76ee\u306b\u898b\u3048\u308b\u30ea\u30d5\u30c6\u30a3\u30f3\u30b0\u52b9\u679c\u3092\u4e0e\u3048\u308b\u3002<\/li>\n<\/ul>\n\n\n\n<p>\u30eb\u30af\u30a8\u306f\u3001\u65e5\u672c\u306e\u4f1d\u7d71\u306b\u30a4\u30f3\u30b9\u30d1\u30a4\u30a2\u3055\u308c\u305f\u9ad8\u54c1\u8cea\u306a\u88fd\u54c1\u3092\u63d0\u4f9b\u3059\u308b\u4fe1\u983c\u306e\u30b9\u30ad\u30f3\u30b1\u30a2\u30d6\u30e9\u30f3\u30c9\u3067\u3059\u3002\u5929\u7136\u7531\u6765\u6210\u5206\u3068\u5148\u9032\u306e\u30c6\u30af\u30ce\u30ed\u30b8\u30fc\u3092\u99c6\u4f7f\u3057\u3001\u5065\u5eb7\u7684\u3067\u8f1d\u304f\u808c\u3078\u3068\u5c0e\u304d\u307e\u3059\u3002<\/p>\n\n\n\n<hr class=\"wp-block-separator aligncenter has-alpha-channel-opacity\"\/>\n\n\n\n<p class=\"has-text-align-center\"><strong>\u30aa\u30f3\u30e9\u30a4\u30f3\u3067\u5546\u54c1\u3092\u6ce8\u6587\u3059\u308b <strong>\u30eb\u30b1<\/strong> \u30aa\u30d5\u30a3\u30b7\u30e3\u30eb\u30fb\u30d1\u30fc\u30c8\u30ca\u30fc\u30fb\u30b7\u30e7\u30c3\u30d7\u304b\u3089\uff1a<\/strong><\/p>\n\n\n\n<div class=\"wp-block-group has-large-font-size is-layout-grid wp-container-core-group-is-layout-6be84c55 wp-block-group-is-layout-grid\">\n<figure class=\"wp-block-image size-medium\"><a href=\"https:\/\/sole.ro\/brand\/luque\" target=\"_blank\" rel=\" noreferrer noopener\"><img decoding=\"async\" width=\"300\" height=\"150\" src=\"https:\/\/onemd.ro\/wp-content\/uploads\/2021\/07\/f6-2-300x150.jpg\" alt=\"\u30bd\u30fc\u30eb\u30ed\" class=\"wp-image-297\" srcset=\"https:\/\/onemd.ro\/wp-content\/uploads\/2021\/07\/f6-2-300x150.jpg 300w, https:\/\/onemd.ro\/wp-content\/uploads\/2021\/07\/f6-2-16x8.jpg 16w, https:\/\/onemd.ro\/wp-content\/uploads\/2021\/07\/f6-2.jpg 600w\" sizes=\"(max-width: 300px) 100vw, 300px\" \/><\/a><\/figure>\n<\/div>","protected":false},"excerpt":{"rendered":"<p>Luque de la Naris Cosmetics: O \u00eengrijire a pielii japonez\u0103 de \u00eenalt\u0103 calitate Luque, o linie de produse cosmetice sub umbrela Naris Cosmetics, este recunoscut\u0103 pentru formula\u021biile sale inovatoare \u0219i ingredientele naturale, inspirate din tradi\u021biile japoneze de \u00eengrijire a pielii. Brandul se concentreaz\u0103 pe furnizarea de produse eficiente \u0219i bl\u00e2nde, care s\u0103 ajute pielea s\u0103-\u0219i men\u021bin\u0103 aspectul s\u0103n\u0103tos \u0219i radiant. De ce s\u0103 alegi Luque? Produse recomandate Luque: Luque este o marc\u0103 de \u00eencredere \u00een domeniul \u00eengrijirii pielii, oferind produse de \u00eenalt\u0103 calitate, inspirate din tradi\u021biile japoneze. Prin utilizarea de ingrediente naturale \u0219i tehnologii avansate, Luque te ajut\u0103 s\u0103 ob\u021bii o piele s\u0103n\u0103toas\u0103 \u0219i radiant\u0103. Comand\u0103 online produse Luque de [&hellip;]<\/p>","protected":false},"author":1,"featured_media":0,"parent":0,"menu_order":0,"comment_status":"closed","ping_status":"closed","template":"","meta":{"footnotes":""},"class_list":["post-1166","page","type-page","status-publish","hentry"],"aioseo_notices":[],"_links":{"self":[{"href":"https:\/\/onemd.ro\/ja\/wp-json\/wp\/v2\/pages\/1166","targetHints":{"allow":["GET"]}}],"collection":[{"href":"https:\/\/onemd.ro\/ja\/wp-json\/wp\/v2\/pages"}],"about":[{"href":"https:\/\/onemd.ro\/ja\/wp-json\/wp\/v2\/types\/page"}],"author":[{"embeddable":true,"href":"https:\/\/onemd.ro\/ja\/wp-json\/wp\/v2\/users\/1"}],"replies":[{"embeddable":true,"href":"https:\/\/onemd.ro\/ja\/wp-json\/wp\/v2\/comments?post=1166"}],"version-history":[{"count":5,"href":"https:\/\/onemd.ro\/ja\/wp-json\/wp\/v2\/pages\/1166\/revisions"}],"predecessor-version":[{"id":1727,"href":"https:\/\/onemd.ro\/ja\/wp-json\/wp\/v2\/pages\/1166\/revisions\/1727"}],"wp:attachment":[{"href":"https:\/\/onemd.ro\/ja\/wp-json\/wp\/v2\/media?parent=1166"}],"curies":[{"name":"wp","href":"https:\/\/api.w.org\/{rel}","templated":true}]}}