{"id":1168,"date":"2024-09-17T07:24:05","date_gmt":"2024-09-17T07:24:05","guid":{"rendered":"https:\/\/onemd.ro\/?page_id=1168"},"modified":"2025-09-09T12:06:53","modified_gmt":"2025-09-09T12:06:53","slug":"shurei","status":"publish","type":"page","link":"https:\/\/onemd.ro\/ja\/shurei\/","title":{"rendered":"\u79c0\u9e97"},"content":{"rendered":"<div class=\"wp-block-image\">\n<figure class=\"aligncenter size-medium\"><img decoding=\"async\" width=\"300\" height=\"150\" src=\"https:\/\/onemd.ro\/wp-content\/uploads\/2024\/09\/shurei-300x150.jpg\" alt=\"\u3057\u3085\u3046\u308c\u3044\" class=\"wp-image-1179\" srcset=\"https:\/\/onemd.ro\/wp-content\/uploads\/2024\/09\/shurei-300x150.jpg 300w, https:\/\/onemd.ro\/wp-content\/uploads\/2024\/09\/shurei-1024x512.jpg 1024w, https:\/\/onemd.ro\/wp-content\/uploads\/2024\/09\/shurei-768x384.jpg 768w, https:\/\/onemd.ro\/wp-content\/uploads\/2024\/09\/shurei-18x9.jpg 18w, https:\/\/onemd.ro\/wp-content\/uploads\/2024\/09\/shurei.jpg 1058w\" sizes=\"(max-width: 300px) 100vw, 300px\" \/><\/figure><\/div>\n\n\n<p><strong>\u79c0\u9e97<\/strong> \u306f\u3001\u30a2\u30b8\u30a2\u306e\u4f1d\u7d71\u3068\u73fe\u4ee3\u306e\u9769\u65b0\u304c\u8abf\u548c\u3057\u305f\u65e5\u672c\u306e\u30b9\u30ad\u30f3\u30b1\u30a2\u3068\u30d8\u30a2\u30b1\u30a2\u306e\u30d6\u30e9\u30f3\u30c9\u3067\u3059\u3002J-Beauty\u306e\u539f\u5247\u306b\u30a4\u30f3\u30b9\u30d1\u30a4\u30a2\u3055\u308c\u305f\u79c0\u9e97\u306e\u88fd\u54c1\u306f\u3001\u30d1\u30fc\u30bd\u30ca\u30eb\u30b1\u30a2\u3078\u306e\u30db\u30ea\u30b9\u30c6\u30a3\u30c3\u30af\u306a\u30a2\u30d7\u30ed\u30fc\u30c1\u3092\u63d0\u4f9b\u3057\u3001\u6df1\u3044\u4fdd\u6e7f\u3001\u5f37\u529b\u306a\u6804\u990a\u88dc\u7d66\u3001\u81ea\u7136\u306a\u4fdd\u8b77\u306b\u7126\u70b9\u3092\u5f53\u3066\u3066\u3044\u307e\u3059\u3002<\/p>\n\n\n\n<h3 class=\"wp-block-heading has-large-font-size\"><strong>\u306a\u305c\u79c0\u9e97\u304c\u7279\u5225\u306a\u306e\u304b\uff1f<\/strong><\/h3>\n\n\n\n<ul class=\"wp-block-list\">\n<li><strong>\u5929\u7136\u6210\u5206\uff1a<\/strong> \u79c0\u9e97\u306e\u5404\u88fd\u54c1\u306b\u306f\u3001\u6297\u9178\u5316\u4f5c\u7528\u3068\u4fdd\u6e7f\u52b9\u679c\u306e\u3042\u308b\u30b3\u30e1\u30a8\u30ad\u30b9\u306a\u3069\u3001\u5929\u7136\u7531\u6765\u306e\u6709\u52b9\u6210\u5206\u304c\u914d\u5408\u3055\u308c\u3066\u3044\u308b\u3002<\/li>\n\n\n\n<li><strong>\u52b9\u679c\u306f\u5b9f\u8a3c\u6e08\u307f\uff1a<\/strong> Shurei\u88fd\u54c1\u306e\u51e6\u65b9\u306b\u4f7f\u7528\u3055\u308c\u3066\u3044\u308b\u9ad8\u5ea6\u306a\u6280\u8853\u306f\u3001\u8fc5\u901f\u306a\u5438\u53ce\u3068\u6700\u5927\u306e\u52b9\u679c\u3092\u4fdd\u8a3c\u3057\u307e\u3059\u3002<\/li>\n\n\n\n<li><strong>\u5fc3\u5730\u3088\u3044\u6587\u7ae0\u3060\uff1a<\/strong> Shurei\u306e\u88fd\u54c1\u306f\u8efd\u304f\u3001\u3079\u305f\u3064\u304b\u306a\u3044\u30c6\u30af\u30b9\u30c1\u30e3\u30fc\u3067\u3001\u3059\u3079\u3066\u306e\u808c\u30bf\u30a4\u30d7\u306b\u9069\u3057\u3066\u3044\u308b\u3002<\/li>\n\n\n\n<li><strong>\u7121\u6dfb\u52a0\uff1a<\/strong> \u79c0\u9e97\u306f\u52d5\u7269\u5b9f\u9a13\u3092\u884c\u3063\u3066\u3044\u307e\u305b\u3093\u3002<\/li>\n<\/ul>\n\n\n\n<h3 class=\"wp-block-heading has-primary-color has-text-color has-link-color has-large-font-size wp-elements-8015896b6ab8a7aae0008adf53d963ab\"><strong>\u63a8\u5968\u3055\u308c\u308bShurei\u88fd\u54c1<\/strong><\/h3>\n\n\n\n<ul class=\"wp-block-list\">\n<li><strong>\u30b3\u30e9\u30fc\u30b2\u30f3\u30d5\u30a7\u30a4\u30b9\u30af\u30ea\u30fc\u30e0\uff1a<\/strong> \u808c\u306b\u6df1\u3044\u6804\u990a\u3068\u6f64\u3044\u3092\u4e0e\u3048\u3001\u5c0f\u3058\u308f\u3092\u76ee\u7acb\u305f\u306a\u304f\u3057\u307e\u3059\u3002<\/li>\n\n\n\n<li><strong>\u30b3\u30e9\u30fc\u30b2\u30f3\u30fb\u30a2\u30a4\u30af\u30ea\u30fc\u30e0\uff1a<\/strong> \u816b\u308c\u3084\u30af\u30de\u3092\u6291\u3048\u3001\u30c7\u30ea\u30b1\u30fc\u30c8\u306a\u76ee\u5143\u3092\u660e\u308b\u304f\u30ea\u30d5\u30ec\u30c3\u30b7\u30e5\u3055\u305b\u307e\u3059\u3002<\/li>\n\n\n\n<li><strong>\u7c73\u30a8\u30ad\u30b9\u3092\u914d\u5408\u3057\u305f\u30b7\u30e3\u30f3\u30d7\u30fc\u3068\u30b3\u30f3\u30c7\u30a3\u30b7\u30e7\u30ca\u30fc\uff1a<\/strong> \u9aea\u3092\u3084\u3055\u3057\u304f\u6d17\u3044\u4e0a\u3052\u3001\u3046\u308b\u304a\u3044\u3092\u4e0e\u3048\u3001\u8f1d\u304d\u3068\u6d3b\u529b\u3092\u4e0e\u3048\u307e\u3059\u3002<\/li>\n<\/ul>\n\n\n\n<h3 class=\"wp-block-heading has-large-font-size\"><strong>Shurei\u88fd\u54c1\u3092\u4f7f\u3046\u30e1\u30ea\u30c3\u30c8<\/strong><\/h3>\n\n\n\n<ul class=\"wp-block-list\">\n<li><strong>\u6f64\u3044\u3068\u8f1d\u304d\u306e\u3042\u308b\u808c\uff1a<\/strong> \u6709\u52b9\u6210\u5206\u304c\u808c\u306e\u5965\u6df1\u304f\u307e\u3067\u6d78\u900f\u3057\u3001\u96c6\u4e2d\u7684\u306b\u4fdd\u6e7f\u3057\u3001\u7d30\u80de\u306e\u518d\u751f\u3092\u4fc3\u3057\u307e\u3059\u3002<\/li>\n\n\n\n<li><strong>\u5065\u5eb7\u3067\u5149\u6ca2\u306e\u3042\u308b\u9aea\uff1a<\/strong> \u7279\u5225\u306a\u30d8\u30a2\u30d7\u30ed\u30c0\u30af\u30c8\u306e\u51e6\u65b9\u306f\u3001\u9aea\u3092\u5f37\u5316\u3057\u3001\u5916\u7684\u8981\u56e0\u304b\u3089\u9aea\u3092\u5b88\u308a\u3001\u81ea\u7136\u306a\u8f1d\u304d\u3092\u4e0e\u3048\u308b\u3002<\/li>\n\n\n\n<li><strong>\u81ea\u5206\u306e\u7f8e\u3057\u3055\u306b\u81ea\u4fe1\u3092\u6301\u3064\uff1a<\/strong> Shurei\u306e\u88fd\u54c1\u306f\u3001\u3042\u306a\u305f\u306e\u81ea\u7136\u306a\u7f8e\u3057\u3055\u3092\u767a\u898b\u3057\u3001\u5f37\u8abf\u3059\u308b\u304a\u624b\u4f1d\u3044\u3092\u3057\u307e\u3059\u3002<\/li>\n<\/ul>\n\n\n\n<p>Shurei\u306f\u5358\u306a\u308b\u5316\u7ca7\u54c1\u30d6\u30e9\u30f3\u30c9\u3067\u306f\u306a\u304f\u3001\u81ea\u7136\u7f8e\u3068\u81ea\u7136\u3068\u306e\u8abf\u548c\u3092\u4fc3\u9032\u3059\u308b\u4eba\u751f\u54f2\u5b66\u3067\u3042\u308b\u3002\u52b9\u679c\u7684\u3067\u697d\u3057\u3044\u30b9\u30ad\u30f3\u30b1\u30a2\u30fb\u30d8\u30a2\u30b1\u30a2\u3092\u304a\u671b\u307f\u306a\u3089\u3001\u79c0\u9e97\u88fd\u54c1\u304c\u6700\u9069\u3067\u3059\u3002<\/p>\n\n\n\n<hr class=\"wp-block-separator aligncenter has-alpha-channel-opacity\"\/>\n\n\n\n<p class=\"has-text-align-center\"><strong>Shurei\u88fd\u54c1\u3092Shurei\u516c\u5f0f\u30d1\u30fc\u30c8\u30ca\u30fc\u30b7\u30e7\u30c3\u30d7\u304b\u3089\u30aa\u30f3\u30e9\u30a4\u30f3\u3067\u3054\u6ce8\u6587\u3044\u305f\u3060\u3051\u307e\u3059\uff1a<\/strong><\/p>\n\n\n\n<div class=\"wp-block-group has-large-font-size is-layout-grid wp-container-core-group-is-layout-6be84c55 wp-block-group-is-layout-grid\">\n<figure class=\"wp-block-image size-medium\"><a href=\"https:\/\/sole.ro\/brand\/shurei\" target=\"_blank\" rel=\" noreferrer noopener\"><img decoding=\"async\" width=\"300\" height=\"150\" src=\"https:\/\/onemd.ro\/wp-content\/uploads\/2021\/07\/f6-2-300x150.jpg\" alt=\"\u30bd\u30fc\u30eb\u30ed\" class=\"wp-image-297\" srcset=\"https:\/\/onemd.ro\/wp-content\/uploads\/2021\/07\/f6-2-300x150.jpg 300w, https:\/\/onemd.ro\/wp-content\/uploads\/2021\/07\/f6-2-16x8.jpg 16w, https:\/\/onemd.ro\/wp-content\/uploads\/2021\/07\/f6-2.jpg 600w\" sizes=\"(max-width: 300px) 100vw, 300px\" \/><\/a><\/figure>\n<\/div>","protected":false},"excerpt":{"rendered":"<p>Shurei este un brand japonez de \u00eengrijire a pielii \u0219i p\u0103rului care \u00eembin\u0103 armonia tradi\u021biilor asiatice cu inova\u021biile moderne. Inspirate de principiile J-Beauty, produsele Shurei ofer\u0103 o abordare holistic\u0103 a \u00eengrijirii personale, concentr\u00e2ndu-se pe hidratare profund\u0103, hr\u0103nire intens\u0103 \u0219i protec\u021bie natural\u0103. De ce s\u0103 alegi Shurei? Produse Shurei recomandate Beneficiile utiliz\u0103rii produselor Shurei Shurei este mai mult dec\u00e2t un brand de cosmetice, este o filosofie de via\u021b\u0103 care promoveaz\u0103 frumuse\u021bea natural\u0103 \u0219i armonia cu natura. Dac\u0103 \u00ee\u021bi dore\u0219ti o rutin\u0103 de \u00eengrijire a pielii \u0219i a p\u0103rului eficient\u0103 \u0219i pl\u0103cut\u0103, produsele Shurei sunt alegerea perfect\u0103. Comand\u0103 online produse Shurei de la magazinele partenere oficiale:<\/p>","protected":false},"author":1,"featured_media":0,"parent":0,"menu_order":0,"comment_status":"closed","ping_status":"closed","template":"","meta":{"footnotes":""},"class_list":["post-1168","page","type-page","status-publish","hentry"],"aioseo_notices":[],"_links":{"self":[{"href":"https:\/\/onemd.ro\/ja\/wp-json\/wp\/v2\/pages\/1168","targetHints":{"allow":["GET"]}}],"collection":[{"href":"https:\/\/onemd.ro\/ja\/wp-json\/wp\/v2\/pages"}],"about":[{"href":"https:\/\/onemd.ro\/ja\/wp-json\/wp\/v2\/types\/page"}],"author":[{"embeddable":true,"href":"https:\/\/onemd.ro\/ja\/wp-json\/wp\/v2\/users\/1"}],"replies":[{"embeddable":true,"href":"https:\/\/onemd.ro\/ja\/wp-json\/wp\/v2\/comments?post=1168"}],"version-history":[{"count":4,"href":"https:\/\/onemd.ro\/ja\/wp-json\/wp\/v2\/pages\/1168\/revisions"}],"predecessor-version":[{"id":1803,"href":"https:\/\/onemd.ro\/ja\/wp-json\/wp\/v2\/pages\/1168\/revisions\/1803"}],"wp:attachment":[{"href":"https:\/\/onemd.ro\/ja\/wp-json\/wp\/v2\/media?parent=1168"}],"curies":[{"name":"wp","href":"https:\/\/api.w.org\/{rel}","templated":true}]}}