{"id":1170,"date":"2024-09-17T07:24:35","date_gmt":"2024-09-17T07:24:35","guid":{"rendered":"https:\/\/onemd.ro\/?page_id=1170"},"modified":"2025-09-01T11:23:50","modified_gmt":"2025-09-01T11:23:50","slug":"swox","status":"publish","type":"page","link":"https:\/\/onemd.ro\/ja\/swox\/","title":{"rendered":"\u30b9\u30a6\u30a9\u30c3\u30af\u30b9"},"content":{"rendered":"<div class=\"wp-block-image\">\n<figure class=\"aligncenter size-medium\"><img decoding=\"async\" width=\"300\" height=\"150\" src=\"https:\/\/onemd.ro\/wp-content\/uploads\/2024\/09\/swox-300x150.jpg\" alt=\"\u30b9\u30a6\u30c3\u30af\u30b9\" class=\"wp-image-1180\" srcset=\"https:\/\/onemd.ro\/wp-content\/uploads\/2024\/09\/swox-300x150.jpg 300w, https:\/\/onemd.ro\/wp-content\/uploads\/2024\/09\/swox-1024x512.jpg 1024w, https:\/\/onemd.ro\/wp-content\/uploads\/2024\/09\/swox-768x384.jpg 768w, https:\/\/onemd.ro\/wp-content\/uploads\/2024\/09\/swox-18x9.jpg 18w, https:\/\/onemd.ro\/wp-content\/uploads\/2024\/09\/swox.jpg 1058w\" sizes=\"(max-width: 300px) 100vw, 300px\" \/><\/figure><\/div>\n\n\n<p><strong>SWOX\uff1a\u30a2\u30af\u30c6\u30a3\u30d6\u306a\u30a2\u30a6\u30c8\u30c9\u30a2\u30e9\u30a4\u30d5\u306e\u305f\u3081\u306e\u9ad8\u6a5f\u80fd\u30b5\u30f3\u30b9\u30af\u30ea\u30fc\u30f3<\/strong><\/p>\n\n\n\n<p>SWOX\u306f\u3001\u30a2\u30b9\u30ea\u30fc\u30c8\u3084\u30a2\u30a6\u30c8\u30c9\u30a2\u611b\u597d\u5bb6\u306e\u305f\u3081\u306b\u7279\u5225\u306b\u30c7\u30b6\u30a4\u30f3\u3055\u308c\u305f\u9769\u65b0\u7684\u306a\u65e5\u713c\u3051\u6b62\u3081\u88fd\u54c1\u3067\u77e5\u3089\u308c\u308b\u30c9\u30a4\u30c4\u306e\u30d6\u30e9\u30f3\u30c9\u3067\u3042\u308b\u3002\u9178\u5316\u4e9c\u925b\u3084\u4e8c\u9178\u5316\u30c1\u30bf\u30f3\u306a\u3069\u306e\u30df\u30cd\u30e9\u30eb\u30fb\u30d5\u30a3\u30eb\u30bf\u30fc\u3068\u3001UVA\u3068UVB\u30d5\u30a3\u30eb\u30bf\u30fc\u306e\u30e6\u30cb\u30fc\u30af\u306a\u7d44\u307f\u5408\u308f\u305b\u306b\u3088\u308a\u3001SWOX\u306e\u88fd\u54c1\u306f\u6700\u5927\u9650\u306e\u3001\u9577\u6301\u3061\u3059\u308b\u3001\u8010\u6c34\u6027\u306e\u65e5\u713c\u3051\u6b62\u3081\u3092\u63d0\u4f9b\u3057\u307e\u3059\u3002<\/p>\n\n\n\n<p><strong>\u306a\u305cSWOX\u306f\u7279\u5225\u306a\u306e\u304b\uff1f<\/strong><\/p>\n\n\n\n<ul class=\"wp-block-list\">\n<li><strong>\u9ad8\u6027\u80fd\u30b5\u30f3\u30d7\u30ed\u30c6\u30af\u30b7\u30e7\u30f3\uff1a<\/strong> SWOX\u306e\u30d5\u30a9\u30fc\u30df\u30e5\u30e9\u306f\u3001\u5c4b\u5916\u3067\u306e\u6fc0\u3057\u3044\u30a2\u30af\u30c6\u30a3\u30d3\u30c6\u30a3\u306b\u7406\u60f3\u7684\u306a\u3001\u512a\u308c\u305f\u30b5\u30f3\u30d7\u30ed\u30c6\u30af\u30b7\u30e7\u30f3\u3092\u63d0\u4f9b\u3059\u308b\u3088\u3046\u306b\u8a2d\u8a08\u3055\u308c\u3066\u3044\u308b\u3002<\/li>\n\n\n\n<li><strong>\u5929\u7136\u6210\u5206\uff1a<\/strong> SWOX\u306e\u88fd\u54c1\u306f\u3001\u5929\u7136\u306e\u975e\u30a2\u30ec\u30eb\u30ae\u30fc\u6027\u6210\u5206\u3092\u4f7f\u7528\u3057\u3066\u304a\u308a\u3001\u654f\u611f\u808c\u306e\u65b9\u306b\u3082\u304a\u4f7f\u3044\u3044\u305f\u3060\u3051\u307e\u3059\u3002<\/li>\n\n\n\n<li><strong>\u6301\u7d9a\u53ef\u80fd\u6027\uff1a<\/strong> SWOX\u306f\u6301\u7d9a\u53ef\u80fd\u6027\u3092\u91cd\u8996\u3057\u3001\u74b0\u5883\u306b\u512a\u3057\u3044\u30d1\u30c3\u30b1\u30fc\u30b8\u3084\u30aa\u30fc\u30ac\u30cb\u30c3\u30af\u8a8d\u5b9a\u539f\u6599\u3092\u4f7f\u7528\u3057\u3066\u3044\u308b\u3002<\/li>\n\n\n\n<li><strong>\u79d1\u5b66\u7684\u767a\u5c55\uff1a<\/strong> SWOX\u306e\u88fd\u54c1\u306f\u3001\u76ae\u819a\u79d1\u533b\u3001\u79d1\u5b66\u8005\u3001\u30c8\u30c3\u30d7\u30a2\u30b9\u30ea\u30fc\u30c8\u3068\u5171\u540c\u3067\u958b\u767a\u3055\u308c\u3066\u3044\u308b\u3002<\/li>\n<\/ul>\n\n\n\n<p class=\"has-primary-color has-text-color has-link-color wp-elements-06cf9d802de5e351a8b17ff95375435a\"><strong>SWOX\u306e\u63a8\u5968\u88fd\u54c1\uff1a<\/strong><\/p>\n\n\n\n<ul class=\"wp-block-list\">\n<li><strong>\u30d1\u30d5\u30a9\u30fc\u30de\u30f3\u30b9\u30fb\u30ed\u30fc\u30b7\u30e7\u30f3SPF50\uff1a<\/strong> \u30dc\u30c7\u30a3\u306b\u3082\u30d5\u30a7\u30a4\u30b9\u306b\u3082\u4f7f\u3048\u308b\u4e07\u80fd\u30ed\u30fc\u30b7\u30e7\u30f3\u3067\u3001\u8efd\u3044\u30c6\u30af\u30b9\u30c1\u30e3\u30fc\u3067\u7d20\u65e9\u304f\u6d78\u900f\u3059\u308b\u3002<\/li>\n\n\n\n<li><strong>\u30df\u30cd\u30e9\u30eb\u30b9\u30c6\u30a3\u30c3\u30afSPF50\uff1a<\/strong> \u5b9f\u7528\u7684\u3067\u5857\u308a\u3084\u3059\u3044\u30b9\u30c6\u30a3\u30c3\u30af\u3067\u3001\u9854\u306e\u654f\u611f\u306a\u90e8\u5206\u306b\u6700\u9069\u3002<\/li>\n\n\n\n<li><strong>\u30d1\u30d5\u30a9\u30fc\u30de\u30f3\u30b9\u30fb\u30ed\u30fc\u30b7\u30e7\u30f3 SPF50\uff0850ml\uff09\uff1a<\/strong> \u30b3\u30f3\u30d1\u30af\u30c8\u3067\u6301\u3061\u904b\u3073\u3084\u3059\u304f\u3001\u65c5\u884c\u306b\u6700\u9069\u3002<\/li>\n<\/ul>\n\n\n\n<p><strong>\u305d\u306e\u4ed6\u306e\u30e1\u30ea\u30c3\u30c8<\/strong><\/p>\n\n\n\n<ul class=\"wp-block-list\">\n<li><strong>\u3059\u3079\u3066\u306e\u808c\u30bf\u30a4\u30d7\u306b\u9069\u3057\u3066\u3044\u308b\uff1a<\/strong> SWOX\u306e\u30d5\u30a9\u30fc\u30df\u30e5\u30e9\u306f\u3001\u654f\u611f\u808c\u3092\u542b\u3080\u3059\u3079\u3066\u306e\u808c\u30bf\u30a4\u30d7\u306b\u9069\u3057\u3066\u3044\u308b\u3002<\/li>\n\n\n\n<li><strong>\u9632\u6c34\uff1a<\/strong> SWOX\u306e\u88fd\u54c1\u306f\u3001\u6c34\u4e2d\u3067\u3082\u9577\u6642\u9593\u306e\u4fdd\u8b77\u3092\u63d0\u4f9b\u3059\u308b\u3002<\/li>\n\n\n\n<li><strong>\u30d1\u30e9\u30d9\u30f3\u30d5\u30ea\u30fc\uff1a<\/strong> SWOX\u306e\u30d5\u30a9\u30fc\u30df\u30e5\u30e9\u306f\u30d1\u30e9\u30d9\u30f3\u30d5\u30ea\u30fc\u3067\u3001\u808c\u3092\u512a\u3057\u304f\u4fdd\u8b77\u3057\u307e\u3059\u3002<\/li>\n<\/ul>\n\n\n\n<p>SWOX\u306f\u3001\u5c4b\u5916\u3067\u306e\u6d3b\u52d5\u3092\u5b89\u5168\u306b\u697d\u3057\u3080\u305f\u3081\u306b\u3001\u52b9\u679c\u7684\u3067\u81ea\u7136\u306a\u65e5\u713c\u3051\u6b62\u3081\u3092\u304a\u63a2\u3057\u306e\u65b9\u306b\u6700\u9069\u306a\u88fd\u54c1\u3067\u3059\u3002<\/p>\n\n\n\n<hr class=\"wp-block-separator aligncenter has-alpha-channel-opacity\"\/>\n\n\n\n<p class=\"has-text-align-center\"><strong>\u30aa\u30f3\u30e9\u30a4\u30f3\u3067\u5546\u54c1\u3092\u6ce8\u6587\u3059\u308b <strong>\u30b9\u30ef\u30c3\u30af\u30b9<\/strong> \u30aa\u30d5\u30a3\u30b7\u30e3\u30eb\u30fb\u30d1\u30fc\u30c8\u30ca\u30fc\u30fb\u30b7\u30e7\u30c3\u30d7\u304b\u3089\uff1a<\/strong><\/p>\n\n\n\n<div class=\"wp-block-group has-large-font-size is-layout-grid wp-container-core-group-is-layout-4d858cb8 wp-block-group-is-layout-grid\">\n<figure class=\"wp-block-image size-medium\"><a href=\"https:\/\/sole.ro\/brand\/swox\" target=\"_blank\" rel=\" noreferrer noopener\"><img decoding=\"async\" width=\"300\" height=\"150\" src=\"https:\/\/onemd.ro\/wp-content\/uploads\/2021\/07\/f6-2-300x150.jpg\" alt=\"\u30bd\u30fc\u30eb\u30ed\" class=\"wp-image-297\" srcset=\"https:\/\/onemd.ro\/wp-content\/uploads\/2021\/07\/f6-2-300x150.jpg 300w, https:\/\/onemd.ro\/wp-content\/uploads\/2021\/07\/f6-2-16x8.jpg 16w, https:\/\/onemd.ro\/wp-content\/uploads\/2021\/07\/f6-2.jpg 600w\" sizes=\"(max-width: 300px) 100vw, 300px\" \/><\/a><\/figure>\n<\/div>","protected":false},"excerpt":{"rendered":"<p>SWOX: Protec\u021bie solar\u0103 de \u00eenalt\u0103 performan\u021b\u0103 pentru o via\u021b\u0103 activ\u0103 \u00een aer liber SWOX este un brand german recunoscut pentru produsele sale de protec\u021bie solar\u0103 inovatoare, concepute special pentru sportivi \u0219i pasiona\u021bii de activit\u0103\u021bi \u00een aer liber. Cu o combina\u021bie unic\u0103 de filtre minerale, cum ar fi oxidul de zinc \u0219i dioxidul de titan, \u0219i filtre UVA \u0219i UVB suplimentare, produsele SWOX ofer\u0103 o protec\u021bie solar\u0103 maxim\u0103 \u0219i de lung\u0103 durat\u0103, rezistent\u0103 la ap\u0103. De ce s\u0103 alegi SWOX? Produse SWOX recomandate: Avantaje suplimentare: SWOX este alegerea perfect\u0103 pentru cei care caut\u0103 o protec\u021bie solar\u0103 eficient\u0103 \u0219i natural\u0103, pentru a se bucura \u00een siguran\u021b\u0103 de activit\u0103\u021bile \u00een aer liber. Comand\u0103 [&hellip;]<\/p>","protected":false},"author":1,"featured_media":0,"parent":0,"menu_order":0,"comment_status":"closed","ping_status":"closed","template":"","meta":{"footnotes":""},"class_list":["post-1170","page","type-page","status-publish","hentry"],"aioseo_notices":[],"_links":{"self":[{"href":"https:\/\/onemd.ro\/ja\/wp-json\/wp\/v2\/pages\/1170","targetHints":{"allow":["GET"]}}],"collection":[{"href":"https:\/\/onemd.ro\/ja\/wp-json\/wp\/v2\/pages"}],"about":[{"href":"https:\/\/onemd.ro\/ja\/wp-json\/wp\/v2\/types\/page"}],"author":[{"embeddable":true,"href":"https:\/\/onemd.ro\/ja\/wp-json\/wp\/v2\/users\/1"}],"replies":[{"embeddable":true,"href":"https:\/\/onemd.ro\/ja\/wp-json\/wp\/v2\/comments?post=1170"}],"version-history":[{"count":4,"href":"https:\/\/onemd.ro\/ja\/wp-json\/wp\/v2\/pages\/1170\/revisions"}],"predecessor-version":[{"id":1692,"href":"https:\/\/onemd.ro\/ja\/wp-json\/wp\/v2\/pages\/1170\/revisions\/1692"}],"wp:attachment":[{"href":"https:\/\/onemd.ro\/ja\/wp-json\/wp\/v2\/media?parent=1170"}],"curies":[{"name":"wp","href":"https:\/\/api.w.org\/{rel}","templated":true}]}}