{"id":1172,"date":"2024-09-17T07:25:07","date_gmt":"2024-09-17T07:25:07","guid":{"rendered":"https:\/\/onemd.ro\/?page_id=1172"},"modified":"2025-09-01T11:25:46","modified_gmt":"2025-09-01T11:25:46","slug":"zettoc","status":"publish","type":"page","link":"https:\/\/onemd.ro\/ja\/zettoc\/","title":{"rendered":"\u30bc\u30c8\u30c3\u30af"},"content":{"rendered":"<div class=\"wp-block-image\">\n<figure class=\"aligncenter size-medium\"><img decoding=\"async\" width=\"300\" height=\"150\" src=\"https:\/\/onemd.ro\/wp-content\/uploads\/2024\/09\/zettoc-300x150.jpg\" alt=\"\u30bc\u30c8\u30c3\u30af\" class=\"wp-image-1181\" srcset=\"https:\/\/onemd.ro\/wp-content\/uploads\/2024\/09\/zettoc-300x150.jpg 300w, https:\/\/onemd.ro\/wp-content\/uploads\/2024\/09\/zettoc-1024x512.jpg 1024w, https:\/\/onemd.ro\/wp-content\/uploads\/2024\/09\/zettoc-768x384.jpg 768w, https:\/\/onemd.ro\/wp-content\/uploads\/2024\/09\/zettoc-18x9.jpg 18w, https:\/\/onemd.ro\/wp-content\/uploads\/2024\/09\/zettoc.jpg 1058w\" sizes=\"(max-width: 300px) 100vw, 300px\" \/><\/figure><\/div>\n\n\n<p><strong>\u30bc\u30c3\u30c8\u30c3\u30af<\/strong> \u306f\u3001\u30aa\u30fc\u30e9\u30eb\u30b1\u30a2\u3068\u5316\u7ca7\u54c1\u3067\u78ba\u56fa\u305f\u308b\u8a55\u5224\u3092\u7bc9\u3044\u3066\u304d\u305f\u65e5\u672c\u306e\u30d6\u30e9\u30f3\u30c9\u3067\u3042\u308b\u3002\u5b50\u4f9b\u7528\u6b6f\u78e8\u304d\u7c89\u304b\u3089\u9ad8\u7d1a\u30d5\u30a7\u30a4\u30b9\u30ed\u30fc\u30b7\u30e7\u30f3\u307e\u3067\u3001\u5e45\u5e83\u3044\u88fd\u54c1\u3092\u53d6\u308a\u63c3\u3048\u3001ZETTOC\u306f\u591a\u69d8\u306a\u9867\u5ba2\u306e\u30cb\u30fc\u30ba\u306b\u5fdc\u3048\u3066\u3044\u308b\u3002<\/p>\n\n\n\n<h3 class=\"wp-block-heading has-primary-color has-text-color has-link-color has-normal-font-size wp-elements-6d2e9159e40b49e0dd67f21f0c867092\"><strong>ZETTOC\u306e\u30c8\u30c3\u30d7\u88fd\u54c1\uff1a<\/strong><\/h3>\n\n\n\n<ul class=\"wp-block-list\">\n<li><strong>\u30d7\u30ed\u30d1\u30fc\u30eb<\/strong> \u3053\u306e\u6b6f\u78e8\u304d\u7c89\u306f\u3001\u660e\u308b\u304f\u767d\u3044\u6b6f\u3092\u7d04\u675f\u3057\u3001\u6df1\u3044\u6c5a\u308c\u3092\u843d\u3068\u3059\u306e\u306b\u7406\u60f3\u7684\u3067\u3042\u308b\u3002<\/li>\n\n\n\n<li><strong>\u30bc\u30c3\u30c8\u30c3\u30af\u30fb\u30ad\u30c3\u30ba<\/strong> \u866b\u6b6f\u4e88\u9632\u306b\u52b9\u679c\u7684\u306a\u3001\u5c0f\u5150\u671f\u5c02\u7528\u306e\u6b6f\u78e8\u304d\u7c89\u3002<\/li>\n\n\n\n<li><strong>RE-CEPT SKIN\uff1a<\/strong> EGF\u914d\u5408\u306e\u30d7\u30ec\u30df\u30a2\u30e0\u30fb\u30d5\u30a7\u30a4\u30b9\u30af\u30ea\u30fc\u30e0\u3002<\/li>\n\n\n\n<li><strong>\u8a89\u306e\u65e5\u672c\u9152\u30ed\u30fc\u30b7\u30e7\u30f3\uff1a<\/strong> \u4fdd\u6e7f\u3068\u30d6\u30e9\u30a4\u30c8\u30cb\u30f3\u30b0\u52b9\u679c\u3067\u77e5\u3089\u308c\u308b\u65e5\u672c\u9152\u3068\u30e9\u30d9\u30f3\u30c0\u30fc\u30aa\u30a4\u30eb\u914d\u5408\u306e\u30d5\u30a7\u30a4\u30b9\u30ed\u30fc\u30b7\u30e7\u30f3\u3002<\/li>\n<\/ul>\n\n\n\n<p>ZETTOC\u306f\u3001\u9ad8\u54c1\u8cea\u306a\u53e3\u8154\u30b1\u30a2\u88fd\u54c1\u3084\u30b9\u30ad\u30f3\u30b1\u30a2\u88fd\u54c1\u3092\u5e45\u5e83\u304f\u63d0\u4f9b\u3059\u308b\u30d6\u30e9\u30f3\u30c9\u3067\u3042\u308b\u3002\u52b9\u679c\u7684\u306aSEO\u6226\u7565\u3092\u5b9f\u65bd\u3059\u308b\u3053\u3068\u3067\u3001\u3053\u306e\u30d6\u30e9\u30f3\u30c9\u306f\u3088\u308a\u591a\u304f\u306e\u4eba\u3005\u306b\u30ea\u30fc\u30c1\u3057\u3001\u5e02\u5834\u3067\u306e\u5730\u4f4d\u3092\u5f37\u5316\u3059\u308b\u3053\u3068\u304c\u3067\u304d\u307e\u3059\u3002<\/p>\n\n\n\n<hr class=\"wp-block-separator aligncenter has-alpha-channel-opacity\"\/>\n\n\n\n<p class=\"has-text-align-center\"><strong>\u30aa\u30f3\u30e9\u30a4\u30f3\u3067\u5546\u54c1\u3092\u6ce8\u6587\u3059\u308b <strong>\u30bc\u30c3\u30c8\u30c3\u30af<\/strong> \u30aa\u30d5\u30a3\u30b7\u30e3\u30eb\u30fb\u30d1\u30fc\u30c8\u30ca\u30fc\u30fb\u30b7\u30e7\u30c3\u30d7\u304b\u3089\uff1a<\/strong><\/p>\n\n\n\n<div class=\"wp-block-group has-large-font-size is-layout-grid wp-container-core-group-is-layout-6be84c55 wp-block-group-is-layout-grid\">\n<figure class=\"wp-block-image size-medium\"><a href=\"https:\/\/sole.ro\/brand\/zettoc\" target=\"_blank\" rel=\" noreferrer noopener\"><img decoding=\"async\" width=\"300\" height=\"150\" src=\"https:\/\/onemd.ro\/wp-content\/uploads\/2021\/07\/f6-2-300x150.jpg\" alt=\"\u30bd\u30fc\u30eb\u30ed\" class=\"wp-image-297\" srcset=\"https:\/\/onemd.ro\/wp-content\/uploads\/2021\/07\/f6-2-300x150.jpg 300w, https:\/\/onemd.ro\/wp-content\/uploads\/2021\/07\/f6-2-16x8.jpg 16w, https:\/\/onemd.ro\/wp-content\/uploads\/2021\/07\/f6-2.jpg 600w\" sizes=\"(max-width: 300px) 100vw, 300px\" \/><\/a><\/figure>\n\n\n\n<figure class=\"wp-block-image size-medium\"><a href=\"https:\/\/comenzi.farmaciatei.ro\/brand\/zettoc\" target=\"_blank\" rel=\" noreferrer noopener\"><img decoding=\"async\" width=\"300\" height=\"150\" src=\"https:\/\/onemd.ro\/wp-content\/uploads\/2021\/07\/f1-1-300x150.jpg\" alt=\"\u30c6\u30a4\u85ac\u5c40\u30aa\u30d5\u30a3\u30b7\u30e3\u30eb\u30d1\u30fc\u30c8\u30ca\u30fc\u30b7\u30e7\u30c3\u30d7\" class=\"wp-image-301\" srcset=\"https:\/\/onemd.ro\/wp-content\/uploads\/2021\/07\/f1-1-300x150.jpg 300w, https:\/\/onemd.ro\/wp-content\/uploads\/2021\/07\/f1-1-16x8.jpg 16w, https:\/\/onemd.ro\/wp-content\/uploads\/2021\/07\/f1-1.jpg 600w\" sizes=\"(max-width: 300px) 100vw, 300px\" \/><\/a><\/figure>\n\n\n\n<figure class=\"wp-block-image size-medium\"><a href=\"https:\/\/comenzi.bebetei.ro\/brand\/zettoc\" target=\"_blank\" rel=\" noreferrer noopener\"><img loading=\"lazy\" decoding=\"async\" width=\"300\" height=\"150\" src=\"https:\/\/onemd.ro\/wp-content\/uploads\/2021\/07\/f4-300x150.jpg\" alt=\"\u3079\u3079\u4ead\u30aa\u30d5\u30a3\u30b7\u30e3\u30eb\u30d1\u30fc\u30c8\u30ca\u30fc\u30b7\u30e7\u30c3\u30d7\" class=\"wp-image-292\" srcset=\"https:\/\/onemd.ro\/wp-content\/uploads\/2021\/07\/f4-300x150.jpg 300w, https:\/\/onemd.ro\/wp-content\/uploads\/2021\/07\/f4-16x8.jpg 16w, https:\/\/onemd.ro\/wp-content\/uploads\/2021\/07\/f4.jpg 600w\" sizes=\"(max-width: 300px) 100vw, 300px\" \/><\/a><\/figure>\n<\/div>","protected":false},"excerpt":{"rendered":"<p>ZETTOC este un brand japonez care \u0219i-a construit o reputa\u021bie solid\u0103 \u00een domeniul \u00eengrijirii orale \u0219i a produselor cosmetice. Cu o gam\u0103 variat\u0103 de produse, de la paste de din\u021bi pentru copii p\u00e2n\u0103 la lo\u021biuni de fa\u021b\u0103 premium, ZETTOC se adreseaz\u0103 nevoilor unei clientele diverse. Produse de top ZETTOC: ZETTOC este un brand care ofer\u0103 o gam\u0103 variat\u0103 de produse de \u00eenalt\u0103 calitate pentru \u00eengrijirea oral\u0103 \u0219i a pielii. Prin implementarea unei strategii SEO eficiente, brandul poate ajunge la un public mai larg \u0219i \u00ee\u0219i poate consolida pozi\u021bia pe pia\u021b\u0103. Comand\u0103 online produse ZETTOC de la magazinele partenere oficiale:<\/p>","protected":false},"author":1,"featured_media":0,"parent":0,"menu_order":0,"comment_status":"closed","ping_status":"closed","template":"","meta":{"footnotes":""},"class_list":["post-1172","page","type-page","status-publish","hentry"],"aioseo_notices":[],"_links":{"self":[{"href":"https:\/\/onemd.ro\/ja\/wp-json\/wp\/v2\/pages\/1172","targetHints":{"allow":["GET"]}}],"collection":[{"href":"https:\/\/onemd.ro\/ja\/wp-json\/wp\/v2\/pages"}],"about":[{"href":"https:\/\/onemd.ro\/ja\/wp-json\/wp\/v2\/types\/page"}],"author":[{"embeddable":true,"href":"https:\/\/onemd.ro\/ja\/wp-json\/wp\/v2\/users\/1"}],"replies":[{"embeddable":true,"href":"https:\/\/onemd.ro\/ja\/wp-json\/wp\/v2\/comments?post=1172"}],"version-history":[{"count":4,"href":"https:\/\/onemd.ro\/ja\/wp-json\/wp\/v2\/pages\/1172\/revisions"}],"predecessor-version":[{"id":1694,"href":"https:\/\/onemd.ro\/ja\/wp-json\/wp\/v2\/pages\/1172\/revisions\/1694"}],"wp:attachment":[{"href":"https:\/\/onemd.ro\/ja\/wp-json\/wp\/v2\/media?parent=1172"}],"curies":[{"name":"wp","href":"https:\/\/api.w.org\/{rel}","templated":true}]}}