{"id":1222,"date":"2024-11-15T07:58:48","date_gmt":"2024-11-15T07:58:48","guid":{"rendered":"https:\/\/onemd.ro\/?page_id=1222"},"modified":"2025-09-01T11:31:20","modified_gmt":"2025-09-01T11:31:20","slug":"vt-cosmetics","status":"publish","type":"page","link":"https:\/\/onemd.ro\/ja\/vt-cosmetics\/","title":{"rendered":"Vt\u5316\u7ca7\u54c1"},"content":{"rendered":"<div class=\"wp-block-image\">\n<figure class=\"aligncenter size-medium\"><img decoding=\"async\" width=\"300\" height=\"150\" src=\"https:\/\/onemd.ro\/wp-content\/uploads\/2024\/11\/vt-cosmetics-300x150.jpg\" alt=\"VT\u5316\u7ca7\u54c1\" class=\"wp-image-1223\" srcset=\"https:\/\/onemd.ro\/wp-content\/uploads\/2024\/11\/vt-cosmetics-300x150.jpg 300w, https:\/\/onemd.ro\/wp-content\/uploads\/2024\/11\/vt-cosmetics-1024x512.jpg 1024w, https:\/\/onemd.ro\/wp-content\/uploads\/2024\/11\/vt-cosmetics-768x384.jpg 768w, https:\/\/onemd.ro\/wp-content\/uploads\/2024\/11\/vt-cosmetics-18x9.jpg 18w, https:\/\/onemd.ro\/wp-content\/uploads\/2024\/11\/vt-cosmetics.jpg 1058w\" sizes=\"(max-width: 300px) 100vw, 300px\" \/><\/figure><\/div>\n\n\n<p><strong>VT\u30b3\u30b9\u30e1\u30c6\u30a3\u30c3\u30af\u30b9<\/strong> \u306f\u3001\u30b9\u30ad\u30f3\u30b1\u30a2\u3078\u306e\u30df\u30cb\u30de\u30eb\u3067\u9769\u65b0\u7684\u306a\u30a2\u30d7\u30ed\u30fc\u30c1\u3067\u77e5\u3089\u308c\u308b\u97d3\u56fd\u306e\u7f8e\u5bb9\u30d6\u30e9\u30f3\u30c9\u3067\u3042\u308b\u3002\u3053\u306e\u30d6\u30e9\u30f3\u30c9\u306f\u3001\u30bb\u30f3\u30c6\u30e9\u30fb\u30a2\u30b8\u30a2\u30c6\u30a3\u30ab\u306a\u3069\u306e\u5929\u7136\u6210\u5206\u3068\u30de\u30a4\u30af\u30ed\u30aa\u30a4\u30eb\u306a\u3069\u306e\u5148\u9032\u6280\u8853\u3092\u6d3b\u7528\u3057\u3001\u52b9\u679c\u7684\u3067\u808c\u306b\u512a\u3057\u3044\u88fd\u54c1\u3092\u4f5c\u308b\u3053\u3068\u306b\u91cd\u70b9\u3092\u7f6e\u3044\u3066\u3044\u308b\u3002<\/p>\n\n\n\n<p><strong>VT\u30b3\u30b9\u30e1\u30c6\u30a3\u30c3\u30af\u30b9\u306e\u7279\u5fb4\u306f\uff1f<\/strong><\/p>\n\n\n\n<ul class=\"wp-block-list\">\n<li><strong>\u5929\u7136\u6210\u5206\uff1a<\/strong> \u30bb\u30f3\u30c6\u30e9\u30fb\u30a2\u30b8\u30a2\u30c6\u30a3\u30ab\u306f\u3001\u591a\u304f\u306e\u88fd\u54c1\u306b\u914d\u5408\u3055\u308c\u3066\u3044\u308b\u4e3b\u8981\u6210\u5206\u3067\u3001\u93ae\u9759\u4f5c\u7528\u3068\u4fee\u5fa9\u4f5c\u7528\u304c\u3042\u308b\u3053\u3068\u3067\u77e5\u3089\u308c\u3066\u3044\u308b\u3002<\/li>\n\n\n\n<li><strong>\u9769\u65b0\u7684\u306a\u6280\u8853\uff1a<\/strong> \u30de\u30a4\u30af\u30ed\u30fb\u30a2\u30b7\u30e5\u30fc\u30c6\u30a3\u30ab\u30eb\u30ba\u306f\u3001\u6709\u52b9\u6210\u5206\u3092\u808c\u306e\u5965\u6df1\u304f\u307e\u3067\u6d78\u900f\u3055\u305b\u3001\u76ee\u306b\u898b\u3048\u308b\u52b9\u679c\u3092\u3088\u308a\u65e9\u304f\u3082\u305f\u3089\u3059\u72ec\u81ea\u306e\u6280\u8853\u3067\u3059\u3002<\/li>\n\n\n\n<li><strong>\u30df\u30cb\u30de\u30ea\u30b9\u30c8\u306e\u30a2\u30d7\u30ed\u30fc\u30c1\uff1a<\/strong> VT\u30b3\u30b9\u30e1\u30c6\u30a3\u30c3\u30af\u30b9\u306e\u88fd\u54c1\u306f\u3001\u52b9\u679c\u306b\u59a5\u5354\u3059\u308b\u3053\u3068\u306a\u304f\u3001\u30b7\u30f3\u30d7\u30eb\u3067\u4f7f\u3044\u3084\u3059\u3044\u3088\u3046\u306b\u30c7\u30b6\u30a4\u30f3\u3055\u308c\u3066\u3044\u307e\u3059\u3002<\/li>\n\n\n\n<li><strong>\u30b9\u30ad\u30f3\u30b1\u30a2\u306b\u91cd\u70b9\u3092\u7f6e\u304f\uff1a<\/strong> VT\u30b3\u30b9\u30e1\u30c6\u30a3\u30c3\u30af\u30b9\u306e\u88fd\u54c1\u7fa4\u306f\u3001\u4fdd\u6e7f\u304b\u3089\u30a2\u30f3\u30c1\u30a8\u30a4\u30b8\u30f3\u30b0\u307e\u3067\u3001\u3055\u307e\u3056\u307e\u306a\u808c\u30cb\u30fc\u30ba\u306b\u5bfe\u5fdc\u3057\u3066\u3044\u308b\u3002<\/li>\n<\/ul>\n\n\n\n<p class=\"has-primary-color has-text-color has-link-color wp-elements-ff6c8cd65fe39c8b1531ca108ba0e11b\"><strong>\u4e3b\u8981\u88fd\u54c1 VT\u5316\u7ca7\u54c1<\/strong><\/p>\n\n\n\n<p>VT\u30b3\u30b9\u30e1\u30c6\u30a3\u30c3\u30af\u30b9\u306e\u30e9\u30a4\u30f3\u30ca\u30c3\u30d7\u306b\u306f\u3001\u4ee5\u4e0b\u306e\u3088\u3046\u306a\u3055\u307e\u3056\u307e\u306a\u88fd\u54c1\u304c\u3042\u308b\uff1a<\/p>\n\n\n\n<ul class=\"wp-block-list\">\n<li><strong>\u30de\u30a4\u30af\u30ed\u30a8\u30fc\u30b9\u7f8e\u5bb9\u6db2\uff1a<\/strong> \u3053\u308c\u3089\u306e\u7f8e\u5bb9\u6db2\u306f\u3001\u808c\u3092\u6d3b\u6027\u5316\u3057\u3001\u518d\u751f\u3055\u305b\u308b\u80fd\u529b\u3067\u77e5\u3089\u308c\u3066\u3044\u308b\u3002<\/li>\n\n\n\n<li><strong>\u30d5\u30a7\u30a4\u30b9\u30de\u30b9\u30af\uff1a<\/strong> VT\u30b3\u30b9\u30e1\u30c6\u30a3\u30c3\u30af\u30b9\u306e\u30de\u30b9\u30af\u306f\u3001\u808c\u306b\u5f37\u3044\u4fdd\u6e7f\u3068\u7652\u3057\u3092\u4e0e\u3048\u308b\u3002<\/li>\n\n\n\n<li><strong>\u30af\u30ea\u30fc\u30e0\u3068\u30ed\u30fc\u30b7\u30e7\u30f3\uff1a<\/strong> \u3059\u3079\u3066\u306e\u808c\u30bf\u30a4\u30d7\u306b\u9069\u3057\u305f\u30c7\u30a4\u30ea\u30fc\u30e2\u30a4\u30b9\u30c1\u30e3\u30e9\u30a4\u30b6\u30fc\u3002<\/li>\n\n\n\n<li><strong>\u30cf\u30a4\u30c9\u30ed\u30b3\u30ed\u30a4\u30c9\u30fb\u30d1\u30c3\u30c1\uff1a<\/strong> \u3053\u308c\u3089\u306e\u30d1\u30c3\u30c1\u306f\u3001\u30b7\u30df\u3084\u708e\u75c7\u306e\u6cbb\u7642\u306b\u7406\u60f3\u7684\u3067\u3042\u308b\u3002<\/li>\n<\/ul>\n\n\n\n<p><strong>\u306a\u305cVT\u30b3\u30b9\u30e1\u306f\u7279\u5225\u306a\u306e\u304b\uff1f<\/strong><\/p>\n\n\n\n<p>\u52b9\u679c\u7684\u3067\u3001\u30ca\u30c1\u30e5\u30e9\u30eb\u3067\u3001\u4f7f\u3044\u3084\u3059\u3044\u30b9\u30ad\u30f3\u30b1\u30a2\u88fd\u54c1\u3092\u304a\u63a2\u3057\u306a\u3089\u3001VT\u30b3\u30b9\u30e1\u30c6\u30a3\u30c3\u30af\u30b9\u306f\u3074\u3063\u305f\u308a\u306e\u30d6\u30e9\u30f3\u30c9\u304b\u3082\u3057\u308c\u306a\u3044\u3002\u3053\u306e\u30d6\u30e9\u30f3\u30c9\u306f\u3001\u6700\u9ad8\u306e\u6210\u5206\u3068\u6280\u8853\u3092\u7d44\u307f\u5408\u308f\u305b\u3001\u30d1\u30fc\u30bd\u30ca\u30e9\u30a4\u30ba\u3055\u308c\u305f\u697d\u3057\u3044\u30b9\u30ad\u30f3\u30b1\u30a2\u4f53\u9a13\u3092\u304a\u5c4a\u3051\u3057\u307e\u3059\u3002<\/p>\n\n\n\n<hr class=\"wp-block-separator aligncenter has-alpha-channel-opacity\"\/>\n\n\n\n<p class=\"has-text-align-center\"><strong>\u30aa\u30f3\u30e9\u30a4\u30f3\u3067\u5546\u54c1\u3092\u6ce8\u6587\u3059\u308b <strong>VT\u30b3\u30b9\u30e1\u30c6\u30a3\u30c3\u30af\u30b9<\/strong> \u30aa\u30d5\u30a3\u30b7\u30e3\u30eb\u30fb\u30d1\u30fc\u30c8\u30ca\u30fc\u30fb\u30b7\u30e7\u30c3\u30d7\u304b\u3089\uff1a<\/strong><\/p>\n\n\n\n<div class=\"wp-block-group has-large-font-size is-layout-grid wp-container-core-group-is-layout-6be84c55 wp-block-group-is-layout-grid\">\n<figure class=\"wp-block-image size-medium\"><a href=\"https:\/\/sole.ro\/brand\/vt-cosmetics\" target=\"_blank\" rel=\" noreferrer noopener\"><img decoding=\"async\" width=\"300\" height=\"150\" src=\"https:\/\/onemd.ro\/wp-content\/uploads\/2021\/07\/f6-2-300x150.jpg\" alt=\"\u30bd\u30fc\u30eb\u30ed\" class=\"wp-image-297\" srcset=\"https:\/\/onemd.ro\/wp-content\/uploads\/2021\/07\/f6-2-300x150.jpg 300w, https:\/\/onemd.ro\/wp-content\/uploads\/2021\/07\/f6-2-16x8.jpg 16w, https:\/\/onemd.ro\/wp-content\/uploads\/2021\/07\/f6-2.jpg 600w\" sizes=\"(max-width: 300px) 100vw, 300px\" \/><\/a><\/figure>\n\n\n\n<figure class=\"wp-block-image size-medium\"><a href=\"https:\/\/comenzi.farmaciatei.ro\/brand\/vt-cosmetics\" target=\"_blank\" rel=\" noreferrer noopener\"><img decoding=\"async\" width=\"300\" height=\"150\" src=\"https:\/\/onemd.ro\/wp-content\/uploads\/2021\/07\/f1-1-300x150.jpg\" alt=\"\u30c6\u30a4\u85ac\u5c40\u30aa\u30d5\u30a3\u30b7\u30e3\u30eb\u30d1\u30fc\u30c8\u30ca\u30fc\u30b7\u30e7\u30c3\u30d7\" class=\"wp-image-301\" srcset=\"https:\/\/onemd.ro\/wp-content\/uploads\/2021\/07\/f1-1-300x150.jpg 300w, https:\/\/onemd.ro\/wp-content\/uploads\/2021\/07\/f1-1-16x8.jpg 16w, https:\/\/onemd.ro\/wp-content\/uploads\/2021\/07\/f1-1.jpg 600w\" sizes=\"(max-width: 300px) 100vw, 300px\" \/><\/a><\/figure>\n\n\n\n<figure class=\"wp-block-image size-medium\"><a href=\"https:\/\/www.drmax.ro\/vt-cosmetics\" target=\"_blank\" rel=\" noreferrer noopener\"><img loading=\"lazy\" decoding=\"async\" width=\"300\" height=\"129\" src=\"https:\/\/onemd.ro\/wp-content\/uploads\/2024\/05\/dr-max-300x129.jpg\" alt=\"\u30c9\u30af\u30bf\u30fc\u30de\u30c3\u30af\u30b9\u516c\u5f0f\u30d1\u30fc\u30c8\u30ca\u30fc\u30b7\u30e7\u30c3\u30d7\" class=\"wp-image-673\" srcset=\"https:\/\/onemd.ro\/wp-content\/uploads\/2024\/05\/dr-max-300x129.jpg 300w, https:\/\/onemd.ro\/wp-content\/uploads\/2024\/05\/dr-max-18x8.jpg 18w, https:\/\/onemd.ro\/wp-content\/uploads\/2024\/05\/dr-max.jpg 473w\" sizes=\"(max-width: 300px) 100vw, 300px\" \/><\/a><\/figure>\n<\/div>","protected":false},"excerpt":{"rendered":"<p>VT Cosmetics este o marc\u0103 de frumuse\u021be coreean\u0103 apreciat\u0103 pentru abordarea sa minimalist\u0103 \u0219i inovatoare \u00een \u00eengrijirea pielii. Brandul se concentreaz\u0103 pe utilizarea ingredientelor naturale, precum centella asiatica, \u0219i pe tehnologii avansate, cum ar fi micro-acele, pentru a crea produse eficiente \u0219i bl\u00e2nde cu pielea. Ce face VT Cosmetics special? Produse cheie VT Cosmetics Gama VT Cosmetics include o varietate de produse, printre care: De ce s\u0103 alegi VT Cosmetics? Dac\u0103 e\u0219ti \u00een c\u0103utarea unor produse de \u00eengrijire a pielii eficiente, naturale \u0219i u\u0219or de utilizat, VT Cosmetics ar putea fi marca potrivit\u0103 pentru tine. Brandul combin\u0103 cele mai bune ingrediente \u0219i tehnologii pentru a oferi o experien\u021b\u0103 de \u00eengrijire [&hellip;]<\/p>\n","protected":false},"author":1,"featured_media":0,"parent":0,"menu_order":0,"comment_status":"closed","ping_status":"closed","template":"","meta":{"footnotes":""},"class_list":["post-1222","page","type-page","status-publish","hentry"],"aioseo_notices":[],"_links":{"self":[{"href":"https:\/\/onemd.ro\/ja\/wp-json\/wp\/v2\/pages\/1222","targetHints":{"allow":["GET"]}}],"collection":[{"href":"https:\/\/onemd.ro\/ja\/wp-json\/wp\/v2\/pages"}],"about":[{"href":"https:\/\/onemd.ro\/ja\/wp-json\/wp\/v2\/types\/page"}],"author":[{"embeddable":true,"href":"https:\/\/onemd.ro\/ja\/wp-json\/wp\/v2\/users\/1"}],"replies":[{"embeddable":true,"href":"https:\/\/onemd.ro\/ja\/wp-json\/wp\/v2\/comments?post=1222"}],"version-history":[{"count":2,"href":"https:\/\/onemd.ro\/ja\/wp-json\/wp\/v2\/pages\/1222\/revisions"}],"predecessor-version":[{"id":1696,"href":"https:\/\/onemd.ro\/ja\/wp-json\/wp\/v2\/pages\/1222\/revisions\/1696"}],"wp:attachment":[{"href":"https:\/\/onemd.ro\/ja\/wp-json\/wp\/v2\/media?parent=1222"}],"curies":[{"name":"wp","href":"https:\/\/api.w.org\/{rel}","templated":true}]}}