{"id":1259,"date":"2025-04-02T07:48:26","date_gmt":"2025-04-02T07:48:26","guid":{"rendered":"https:\/\/onemd.ro\/?page_id=1259"},"modified":"2025-08-21T10:55:14","modified_gmt":"2025-08-21T10:55:14","slug":"belif","status":"publish","type":"page","link":"https:\/\/onemd.ro\/ja\/belif\/","title":{"rendered":"\u30d9\u30ea\u30d5"},"content":{"rendered":"<div class=\"wp-block-image\">\n<figure class=\"aligncenter size-medium\"><img decoding=\"async\" width=\"300\" height=\"150\" src=\"https:\/\/onemd.ro\/wp-content\/uploads\/2025\/04\/belif-300x150.jpg\" alt=\"belif.ro\" class=\"wp-image-1265\" srcset=\"https:\/\/onemd.ro\/wp-content\/uploads\/2025\/04\/belif-300x150.jpg 300w, https:\/\/onemd.ro\/wp-content\/uploads\/2025\/04\/belif-1024x512.jpg 1024w, https:\/\/onemd.ro\/wp-content\/uploads\/2025\/04\/belif-768x384.jpg 768w, https:\/\/onemd.ro\/wp-content\/uploads\/2025\/04\/belif.jpg 1058w\" sizes=\"(max-width: 300px) 100vw, 300px\" \/><\/figure><\/div>\n\n\n<p class=\"has-normal-font-size\"><strong>\u30d9\u30ea\u30d5<\/strong> \u306f\u3001\u30cf\u30fc\u30d6\u7642\u6cd5\u306e\u77e5\u6075\u3068\u73fe\u4ee3\u79d1\u5b66\u3092\u878d\u5408\u3055\u305b\u3001\u5353\u8d8a\u3057\u305f\u4fdd\u6e7f\u529b\u3092\u5b9f\u73fe\u3059\u308b\u97d3\u56fd\u306e\u30b9\u30ad\u30f3\u30b1\u30a2\u30d6\u30e9\u30f3\u30c9\u3067\u3042\u308b\u300219\u4e16\u7d00\u30b9\u30b3\u30c3\u30c8\u30e9\u30f3\u30c9\u306e\u690d\u7269\u5b66\u8005\u30c0\u30f3\u30ab\u30f3\u30fb\u30cd\u30d4\u30a2\u306e\u77e5\u8b58\u306b\u30a4\u30f3\u30b9\u30d1\u30a4\u30a2\u3055\u308c\u305fBelif\u306f\u3001\u9ad8\u54c1\u8cea\u306e\u5929\u7136\u6210\u5206\u3092\u8c4a\u5bcc\u306b\u542b\u3080\u30b7\u30f3\u30d7\u30eb\u3067\u52b9\u679c\u7684\u306a\u51e6\u65b9\u3092\u91cd\u8996\u3057\u3066\u3044\u307e\u3059\u3002<\/p>\n\n\n\n<h3 class=\"wp-block-heading has-large-font-size\">\u306a\u305c\u30d9\u30ea\u30d5\u304c\u7279\u5225\u306a\u306e\u304b\uff1f<\/h3>\n\n\n\n<ul class=\"wp-block-list\">\n<li class=\"has-normal-font-size\"><strong>\u5f37\u70c8\u306a\u4fdd\u6e7f\u529b\uff1a<\/strong> \u30d6\u30e9\u30f3\u30c9\u306e\u57fa\u672c\u7406\u5ff5\u306f\u3001\u5065\u5eb7\u7684\u3067\u8f1d\u304d\u306e\u3042\u308b\u808c\u306b\u6b20\u304b\u305b\u306a\u3044\u3001\u6df1\u3044\u3046\u308b\u304a\u3044\u3092\u9577\u6642\u9593\u6301\u7d9a\u3055\u305b\u308b\u3053\u3068\u3002<\/li>\n\n\n\n<li class=\"has-normal-font-size\"><strong>\u672c\u7269\u306e\u690d\u7269\u6210\u5206\uff1a<\/strong> \u30d9\u30ea\u30d5\u306f\u53b3\u9078\u3055\u308c\u305f\u30cf\u30fc\u30d6\u3092\u4f7f\u7528\u3057\u3001\u305d\u306e\u52b9\u679c\u3092\u4fdd\u3064\u305f\u3081\u306b\u73fe\u4ee3\u7684\u306a\u65b9\u6cd5\u3067\u52a0\u5de5\u3057\u3066\u3044\u308b\u3002<\/li>\n\n\n\n<li class=\"has-normal-font-size\"><strong>\u512a\u3057\u304f\u52b9\u679c\u7684\u306a\u51e6\u65b9\uff1a<\/strong> Belif\u306e\u88fd\u54c1\u306f\u3001\u9271\u7269\u6cb9\u3001\u5408\u6210\u7740\u8272\u6599\u3001\u5408\u6210\u9999\u6599\u3001\u5408\u6210\u4fdd\u5b58\u6599\u3092\u4f7f\u7528\u3057\u3066\u3044\u306a\u3044\u305f\u3081\u3001\u654f\u611f\u808c\u306e\u65b9\u306b\u3082\u304a\u4f7f\u3044\u3044\u305f\u3060\u3051\u307e\u3059\u3002<\/li>\n\n\n\n<li class=\"has-normal-font-size\"><strong>\u900f\u660e\u6027\u3068\u8aa0\u5b9f\u3055\uff1a<\/strong> Belif\u306f\u5168\u6210\u5206\u3092\u660e\u78ba\u306b\u8868\u793a\u3057\u3001\u6d88\u8cbb\u8005\u304c\u5341\u5206\u306a\u60c5\u5831\u3092\u5f97\u305f\u4e0a\u3067\u9078\u629e\u3067\u304d\u308b\u3088\u3046\u306b\u3057\u3066\u3044\u308b\u3002<\/li>\n<\/ul>\n\n\n\n<h3 class=\"wp-block-heading has-primary-color has-text-color has-link-color has-large-font-size wp-elements-9ccba573dd3d4628d5a9e420b3b1b21a\">Belif\u306e\u4e3b\u8981\u88fd\u54c1\uff1a<\/h3>\n\n\n\n<ul class=\"wp-block-list\">\n<li class=\"has-normal-font-size\"><strong>\u30c8\u30a5\u30eb\u30fc\u30af\u30ea\u30fc\u30e0 - \u30a2\u30af\u30a2\u30dc\u30e0\uff1a<\/strong> \u8efd\u3084\u304b\u3067\u723d\u3084\u304b\u306a\u30c6\u30af\u30b9\u30c1\u30e3\u30fc\u306e\u30b8\u30a7\u30eb\u30af\u30ea\u30fc\u30e0\u3002\u30ce\u30fc\u30de\u30eb\u808c\u3001\u6df7\u5408\u808c\u3001\u30aa\u30a4\u30ea\u30fc\u808c\u306b\u6700\u9069\u3067\u3059\u3002<\/li>\n\n\n\n<li class=\"has-normal-font-size\"><strong>\u30c8\u30a5\u30eb\u30fc\u30af\u30ea\u30fc\u30e0 - \u30e2\u30a4\u30b9\u30c1\u30e3\u30e9\u30a4\u30b8\u30f3\u30b0\u30fb\u30dc\u30e0\uff1a<\/strong> \u30ea\u30c3\u30c1\u3067\u6804\u990a\u4fa1\u306e\u9ad8\u3044\u30af\u30ea\u30fc\u30e0\u3067\u3001\u4e7e\u71e5\u808c\u304b\u3089\u975e\u5e38\u306b\u4e7e\u71e5\u3057\u305f\u808c\u306b\u6700\u9069\u3002\u6fc3\u539a\u306a\u3046\u308b\u304a\u3044\u3092\u4e0e\u3048\u3001\u808c\u306e\u30d0\u30ea\u30a2\u6a5f\u80fd\u3092\u9ad8\u3081\u307e\u3059\u3002<\/li>\n\n\n\n<li class=\"has-normal-font-size\"><strong>\u30a2\u30af\u30a2\u30fb\u30dc\u30e0\u30fb\u30e2\u30a4\u30b9\u30c1\u30e3\u30e9\u30a4\u30b8\u30f3\u30b0\u30fb\u30c8\u30ca\u30fc<\/strong> \u30af\u30ec\u30f3\u30b8\u30f3\u30b0\u30fb\u30eb\u30fc\u30c6\u30a3\u30f3\u3092\u5b8c\u4e86\u3055\u305b\u3001\u808c\u306b\u3046\u308b\u304a\u3044\u3092\u4e0e\u3048\u3001\u305d\u306e\u5f8c\u306b\u7d9a\u304f\u88fd\u54c1\u3078\u306e\u6e96\u5099\u3092\u6574\u3048\u308b\u723d\u5feb\u306a\u30c8\u30ca\u30fc\u3002<\/li>\n\n\n\n<li class=\"has-normal-font-size\"><strong>\u30a2\u30af\u30a2\u30dc\u30e0\u30af\u30ec\u30f3\u30b8\u30f3\u30b0\u30b8\u30a7\u30eb\u30aa\u30a4\u30eb\uff1a<\/strong> \u30b8\u30a7\u30eb\u72b6\u306e\u30c6\u30af\u30b9\u30c1\u30e3\u30fc\u304c\u30aa\u30a4\u30eb\u306b\u5909\u5316\u3057\u3001\u808c\u3092\u4e7e\u71e5\u3055\u305b\u308b\u3053\u3068\u306a\u304f\u4e0d\u7d14\u7269\u3084\u30e1\u30a4\u30af\u30a2\u30c3\u30d7\u3092\u53d6\u308a\u9664\u304f\u3001\u3084\u3055\u3057\u304f\u52b9\u679c\u7684\u306a\u30af\u30ec\u30f3\u30b6\u30fc\u3002<\/li>\n\n\n\n<li class=\"has-normal-font-size\"><strong>\u30ca\u30f3\u30d0\u30fc10\u30a8\u30c3\u30bb\u30f3\u30b9<\/strong> \u6d17\u9854\u5f8c\u3059\u3050\u306b\u304a\u4f7f\u3044\u3044\u305f\u3060\u304f\u3053\u3068\u3067\u3001\u808c\u306e\u6c34\u5206\u30ec\u30d9\u30eb\u3092\u9ad8\u3081\u3001\u305d\u306e\u5f8c\u306e\u88fd\u54c1\u306e\u5438\u53ce\u3092\u6700\u9069\u5316\u3059\u308b\u30e2\u30a4\u30b9\u30c1\u30e3\u30e9\u30a4\u30b8\u30f3\u30b0\u30fb\u30a8\u30c3\u30bb\u30f3\u30b9\u3067\u3059\u3002<\/li>\n<\/ul>\n\n\n\n<h3 class=\"wp-block-heading has-large-font-size\">\u30d9\u30ea\u30d5\u88fd\u54c1\u3092\u4f7f\u3046\u30e1\u30ea\u30c3\u30c8<\/h3>\n\n\n\n<ul class=\"wp-block-list\">\n<li class=\"has-normal-font-size\"><strong>\u6f64\u3044\u306b\u6e80\u3061\u305f\u3057\u306a\u3084\u304b\u306a\u808c\u3078\uff1a<\/strong> \u4fdd\u6e7f\u6210\u5206\u3092\u8c4a\u5bcc\u306b\u542b\u3080\u51e6\u65b9\u306f\u3001\u808c\u306e\u6700\u9069\u306a\u6c34\u5206\u30ec\u30d9\u30eb\u3092\u88dc\u3046\u3002<\/li>\n\n\n\n<li class=\"has-normal-font-size\"><strong>\u5c45\u5fc3\u5730\u306e\u826f\u3055\u3068\u65b0\u9bae\u3055\u3092\u611f\u3058\u308b\uff1a<\/strong> \u5fc3\u5730\u3088\u3044\u30c6\u30af\u30b9\u30c1\u30e3\u30fc\u3068\u5929\u7136\u6210\u5206\u304c\u808c\u3092\u843d\u3061\u7740\u304b\u305b\u3001\u6d3b\u529b\u3092\u4e0e\u3048\u308b\u3002<\/li>\n\n\n\n<li class=\"has-normal-font-size\"><strong>\u76ae\u819a\u30d0\u30ea\u30a2\u306e\u6539\u5584\uff1a<\/strong> \u6709\u52b9\u6210\u5206\u304c\u808c\u306e\u30d0\u30ea\u30a2\u6a5f\u80fd\u3092\u5f37\u5316\u3057\u3001\u5916\u7684\u8981\u56e0\u304b\u3089\u808c\u3092\u5b88\u308b\u3002<\/li>\n\n\n\n<li class=\"has-normal-font-size\"><strong>\u8f1d\u3044\u3066\u5065\u5eb7\u7684\u306b\u898b\u3048\u308b\uff1a<\/strong> \u3088\u304f\u4fdd\u6e7f\u3055\u308c\u305f\u808c\u306f\u3001\u660e\u308b\u304f\u6ed1\u3089\u304b\u3067\u5065\u5eb7\u7684\u306b\u898b\u3048\u308b\u3002<\/li>\n<\/ul>\n\n\n\n<p class=\"has-normal-font-size\"><strong>\u30d9\u30ea\u30d5<\/strong> Belif\u306f\u3001\u5929\u7136\u6210\u5206\u3092\u30d9\u30fc\u30b9\u3068\u3057\u3001\u6df1\u3044\u3046\u308b\u304a\u3044\u304c\u9577\u6642\u9593\u6301\u7d9a\u3059\u308b\u52b9\u679c\u7684\u306a\u30b9\u30ad\u30f3\u30b1\u30a2\u3092\u304a\u63a2\u3057\u306e\u65b9\u306b\u6700\u9069\u3067\u3059\u3002Belif\u3067\u690d\u7269\u306e\u529b\u3092\u767a\u898b\u3057\u3001\u808c\u672c\u6765\u306e\u30d0\u30e9\u30f3\u30b9\u3092\u53d6\u308a\u623b\u3057\u307e\u3057\u3087\u3046\uff01<\/p>\n\n\n\n<hr class=\"wp-block-separator aligncenter has-alpha-channel-opacity\"\/>\n\n\n\n<p class=\"has-text-align-center\"><strong>Belif\u88fd\u54c1\u3092Belif\u516c\u5f0f\u30d1\u30fc\u30c8\u30ca\u30fc\u30b7\u30e7\u30c3\u30d7\u304b\u3089\u30aa\u30f3\u30e9\u30a4\u30f3\u3067\u3054\u6ce8\u6587\u304f\u3060\u3055\u3044\uff1a<\/strong><\/p>\n\n\n\n<div class=\"wp-block-group has-large-font-size is-layout-grid wp-container-core-group-is-layout-baef362d wp-block-group-is-layout-grid\">\n<figure class=\"wp-block-image size-medium\"><a href=\"https:\/\/sole.ro\/brand\/belif\" target=\"_blank\" rel=\" noreferrer noopener\"><img decoding=\"async\" width=\"300\" height=\"150\" src=\"https:\/\/onemd.ro\/wp-content\/uploads\/2021\/07\/f6-2-300x150.jpg\" alt=\"\u30bd\u30fc\u30eb\u30ed\" class=\"wp-image-297\" srcset=\"https:\/\/onemd.ro\/wp-content\/uploads\/2021\/07\/f6-2-300x150.jpg 300w, https:\/\/onemd.ro\/wp-content\/uploads\/2021\/07\/f6-2-16x8.jpg 16w, https:\/\/onemd.ro\/wp-content\/uploads\/2021\/07\/f6-2.jpg 600w\" sizes=\"(max-width: 300px) 100vw, 300px\" \/><\/a><\/figure>\n\n\n\n<figure class=\"wp-block-image size-medium\"><a href=\"https:\/\/comenzi.farmaciatei.ro\/brand\/belif\" target=\"_blank\" rel=\" noreferrer noopener\"><img decoding=\"async\" width=\"300\" height=\"150\" src=\"https:\/\/onemd.ro\/wp-content\/uploads\/2021\/07\/f1-1-300x150.jpg\" alt=\"\u30c6\u30a4\u85ac\u5c40\u30aa\u30d5\u30a3\u30b7\u30e3\u30eb\u30d1\u30fc\u30c8\u30ca\u30fc\u30b7\u30e7\u30c3\u30d7\" class=\"wp-image-301\" srcset=\"https:\/\/onemd.ro\/wp-content\/uploads\/2021\/07\/f1-1-300x150.jpg 300w, https:\/\/onemd.ro\/wp-content\/uploads\/2021\/07\/f1-1-16x8.jpg 16w, https:\/\/onemd.ro\/wp-content\/uploads\/2021\/07\/f1-1.jpg 600w\" sizes=\"(max-width: 300px) 100vw, 300px\" \/><\/a><\/figure>\n<\/div>","protected":false},"excerpt":{"rendered":"<p>Belif este un brand coreean de \u00eengrijire a pielii care \u00eembin\u0103 \u00een\u021belepciunea remediilor pe baz\u0103 de plante cu \u0219tiin\u021ba modern\u0103 pentru a oferi o hidratare excep\u021bional\u0103. Inspirat de cuno\u0219tin\u021bele botanistului sco\u021bian Duncan Napier din secolul al XIX-lea, Belif pune accentul pe formule simple, eficiente \u0219i bogate \u00een ingrediente naturale de \u00eenalt\u0103 calitate. De ce s\u0103 alegi Belif? Produse cheie Belif: Beneficiile utiliz\u0103rii produselor Belif: Belif este alegerea ideal\u0103 pentru oricine caut\u0103 o \u00eengrijire a pielii eficient\u0103, bazat\u0103 pe ingrediente naturale \u0219i axat\u0103 pe o hidratare profund\u0103 \u0219i de durat\u0103. Descoper\u0103 puterea plantelor \u0219i red\u0103-i pielii tale echilibrul natural cu Belif! Comand\u0103 online produse Belif de la magazinele partenere oficiale:<\/p>","protected":false},"author":1,"featured_media":0,"parent":0,"menu_order":0,"comment_status":"closed","ping_status":"closed","template":"","meta":{"footnotes":""},"class_list":["post-1259","page","type-page","status-publish","hentry"],"aioseo_notices":[],"_links":{"self":[{"href":"https:\/\/onemd.ro\/ja\/wp-json\/wp\/v2\/pages\/1259","targetHints":{"allow":["GET"]}}],"collection":[{"href":"https:\/\/onemd.ro\/ja\/wp-json\/wp\/v2\/pages"}],"about":[{"href":"https:\/\/onemd.ro\/ja\/wp-json\/wp\/v2\/types\/page"}],"author":[{"embeddable":true,"href":"https:\/\/onemd.ro\/ja\/wp-json\/wp\/v2\/users\/1"}],"replies":[{"embeddable":true,"href":"https:\/\/onemd.ro\/ja\/wp-json\/wp\/v2\/comments?post=1259"}],"version-history":[{"count":5,"href":"https:\/\/onemd.ro\/ja\/wp-json\/wp\/v2\/pages\/1259\/revisions"}],"predecessor-version":[{"id":1609,"href":"https:\/\/onemd.ro\/ja\/wp-json\/wp\/v2\/pages\/1259\/revisions\/1609"}],"wp:attachment":[{"href":"https:\/\/onemd.ro\/ja\/wp-json\/wp\/v2\/media?parent=1259"}],"curies":[{"name":"wp","href":"https:\/\/api.w.org\/{rel}","templated":true}]}}