{"id":1261,"date":"2025-04-02T07:49:18","date_gmt":"2025-04-02T07:49:18","guid":{"rendered":"https:\/\/onemd.ro\/?page_id=1261"},"modified":"2025-08-21T10:50:19","modified_gmt":"2025-08-21T10:50:19","slug":"cnp-laboratory","status":"publish","type":"page","link":"https:\/\/onemd.ro\/ja\/cnp-laboratory\/","title":{"rendered":"CNP\u30e9\u30dc\u30e9\u30c8\u30ea\u30fc"},"content":{"rendered":"<div class=\"wp-block-image\">\n<figure class=\"aligncenter size-medium\"><img decoding=\"async\" width=\"300\" height=\"150\" src=\"https:\/\/onemd.ro\/wp-content\/uploads\/2025\/04\/cnp-laboratory-300x150.jpg\" alt=\"\" class=\"wp-image-1272\" srcset=\"https:\/\/onemd.ro\/wp-content\/uploads\/2025\/04\/cnp-laboratory-300x150.jpg 300w, https:\/\/onemd.ro\/wp-content\/uploads\/2025\/04\/cnp-laboratory-1024x512.jpg 1024w, https:\/\/onemd.ro\/wp-content\/uploads\/2025\/04\/cnp-laboratory-768x384.jpg 768w, https:\/\/onemd.ro\/wp-content\/uploads\/2025\/04\/cnp-laboratory.jpg 1058w\" sizes=\"(max-width: 300px) 100vw, 300px\" \/><\/figure><\/div>\n\n\n<p><strong>CNP\u30e9\u30dc\u30e9\u30c8\u30ea\u30fc<\/strong> \u306f\u3001\u97d3\u56fd\u306e\u6709\u540d\u306aCNP\uff08\u30c1\u30e3\u30fb\u30a2\u30f3\u30c9\u30fb\u30d1\u30fc\u30af\uff09\u7f8e\u5bb9\u30af\u30ea\u30cb\u30c3\u30af\u306e\u76ae\u819a\u79d1\u533b\u306b\u3088\u3063\u30662000\u5e74\u306b\u8a2d\u7acb\u3055\u308c\u305f\u97d3\u56fd\u306e\u76ae\u819a\u5316\u7ca7\u54c1\u30d6\u30e9\u30f3\u30c9\u3067\u3042\u308b\u3002\u3053\u306e\u30d6\u30e9\u30f3\u30c9\u306f\u3001\u76ae\u819a\u79d1\u5b66\u306e\u5c02\u9580\u77e5\u8b58\u3068\u79d1\u5b66\u7684\u7814\u7a76\u306b\u57fa\u3065\u304f\u9769\u65b0\u7684\u306a\u51e6\u65b9\u3092\u7d44\u307f\u5408\u308f\u305b\u3001\u30c8\u30e9\u30d6\u30eb\u808c\u3084\u654f\u611f\u808c\u306e\u30b1\u30a2\u306b\u7279\u5316\u3057\u305f\u3001\u52b9\u679c\u7684\u3067\u3042\u308a\u306a\u304c\u3089\u808c\u306b\u512a\u3057\u3044\u88fd\u54c1\u3092\u751f\u307f\u51fa\u3057\u3066\u3044\u308b\u3002CNP\u30e9\u30dc\u30e9\u30c8\u30ea\u30fc\u306e\u7406\u5ff5\u306f\u3001\u5b89\u5168\u3067\u52b9\u679c\u7684\u306a\u30bd\u30ea\u30e5\u30fc\u30b7\u30e7\u30f3\u3092\u63d0\u4f9b\u3059\u308b\u3053\u3068\u3067\u3001\u808c\u304c\u672c\u6765\u306e\u5065\u5eb7\u306a\u72b6\u614b\u306b\u623b\u308b\u306e\u3092\u52a9\u3051\u308b\u3053\u3068\u3067\u3042\u308b\u3002<\/p>\n\n\n\n<h3 class=\"wp-block-heading has-primary-color has-text-color has-link-color has-large-font-size wp-elements-543ba4f13b0cebc54899e12f9e1c4ff8\">\u306a\u305cCNP\u7814\u7a76\u6240\u306f\u7279\u5225\u306a\u306e\u304b\uff1f<\/h3>\n\n\n\n<ul class=\"wp-block-list\">\n<li><strong>\u76ae\u819a\u79d1\u533b\u306b\u3088\u3063\u3066\u958b\u767a\u3055\u308c\u305f\uff1a<\/strong> \u51e6\u65b9\u306f\u3001\u8c4a\u5bcc\u306a\u81e8\u5e8a\u7d4c\u9a13\u3092\u6301\u306450\u4eba\u4ee5\u4e0a\u306e\u76ae\u819a\u79d1\u533b\u306b\u3088\u3063\u3066\u4f5c\u6210\u3055\u308c\u3066\u3044\u308b\u3002<\/li>\n\n\n\n<li><strong>\u533b\u85ac\u54c1\u30b0\u30ec\u30fc\u30c9\u306e\u6210\u5206\uff1a<\/strong> \u3053\u306e\u30d6\u30e9\u30f3\u30c9\u306f\u3001\u52b9\u679c\u304c\u5b9f\u8a3c\u3055\u308c\u3066\u3044\u308b\u53b3\u9078\u3055\u308c\u305f\u6210\u5206\u3092\u4f7f\u7528\u3057\u3066\u3044\u308b\u3002<\/li>\n\n\n\n<li><strong>\u654f\u611f\u808c\u306b\u3084\u3055\u3057\u3044\u51e6\u65b9\uff1a<\/strong> \u88fd\u54c1\u306f\u76ae\u819a\u79d1\u5b66\u7684\u306b\u30c6\u30b9\u30c8\u3055\u308c\u3001\u523a\u6fc0\u306e\u30ea\u30b9\u30af\u3092\u6700\u5c0f\u9650\u306b\u6291\u3048\u308b\u3088\u3046\u51e6\u65b9\u3055\u308c\u3066\u3044\u308b\u3002<\/li>\n\n\n\n<li><strong>\u79d1\u5b66\u7684\u30a2\u30d7\u30ed\u30fc\u30c1\uff1a<\/strong> CNP\u30e9\u30dc\u30e9\u30c8\u30ea\u30fc\u306f\u3001\u3055\u307e\u3056\u307e\u306a\u808c\u30c8\u30e9\u30d6\u30eb\u306b\u5bfe\u3059\u308b\u5148\u9032\u7684\u306a\u30bd\u30ea\u30e5\u30fc\u30b7\u30e7\u30f3\u3092\u63d0\u4f9b\u3059\u308b\u305f\u3081\u3001\u5e38\u306b\u7814\u7a76\u958b\u767a\u306b\u6295\u8cc7\u3057\u3066\u3044\u308b\u3002<\/li>\n\n\n\n<li><strong>\u53d7\u8cde\u6b74\u3068\u56fd\u969b\u7684\u8a55\u4fa1<\/strong> \u3053\u306e\u30d6\u30e9\u30f3\u30c9\u306f\u3001\u305d\u306e\u88fd\u54c1\u306e\u6709\u52b9\u6027\u304c\u8a55\u4fa1\u3055\u308c\u3001\u696d\u754c\u306e\u5c02\u9580\u5bb6\u3084\u6d88\u8cbb\u8005\u304b\u3089\u6570\u591a\u304f\u306e\u8cde\u3092\u53d7\u8cde\u3057\u3066\u3044\u308b\u3002<\/li>\n<\/ul>\n\n\n\n<h3 class=\"wp-block-heading has-large-font-size\">\u4e3b\u8981\u88fd\u54c1 CNP\u30e9\u30dc\u30e9\u30c8\u30ea\u30fc<\/h3>\n\n\n\n<ul class=\"wp-block-list\">\n<li><strong>CNP\u30d7\u30ed\u30dd\u30ea\u30b9\u30fb\u30a8\u30ca\u30b8\u30fc\u30fb\u30a2\u30af\u30c6\u30a3\u30d6\u30fb\u30a2\u30f3\u30d7\u30eb<\/strong> \u6297\u9178\u5316\u4f5c\u7528\u3001\u6297\u708e\u75c7\u4f5c\u7528\u3001\u6297\u83cc\u4f5c\u7528\u3067\u77e5\u3089\u308c\u308b\u30d7\u30ed\u30dd\u30ea\u30b9\u30a8\u30ad\u30b9\u3092\u914d\u5408\u3057\u305f\u30d9\u30b9\u30c8\u30bb\u30e9\u30fc\u7f8e\u5bb9\u6db2\u3002\u808c\u306b\u6df1\u3044\u6f64\u3044\u3068\u6d3b\u529b\u3092\u4e0e\u3048\u3001\u843d\u3061\u7740\u304b\u305b\u3001\u8f1d\u304d\u306e\u3042\u308b\u5065\u5eb7\u7684\u306a\u808c\u3078\u3068\u5c0e\u304d\u307e\u3059\u3002<\/li>\n\n\n\n<li><strong>CNP \u30a4\u30f3\u30d3\u30b8\u30d6\u30eb\u30fb\u30d4\u30fc\u30ea\u30f3\u30b0\u30fb\u30d6\u30fc\u30b9\u30bf\u30fc\uff1a<\/strong> \u53e4\u3044\u89d2\u8cea\u3092\u53d6\u308a\u9664\u304d\u3001\u30ad\u30e1\u3092\u6574\u3048\u3001\u8f1d\u304d\u3092\u4e0e\u3048\u3001\u305d\u306e\u5f8c\u306e\u5316\u7ca7\u54c1\u306e\u6d78\u900f\u3092\u826f\u304f\u3057\u307e\u3059\u3002\u654f\u611f\u808c\u306b\u3082\u9069\u3057\u3066\u3044\u307e\u3059\u3002<\/li>\n\n\n\n<li><strong>CNP\u30a2\u30f3\u30c1\u30dd\u30a2\u30d6\u30e9\u30c3\u30af\u30d8\u30c3\u30c9\u30af\u30ea\u30a2\u30ad\u30c3\u30c8\uff1a<\/strong> \u808c\u3092\u523a\u6fc0\u3059\u308b\u3053\u3068\u306a\u304f\u3001\u6bdb\u7a74\u306e\u9ed2\u305a\u307f\u3084\u76ae\u8102\u3092\u53d6\u308a\u9664\u304f\u753b\u671f\u7684\u306a2\u30b9\u30c6\u30c3\u30d7\u30ad\u30c3\u30c8\u3002\u6bdb\u7a74\u3092\u958b\u304f\u30d1\u30c3\u30c1\u3068\u4e0d\u7d14\u7269\u3092\u62bd\u51fa\u3059\u308b\u30de\u30b9\u30af\u4ed8\u304d\u3002<\/li>\n\n\n\n<li><strong>CNP \u30d7\u30ed\u30dd\u30ea\u30b9\u30fb\u30ea\u30d7\u30bb\u30ea\u30f3\u2122\uff1a<\/strong> \u30d7\u30ed\u30dd\u30ea\u30b9\u30a8\u30ad\u30b9\u3068\u30de\u30cc\u30ab\u30cf\u30cb\u30fc\u914d\u5408\u3067\u3001\u4e7e\u71e5\u3057\u3001\u3072\u3073\u5272\u308c\u305f\u5507\u306b\u6804\u990a\u3092\u4e0e\u3048\u3001\u4fdd\u8b77\u3057\u3001\u4fee\u5fa9\u3057\u307e\u3059\u3002<\/li>\n\n\n\n<li><strong>CNP \u30c8\u30fc\u30f3\u30a2\u30c3\u30d7\u30fb\u30d7\u30ed\u30c6\u30af\u30b7\u30e7\u30f3\u30fb\u30b5\u30f3 SPF42 PA+++\uff1a<\/strong> \u7d2b\u5916\u7dda\u304b\u3089\u808c\u3092\u5b88\u308a\u306a\u304c\u3089\u3001\u808c\u8272\u3092\u660e\u308b\u304f\u30c8\u30fc\u30f3\u30a2\u30c3\u30d7\u3055\u305b\u308b\u30cf\u30a4\u30d6\u30ea\u30c3\u30c9\u65e5\u713c\u3051\u6b62\u3081\u3002<\/li>\n\n\n\n<li><strong>CNP\u30d1\u30fc\u30d5\u30a7\u30af\u30c8\u30d0\u30ea\u30a2\u30ef\u30c3\u30af\u30b9\u30af\u30ec\u30f3\u30b6\u30fc\uff1a<\/strong> \u30bb\u30e9\u30df\u30c9\u914d\u5408\u306e\u808c\u306b\u3084\u3055\u3057\u3044\u30af\u30ec\u30f3\u30b8\u30f3\u30b0\u30b8\u30a7\u30eb\u3067\u3001\u808c\u672c\u6765\u306e\u30d0\u30ea\u30a2\u6a5f\u80fd\u3092\u640d\u306a\u3046\u3053\u3068\u306a\u304f\u3001\u4e0d\u7d14\u7269\u3092\u52b9\u679c\u7684\u306b\u53d6\u308a\u9664\u304d\u3001\u3057\u3063\u3068\u308a\u3068\u3057\u305f\u5fc3\u5730\u3088\u3044\u808c\u3078\u3068\u5c0e\u304d\u307e\u3059\u3002<\/li>\n<\/ul>\n\n\n\n<h3 class=\"wp-block-heading has-large-font-size\">CNP\u30e9\u30dc\u30e9\u30c8\u30ea\u30fc\u88fd\u54c1\u3092\u4f7f\u7528\u3059\u308b\u30e1\u30ea\u30c3\u30c8<\/h3>\n\n\n\n<ul class=\"wp-block-list\">\n<li><strong>\u808c\u5168\u4f53\u306e\u5065\u5eb7\u3092\u6539\u5584\u3059\u308b\uff1a<\/strong> \u808c\u306e\u81ea\u7136\u306a\u30d0\u30e9\u30f3\u30b9\u3092\u53d6\u308a\u623b\u3059\u305f\u3081\u306e\u51e6\u65b9\u3067\u3042\u308b\u3002<\/li>\n\n\n\n<li><strong>\u6700\u9069\u306a\u6c34\u5206\u88dc\u7d66\uff1a<\/strong> \u3053\u306e\u88fd\u54c1\u306f\u808c\u306b\u6f64\u3044\u3092\u4e0e\u3048\u3001\u8131\u6c34\u75c7\u72b6\u3092\u9632\u3050\u3002<\/li>\n\n\n\n<li><strong>\u708e\u75c7\u3084\u8d64\u307f\u3092\u548c\u3089\u3052\u308b\uff1a<\/strong> \u512a\u3057\u3044\u6210\u5206\u304c\u654f\u611f\u808c\u306e\u4e0d\u5feb\u611f\u3092\u8efd\u6e1b\u3059\u308b\u3002<\/li>\n\n\n\n<li><strong>\u6b20\u70b9\u3092\u6e1b\u3089\u3059\uff1a<\/strong> \u306b\u304d\u3073\u3001\u9ed2\u305a\u307f\u3001\u305d\u306e\u4ed6\u306e\u808c\u30c8\u30e9\u30d6\u30eb\u3092\u30bf\u30fc\u30b2\u30c3\u30c8\u306b\u3057\u305f\u7279\u5225\u306a\u30c8\u30ea\u30fc\u30c8\u30e1\u30f3\u30c8\u3002<\/li>\n\n\n\n<li><strong>\u74b0\u5883\u8981\u56e0\u304b\u3089\u306e\u4fdd\u8b77\uff1a<\/strong> \u6297\u9178\u5316\u7269\u8cea\u914d\u5408\u306e\u88fd\u54c1\u306f\u3001\u30d5\u30ea\u30fc\u30e9\u30b8\u30ab\u30eb\u304b\u3089\u808c\u3092\u5b88\u308b\u3002<\/li>\n<\/ul>\n\n\n\n<p><strong>CNP\u30e9\u30dc\u30e9\u30c8\u30ea\u30fc<\/strong> \u306f\u3001\u76ae\u819a\u79d1\u5b66\u3068\u5c02\u9580\u77e5\u8b58\u306b\u57fa\u3065\u304d\u3001\u76ee\u306b\u898b\u3048\u308b\u52b9\u679c\u3068\u808c\u306e\u5065\u5eb7\u3092\u5c0a\u91cd\u3057\u305f\u30b9\u30ad\u30f3\u30b1\u30a2\u88fd\u54c1\u3092\u304a\u63a2\u3057\u306e\u65b9\u306b\u3001\u5b89\u5168\u3067\u52b9\u679c\u7684\u306a\u9078\u629e\u80a2\u3067\u3059\u3002<\/p>\n\n\n\n<hr class=\"wp-block-separator aligncenter has-alpha-channel-opacity\"\/>\n\n\n\n<p class=\"has-text-align-center\"><strong>\u30aa\u30f3\u30e9\u30a4\u30f3\u3067\u5546\u54c1\u3092\u6ce8\u6587\u3059\u308b <strong>CNP\u30e9\u30dc\u30e9\u30c8\u30ea\u30fc<\/strong><\/strong> <strong>\u30aa\u30d5\u30a3\u30b7\u30e3\u30eb\u30fb\u30d1\u30fc\u30c8\u30ca\u30fc\u30fb\u30b7\u30e7\u30c3\u30d7\u304b\u3089\uff1a<\/strong><\/p>\n\n\n\n<div class=\"wp-block-group has-large-font-size is-layout-grid wp-container-core-group-is-layout-baef362d wp-block-group-is-layout-grid\">\n<figure class=\"wp-block-image size-medium\"><a href=\"https:\/\/sole.ro\/brand\/cnp-laboratory\" target=\"_blank\" rel=\" noreferrer noopener\"><img decoding=\"async\" width=\"300\" height=\"150\" src=\"https:\/\/onemd.ro\/wp-content\/uploads\/2021\/07\/f6-2-300x150.jpg\" alt=\"\u30bd\u30fc\u30eb\u30ed\" class=\"wp-image-297\" srcset=\"https:\/\/onemd.ro\/wp-content\/uploads\/2021\/07\/f6-2-300x150.jpg 300w, https:\/\/onemd.ro\/wp-content\/uploads\/2021\/07\/f6-2-16x8.jpg 16w, https:\/\/onemd.ro\/wp-content\/uploads\/2021\/07\/f6-2.jpg 600w\" sizes=\"(max-width: 300px) 100vw, 300px\" \/><\/a><\/figure>\n\n\n\n<figure class=\"wp-block-image size-full\"><a href=\"https:\/\/comenzi.farmaciatei.ro\/brand\/CNP-Laboratory\" target=\"_blank\" rel=\" noreferrer noopener\"><img fetchpriority=\"high\" decoding=\"async\" width=\"600\" height=\"300\" src=\"https:\/\/onemd.ro\/wp-content\/uploads\/2021\/07\/f1-1.jpg\" alt=\"\u30c6\u30a4\u85ac\u5c40\u30aa\u30d5\u30a3\u30b7\u30e3\u30eb\u30d1\u30fc\u30c8\u30ca\u30fc\u30b7\u30e7\u30c3\u30d7\" class=\"wp-image-301\" srcset=\"https:\/\/onemd.ro\/wp-content\/uploads\/2021\/07\/f1-1.jpg 600w, https:\/\/onemd.ro\/wp-content\/uploads\/2021\/07\/f1-1-300x150.jpg 300w, https:\/\/onemd.ro\/wp-content\/uploads\/2021\/07\/f1-1-16x8.jpg 16w\" sizes=\"(max-width: 600px) 100vw, 600px\" \/><\/a><\/figure>\n<\/div>\n\n\n\n<p><\/p>","protected":false},"excerpt":{"rendered":"<p>CNP Laboratory este un brand coreean de dermocosmetice fondat \u00een anul 2000 de c\u0103tre dermatologi de la renumita clinic\u0103 estetic\u0103 CNP (Cha and Park) din Coreea de Sud. Brandul \u00eembin\u0103 expertiza dermatologic\u0103 cu formule inovatoare, bazate pe cercetare \u0219tiin\u021bific\u0103, pentru a crea produse eficiente, dar bl\u00e2nde, dedicate \u00eengrijirii pielii problematice \u0219i sensibile. Filozofia CNP Laboratory este de a ajuta pielea s\u0103 revin\u0103 la starea sa natural\u0103 \u0219i s\u0103n\u0103toas\u0103, oferind solu\u021bii sigure \u0219i performante. De ce s\u0103 alegi CNP Laboratory? Produse cheie CNP Laboratory: Beneficiile utiliz\u0103rii produselor CNP Laboratory: CNP Laboratory reprezint\u0103 o alegere sigur\u0103 \u0219i eficient\u0103 pentru cei care caut\u0103 produse de \u00eengrijire a pielii bazate pe \u0219tiin\u021b\u0103 \u0219i expertiz\u0103 [&hellip;]<\/p>","protected":false},"author":1,"featured_media":0,"parent":0,"menu_order":0,"comment_status":"closed","ping_status":"closed","template":"","meta":{"footnotes":""},"class_list":["post-1261","page","type-page","status-publish","hentry"],"aioseo_notices":[],"_links":{"self":[{"href":"https:\/\/onemd.ro\/ja\/wp-json\/wp\/v2\/pages\/1261","targetHints":{"allow":["GET"]}}],"collection":[{"href":"https:\/\/onemd.ro\/ja\/wp-json\/wp\/v2\/pages"}],"about":[{"href":"https:\/\/onemd.ro\/ja\/wp-json\/wp\/v2\/types\/page"}],"author":[{"embeddable":true,"href":"https:\/\/onemd.ro\/ja\/wp-json\/wp\/v2\/users\/1"}],"replies":[{"embeddable":true,"href":"https:\/\/onemd.ro\/ja\/wp-json\/wp\/v2\/comments?post=1261"}],"version-history":[{"count":6,"href":"https:\/\/onemd.ro\/ja\/wp-json\/wp\/v2\/pages\/1261\/revisions"}],"predecessor-version":[{"id":1607,"href":"https:\/\/onemd.ro\/ja\/wp-json\/wp\/v2\/pages\/1261\/revisions\/1607"}],"wp:attachment":[{"href":"https:\/\/onemd.ro\/ja\/wp-json\/wp\/v2\/media?parent=1261"}],"curies":[{"name":"wp","href":"https:\/\/api.w.org\/{rel}","templated":true}]}}