{"id":1263,"date":"2025-04-02T07:49:48","date_gmt":"2025-04-02T07:49:48","guid":{"rendered":"https:\/\/onemd.ro\/?page_id=1263"},"modified":"2025-05-05T12:12:16","modified_gmt":"2025-05-05T12:12:16","slug":"the-whoo","status":"publish","type":"page","link":"https:\/\/onemd.ro\/ja\/the-whoo\/","title":{"rendered":"THE WHOO"},"content":{"rendered":"<div class=\"wp-block-image\">\n<figure class=\"aligncenter size-medium\"><img decoding=\"async\" width=\"300\" height=\"150\" src=\"https:\/\/onemd.ro\/wp-content\/uploads\/2025\/04\/the-whoo-300x150.jpg\" alt=\"WHOO\u306f\u3001\u30eb\u30fc\u30de\u30cb\u30a2\u3001\u30cf\u30f3\u30ac\u30ea\u30fc\u3001\u6771\u6b27\u306e\u516c\u5f0f\u4ee3\u7406\u5e97\u3067\u3042\u308bONE Master Distribution\u3092\u901a\u3058\u3066\u5165\u624b\u3067\u304d\u308b\u3002\" class=\"wp-image-1276\" srcset=\"https:\/\/onemd.ro\/wp-content\/uploads\/2025\/04\/the-whoo-300x150.jpg 300w, https:\/\/onemd.ro\/wp-content\/uploads\/2025\/04\/the-whoo-1024x512.jpg 1024w, https:\/\/onemd.ro\/wp-content\/uploads\/2025\/04\/the-whoo-768x384.jpg 768w, https:\/\/onemd.ro\/wp-content\/uploads\/2025\/04\/the-whoo.jpg 1058w\" sizes=\"(max-width: 300px) 100vw, 300px\" \/><\/figure><\/div>\n\n\n<p class=\"has-large-font-size\"><strong>\u30d5\u30fc\u306e\u6b74\u53f2 - \u738b\u5ba4\u306e\u7f8e\u306e\u518d\u767a\u898b<\/strong><\/p>\n\n\n\n<p class=\"has-normal-font-size\"><strong>THE WHOO<\/strong> \u306f\u3001\u97d3\u56fd\u738b\u5ba4\u306e\u7f8e\u306e\u79d8\u8a23\u306b\u30a4\u30f3\u30b9\u30d1\u30a4\u30a2\u3055\u308c\u305f\u30d7\u30ec\u30df\u30a2\u30e0\u30fb\u30b9\u30ad\u30f3\u30b1\u30a2\u30fb\u30d6\u30e9\u30f3\u30c9\u3067\u3042\u308b\u3002\u671d\u9bae\u738b\u671d\u306e\u738b\u5983\u305f\u3061\u306e\u6642\u4ee3\u3092\u8d85\u3048\u305f\u9b45\u529b\u3068\u512a\u96c5\u3055\u3092\u518d\u73fe\u3057\u305f\u3044\u3068\u3044\u3046\u9858\u3044\u304b\u3089\u751f\u307e\u308c\u305f\u3053\u306e\u30d6\u30e9\u30f3\u30c9\u306f\u3001\u4f1d\u7d71\u7684\u306a\u6771\u6d0b\u533b\u5b66\u306e\u77e5\u6075\u3068\u73fe\u4ee3\u306e\u76ae\u819a\u79d1\u5b66\u306e\u6700\u65b0\u306e\u77e5\u898b\u3092\u8abf\u548c\u3055\u305b\u3066\u3044\u308b\u3002<\/p>\n\n\n\n<h3 class=\"wp-block-heading has-large-font-size\">\ud83c\udf3f <strong>\u738b\u5ba4\u306e\u4f1d\u7d71\u3001\u73fe\u4ee3\u79d1\u5b66<\/strong><\/h3>\n\n\n\n<p class=\"has-normal-font-size\">WHOO\u306e\u5404\u88fd\u54c1\u306f\u3001\u91ce\u751f\u306e\u9ad8\u9e97\u4eba\u53c2\u3001\u6771\u6d0b\u306e\u30cf\u30fc\u30d6\u30a8\u30ad\u30b9\u3001\u4e0a\u8cea\u306a\u91d1\u3084\u771f\u73e0\u306e\u30d1\u30a6\u30c0\u30fc\u306a\u3069\u3001\u5e0c\u5c11\u3067\u8cb4\u91cd\u306a\u6210\u5206\u304c\u914d\u5408\u3055\u308c\u3066\u3044\u308b\u3002<\/p>\n\n\n\n<p class=\"has-normal-font-size\">\u7279\u8a31\u53d6\u5f97\u306e\u690d\u7269\u6027\u8907\u5408\u4f53 <strong>\u30b4\u30f3\u30b8\u30f3\u30d3\u30c0\u30f3<\/strong> \u305d\u3057\u3066 <strong>\u30d5\u30a1\u30e6\u30f3\u30c0\u30f3<\/strong>\u808c\u306e\u30a8\u30cd\u30eb\u30ae\u30fc\u30d0\u30e9\u30f3\u30b9\u3092\u6574\u3048\u3001\u751f\u304d\u751f\u304d\u3068\u3057\u305f\u30cf\u30ea\u3068\u8f1d\u304d\u306e\u3042\u308b\u808c\u3078\u3068\u5c0e\u304d\u307e\u3059\u3002<\/p>\n\n\n\n<h3 class=\"wp-block-heading has-primary-color has-text-color has-link-color has-large-font-size wp-elements-478be3c3a5f55529095e817afe2c6fb3\">\ud83c\udf1f<a href=\"https:\/\/www.sole.ro\/\" target=\"_blank\" rel=\"noopener\" title=\"\"> <strong>WHOO\u306e\u4e3b\u8981\u88fd\u54c1<\/strong><\/a><\/h3>\n\n\n\n<ol class=\"wp-block-list\">\n<li><strong>\u30d3\u30c1\u30e3\u30c3\u30d7 \u30bb\u30eb\u30d5\u30b8\u30a7\u30cd\u30ec\u30fc\u30c6\u30a3\u30f3\u30b0 \u30a2\u30f3\u30c1\u30a8\u30a4\u30b8\u30f3\u30b0 \u30a8\u30c3\u30bb\u30f3\u30b9<\/strong>\n<ul class=\"wp-block-list\">\n<li class=\"has-normal-font-size\">\u30d6\u30e9\u30f3\u30c9\u306e\u30d9\u30b9\u30c8\u30bb\u30e9\u30fc\u5546\u54c1\u3002\u808c\u306e\u518d\u751f\u3001\u5f3e\u529b\u6027\u306e\u5411\u4e0a\u3001\u6df1\u3044\u4fdd\u6e7f\u3092\u52a9\u3051\u308b\u30a2\u30f3\u30c1\u30ea\u30f3\u30af\u30eb\u30a8\u30c3\u30bb\u30f3\u30b9\u3002\u7687\u5ba4\u79d8\u4f1d\u306e\u30ec\u30b7\u30d4\u306b\u30d2\u30f3\u30c8\u3092\u5f97\u305f\u30d5\u30a1\u30e6\u30f3\u30c0\u30f3\u30b3\u30f3\u30d7\u30ec\u30c3\u30af\u30b9\u914d\u5408\u3002<\/li>\n<\/ul>\n<\/li>\n\n\n\n<li><strong>\u6e05\u56e3\u30e9\u30c7\u30a3\u30a2\u30f3\u30c8\u30fb\u30ea\u30b8\u30e5\u30d3\u30cd\u30a4\u30c6\u30a3\u30f3\u30b0\u30fb\u30af\u30ea\u30fc\u30e0<\/strong>\n<ul class=\"wp-block-list\">\n<li>\u6df1\u3044\u30d6\u30e9\u30a4\u30c8\u30cb\u30f3\u30b0\u3068\u518d\u751f\u52b9\u679c\u306e\u3042\u308b\u8d05\u6ca2\u306a\u30a8\u30a4\u30b8\u30f3\u30b0\u30b1\u30a2\u30af\u30ea\u30fc\u30e0\u3002\u5e74\u9f62\u3092\u91cd\u306d\u3001\u304f\u3059\u3093\u3060\u304a\u808c\u306b\u304a\u3059\u3059\u3081\u3067\u3059\u3002<\/li>\n<\/ul>\n<\/li>\n\n\n\n<li><strong>\u548c\u53cb\u30a4\u30f3\u30da\u30ea\u30a2\u30eb\u30fb\u30e6\u30fc\u30b9\u30fb\u30af\u30ea\u30fc\u30e0<\/strong>\n<ul class=\"wp-block-list\">\n<li>\u6700\u3082\u9ad8\u7d1a\u306aThe WHOO\u30af\u30ea\u30fc\u30e0\u306f\u3001\"\u82e5\u3055\u306e\u4e07\u80fd\u85ac \"\u3068\u8a00\u308f\u308c\u308bHwanyu\u30b7\u30ea\u30fc\u30ba\u306e\u3072\u3068\u3064\u3002\u9ad8\u9e97\u4eba\u53c2\u3084\u5929\u7136\u30bb\u30e9\u30df\u30c9\u306a\u3069\u306e\u5e0c\u5c11\u6210\u5206\u3092\u8d85\u6fc3\u7e2e\u914d\u5408\u3002<\/li>\n<\/ul>\n<\/li>\n\n\n\n<li><strong>\u30b4\u30f3\u30b8\u30f3\u30d2\u30e3\u30f3 \u30a8\u30c3\u30bb\u30f3\u30b7\u30e3\u30eb\u30fb\u30e2\u30a4\u30b9\u30c1\u30e3\u30e9\u30a4\u30b8\u30f3\u30b0\u30fb\u30d0\u30e9\u30f3\u30b5\u30fc\uff06\u30a8\u30de\u30eb\u30b8\u30e7\u30f3<\/strong>\n<ul class=\"wp-block-list\">\n<li>\u808c\u306e\u30d0\u30e9\u30f3\u30b9\u3092\u6574\u3048\u3001\u3046\u308b\u304a\u3044\u3092\u9577\u6642\u9593\u6301\u7d9a\u3055\u305b\u308b\u306e\u306b\u7406\u60f3\u7684\u306a\u5316\u7ca7\u6c34\u3068\u4e73\u6db2\u306e\u30c7\u30e5\u30aa\u3002<\/li>\n<\/ul>\n<\/li>\n\n\n\n<li><strong>\u30b8\u30f3\u30e6\u30eb\u30d2\u30e3\u30f3 \u30a4\u30f3\u30c6\u30f3\u30b7\u30d6 \u30ea\u30d0\u30a4\u30bf\u30e9\u30a4\u30b8\u30f3\u30b0 \u30af\u30ea\u30fc\u30e0<\/strong>\n<ul class=\"wp-block-list\">\n<li>\u4e7e\u71e5\u808c\u3084\u5e74\u9f62\u808c\u306e\u305f\u3081\u306b\u958b\u767a\u3055\u308c\u305f\u3053\u306e\u30af\u30ea\u30fc\u30e0\u306f\u3001\u808c\u306e\u30d0\u30ea\u30a2\u6a5f\u80fd\u3092\u88dc\u3044\u3001\u76ee\u306b\u898b\u3048\u308b\u30ea\u30d5\u30c6\u30a3\u30f3\u30b0\u52b9\u679c\u3092\u3082\u305f\u3089\u3057\u307e\u3059\u3002<\/li>\n<\/ul>\n<\/li>\n<\/ol>\n\n\n\n<h3 class=\"wp-block-heading has-large-font-size\">\u2728 <strong>WHOO\u306e\u7d4c\u9a13<\/strong><\/h3>\n\n\n\n<p class=\"has-normal-font-size\">WHOO\u306f\u5358\u306a\u308b\u30b9\u30ad\u30f3\u30b1\u30a2\u3067\u306f\u3042\u308a\u307e\u305b\u3093\u3002\u738b\u5ba4\u306e\u5de5\u82b8\u54c1\u306b\u30a4\u30f3\u30b9\u30d1\u30a4\u30a2\u3055\u308c\u305f\u30d1\u30c3\u30b1\u30fc\u30b8\u3001\u30d9\u30eb\u30d9\u30c3\u30c8\u306e\u3088\u3046\u306a\u30c6\u30af\u30b9\u30c1\u30e3\u30fc\u3001\u4e0a\u8cea\u306a\u30d5\u30ec\u30b0\u30e9\u30f3\u30b9\u304c\u3001\u30b9\u30ad\u30f3\u30b1\u30a2\u306e\u7fd2\u6163\u3092\u9ad8\u8cb4\u306a\u7f8e\u5bb9\u306e\u5100\u5f0f\u3078\u3068\u5909\u3048\u307e\u3059\u3002\u30b9\u30ad\u30f3\u30b1\u30a2\u306e\u738b\u5ba4\u82b8\u8853\u3092\u767a\u898b\u3057\u3001\u6771\u6d0b\u306e\u4f1d\u7d71\u3092\u518d\u89e3\u91c8\u3057\u305f\u30e9\u30b0\u30b8\u30e5\u30a2\u30ea\u30fc\u306a\u30b9\u30ad\u30f3\u30b1\u30a2\u3067\u3042\u306a\u305f\u306e\u808c\u3092\u7518\u3084\u304b\u3057\u307e\u3057\u3087\u3046\u3002<\/p>\n\n\n\n<p class=\"has-text-align-center\"><strong>\u30aa\u30d5\u30a3\u30b7\u30e3\u30eb\u30d1\u30fc\u30c8\u30ca\u30fc\u306eSOLE\u304b\u3089\u30aa\u30f3\u30e9\u30a4\u30f3\u3067\u6ce8\u6587<\/strong><\/p>\n\n\n\n<div class=\"wp-block-buttons is-horizontal is-content-justification-center is-layout-flex wp-container-core-buttons-is-layout-499968f5 wp-block-buttons-is-layout-flex\">\n<div class=\"wp-block-button is-style-outline is-style-outline--1\"><a class=\"wp-block-button__link has-background-color has-text-color has-background wp-element-button\" href=\"https:\/\/www.sole.ro\" style=\"border-radius:17px;background-color:#1474b8\">\u30aa\u30fc\u30c0\u30fc<\/a><\/div>\n<\/div>","protected":false},"excerpt":{"rendered":"<p>The History of Whoo \u2013 Frumuse\u021bea regal\u0103, redescoperit\u0103 The WHOO este un brand premium de skincare inspirat din secretele de frumuse\u021be ale cur\u021bii regale coreene. N\u0103scut din dorin\u021ba de a reda str\u0103lucirea \u0219i elegan\u021ba atemporal\u0103 a reginelor dinastiei Joseon, brandul \u00eembin\u0103 armonios \u00een\u021belepciunea medicinei orientale tradi\u021bionale cu cele mai noi descoperiri din dermatologia modern\u0103. \ud83c\udf3f Tradi\u021bie regal\u0103, \u0219tiin\u021b\u0103 modern\u0103 Fiecare produs The WHOO este formulat cu ingrediente rare \u0219i pre\u021bioase \u2013 precum ginsengul s\u0103lbatic, extracte din plante medicinale orientale \u0219i pulberi fine de aur sau perle \u2013 inspirate din re\u021bete cosmetice p\u0103strate secole \u00eentregi \u00een arhivele imperiale. Complexele botanice patentate, precum GongJinBiDan \u0219i HwaYoonDan, ajut\u0103 la echilibrarea energiei pielii, oferind [&hellip;]<\/p>","protected":false},"author":1,"featured_media":0,"parent":0,"menu_order":0,"comment_status":"closed","ping_status":"closed","template":"","meta":{"footnotes":""},"class_list":["post-1263","page","type-page","status-publish","hentry"],"aioseo_notices":[],"_links":{"self":[{"href":"https:\/\/onemd.ro\/ja\/wp-json\/wp\/v2\/pages\/1263","targetHints":{"allow":["GET"]}}],"collection":[{"href":"https:\/\/onemd.ro\/ja\/wp-json\/wp\/v2\/pages"}],"about":[{"href":"https:\/\/onemd.ro\/ja\/wp-json\/wp\/v2\/types\/page"}],"author":[{"embeddable":true,"href":"https:\/\/onemd.ro\/ja\/wp-json\/wp\/v2\/users\/1"}],"replies":[{"embeddable":true,"href":"https:\/\/onemd.ro\/ja\/wp-json\/wp\/v2\/comments?post=1263"}],"version-history":[{"count":3,"href":"https:\/\/onemd.ro\/ja\/wp-json\/wp\/v2\/pages\/1263\/revisions"}],"predecessor-version":[{"id":1401,"href":"https:\/\/onemd.ro\/ja\/wp-json\/wp\/v2\/pages\/1263\/revisions\/1401"}],"wp:attachment":[{"href":"https:\/\/onemd.ro\/ja\/wp-json\/wp\/v2\/media?parent=1263"}],"curies":[{"name":"wp","href":"https:\/\/api.w.org\/{rel}","templated":true}]}}