{"id":1286,"date":"2025-04-11T09:09:17","date_gmt":"2025-04-11T09:09:17","guid":{"rendered":"https:\/\/onemd.ro\/?page_id=1286"},"modified":"2025-09-01T12:05:51","modified_gmt":"2025-09-01T12:05:51","slug":"elyns-lab","status":"publish","type":"page","link":"https:\/\/onemd.ro\/ja\/elyns-lab\/","title":{"rendered":"\u30a8\u30ea\u30f3\u306e\u7814\u7a76\u5ba4"},"content":{"rendered":"<div class=\"wp-block-image\">\n<figure class=\"aligncenter size-medium\"><img decoding=\"async\" width=\"300\" height=\"150\" src=\"https:\/\/onemd.ro\/wp-content\/uploads\/2025\/04\/Elyns-Lab-300x150.jpg\" alt=\"\u30a4\u30fc\u30ea\u30f3\u306e\u7814\u7a76\u5ba4\" class=\"wp-image-1287\" srcset=\"https:\/\/onemd.ro\/wp-content\/uploads\/2025\/04\/Elyns-Lab-300x150.jpg 300w, https:\/\/onemd.ro\/wp-content\/uploads\/2025\/04\/Elyns-Lab-1024x512.jpg 1024w, https:\/\/onemd.ro\/wp-content\/uploads\/2025\/04\/Elyns-Lab-768x384.jpg 768w, https:\/\/onemd.ro\/wp-content\/uploads\/2025\/04\/Elyns-Lab.jpg 1058w\" sizes=\"(max-width: 300px) 100vw, 300px\" \/><\/figure><\/div>\n\n\n<h2 class=\"wp-block-heading has-large-font-size\"><strong>Elyn's Lab - \u6e05\u6f54\u3067\u52b9\u679c\u7684\u306a\u30d3\u30e5\u30fc\u30c6\u30a3\u30fc\u30fb\u30e9\u30dc<\/strong><\/h2>\n\n\n\n<p class=\"has-normal-font-size\"><strong>\u30a4\u30fc\u30ea\u30f3\u306e\u7814\u7a76\u5ba4<\/strong> \u306f\u3001\u30af\u30ea\u30fc\u30f3\u306a\u51e6\u65b9\u3001\u6700\u5148\u7aef\u306e\u6709\u52b9\u6210\u5206\u3001\u7f8e\u5bb9\u3078\u306e\u79d1\u5b66\u7684\u30a2\u30d7\u30ed\u30fc\u30c1\u3078\u306e\u60c5\u71b1\u304b\u3089\u751f\u307e\u308c\u305f\u30eb\u30fc\u30de\u30cb\u30a2\u306e\u30b9\u30ad\u30f3\u30b1\u30a2\u30d6\u30e9\u30f3\u30c9\u3067\u3059\u3002\u79c1\u305f\u3061\u306f\u3001\u900f\u660e\u6027\u3001\u52b9\u7387\u6027\u3001\u305d\u3057\u3066\u808c\u3068\u5730\u7403\u3078\u306e\u656c\u610f\u3092\u5927\u5207\u306b\u3057\u3066\u3044\u307e\u3059\u3002<\/p>\n\n\n\n<h3 class=\"wp-block-heading has-large-font-size\">\ud83c\udf3f <strong>\u306a\u305c\u30a8\u30ea\u30f3\u30ba\u30fb\u30e9\u30dc\u306f\u7279\u5225\u306a\u306e\u304b\uff1f<\/strong><\/h3>\n\n\n\n<p class=\"has-normal-font-size\">\u30a8\u30ea\u30f3\u30ba\u30fb\u30e9\u30dc\u306e\u5404\u88fd\u54c1\u306f\u3001\u76ae\u819a\u79d1\u533b\u3068\u5316\u7ca7\u54c1\u5316\u5b66\u8005\u306e\u5354\u529b\u306e\u3082\u3068\u3001\u4ee5\u4e0b\u306e\u70b9\u306b\u91cd\u70b9\u3092\u7f6e\u3044\u3066\u4f5c\u3089\u308c\u3066\u3044\u308b\u3002 <strong>\u808c\u306e\u672c\u5f53\u306e\u30cb\u30fc\u30ba<\/strong> \u305d\u3057\u3066 <strong>\u76ee\u306b\u898b\u3048\u308b\u7d50\u679c<\/strong>.\u79c1\u305f\u3061\u306f\u3001\u81e8\u5e8a\u8a66\u9a13\u6e08\u307f\u306e\u6709\u52b9\u6210\u5206\u3092\u5b89\u5168\u304b\u3064\u52b9\u679c\u7684\u306a\u6fc3\u5ea6\u3067\u4f7f\u7528\u3057\u3001\u76ae\u819a\u79d1\u7684\u554f\u984c\u306e\u771f\u306e\u89e3\u6c7a\u7b56\u3092\u63d0\u4f9b\u3057\u307e\u3059\u3002<\/p>\n\n\n\n<h3 class=\"wp-block-heading has-large-font-size\">\ud83d\udd2c <strong>\u9769\u65b0\u7684\u306a\u51e6\u65b9\u3002\u30af\u30ea\u30fc\u30f3\u306a\u6210\u5206\u3002\u672c\u7269\u306e\u7d50\u679c\u3002<\/strong><\/h3>\n\n\n\n<p class=\"has-normal-font-size\">\u5408\u6210\u9999\u6599\u4e0d\u4f7f\u7528\u3002\u30d1\u30e9\u30d9\u30f3\u4e0d\u4f7f\u7528\u3002\u3067\u305f\u3089\u3081\u306a\u3057\u3002<\/p>\n\n\n\n<p class=\"has-normal-font-size\">\u30a8\u30ea\u30f3\u30ba\u30fb\u30e9\u30dc\u306e\u88fd\u54c1\u306f\u3001\u30f4\u30a3\u30fc\u30ac\u30f3\u3001\u30af\u30eb\u30fc\u30a8\u30eb\u30c6\u30a3\u30d5\u30ea\u30fc\u3067\u3001\u808c\u306e\u81ea\u7136\u306a\u30d0\u30e9\u30f3\u30b9\u3092\u5c0a\u91cd\u3057\u3066\u51e6\u65b9\u3055\u308c\u3066\u3044\u307e\u3059\u3002\u654f\u611f\u808c\u3001\u30cb\u30ad\u30d3\u808c\u3001\u6210\u719f\u808c\u3092\u4e2d\u5fc3\u306b\u3001\u3059\u3079\u3066\u306e\u808c\u30bf\u30a4\u30d7\u306b\u5bfe\u5fdc\u3057\u3066\u3044\u307e\u3059\u3002<\/p>\n\n\n\n<h2 class=\"wp-block-heading has-primary-color has-text-color has-link-color has-large-font-size wp-elements-cc1b721cd7fd2c3882b15f395fd34ad6\">\u4e3b\u8981\u88fd\u54c1<\/h2>\n\n\n\n<h3 class=\"wp-block-heading has-large-font-size\"><strong>1.\u30ca\u30a4\u30a2\u30b7\u30f3\u30a2\u30df\u30c9 + \u4e9c\u925b\u7f8e\u5bb9\u6db2 10%<\/strong><\/h3>\n\n\n\n<p class=\"has-normal-font-size\">\u6bdb\u7a74\u3092\u76ee\u7acb\u305f\u306a\u304f\u3057\u3001\u76ae\u8102\u3092\u8abf\u6574\u3057\u3001\u8d64\u307f\u3092\u548c\u3089\u3052\u308b\u3002\u30cb\u30ad\u30d3\u304c\u3067\u304d\u3084\u3059\u3044\u6df7\u5408\u808c\u3084\u30aa\u30a4\u30ea\u30fc\u808c\u306b\u6700\u9069\u3002<\/p>\n\n\n\n<h3 class=\"wp-block-heading has-large-font-size\"><strong>2.\u30bb\u30e9\u30df\u30c9\u30fb\u30b3\u30f3\u30d7\u30ec\u30c3\u30af\u30b9\u914d\u5408\u30d0\u30ea\u30a2\u30fb\u30ea\u30da\u30a2\u30fb\u30af\u30ea\u30fc\u30e0<\/strong><\/h3>\n\n\n\n<p class=\"has-normal-font-size\">\u808c\u306e\u30d0\u30ea\u30a2\u6a5f\u80fd\u3092\u56de\u5fa9\u3055\u305b\u3001\u523a\u6fc0\u3092\u548c\u3089\u3052\u3001\u96c6\u4e2d\u7684\u306b\u4fdd\u6e7f\u3057\u307e\u3059\u3002\u4f4e\u523a\u6fc0\u51e6\u65b9\u3002<\/p>\n\n\n\n<h3 class=\"wp-block-heading has-large-font-size\"><strong>3.\u30b5\u30ea\u30c1\u30eb\u9178\u542b\u6709BHA 2% \u30a8\u30af\u30b9\u30d5\u30a9\u30ea\u30a8\u30fc\u30bf\u30fc<\/strong><\/h3>\n\n\n\n<p class=\"has-normal-font-size\">\u6bdb\u7a74\u3092\u30c7\u30a3\u30fc\u30d7\u30af\u30ec\u30f3\u30b8\u30f3\u30b0\u3057\u3001\u30b7\u30df\u3092\u9632\u304e\u3001\u808c\u306e\u30ad\u30e1\u3092\u6574\u3048\u307e\u3059\u3002\u90311\u56de\u306e\u4f7f\u7528\u306b\u9069\u3057\u3066\u3044\u307e\u3059\u3002<\/p>\n\n\n\n<h3 class=\"wp-block-heading has-large-font-size\"><strong>4.SPF 50+ \u30a6\u30eb\u30c8\u30e9\u30e9\u30a4\u30c8\u30fb\u30d5\u30eb\u30a4\u30c9<\/strong><\/h3>\n\n\n\n<p class=\"has-normal-font-size\">\u30d6\u30ed\u30fc\u30c9\u30b9\u30da\u30af\u30c8\u30e9\u30e0\u306e\u30b5\u30f3\u30d7\u30ed\u30c6\u30af\u30b7\u30e7\u30f3\u3001\u8efd\u3044\u3064\u3051\u5fc3\u5730\u3001\u30de\u30c3\u30c8\u306a\u8cea\u611f\u3002<\/p>\n\n\n\n<h2 class=\"wp-block-heading has-large-font-size\">\u30a8\u30ea\u30f3\u306e\u30e9\u30dc\u306f\u8ab0\u306e\u305f\u3081\uff1f<\/h2>\n\n\n\n<p class=\"has-normal-font-size\">\u79d1\u5b66\u7684\u6839\u62e0\u306b\u57fa\u3065\u3044\u305f\u3001\u52b9\u679c\u7684\u3067\u30df\u30cb\u30de\u30eb\u306a\u30b9\u30ad\u30f3\u30b1\u30a2\u7fd2\u6163\u3092\u304a\u6c42\u3081\u306e\u65b9\u306b\u3002\u7a7a\u865a\u306a\u7d04\u675f\u3067\u306f\u306a\u304f\u3001\u78ba\u304b\u306a\u52b9\u679c\u3092\u5b9f\u611f\u3067\u304d\u308b\u88fd\u54c1\u3092\u304a\u6c42\u3081\u306e\u65b9\u306b\u3002\u5e74\u9f62\u3001\u6027\u5225\u3001\u30bf\u30a4\u30d7\u306b\u95a2\u4fc2\u306a\u304f\u3001\u3042\u306a\u305f\u306e\u808c\u306e\u305f\u3081\u306b\u3002<\/p>\n\n\n\n<hr class=\"wp-block-separator aligncenter has-alpha-channel-opacity\"\/>\n\n\n\n<p class=\"has-text-align-center\"><strong>\u30aa\u30f3\u30e9\u30a4\u30f3\u3067\u5546\u54c1\u3092\u6ce8\u6587\u3059\u308b <strong>\u30a4\u30fc\u30ea\u30f3\u306e\u7814\u7a76\u5ba4<\/strong> \u30aa\u30d5\u30a3\u30b7\u30e3\u30eb\u30fb\u30d1\u30fc\u30c8\u30ca\u30fc\u30fb\u30b7\u30e7\u30c3\u30d7\u304b\u3089\uff1a<\/strong><\/p>\n\n\n\n<div class=\"wp-block-group has-large-font-size is-layout-grid wp-container-core-group-is-layout-6be84c55 wp-block-group-is-layout-grid\">\n<figure class=\"wp-block-image size-medium\"><a href=\"https:\/\/sole.ro\/brand\/elyn-s-lab\" target=\"_blank\" rel=\" noreferrer noopener\"><img decoding=\"async\" width=\"300\" height=\"150\" src=\"https:\/\/onemd.ro\/wp-content\/uploads\/2021\/07\/f6-2-300x150.jpg\" alt=\"\u30bd\u30fc\u30eb\u30ed\" class=\"wp-image-297\" srcset=\"https:\/\/onemd.ro\/wp-content\/uploads\/2021\/07\/f6-2-300x150.jpg 300w, https:\/\/onemd.ro\/wp-content\/uploads\/2021\/07\/f6-2-16x8.jpg 16w, https:\/\/onemd.ro\/wp-content\/uploads\/2021\/07\/f6-2.jpg 600w\" sizes=\"(max-width: 300px) 100vw, 300px\" \/><\/a><\/figure>\n<\/div>","protected":false},"excerpt":{"rendered":"<p>Elyn\u2019s Lab \u2013 Laboratorul frumuse\u021bii tale curate \u0219i eficiente Elyn\u2019s Lab este un brand rom\u00e2nesc dedicat \u00eengrijirii pielii, n\u0103scut din pasiunea pentru formule curate, ingrediente active de ultim\u0103 genera\u021bie \u0219i o abordare \u0219tiin\u021bific\u0103 a frumuse\u021bii. Credem \u00een transparen\u021b\u0103, eficien\u021b\u0103 \u0219i respect fa\u021b\u0103 de piele \u0219i planet\u0103. \ud83c\udf3f De ce s\u0103 alegi Elyn\u2019s Lab? Fiecare produs Elyn\u2019s Lab este creat \u00een colaborare cu dermatologi \u0219i chimi\u0219ti cosmetologi, pun\u00e2nd \u00een centrul aten\u021biei nevoile reale ale pielii \u0219i rezultatele vizibile. Folosim ingrediente active testate clinic, \u00eentr-o concentra\u021bie eficient\u0103 \u0219i sigur\u0103, pentru a oferi solu\u021bii reale pentru problemele tale dermatologice. \ud83d\udd2c Formule inovatoare. Ingrediente curate. Rezultate reale. F\u0103r\u0103 parfumuri sintetice. F\u0103r\u0103 parabeni. F\u0103r\u0103 bullshit. [&hellip;]<\/p>","protected":false},"author":1,"featured_media":0,"parent":0,"menu_order":0,"comment_status":"closed","ping_status":"closed","template":"","meta":{"footnotes":""},"class_list":["post-1286","page","type-page","status-publish","hentry"],"aioseo_notices":[],"_links":{"self":[{"href":"https:\/\/onemd.ro\/ja\/wp-json\/wp\/v2\/pages\/1286","targetHints":{"allow":["GET"]}}],"collection":[{"href":"https:\/\/onemd.ro\/ja\/wp-json\/wp\/v2\/pages"}],"about":[{"href":"https:\/\/onemd.ro\/ja\/wp-json\/wp\/v2\/types\/page"}],"author":[{"embeddable":true,"href":"https:\/\/onemd.ro\/ja\/wp-json\/wp\/v2\/users\/1"}],"replies":[{"embeddable":true,"href":"https:\/\/onemd.ro\/ja\/wp-json\/wp\/v2\/comments?post=1286"}],"version-history":[{"count":6,"href":"https:\/\/onemd.ro\/ja\/wp-json\/wp\/v2\/pages\/1286\/revisions"}],"predecessor-version":[{"id":1713,"href":"https:\/\/onemd.ro\/ja\/wp-json\/wp\/v2\/pages\/1286\/revisions\/1713"}],"wp:attachment":[{"href":"https:\/\/onemd.ro\/ja\/wp-json\/wp\/v2\/media?parent=1286"}],"curies":[{"name":"wp","href":"https:\/\/api.w.org\/{rel}","templated":true}]}}