{"id":1291,"date":"2025-04-11T09:10:47","date_gmt":"2025-04-11T09:10:47","guid":{"rendered":"https:\/\/onemd.ro\/?page_id=1291"},"modified":"2025-08-29T09:13:59","modified_gmt":"2025-08-29T09:13:59","slug":"plu","status":"publish","type":"page","link":"https:\/\/onemd.ro\/ja\/plu\/","title":{"rendered":"\u30d7\u30eb"},"content":{"rendered":"<div class=\"wp-block-image\">\n<figure class=\"aligncenter size-medium\"><img decoding=\"async\" width=\"300\" height=\"150\" src=\"https:\/\/onemd.ro\/wp-content\/uploads\/2025\/04\/plu-300x150.jpg\" alt=\"\u30d7\u30eb\" class=\"wp-image-1293\" srcset=\"https:\/\/onemd.ro\/wp-content\/uploads\/2025\/04\/plu-300x150.jpg 300w, https:\/\/onemd.ro\/wp-content\/uploads\/2025\/04\/plu-1024x512.jpg 1024w, https:\/\/onemd.ro\/wp-content\/uploads\/2025\/04\/plu-768x384.jpg 768w, https:\/\/onemd.ro\/wp-content\/uploads\/2025\/04\/plu.jpg 1058w\" sizes=\"(max-width: 300px) 100vw, 300px\" \/><\/figure><\/div>\n\n\n<p class=\"has-small-font-size\"><strong>PLU<\/strong> PLU\u306f\u5358\u306a\u308b\u5316\u7ca7\u54c1\u30d6\u30e9\u30f3\u30c9\u3067\u306f\u3042\u308a\u307e\u305b\u3093\u3002\u30bb\u30eb\u30d5\u30b1\u30a2\u306e\u4e00\u77ac\u4e00\u77ac\u3092\u8d05\u6ca2\u306a\u5100\u5f0f\u306b\u5909\u3048\u308b\u3001\u5b8c\u5168\u306a\u611f\u899a\u4f53\u9a13\u3067\u3059\u3002\u81ea\u7136\u304b\u3089\u30a4\u30f3\u30b9\u30d1\u30a4\u30a2\u3055\u308c\u3001\u4e00\u6d41\u306e\u7814\u7a76\u6240\u3067\u614e\u91cd\u306b\u958b\u767a\u3055\u308c\u305f\u51e6\u65b9\u306b\u3088\u308a\u3001PLU\u306f\u52b9\u679c\u3068\u559c\u3073\u306e\u5b8c\u74a7\u306a\u30d0\u30e9\u30f3\u30b9\u3092\u3082\u305f\u3089\u3057\u307e\u3059\u3002<\/p>\n\n\n\n<h3 class=\"wp-block-heading has-large-font-size\">\ud83c\udf38 <strong>\u9ad8\u7d1a\u30dc\u30c7\u30a3\u30b1\u30a2\u88fd\u54c1\u3067\u65e5\u8ab2\u3092\u4f5c\u308b<\/strong><\/h3>\n\n\n\n<p class=\"has-small-font-size\">\u3059\u3079\u3066\u306ePLU\u88fd\u54c1\u306f\u3001\u808c\u306e\u6f5c\u5728\u80fd\u529b\u3092\u6700\u5927\u9650\u306b\u5f15\u304d\u51fa\u3057\u3001\u5065\u3084\u304b\u3067\u8f1d\u304d\u306e\u3042\u308b\u67d4\u3089\u304b\u306a\u808c\u3078\u3068\u5c0e\u304d\u307e\u3059\u3002\u9999\u308a\u8c4a\u304b\u306a\u30b7\u30e3\u30ef\u30fc\u30b8\u30a7\u30eb\u304b\u3089\u3001\u307f\u305a\u307f\u305a\u3057\u3044\u30a8\u30af\u30b9\u30d5\u30a9\u30ea\u30a8\u30a4\u30c6\u30a3\u30f3\u30b0\u30b9\u30af\u30e9\u30d6\u3001\u4fdd\u6e7f\u52b9\u679c\u306e\u9ad8\u3044\u30dc\u30c7\u30a3\u30ed\u30fc\u30b7\u30e7\u30f3\u307e\u3067\u3001\u3059\u3079\u3066\u306e\u30c6\u30af\u30b9\u30c1\u30e3\u30fc\u3068\u9999\u308a\u304c\u7269\u8a9e\u308a\u307e\u3059\u3002<\/p>\n\n\n\n<h2 class=\"wp-block-heading has-primary-color has-text-color has-link-color has-large-font-size wp-elements-3476a42de65ffb0a595154046c1cc146\">PLU\u30ad\u30fc\u5546\u54c1<\/h2>\n\n\n\n<h3 class=\"wp-block-heading has-large-font-size\"><strong>1.PLU \u30dc\u30c7\u30a3\u30b9\u30af\u30e9\u30d6 \u30b7\u30fc\u30bd\u30eb\u30c8\uff06\u30de\u30ab\u30c0\u30df\u30a2\u30aa\u30a4\u30eb<\/strong><\/h3>\n\n\n\n<p class=\"has-small-font-size\">\u53e4\u3044\u89d2\u8cea\u3092\u3084\u3055\u3057\u304f\u53d6\u308a\u9664\u304d\u3001\u306a\u3081\u3089\u304b\u3067\u3057\u3063\u3068\u308a\u3068\u3057\u305f\u808c\u3078\u3002\u9b45\u60d1\u7684\u306a\u30d5\u30ec\u30fc\u30d0\u30fc\u304c\u63c3\u3063\u3066\u3044\u307e\u3059\uff1a <strong>\u30b6\u30af\u30ed\u3001\u30b3\u30b3\u30ca\u30c3\u30c4\u3001\u30ed\u30fc\u30ba<\/strong>.<\/p>\n\n\n\n<h3 class=\"wp-block-heading has-large-font-size\"><strong>2.\u30a2\u30ed\u30de\u30c6\u30a3\u30c3\u30af\u30fb\u30b7\u30e3\u30ef\u30fc\u30b8\u30a7\u30ebPLU<\/strong><\/h3>\n\n\n\n<p class=\"has-small-font-size\">\u30b7\u30eb\u30af\u306e\u3088\u3046\u306a\u30c6\u30af\u30b9\u30c1\u30e3\u30fc\u3068\u6fc3\u539a\u306a\u9999\u308a\u304c\u6301\u7d9a\u3059\u308bPLU\u306e\u30b7\u30e3\u30ef\u30fc\u30b8\u30a7\u30eb\u306f\u3001\u3054\u81ea\u5b85\u3067\u30b9\u30d1\u4f53\u9a13\u3092\u304a\u697d\u3057\u307f\u3044\u305f\u3060\u3051\u307e\u3059\u3002\u30d9\u30b9\u30c8\u30bb\u30e9\u30fc\u306e\u30d0\u30ea\u30a8\u30fc\u30b7\u30e7\u30f3\uff1a <strong>\u30e9\u30d9\u30f3\u30c0\u30fc\uff06\u30e0\u30b9\u30af\u3001\u30c1\u30a7\u30ea\u30fc\u30d6\u30ed\u30c3\u30b5\u30e0\u3001\u30d4\u30fc\u30c1\u30cd\u30af\u30bf\u30fc<\/strong>.<\/p>\n\n\n\n<h3 class=\"wp-block-heading has-large-font-size\"><strong>3.PLU \u30c7\u30a3\u30fc\u30d7\u30e2\u30a4\u30b9\u30c1\u30e3\u30fc\u30dc\u30c7\u30a3\u30ed\u30fc\u30b7\u30e7\u30f3<\/strong><\/h3>\n\n\n\n<p class=\"has-small-font-size\">\u3079\u305f\u3064\u304f\u3053\u3068\u306a\u304f\u3057\u3063\u304b\u308a\u3068\u4fdd\u6e7f\u3057\u3001\u808c\u306b\u7d20\u65e9\u304f\u6d78\u900f\u3059\u308b\u3002\u914d\u5408\u6210\u5206 <strong>\u30d2\u30a2\u30eb\u30ed\u30f3\u9178<\/strong> \u305d\u3057\u3066 <strong>\u30b7\u30a2\u30d0\u30bf\u30fc<\/strong>\u4e00\u65e5\u4e2d\u30d9\u30eb\u30d9\u30c3\u30c8\u306e\u3088\u3046\u306b\u30bd\u30d5\u30c8\u306a\u808c\u306e\u305f\u3081\u306b\u3002<\/p>\n\n\n\n<h2 class=\"wp-block-heading has-large-font-size\">\u306a\u305cPLU\u306a\u306e\u304b\uff1f<\/h2>\n\n\n\n<ul class=\"wp-block-list\">\n<li class=\"has-small-font-size\">\ud83c\udf3f <strong>\u81ea\u7136\u3067\u5b89\u5168\u306a\u6210\u5206<\/strong><\/li>\n\n\n\n<li class=\"has-small-font-size\">\ud83e\uddea <strong>\u76ae\u819a\u79d1\u5b66\u7684\u306b\u30c6\u30b9\u30c8\u3055\u308c\u305f\u51e6\u65b9<\/strong><\/li>\n\n\n\n<li class=\"has-small-font-size\">\ud83e\uddfc <strong>\u3059\u3079\u3066\u306e\u808c\u30bf\u30a4\u30d7\u306b\u9069\u3057\u3066\u3044\u308b<\/strong><\/li>\n\n\n\n<li class=\"has-small-font-size\">\ud83c\uddf0\ud83c\uddf7 <strong>\u30b9\u30ad\u30f3\u30b1\u30a2\u306b\u304a\u3051\u308b\u97d3\u56fd\u306e\u5c02\u9580\u77e5\u8b58<\/strong><\/li>\n\n\n\n<li class=\"has-small-font-size\">\ud83c\udf38 <strong>\u30de\u30b9\u30bf\u30fc\u30fb\u30d1\u30d5\u30e5\u30fc\u30de\u30fc\u306b\u3088\u308b\u9999\u6c34<\/strong><\/li>\n<\/ul>\n\n\n\n<h2 class=\"wp-block-heading has-large-font-size\">PLU\u306f\u8ab0\u306e\u305f\u3081\u306b\u3042\u308b\u306e\u304b\uff1f<\/h2>\n\n\n\n<p class=\"has-small-font-size\">\u30b9\u30ad\u30f3\u30b1\u30a2\u3092\u30eb\u30fc\u30c6\u30a3\u30f3\u3067\u306f\u306a\u304f\u3001\u559c\u3073\u306e\u3072\u3068\u3068\u304d\u3068\u8003\u3048\u308b\u4eba\u306e\u305f\u3081\u306b\u3002\u4e0a\u8cea\u306a\u9999\u308a\u3001\u30ea\u30c3\u30c1\u306a\u30c6\u30af\u30b9\u30c1\u30e3\u30fc\u3001\u76ee\u306b\u898b\u3048\u308b\u7d50\u679c\u3092\u611b\u3059\u308b\u65b9\u3078\u3002\u3042\u306a\u305f\u306e\u305f\u3081\u306b\u3002<\/p>\n\n\n\n<hr class=\"wp-block-separator aligncenter has-alpha-channel-opacity\"\/>\n\n\n\n<p class=\"has-text-align-center\"><strong>\u30aa\u30d5\u30a3\u30b7\u30e3\u30eb\u30fb\u30d1\u30fc\u30c8\u30ca\u30fc\u30fb\u30b7\u30e7\u30c3\u30d7\u3067PLU\u88fd\u54c1\u3092\u30aa\u30f3\u30e9\u30a4\u30f3\u3067\u6ce8\u6587\uff1a<\/strong><\/p>\n\n\n\n<div class=\"wp-block-group has-large-font-size is-layout-grid wp-container-core-group-is-layout-6be84c55 wp-block-group-is-layout-grid\">\n<figure class=\"wp-block-image size-medium\"><a href=\"https:\/\/sole.ro\/brand\/plu\" target=\"_blank\" rel=\" noreferrer noopener\"><img decoding=\"async\" width=\"300\" height=\"150\" src=\"https:\/\/onemd.ro\/wp-content\/uploads\/2021\/07\/f6-2-300x150.jpg\" alt=\"\u30bd\u30fc\u30eb\u30ed\" class=\"wp-image-297\" srcset=\"https:\/\/onemd.ro\/wp-content\/uploads\/2021\/07\/f6-2-300x150.jpg 300w, https:\/\/onemd.ro\/wp-content\/uploads\/2021\/07\/f6-2-16x8.jpg 16w, https:\/\/onemd.ro\/wp-content\/uploads\/2021\/07\/f6-2.jpg 600w\" sizes=\"(max-width: 300px) 100vw, 300px\" \/><\/a><\/figure>\n<\/div>","protected":false},"excerpt":{"rendered":"<p>PLU este mai mult dec\u00e2t un brand de cosmetice \u2013 este o experien\u021b\u0103 senzorial\u0103 complet\u0103, care transform\u0103 fiecare moment de \u00eengrijire personal\u0103 \u00eentr-un ritual de r\u0103sf\u0103\u021b. Cu formule inspirate din natur\u0103 \u0219i dezvoltate cu grij\u0103 \u00een laboratoare de top, PLU aduce echilibrul perfect \u00eentre eficien\u021b\u0103 \u0219i pl\u0103cere. \ud83c\udf38 Creeaz\u0103-\u021bi rutina cu produse premium de \u00eengrijire corporal\u0103 Fiecare produs PLU este g\u00e2ndit pentru a aduce pielea la poten\u021bialul ei maxim de s\u0103n\u0103tate, str\u0103lucire \u0219i catifelare. De la geluri de du\u0219 aromate, la scruburi exfoliante luxuriante \u0219i lo\u021biuni de corp intens hidratante, fiecare textur\u0103 \u0219i miros spune o poveste. \u2b50 Produse cheie PLU 1. PLU Body Scrub cu Sare de Mare \u0219i [&hellip;]<\/p>\n","protected":false},"author":1,"featured_media":0,"parent":0,"menu_order":0,"comment_status":"closed","ping_status":"closed","template":"","meta":{"footnotes":""},"class_list":["post-1291","page","type-page","status-publish","hentry"],"aioseo_notices":[],"_links":{"self":[{"href":"https:\/\/onemd.ro\/ja\/wp-json\/wp\/v2\/pages\/1291","targetHints":{"allow":["GET"]}}],"collection":[{"href":"https:\/\/onemd.ro\/ja\/wp-json\/wp\/v2\/pages"}],"about":[{"href":"https:\/\/onemd.ro\/ja\/wp-json\/wp\/v2\/types\/page"}],"author":[{"embeddable":true,"href":"https:\/\/onemd.ro\/ja\/wp-json\/wp\/v2\/users\/1"}],"replies":[{"embeddable":true,"href":"https:\/\/onemd.ro\/ja\/wp-json\/wp\/v2\/comments?post=1291"}],"version-history":[{"count":5,"href":"https:\/\/onemd.ro\/ja\/wp-json\/wp\/v2\/pages\/1291\/revisions"}],"predecessor-version":[{"id":1630,"href":"https:\/\/onemd.ro\/ja\/wp-json\/wp\/v2\/pages\/1291\/revisions\/1630"}],"wp:attachment":[{"href":"https:\/\/onemd.ro\/ja\/wp-json\/wp\/v2\/media?parent=1291"}],"curies":[{"name":"wp","href":"https:\/\/api.w.org\/{rel}","templated":true}]}}