{"id":1300,"date":"2025-04-11T09:12:26","date_gmt":"2025-04-11T09:12:26","guid":{"rendered":"https:\/\/onemd.ro\/?page_id=1300"},"modified":"2025-04-11T10:20:11","modified_gmt":"2025-04-11T10:20:11","slug":"skinlick","status":"publish","type":"page","link":"https:\/\/onemd.ro\/ja\/skinlick\/","title":{"rendered":"\u30b9\u30ad\u30cb\u30c3\u30af"},"content":{"rendered":"<div class=\"wp-block-image\">\n<figure class=\"aligncenter size-medium\"><img decoding=\"async\" width=\"300\" height=\"150\" src=\"https:\/\/onemd.ro\/wp-content\/uploads\/2025\/04\/skinlick-300x150.jpg\" alt=\"\u30b9\u30ad\u30cb\u30c3\u30af\" class=\"wp-image-1302\" srcset=\"https:\/\/onemd.ro\/wp-content\/uploads\/2025\/04\/skinlick-300x150.jpg 300w, https:\/\/onemd.ro\/wp-content\/uploads\/2025\/04\/skinlick-1024x512.jpg 1024w, https:\/\/onemd.ro\/wp-content\/uploads\/2025\/04\/skinlick-768x384.jpg 768w, https:\/\/onemd.ro\/wp-content\/uploads\/2025\/04\/skinlick.jpg 1058w\" sizes=\"(max-width: 300px) 100vw, 300px\" \/><\/figure><\/div>\n\n\n<h2 class=\"wp-block-heading has-large-font-size\"><strong>Skinlick - \u611b\u3055\u308c\u308b\u30b9\u30ad\u30f3\u30b1\u30a2\u3002\u30b7\u30f3\u30d7\u30eb\u3001\u30af\u30ea\u30fc\u30f3\u3001\u30af\u30fc\u30eb\u3002<\/strong><\/h2>\n\n\n\n<p class=\"has-small-font-size\"><strong>\u30b9\u30ad\u30f3\u30ea\u30c3\u30af<\/strong> \u306f\u5358\u306a\u308b\u30b9\u30ad\u30f3\u30b1\u30a2\u30fb\u30d6\u30e9\u30f3\u30c9\u3067\u306f\u306a\u3044\u3002 <strong>\u81ea\u7531\u3001\u65b0\u9bae\u3055\u3001\u4fe1\u983c\u6027\u306e\u5ba3\u8a00<\/strong>.\u52b9\u7387\u7684\u3067\u697d\u3057\u304f\u3001\u59a5\u5354\u306e\u306a\u3044\u88fd\u54c1\u3092\u6c42\u3081\u308b\u65b0\u4e16\u4ee3\u306e\u305f\u3081\u306b\u4f5c\u3089\u308c\u305fSkinlick\u306f\u3001\u59a5\u5354\u306e\u306a\u3044\u30a2\u30d7\u30ed\u30fc\u30c1\u3092\u3082\u305f\u3089\u3057\u307e\u3059\u3002 <strong>\u30af\u30ea\u30fc\u30f3\uff06\u30a2\u30a6\u30a7\u30a2\u30cd\u30b9<\/strong> \u3042\u306a\u305f\u306e\u7f8e\u5bb9\u30eb\u30fc\u30c1\u30f3\u306b\u3002<\/p>\n\n\n\n<h3 class=\"wp-block-heading has-large-font-size\">\ud83c\udf08 <strong>BS\u306a\u3057\u3002\u3042\u306a\u305f\u306e\u808c\u3078\u306e\u611b\u3002<\/strong><\/h3>\n\n\n\n<p class=\"has-small-font-size\">\u4eba\u5de5\u9999\u6599\u3001\u5408\u6210\u7740\u8272\u6599\u3001\u30d1\u30e9\u30d9\u30f3\u306f\u4e00\u5207\u4f7f\u7528\u3057\u3066\u3044\u307e\u305b\u3093\u3002\u79c1\u305f\u3061\u306e\u88fd\u54c1\u306f <strong>\u76ae\u819a\u79d1\u5b66\u7684\u30c6\u30b9\u30c8\u6e08\u307f<\/strong>, <strong>100% \u30d3\u30fc\u30ac\u30f3<\/strong>\u7121\u6dfb\u52a0\u3067\u3001EU\u3067\u5165\u5ff5\u306b\u51e6\u65b9\u3055\u308c\u3066\u3044\u308b\u3002<\/p>\n\n\n\n<h2 class=\"wp-block-heading has-primary-color has-text-color has-link-color has-large-font-size wp-elements-2a55157eaf38c2c87903eb2a48eabe98\">\ud83d\udca7 <a href=\"https:\/\/sole.ro\/brand\/skinlick\" target=\"_blank\" rel=\"noopener\" title=\"\u30b9\u30ad\u30f3\u30ea\u30c3\u30af \u30a8\u30c3\u30bb\u30f3\u30b7\u30e3\u30eb\u88fd\u54c1\">\u30b9\u30ad\u30f3\u30ea\u30c3\u30af \u30a8\u30c3\u30bb\u30f3\u30b7\u30e3\u30eb\u88fd\u54c1<\/a><\/h2>\n\n\n\n<h3 class=\"wp-block-heading has-normal-font-size\"><strong>1.\u30b8\u30a7\u30f3\u30c8\u30eb\u30fb\u30d5\u30a9\u30fc\u30df\u30f3\u30b0\u30fb\u30af\u30ec\u30f3\u30b6\u30fc<\/strong><\/h3>\n\n\n\n<p class=\"has-small-font-size\">\u654f\u611f\u808c\u3092\u542b\u3080\u3059\u3079\u3066\u306e\u808c\u30bf\u30a4\u30d7\u306b\u9069\u3057\u305f\u3001\u7a4f\u3084\u304b\u3067\u52b9\u679c\u7684\u306a\u30af\u30ec\u30f3\u30b8\u30f3\u30b0\u30b8\u30a7\u30eb\u3002\u30d1\u30f3\u30c6\u30ce\u30fc\u30eb\u3068\u4e73\u9178\u914d\u5408\u3002<\/p>\n\n\n\n<h3 class=\"wp-block-heading has-normal-font-size\"><strong>2.\u30d2\u30a2\u30eb\u30ed\u30f3\u9178\u3068\u30a2\u30e9\u30f3\u30c8\u30a4\u30f3\u914d\u5408\u306e\u4fdd\u6e7f\u7f8e\u5bb9\u6db2<\/strong><\/h3>\n\n\n\n<p class=\"has-small-font-size\">\u3046\u308b\u304a\u3044\u306b\u6e80\u3061\u305f\u30cf\u30ea\u306e\u3042\u308b\u808c\u3078\u3002\u7d20\u65e9\u304f\u6d78\u900f\u3057\u3001\u30d9\u30bf\u3064\u304d\u307e\u305b\u3093\u3002<\/p>\n\n\n\n<h3 class=\"wp-block-heading has-normal-font-size\"><strong>3.\u8efd\u91cf\u30e2\u30a4\u30b9\u30c1\u30e3\u30e9\u30a4\u30b6\u30fc<\/strong><\/h3>\n\n\n\n<p class=\"has-small-font-size\">\u30ca\u30a4\u30a2\u30b7\u30f3\u30a2\u30df\u30c9\u3068\u30b9\u30af\u30ef\u30e9\u30f3\u914d\u5408\u306e\u8efd\u3081\u306e\u30e2\u30a4\u30b9\u30c1\u30e3\u30e9\u30a4\u30b6\u30fc\u3002\u6df7\u5408\u808c\uff0f\u8102\u6027\u808c\u306b\u6700\u9069\u3002<\/p>\n\n\n\n<h3 class=\"wp-block-heading has-normal-font-size\"><strong>4.\u30b9\u30ad\u30f3\u30ea\u30c3\u30af SPF50 UVA\/UVB \u30c7\u30a4\u30ea\u30fc \u30d5\u30eb\u30a4\u30c9<\/strong><\/h3>\n\n\n\n<p class=\"has-small-font-size\">\u8d85\u8efd\u91cf\u30c6\u30af\u30b9\u30c1\u30e3\u30fc\u3001\u81ea\u7136\u306a\u4ed5\u4e0a\u304c\u308a\u3001\u523a\u6fc0\u30bc\u30ed\u306e\u65e5\u713c\u3051\u6b62\u3081\u3002\u767d\u6d6e\u304d\u305b\u305a\u3001\u808c\u3092\u8a70\u307e\u3089\u305b\u307e\u305b\u3093\u3002\u654f\u611f\u808c\u7528\u3002<\/p>\n\n\n\n<h2 class=\"wp-block-heading has-large-font-size\">\u30b9\u30ad\u30f3\u30b9\u30ea\u30c3\u30af\u5024<\/h2>\n\n\n\n<ul class=\"wp-block-list has-small-font-size\">\n<li>\ud83e\uddea <strong>\u81e8\u5e8a\u8a66\u9a13\u6e08\u307f\u306e\u30af\u30ea\u30fc\u30f3\u306a\u51e6\u65b9<\/strong><\/li>\n\n\n\n<li>\ud83d\udc30 <strong>100%\u30af\u30eb\u30fc\u30a8\u30eb\u30c6\u30a3\u30d5\u30ea\u30fc\uff06\u30d3\u30fc\u30ac\u30f3<\/strong><\/li>\n\n\n\n<li>\ud83d\udcac <strong>\u5c02\u9580\u7528\u8a9e\u3092\u4f7f\u308f\u306a\u3044\u660e\u77ad\u306a\u8868\u73fe<\/strong><\/li>\n\n\n\n<li>\u267b\ufe0f <strong>\u30ea\u30b5\u30a4\u30af\u30eb\u53ef\u80fd\u3067\u74b0\u5883\u306b\u512a\u3057\u3044\u30d1\u30c3\u30b1\u30fc\u30b8<\/strong><\/li>\n\n\n\n<li>\ud83d\udc69\u200d\ud83d\udd2c <strong>\u53cd\u5fdc\u808c\u306b\u3082\u9069\u3057\u3066\u3044\u308b<\/strong><\/li>\n<\/ul>\n\n\n\n<h2 class=\"wp-block-heading has-large-font-size\">Skinlick\u306f\u8ab0\u306e\u305f\u3081\u306e\u3082\u306e\u3067\u3059\u304b\uff1f<\/h2>\n\n\n\n<p class=\"has-small-font-size\">\u6700\u5c0f\u9650\u306e\u3001\u3057\u304b\u3057\u52b9\u679c\u7684\u306a\u30eb\u30fc\u30c6\u30a3\u30f3\u3092\u304a\u671b\u307f\u306a\u3089\u3002\u9b54\u6cd5\u306e\u3088\u3046\u306a\u7d04\u675f\u3067\u306f\u306a\u304f\u3001\u672c\u5f53\u306b\u52b9\u679c\u306e\u3042\u308b\u6210\u5206\u3092\u4fe1\u3058\u305f\u3044\u65b9\u3002\u808c\u3060\u3051\u3067\u306a\u304f\u3001\u5730\u7403\u3082\u5927\u5207\u306b\u3057\u305f\u3044\u65b9\u3002<\/p>\n\n\n\n<p class=\"has-text-align-center\"><strong>\u30aa\u30d5\u30a3\u30b7\u30e3\u30eb\u30d1\u30fc\u30c8\u30ca\u30fc\u306eSOLE\u304b\u3089\u30aa\u30f3\u30e9\u30a4\u30f3\u3067\u6ce8\u6587<\/strong><\/p>\n\n\n\n<div class=\"wp-block-buttons is-horizontal is-content-justification-center is-layout-flex wp-container-core-buttons-is-layout-499968f5 wp-block-buttons-is-layout-flex\">\n<div class=\"wp-block-button is-style-outline is-style-outline--1\"><a class=\"wp-block-button__link has-background-color has-text-color has-background wp-element-button\" href=\"https:\/\/sole.ro\/brand\/skinlick\" style=\"border-radius:17px;background-color:#1474b8\">\u30aa\u30fc\u30c0\u30fc<\/a><\/div>\n<\/div>","protected":false},"excerpt":{"rendered":"<p>Skinlick \u2013 Skincare care-\u021bi place. Simplu, curat, cool. Skinlick este mai mult dec\u00e2t un brand de \u00eengrijire \u2013 este o declara\u021bie de libertate, prospe\u021bime \u0219i autenticitate. Creat pentru noua genera\u021bie care \u00ee\u0219i dore\u0219te produse eficiente, fun \u0219i f\u0103r\u0103 compromisuri, Skinlick aduce o abordare curat\u0103 \u0219i con\u0219tient\u0103 asupra rutinei de beauty. \ud83c\udf08 F\u0103r\u0103 BS. Cu drag pentru pielea ta. Folosim doar ce e necesar \u2013 ingrediente active, sigure \u0219i bl\u00e2nde \u2013 f\u0103r\u0103 parfumuri artificiale, coloran\u021bi sintetici sau parabeni. Produsele noastre sunt dermatologic testate, 100% vegane, cruelty-free \u0219i formulate cu grij\u0103 \u00een UE. \ud83d\udca7 Produse esen\u021biale din gama Skinlick 1. Gentle Foaming Cleanser Un gel de cur\u0103\u021bare delicat, dar eficient, potrivit pentru [&hellip;]<\/p>","protected":false},"author":1,"featured_media":0,"parent":0,"menu_order":0,"comment_status":"closed","ping_status":"closed","template":"","meta":{"footnotes":""},"class_list":["post-1300","page","type-page","status-publish","hentry"],"aioseo_notices":[],"_links":{"self":[{"href":"https:\/\/onemd.ro\/ja\/wp-json\/wp\/v2\/pages\/1300","targetHints":{"allow":["GET"]}}],"collection":[{"href":"https:\/\/onemd.ro\/ja\/wp-json\/wp\/v2\/pages"}],"about":[{"href":"https:\/\/onemd.ro\/ja\/wp-json\/wp\/v2\/types\/page"}],"author":[{"embeddable":true,"href":"https:\/\/onemd.ro\/ja\/wp-json\/wp\/v2\/users\/1"}],"replies":[{"embeddable":true,"href":"https:\/\/onemd.ro\/ja\/wp-json\/wp\/v2\/comments?post=1300"}],"version-history":[{"count":4,"href":"https:\/\/onemd.ro\/ja\/wp-json\/wp\/v2\/pages\/1300\/revisions"}],"predecessor-version":[{"id":1343,"href":"https:\/\/onemd.ro\/ja\/wp-json\/wp\/v2\/pages\/1300\/revisions\/1343"}],"wp:attachment":[{"href":"https:\/\/onemd.ro\/ja\/wp-json\/wp\/v2\/media?parent=1300"}],"curies":[{"name":"wp","href":"https:\/\/api.w.org\/{rel}","templated":true}]}}