{"id":1305,"date":"2025-04-11T09:13:42","date_gmt":"2025-04-11T09:13:42","guid":{"rendered":"https:\/\/onemd.ro\/?page_id=1305"},"modified":"2025-09-01T11:59:05","modified_gmt":"2025-09-01T11:59:05","slug":"skybottle","status":"publish","type":"page","link":"https:\/\/onemd.ro\/ja\/skybottle\/","title":{"rendered":"\u30b9\u30ab\u30a4\u30dc\u30c8\u30eb"},"content":{"rendered":"<div class=\"wp-block-image\">\n<figure class=\"aligncenter size-medium\"><img decoding=\"async\" width=\"300\" height=\"150\" src=\"https:\/\/onemd.ro\/wp-content\/uploads\/2025\/04\/skybottle-300x150.jpg\" alt=\"\u30b9\u30ab\u30a4\u30dc\u30c8\u30eb\" class=\"wp-image-1307\" srcset=\"https:\/\/onemd.ro\/wp-content\/uploads\/2025\/04\/skybottle-300x150.jpg 300w, https:\/\/onemd.ro\/wp-content\/uploads\/2025\/04\/skybottle-1024x512.jpg 1024w, https:\/\/onemd.ro\/wp-content\/uploads\/2025\/04\/skybottle-768x384.jpg 768w, https:\/\/onemd.ro\/wp-content\/uploads\/2025\/04\/skybottle.jpg 1058w\" sizes=\"(max-width: 300px) 100vw, 300px\" \/><\/figure><\/div>\n\n\n<h2 class=\"wp-block-heading has-large-font-size\"><strong>\u30b9\u30ab\u30a4\u30dc\u30c8\u30eb - \u9999\u308a\u3092\u8eab\u3060\u3057\u306a\u307f\u306e\u4e00\u90e8\u306b<\/strong><\/h2>\n\n\n\n<p class=\"has-small-font-size\"><strong>\u30b9\u30ab\u30a4\u30dc\u30c8\u30eb<\/strong> \u306f\u3001\u9003\u907f\u3078\u306e\u8a98\u3044\u3002\u65e5\u5e38\u7684\u306a\u4ed5\u8349\u3092\u3001\u611f\u899a\u7684\u306a\u6b53\u3073\u306e\u3072\u3068\u3068\u304d\u3078\u3068\u5909\u3048\u308b\u97d3\u56fd\u306e\u30dc\u30c7\u30a3\u30b1\u30a2\u30d6\u30e9\u30f3\u30c9\u3002\u30a4\u30f3\u30b9\u30d4\u30ec\u30fc\u30b7\u30e7\u30f3 <strong>\u30d5\u30e9\u30f3\u30b9\u88fd\u9ad8\u7d1a\u9999\u6c34<\/strong> \u305d\u3057\u3066 <strong>\u30a2\u30b8\u30a2\u306e\u30df\u30cb\u30de\u30ea\u30ba\u30e0<\/strong>\u30b9\u30ab\u30a4\u30dc\u30c8\u30eb\u306e\u88fd\u54c1\u306f\u3069\u308c\u3082\u3001\u9999\u308a\u306e\u65c5\u3067\u3042\u308a\u3001\u8a69\u306e\u30d2\u30f3\u30c8\u3067\u3042\u308a\u3001\u843d\u3061\u7740\u304d\u306e\u7d04\u675f\u3067\u3042\u308b\u3002<\/p>\n\n\n\n<h3 class=\"wp-block-heading has-large-font-size\">\ud83c\udf24\ufe0f <strong>\u30b7\u30f3\u30d7\u30eb\u3001\u6d17\u7df4\u3001\u305d\u3057\u3066\u9999\u308a - \u3059\u3079\u3066\u306e\u30dc\u30c8\u30eb\u306e\u4e2d\u306b<\/strong><\/h3>\n\n\n\n<p class=\"has-small-font-size\">skybottle\u306e\u88fd\u54c1\u306f\u3001\u3042\u306a\u305f\u306e\u808c\u3068\u611f\u899a\u3092\u5ff5\u982d\u306b\u7f6e\u3044\u3066\u614e\u91cd\u306b\u51e6\u65b9\u3055\u308c\u3066\u3044\u307e\u3059\uff1a <strong>\u30af\u30ea\u30fc\u30f3\u3001\u30d3\u30fc\u30ac\u30f3\u3001\u7121\u8fb2\u85ac<\/strong>\u30d1\u30e9\u30d9\u30f3\u3084\u4eba\u5de5\u7740\u8272\u6599\u306f\u4f7f\u7528\u3057\u3066\u3044\u307e\u305b\u3093\u3002\u76ae\u819a\u79d1\u5b66\u7684\u306b\u30c6\u30b9\u30c8\u6e08\u307f\u3067\u3001\u3059\u3079\u3066\u306e\u808c\u30bf\u30a4\u30d7\uff08\u654f\u611f\u808c\u3082\u542b\u3080\uff09\u306b\u9069\u3057\u3066\u3044\u307e\u3059\u3002<\/p>\n\n\n\n<h2 class=\"wp-block-heading has-primary-color has-text-color has-link-color has-large-font-size wp-elements-c788491567594e1e61c95841ead03ae7\">\u30b9\u30ab\u30a4\u30dc\u30c8\u30eb\u306e\u4e3b\u529b\u88fd\u54c1<\/h2>\n\n\n\n<h3 class=\"wp-block-heading has-normal-font-size\"><strong>1.\u30b9\u30ab\u30a4\u30dc\u30c8\u30eb \u30d1\u30d5\u30e5\u30fc\u30e0\u30c9 \u30cf\u30f3\u30c9\u30af\u30ea\u30fc\u30e0<\/strong><\/h3>\n\n\n\n<p class=\"has-small-font-size\">\u30d9\u30eb\u30d9\u30c3\u30c8\u306e\u3088\u3046\u306a\u30c6\u30af\u30b9\u30c1\u30e3\u30fc\u3068\u6301\u7d9a\u6027\u306e\u3042\u308b\u9999\u308a\u306e\u30cf\u30f3\u30c9\u30af\u30ea\u30fc\u30e0\u3002\u3057\u3063\u3068\u308a\u3068\u808c\u306b\u306a\u3058\u307f\u3001\u30a8\u30ec\u30ac\u30f3\u30c8\u306a\u9999\u308a\u304c\u808c\u306b\u6b8b\u308a\u307e\u3059\u3002\u30d9\u30b9\u30c8\u30bb\u30e9\u30fc\u306e\u30d5\u30ec\u30fc\u30d0\u30fc\uff1a<\/p>\n\n\n\n<ul class=\"wp-block-list has-small-font-size\">\n<li><strong>\u30d3\u30d0\u30fb\u30e9\u30fb\u30d4\u30f3\u30af<\/strong> - \u30d5\u30ed\u30fc\u30e9\u30eb\u30fb\u30d5\u30eb\u30fc\u30c6\u30a3\u3001\u30d5\u30a7\u30df\u30cb\u30f3\u3001\u30d7\u30ec\u30a4\u30d5\u30eb<\/li>\n\n\n\n<li><strong>\u30b9\u30ce\u30fc\u30fb\u30d6\u30ed\u30c3\u30b5\u30e0<\/strong> - \u30d5\u30ec\u30c3\u30b7\u30e5\u3001\u30d1\u30a6\u30c0\u30ea\u30fc\u3001\u6d17\u7df4<\/li>\n\n\n\n<li><strong>\u767d\u3044\u96e8<\/strong> - \u30af\u30ea\u30fc\u30f3\u3001\u30df\u30cb\u30de\u30ea\u30b9\u30c8\u3001\u30d5\u30ec\u30c3\u30b7\u30e5<\/li>\n<\/ul>\n\n\n\n<h3 class=\"wp-block-heading has-normal-font-size\"><strong>2.\u30b9\u30ab\u30a4\u30dc\u30c8\u30eb \u30d1\u30d5\u30e5\u30fc\u30e0\u30c9 \u30dc\u30c7\u30a3\u30ed\u30fc\u30b7\u30e7\u30f3<\/strong><\/h3>\n\n\n\n<p class=\"has-small-font-size\">\u30b7\u30a2\u30d0\u30bf\u30fc\u3068\u30db\u30db\u30d0\u30aa\u30a4\u30eb\u914d\u5408\u306e\u30dc\u30c7\u30a3\u30ed\u30fc\u30b7\u30e7\u30f3\u3002\u8efd\u3044\u30c6\u30af\u30b9\u30c1\u30e3\u30fc\u3067\u3001\u4fdd\u6e7f\u52b9\u679c\u304c\u9577\u6642\u9593\u6301\u7d9a\u3057\u3001\u9b45\u529b\u7684\u306a\u9999\u308a\u304c\u5e83\u304c\u308a\u307e\u3059\u3002\u30cf\u30f3\u30c9\u30af\u30ea\u30fc\u30e0\u306e\u9999\u308a\u3068\u3088\u304f\u5408\u3044\u307e\u3059\u3002<\/p>\n\n\n\n<h3 class=\"wp-block-heading has-normal-font-size\"><strong>3.\u30b9\u30ab\u30a4\u30dc\u30c8\u30eb \u30b7\u30e3\u30ef\u30fc\u30b8\u30a7\u30eb<\/strong><\/h3>\n\n\n\n<p class=\"has-small-font-size\">\u304d\u3081\u7d30\u304b\u3044\u6ce1\u7acb\u3061\u3068\u6d17\u7df4\u3055\u308c\u305f\u9999\u308a\u304c\u808c\u306b\u307b\u306e\u304b\u306b\u6b8b\u308b\u30c7\u30ea\u30b1\u30fc\u30c8\u306a\u30b7\u30e3\u30ef\u30fc\u30b8\u30a7\u30eb\u3002\u591c\u306e\u30ea\u30c1\u30e5\u30a2\u30eb\u306b\u3001\u3042\u308b\u3044\u306f\u8a69\u7684\u306a\u96f0\u56f2\u6c17\u3067\u4e00\u65e5\u3092\u30b9\u30bf\u30fc\u30c8\u3059\u308b\u306e\u306b\u7406\u60f3\u7684\u3002<\/p>\n\n\n\n<h2 class=\"wp-block-heading has-large-font-size\">\u306a\u305cskybottle\u3092\u9078\u3076\u306e\u3067\u3059\u304b\uff1f<\/h2>\n\n\n\n<ul class=\"wp-block-list has-small-font-size\">\n<li>\ud83c\uddf0\ud83c\uddf7 <strong>\u30d5\u30e9\u30f3\u30b9\u306b\u30a4\u30f3\u30b9\u30d1\u30a4\u30a2\u3055\u308c\u305f\u30d5\u30ec\u30b0\u30e9\u30f3\u30b9\u3092\u97d3\u56fd\u3067\u5275\u4f5c<\/strong><\/li>\n\n\n\n<li>\ud83d\udc90 <strong>\u6d17\u7df4\u3055\u308c\u305f\u98a8\u5473\u306f\u3001\u30dc\u30c7\u30a3\u30fb\u30bb\u30b0\u30e1\u30f3\u30c8\u3067\u306f\u30e6\u30cb\u30fc\u30af\u306a\u3082\u306e\u3067\u3042\u308b\u3002<\/strong><\/li>\n\n\n\n<li>\ud83c\udf31 <strong>\u30f4\u30a3\u30fc\u30ac\u30f3\uff06\u7121\u8fb2\u85ac\u88fd\u54c1<\/strong><\/li>\n\n\n\n<li>\ud83c\udf0d <strong>\u6301\u7d9a\u53ef\u80fd\u306a\u30c7\u30b6\u30a4\u30f3\u3068\u30ea\u30b5\u30a4\u30af\u30eb\u53ef\u80fd\u306a\u30d1\u30c3\u30b1\u30fc\u30b8<\/strong><\/li>\n\n\n\n<li>\ud83e\uddd8\u200d\u2640\ufe0f <strong>\u30ea\u30e9\u30af\u30bc\u30fc\u30b7\u30e7\u30f3\u3001\u7f8e\u5b66\u3001\u30d0\u30e9\u30f3\u30b9\u306e\u305f\u3081\u306e\u30c7\u30b6\u30a4\u30f3<\/strong><\/li>\n<\/ul>\n\n\n\n<h2 class=\"wp-block-heading has-large-font-size\">\u30b9\u30ab\u30a4\u30dc\u30c8\u30eb\u306f\u8ab0\u306e\u305f\u3081\u306e\u3082\u306e\u3067\u3059\u304b\uff1f<\/h2>\n\n\n\n<p class=\"has-small-font-size\">\u611b\u3059\u308b\u4eba\u306e\u305f\u3081\u306b <strong>\u30c7\u30a3\u30bb\u30f3\u30c8\u30fb\u30e9\u30b0\u30b8\u30e5\u30a2\u30ea\u30fc<\/strong>, <strong>\u8a69\u7684\u306a\u9999\u6c34<\/strong> \u9b42\u306e\u30dc\u30c7\u30a3\u30b1\u30a2\u5358\u306a\u308b\u30af\u30ea\u30fc\u30e0\u4ee5\u4e0a\u306e\u3082\u306e\u3092\u6c42\u3081\u308b\u5973\u6027\u3084\u7537\u6027\u306e\u305f\u3081\u306b\u3002 <strong>\u9999\u6c34\u306b\u5305\u307e\u308c\u305f\u5e78\u798f\u611f<\/strong>.<\/p>\n\n\n\n<hr class=\"wp-block-separator aligncenter has-alpha-channel-opacity\"\/>\n\n\n\n<p class=\"has-text-align-center\"><strong>\u30aa\u30f3\u30e9\u30a4\u30f3\u3067\u5546\u54c1\u3092\u6ce8\u6587\u3059\u308b <strong>\u30b9\u30ab\u30a4\u30dc\u30c8\u30eb<\/strong> \u30aa\u30d5\u30a3\u30b7\u30e3\u30eb\u30fb\u30d1\u30fc\u30c8\u30ca\u30fc\u30fb\u30b7\u30e7\u30c3\u30d7\u304b\u3089\uff1a<\/strong><\/p>\n\n\n\n<div class=\"wp-block-group has-large-font-size is-layout-grid wp-container-core-group-is-layout-6be84c55 wp-block-group-is-layout-grid\">\n<figure class=\"wp-block-image size-medium\"><a href=\"https:\/\/sole.ro\/brand\/skybottle\" target=\"_blank\" rel=\" noreferrer noopener\"><img decoding=\"async\" width=\"300\" height=\"150\" src=\"https:\/\/onemd.ro\/wp-content\/uploads\/2021\/07\/f6-2-300x150.jpg\" alt=\"\u30bd\u30fc\u30eb\u30ed\" class=\"wp-image-297\" srcset=\"https:\/\/onemd.ro\/wp-content\/uploads\/2021\/07\/f6-2-300x150.jpg 300w, https:\/\/onemd.ro\/wp-content\/uploads\/2021\/07\/f6-2-16x8.jpg 16w, https:\/\/onemd.ro\/wp-content\/uploads\/2021\/07\/f6-2.jpg 600w\" sizes=\"(max-width: 300px) 100vw, 300px\" \/><\/a><\/figure>\n\n\n\n<figure class=\"wp-block-image size-medium\"><a href=\"https:\/\/comenzi.farmaciatei.ro\/brand\/skybottle\" target=\"_blank\" rel=\" noreferrer noopener\"><img decoding=\"async\" width=\"300\" height=\"150\" src=\"https:\/\/onemd.ro\/wp-content\/uploads\/2021\/07\/f1-1-300x150.jpg\" alt=\"\u30c6\u30a4\u85ac\u5c40\u30aa\u30d5\u30a3\u30b7\u30e3\u30eb\u30d1\u30fc\u30c8\u30ca\u30fc\u30b7\u30e7\u30c3\u30d7\" class=\"wp-image-301\" srcset=\"https:\/\/onemd.ro\/wp-content\/uploads\/2021\/07\/f1-1-300x150.jpg 300w, https:\/\/onemd.ro\/wp-content\/uploads\/2021\/07\/f1-1-16x8.jpg 16w, https:\/\/onemd.ro\/wp-content\/uploads\/2021\/07\/f1-1.jpg 600w\" sizes=\"(max-width: 300px) 100vw, 300px\" \/><\/a><\/figure>\n\n\n\n<figure class=\"wp-block-image size-medium\"><a href=\"https:\/\/www.drmax.ro\/skybottle\" target=\"_blank\" rel=\" noreferrer noopener\"><img loading=\"lazy\" decoding=\"async\" width=\"300\" height=\"129\" src=\"https:\/\/onemd.ro\/wp-content\/uploads\/2024\/05\/dr-max-300x129.jpg\" alt=\"\u30c9\u30af\u30bf\u30fc\u30de\u30c3\u30af\u30b9\u516c\u5f0f\u30d1\u30fc\u30c8\u30ca\u30fc\u30b7\u30e7\u30c3\u30d7\" class=\"wp-image-673\" srcset=\"https:\/\/onemd.ro\/wp-content\/uploads\/2024\/05\/dr-max-300x129.jpg 300w, https:\/\/onemd.ro\/wp-content\/uploads\/2024\/05\/dr-max-18x8.jpg 18w, https:\/\/onemd.ro\/wp-content\/uploads\/2024\/05\/dr-max.jpg 473w\" sizes=\"(max-width: 300px) 100vw, 300px\" \/><\/a><\/figure>\n<\/div>","protected":false},"excerpt":{"rendered":"<p>Skybottle \u2013 Atingerea parfumului \u00een ritualul t\u0103u de \u00eengrijire skybottle este o invita\u021bie la evadare. O marc\u0103 coreean\u0103 de \u00eengrijire a corpului care transform\u0103 gesturile zilnice \u00een momente de r\u0103sf\u0103\u021b senzorial. Inspirat de parfumurile fine franceze \u0219i minimalismul asiatic, fiecare produs skybottle este o c\u0103l\u0103torie olfactiv\u0103, un strop de poezie, o promisiune de calm. \ud83c\udf24\ufe0f Simplitate, rafinament \u0219i parfum \u2013 \u00een fiecare sticl\u0103 Produsele skybottle sunt formulate cu grij\u0103 pentru pielea ta \u0219i sim\u021burile tale: curate, vegane, cruelty-free, f\u0103r\u0103 parabeni sau coloran\u021bi artificiali. Sunt testate dermatologic \u0219i potrivite pentru toate tipurile de piele \u2013 chiar \u0219i cele sensibile. \ud83c\udf38 Produse emblematice skybottle 1. Skybottle Perfumed Hand Cream Crem\u0103 de m\u00e2ini [&hellip;]<\/p>\n","protected":false},"author":1,"featured_media":0,"parent":0,"menu_order":0,"comment_status":"closed","ping_status":"closed","template":"","meta":{"footnotes":""},"class_list":["post-1305","page","type-page","status-publish","hentry"],"aioseo_notices":[],"_links":{"self":[{"href":"https:\/\/onemd.ro\/ja\/wp-json\/wp\/v2\/pages\/1305","targetHints":{"allow":["GET"]}}],"collection":[{"href":"https:\/\/onemd.ro\/ja\/wp-json\/wp\/v2\/pages"}],"about":[{"href":"https:\/\/onemd.ro\/ja\/wp-json\/wp\/v2\/types\/page"}],"author":[{"embeddable":true,"href":"https:\/\/onemd.ro\/ja\/wp-json\/wp\/v2\/users\/1"}],"replies":[{"embeddable":true,"href":"https:\/\/onemd.ro\/ja\/wp-json\/wp\/v2\/comments?post=1305"}],"version-history":[{"count":5,"href":"https:\/\/onemd.ro\/ja\/wp-json\/wp\/v2\/pages\/1305\/revisions"}],"predecessor-version":[{"id":1709,"href":"https:\/\/onemd.ro\/ja\/wp-json\/wp\/v2\/pages\/1305\/revisions\/1709"}],"wp:attachment":[{"href":"https:\/\/onemd.ro\/ja\/wp-json\/wp\/v2\/media?parent=1305"}],"curies":[{"name":"wp","href":"https:\/\/api.w.org\/{rel}","templated":true}]}}