{"id":1314,"date":"2025-04-11T09:15:46","date_gmt":"2025-04-11T09:15:46","guid":{"rendered":"https:\/\/onemd.ro\/?page_id=1314"},"modified":"2025-04-11T10:46:42","modified_gmt":"2025-04-11T10:46:42","slug":"sungboon","status":"publish","type":"page","link":"https:\/\/onemd.ro\/ja\/sungboon\/","title":{"rendered":"\u30bd\u30f3\u30d6\u30fc\u30f3"},"content":{"rendered":"<div class=\"wp-block-image\">\n<figure class=\"aligncenter size-medium\"><img decoding=\"async\" width=\"300\" height=\"150\" src=\"https:\/\/onemd.ro\/wp-content\/uploads\/2025\/04\/sungboon-300x150.jpg\" alt=\"\u30bd\u30f3\u30d6\u30fc\u30f3\" class=\"wp-image-1317\" srcset=\"https:\/\/onemd.ro\/wp-content\/uploads\/2025\/04\/sungboon-300x150.jpg 300w, https:\/\/onemd.ro\/wp-content\/uploads\/2025\/04\/sungboon-1024x512.jpg 1024w, https:\/\/onemd.ro\/wp-content\/uploads\/2025\/04\/sungboon-768x384.jpg 768w, https:\/\/onemd.ro\/wp-content\/uploads\/2025\/04\/sungboon.jpg 1058w\" sizes=\"(max-width: 300px) 100vw, 300px\" \/><\/figure><\/div>\n\n\n<h2 class=\"wp-block-heading has-large-font-size\"><strong>Sungboon - \u79d1\u5b66\u306b\u57fa\u3065\u304f\u30b9\u30ad\u30f3\u30b1\u30a2\u3001\u672c\u7269\u306e\u7d50\u679c<\/strong><\/h2>\n\n\n\n<p class=\"has-small-font-size\"><strong>\u30bd\u30f3\u30d6\u30fc\u30f3<\/strong> \u306f\u97d3\u56fd\u306e\u76ae\u819a\u5316\u7ca7\u54c1\u30d6\u30e9\u30f3\u30c9\u3067\u3042\u308b\u3002 <strong>\u512a\u3057\u304f\u52b9\u679c\u7684\u306a\u30b1\u30a2<\/strong>\u654f\u611f\u808c\u3001\u708e\u75c7\u808c\u3001\u30cb\u30ad\u30d3\u808c\u7528\u3002\u79d1\u5b66\u7684\u539f\u7406\u306b\u57fa\u3065\u304d <strong>\u53b3\u683c\u306a\u76ae\u819a\u79d1\u5b66\u30c6\u30b9\u30c8<\/strong>\u30bd\u30f3\u30d6\u30f3\u306f\u3001\u7121\u9999\u6599\u3001\u7121\u523a\u6fc0\u6027\u3001\u7a7a\u7d04\u675f\u306e\u306a\u3044\u3001\u59a5\u5354\u306e\u306a\u3044\u9ad8\u54c1\u8cea\u306e\u88fd\u54c1\u3092\u304a\u5c4a\u3051\u3057\u307e\u3059\u3002<\/p>\n\n\n\n<h2 class=\"wp-block-heading has-large-font-size\">\ud83e\uddec <strong>\u30b7\u30f3\u30d7\u30eb\u3002\u52b9\u7387\u7684\u3002\u5b89\u5168\u3002<\/strong><\/h2>\n\n\n\n<p class=\"has-small-font-size\">\u30bd\u30f3\u30d6\u30fc\u30f3\u306e\u54f2\u5b66\u306f\u660e\u78ba\u3060\u3002\u5404\u51e6\u65b9\u306f <strong>\u53b3\u9078\u3055\u308c\u305f\u6709\u52b9\u6210\u5206<\/strong>\u808c\u306e\u81ea\u7136\u306a\u30d0\u30e9\u30f3\u30b9\u3092\u5c0a\u91cd\u3057\u3001\u6b21\u306e\u3088\u3046\u306a\u52b9\u679c\u3092\u3082\u305f\u3089\u3059\u3002 <strong>\u653b\u6483\u7684\u3067\u306a\u304f\u3068\u3082\u76ee\u306b\u898b\u3048\u308b\u7d50\u679c<\/strong>.<\/p>\n\n\n\n<p class=\"has-small-font-size\">\u2714\ufe0f <strong>\u654f\u611f\u808c\u7528\u81e8\u5e8a\u30c6\u30b9\u30c8\u6e08\u307f<\/strong><br>\u2714\ufe0f <strong>\u30cb\u30ad\u30d3\u306e\u3067\u304d\u3084\u3059\u3044\u808c\u3001\u53cd\u5fdc\u3057\u3084\u3059\u3044\u808c\u3001\u56de\u5fa9\u9014\u4e2d\u306e\u808c\u306b\u9069\u3057\u3066\u3044\u307e\u3059\u3002<\/strong><br>\u2714\ufe0f <strong>\u5909\u6027\u30a2\u30eb\u30b3\u30fc\u30eb\u3001\u9999\u6599\u3001\u30d1\u30e9\u30d9\u30f3\u3092\u542b\u307e\u306a\u3044\u30af\u30ea\u30fc\u30f3\u306a\u51e6\u65b9<\/strong><br>\u2714\ufe0f <strong>\u7121\u6dfb\u52a0\uff06\u30a8\u30b3\u30fb\u30b3\u30f3\u30b7\u30e3\u30b9<\/strong><\/p>\n\n\n\n<h2 class=\"wp-block-heading has-primary-color has-text-color has-link-color has-large-font-size wp-elements-83efb3802104265e2bd79930879c9c07\">\ud83c\udf3f <a href=\"https:\/\/sole.ro\/\" target=\"_blank\" rel=\"noopener\" title=\"\">\u4e3b\u8981\u88fd\u54c1 \u30bd\u30f3\u30d6\u30fc\u30f3<\/a><\/h2>\n\n\n\n<h3 class=\"wp-block-heading has-normal-font-size\"><strong>1.\u30bd\u30f3\u30d6\u30f3\u30fb\u30a8\u30c7\u30a3\u30bf\u30fcAC\u30b9\u30dd\u30c3\u30c8\u30bb\u30e9\u30e0<\/strong><\/h3>\n\n\n\n<p class=\"has-small-font-size\">\u3092\u914d\u5408\u3057\u305f\u30cb\u30ad\u30d3\u7528\u5916\u7528\u7f8e\u5bb9\u6db2\u3002 <strong>\u30b5\u30ea\u30c1\u30eb\u9178<\/strong>, <strong>\u30bb\u30f3\u30c6\u30e9\u30a2\u30b8\u30a2<\/strong> \u305d\u3057\u3066 <strong>\u30ca\u30a4\u30a2\u30b7\u30f3\u30a2\u30df\u30c9<\/strong>.\u708e\u75c7\u3092\u93ae\u3081\u3001\u8d64\u307f\u3092\u6291\u3048\u3001\u6cbb\u7652\u3092\u65e9\u3081\u308b\u3002<\/p>\n\n\n\n<h3 class=\"wp-block-heading has-normal-font-size\"><strong>2.\u30bd\u30f3\u30d6\u30f3\u30fb\u30b9\u30fc\u30b8\u30f3\u30b0\u30fb\u30d0\u30ea\u30a2\u30fb\u30af\u30ea\u30fc\u30e0<\/strong><\/h3>\n\n\n\n<p class=\"has-small-font-size\">\u96c6\u4e2d\u4fdd\u6e7f\u30af\u30ea\u30fc\u30e0 <strong>\u30bb\u30e9\u30df\u30c9<\/strong> \u305d\u3057\u3066 <strong>\u30d9\u30fc\u30bf\u30b0\u30eb\u30ab\u30f3<\/strong>\u654f\u611f\u808c\u3001\u708e\u75c7\u808c\u306b\u6700\u9069\u3002\u30ef\u30f3\u30b9\u30c6\u30c3\u30d7\u3067\u808c\u306e\u30d0\u30ea\u30a2\u3092\u88dc\u3044\u307e\u3059\u3002<\/p>\n\n\n\n<h3 class=\"wp-block-heading has-normal-font-size\"><strong>3.\u30bd\u30f3\u30d6\u30f3\u30de\u30a4\u30eb\u30c9\u30af\u30ec\u30f3\u30b6\u30fc<\/strong><\/h3>\n\n\n\n<p class=\"has-small-font-size\">\u751f\u7406\u7684pH\u3067\u523a\u6fc0\u306e\u5c11\u306a\u3044\u30af\u30ec\u30f3\u30b8\u30f3\u30b0\u30b8\u30a7\u30eb\u3002\u654f\u611f\u808c\u3084\u30cb\u30ad\u30d3\u808c\u306e\u6bce\u65e5\u306e\u304a\u624b\u5165\u308c\u306b\u6700\u9069\u3067\u3059\u3002<\/p>\n\n\n\n<h3 class=\"wp-block-heading has-normal-font-size\"><strong>4.\u30bd\u30f3\u30d6\u30f3\u30fb\u30ab\u30fc\u30df\u30f3\u30b0\u30fb\u30c8\u30ca\u30fc<\/strong><\/h3>\n\n\n\n<p class=\"has-small-font-size\">\u93ae\u9759\u52b9\u679c\u306e\u3042\u308b\u30c8\u30ca\u30fc <strong>\u30b7\u30ab\u30a8\u30ad\u30b9<\/strong> \u305d\u3057\u3066 <strong>\u30d1\u30f3\u30c6\u30ce\u30fc\u30eb<\/strong>\u3046\u308b\u304a\u3044\u3092\u4e0e\u3048\u3001\u30d0\u30e9\u30f3\u30b9\u3092\u6574\u3048\u3001\u808c\u306e\u654f\u611f\u3055\u3092\u6291\u3048\u307e\u3059\u3002\u4fdd\u6e7f\u30eb\u30fc\u30c6\u30a3\u30f3\u306e\u6700\u521d\u306e\u30b9\u30c6\u30c3\u30d7\u306b\u6700\u9069\u3067\u3059\u3002<\/p>\n\n\n\n<h2 class=\"wp-block-heading has-large-font-size\">\u30bd\u30f3\u30d6\u30f3\u306f\u8ab0\u306e\u305f\u3081\uff1f<\/h2>\n\n\n\n<ul class=\"wp-block-list has-small-font-size\">\n<li>\u3092\u6301\u3064\u4eba\u3005 <strong>\u654f\u611f\u808c\u3001\u30cb\u30ad\u30d3\u808c\u3001\u8131\u6c34\u808c<\/strong><\/li>\n\n\n\n<li>\u30b5\u30fc\u30c1\u30e3\u30fc <strong>\u30df\u30cb\u30de\u30ea\u30b9\u30c8\u30fb\u30c0\u30fc\u30de\u30c8\u30b3\u30b9\u30e1\u30c6\u30a3\u30c3\u30af\u30fb\u30d5\u30a9\u30fc\u30df\u30e5\u30e9<\/strong><\/li>\n\n\n\n<li>\u306e\u71b1\u72c2\u7684\u306a\u30d5\u30a1\u30f3\u306b\u306f\u305f\u307e\u3089\u306a\u3044\u3002 <strong>K\u30d3\u30e5\u30fc\u30c6\u30a3\u30af\u30ea\u30cb\u30c3\u30af<\/strong><\/li>\n\n\n\n<li>\u3092\u5e0c\u671b\u3059\u308b\u30e6\u30fc\u30b6\u30fc <strong>\u5b89\u5168\u3067\u523a\u6fc0\u306e\u5c11\u306a\u3044\u65e5\u8ab2<\/strong><\/li>\n<\/ul>\n\n\n\n<div style=\"height:73px\" aria-hidden=\"true\" class=\"wp-block-spacer\"><\/div>\n\n\n\n<p class=\"has-text-align-center\"><strong>\u30aa\u30d5\u30a3\u30b7\u30e3\u30eb\u30d1\u30fc\u30c8\u30ca\u30fc\u306eSOLE\u304b\u3089\u30aa\u30f3\u30e9\u30a4\u30f3\u3067\u6ce8\u6587<\/strong><\/p>\n\n\n\n<div class=\"wp-block-buttons is-horizontal is-content-justification-center is-layout-flex wp-container-core-buttons-is-layout-499968f5 wp-block-buttons-is-layout-flex\">\n<div class=\"wp-block-button is-style-outline is-style-outline--1\"><a class=\"wp-block-button__link has-background-color has-text-color has-background wp-element-button\" href=\"https:\/\/sole.ro\/\" style=\"border-radius:17px;background-color:#1474b8\">\u30aa\u30fc\u30c0\u30fc<\/a><\/div>\n<\/div>","protected":false},"excerpt":{"rendered":"<p>Sungboon \u2013 Skincare cu baz\u0103 \u0219tiin\u021bific\u0103, rezultate reale Sungboon este un brand coreean dermato-cosmetic care pune accentul pe \u00eengrijirea bl\u00e2nd\u0103, dar eficient\u0103, a pielii sensibile, iritate sau acneice. Fondat pe principii \u0219tiin\u021bifice \u0219i sus\u021binut de test\u0103ri dermatologice riguroase, Sungboon livreaz\u0103 produse de \u00eenalt\u0103 calitate, f\u0103r\u0103 compromisuri \u2013 f\u0103r\u0103 parfum, f\u0103r\u0103 iritan\u021bi, f\u0103r\u0103 promisiuni goale. \ud83e\uddec Simplu. Eficient. Sigur. Filosofia Sungboon este clar\u0103: mai pu\u021bin \u00eenseamn\u0103 mai mult. Fiecare formul\u0103 este creat\u0103 cu ingrediente active atent selec\u021bionate, care respect\u0103 echilibrul natural al pielii \u0219i livreaz\u0103 rezultate vizibile f\u0103r\u0103 agresiune. \u2714\ufe0f Testat clinic pentru piele sensibil\u0103\u2714\ufe0f Potrivit pentru ten acneic, reactiv sau \u00een recuperare\u2714\ufe0f Formule curate, f\u0103r\u0103 alcool denaturat, parfum sau parabeni\u2714\ufe0f [&hellip;]<\/p>\n","protected":false},"author":1,"featured_media":0,"parent":0,"menu_order":0,"comment_status":"closed","ping_status":"closed","template":"","meta":{"footnotes":""},"class_list":["post-1314","page","type-page","status-publish","hentry"],"aioseo_notices":[],"_links":{"self":[{"href":"https:\/\/onemd.ro\/ja\/wp-json\/wp\/v2\/pages\/1314","targetHints":{"allow":["GET"]}}],"collection":[{"href":"https:\/\/onemd.ro\/ja\/wp-json\/wp\/v2\/pages"}],"about":[{"href":"https:\/\/onemd.ro\/ja\/wp-json\/wp\/v2\/types\/page"}],"author":[{"embeddable":true,"href":"https:\/\/onemd.ro\/ja\/wp-json\/wp\/v2\/users\/1"}],"replies":[{"embeddable":true,"href":"https:\/\/onemd.ro\/ja\/wp-json\/wp\/v2\/comments?post=1314"}],"version-history":[{"count":4,"href":"https:\/\/onemd.ro\/ja\/wp-json\/wp\/v2\/pages\/1314\/revisions"}],"predecessor-version":[{"id":1351,"href":"https:\/\/onemd.ro\/ja\/wp-json\/wp\/v2\/pages\/1314\/revisions\/1351"}],"wp:attachment":[{"href":"https:\/\/onemd.ro\/ja\/wp-json\/wp\/v2\/media?parent=1314"}],"curies":[{"name":"wp","href":"https:\/\/api.w.org\/{rel}","templated":true}]}}