{"id":1320,"date":"2025-04-11T09:29:47","date_gmt":"2025-04-11T09:29:47","guid":{"rendered":"https:\/\/onemd.ro\/?page_id=1320"},"modified":"2025-09-01T11:55:29","modified_gmt":"2025-09-01T11:55:29","slug":"nuse","status":"publish","type":"page","link":"https:\/\/onemd.ro\/ja\/nuse\/","title":{"rendered":"\u30cc\u30fc\u30b9"},"content":{"rendered":"<div class=\"wp-block-image\">\n<figure class=\"aligncenter size-medium\"><img decoding=\"async\" width=\"300\" height=\"150\" src=\"https:\/\/onemd.ro\/wp-content\/uploads\/2025\/04\/nuse-300x150.jpg\" alt=\"\u30cc\u30fc\u30b9\" class=\"wp-image-1322\" srcset=\"https:\/\/onemd.ro\/wp-content\/uploads\/2025\/04\/nuse-300x150.jpg 300w, https:\/\/onemd.ro\/wp-content\/uploads\/2025\/04\/nuse-1024x512.jpg 1024w, https:\/\/onemd.ro\/wp-content\/uploads\/2025\/04\/nuse-768x384.jpg 768w, https:\/\/onemd.ro\/wp-content\/uploads\/2025\/04\/nuse.jpg 1058w\" sizes=\"(max-width: 300px) 100vw, 300px\" \/><\/figure><\/div>\n\n\n<h2 class=\"wp-block-heading has-large-font-size\"><strong>\u30cc\u30fc\u30b9 - \u8aa0\u5b9f\u3067\u6e05\u6f54\u3001\u732e\u8eab\u7684\u306a\u89aa\u5bc6\u306a\u30b1\u30a2<\/strong><\/h2>\n\n\n\n<p class=\"has-small-font-size\"><strong>\u30cc\u30fc\u30b9<\/strong> \u306e\u88fd\u54c1\u3092\u901a\u3058\u3066\u3001\u81ea\u5206\u306e\u808c\u306b\u81ea\u4fe1\u3068\u5feb\u9069\u3055\u3092\u53d6\u308a\u623b\u3059\u30eb\u30fc\u30de\u30cb\u30a2\u306e\u30d6\u30e9\u30f3\u30c9\u3067\u3059\u3002 <strong>\u4e01\u5be7\u3055\u3001\u8cac\u4efb\u611f\u3001\u512a\u3057\u3055\u3092\u3082\u3063\u3066\u4f5c\u3089\u308c\u305f\u89aa\u5bc6\u306a\u30b1\u30a2<\/strong>.\u6065\u3082\u3001\u30bf\u30d6\u30fc\u3082\u3001\u59a5\u5354\u3082\u306a\u3044\u3002 <strong>\u89aa\u5bc6\u306a\u30a8\u30ea\u30a2\u306e\u81ea\u7136\u306a\u30d0\u30e9\u30f3\u30b9<\/strong> \u305d\u3057\u3066\u65e5\u3005\u3001\u5973\u6027\u306e\u5065\u5eb7\u3092\u30b5\u30dd\u30fc\u30c8\u3057\u3066\u3044\u307e\u3059\u3002<\/p>\n\n\n\n<h2 class=\"wp-block-heading has-large-font-size\">\ud83c\udf38 <strong>\u81ea\u4fe1\u304b\u3089\u59cb\u307e\u308b\u89aa\u5bc6\u306a\u65e5\u8ab2<\/strong><\/h2>\n\n\n\n<p class=\"has-small-font-size\">\u30cc\u30fc\u30b9\u306e\u88fd\u54c1\u306f\u3059\u3079\u3066\u305d\u3046\u3060\uff1a<\/p>\n\n\n\n<ul class=\"wp-block-list has-small-font-size\">\n<li>\ud83e\uddea <strong>\u76ae\u819a\u79d1\u5b66\u7684\u304a\u3088\u3073\u5a66\u4eba\u79d1\u5b66\u7684\u691c\u67fb\u6e08\u307f<\/strong><\/li>\n\n\n\n<li>\ud83c\udf31 <strong>\u9999\u6599\u3001SLS\u3001\u30d1\u30e9\u30d9\u30f3\u3001\u523a\u6fc0\u7269\u4e0d\u4f7f\u7528<\/strong><\/li>\n\n\n\n<li>\ud83e\uddfc <strong>pH\u30d0\u30e9\u30f3\u30b9\u306e\u3068\u308c\u305f\u51e6\u65b9<\/strong><\/li>\n\n\n\n<li>\ud83d\udc30 <strong>\u30f4\u30a3\u30fc\u30ac\u30f3\uff06\u7121\u8fb2\u85ac<\/strong><\/li>\n<\/ul>\n\n\n\n<h2 class=\"wp-block-heading has-primary-color has-text-color has-link-color has-large-font-size wp-elements-eb38daa6f4f56d3ce0c30fcc0dad121a\">\u30cc\u30fc\u30b9\u88fd\u54c1<\/h2>\n\n\n\n<h3 class=\"wp-block-heading has-normal-font-size\"><strong>1.\u30cc\u30fc\u30b9\u30fb\u30b8\u30a7\u30f3\u30c8\u30eb\u30fb\u30a4\u30f3\u30c6\u30a3\u30e1\u30a4\u30c8\u30fb\u30a6\u30a9\u30c3\u30b7\u30e5<\/strong><\/h3>\n\n\n\n<p class=\"has-small-font-size\">\u751f\u7406\u7684pH\uff083.8\uff5e4.5\uff09\u306e\u30a4\u30f3\u30c6\u30a3\u30e1\u30a4\u30c8\u30af\u30ec\u30f3\u30b8\u30f3\u30b0\u30b8\u30a7\u30eb\u3002\u914d\u5408\u6210\u5206 <strong>\u4e73\u9178<\/strong> \u305d\u3057\u3066 <strong>\u30ab\u30e2\u30df\u30fc\u30eb\u30a8\u30ad\u30b9<\/strong>\u512a\u3057\u304f\u885b\u751f\u7684\u3067\u81ea\u7136\u306a\u4fdd\u8b77\u306e\u305f\u3081\u306b\u3002<\/p>\n\n\n\n<h3 class=\"wp-block-heading has-normal-font-size\"><strong>2.\u30cc\u30fc\u30b9 \u30ab\u30fc\u30df\u30f3\u30b0 \u30b9\u30d7\u30ec\u30fc<\/strong><\/h3>\n\n\n\n<p class=\"has-small-font-size\">\u8131\u6bdb\u5f8c\u3084\u751f\u7406\u306e\u65e5\u306a\u3069\u3001\u4e0d\u5feb\u611f\u3092\u611f\u3058\u305f\u3068\u304d\u306b\u304a\u4f7f\u3044\u304f\u3060\u3055\u3044\u3002\u6210\u5206 <strong>\u30a2\u30e9\u30f3\u30c8\u30a4\u30f3<\/strong> \u305d\u3057\u3066 <strong>\u30de\u30f3\u30b5\u30af<\/strong>\u624b\u65e9\u304f\u7652\u3059\u305f\u3081\u306b\u3002<\/p>\n\n\n\n<h3 class=\"wp-block-heading has-normal-font-size\"><strong>3.\u30cc\u30fc\u30b9\u30fb\u30e2\u30a4\u30b9\u30c1\u30e3\u30e9\u30a4\u30b8\u30f3\u30b0\u30fb\u30a4\u30f3\u30c6\u30a3\u30e1\u30a4\u30c8\u30fb\u30b8\u30a7\u30eb<\/strong><\/h3>\n\n\n\n<p class=\"has-small-font-size\">\u30b9\u30c8\u30ec\u30b9\u3084\u30db\u30eb\u30e2\u30f3\u306e\u5909\u5316\u3001\u66f4\u5e74\u671f\u969c\u5bb3\u306b\u3088\u308b\u81a3\u306e\u4e7e\u71e5\u306b\u6700\u9069\u306a\u3001\u30a4\u30f3\u30ca\u30fc\u30b1\u30a2\u7528\u4fdd\u6e7f\u30b8\u30a7\u30eb\u3002\u30db\u30eb\u30e2\u30f3\u5264\u4e0d\u4f7f\u7528\u3001\u7121\u9999\u6599\u3002<\/p>\n\n\n\n<h3 class=\"wp-block-heading has-normal-font-size\"><strong>4.Nuse Wipes - \u751f\u5206\u89e3\u6027\u30a4\u30f3\u30c6\u30a3\u30e1\u30a4\u30c8\u30fb\u30ef\u30a4\u30d7<\/strong><\/h3>\n\n\n\n<p class=\"has-small-font-size\">\u5b9f\u7528\u7684\u3067\u3001\u3084\u3055\u3057\u304f\u3001\u5b89\u5168\u3067\u3001\u5916\u51fa\u5148\u3067\u306e\u885b\u751f\u7ba1\u7406\u306b\u6700\u9069\u3067\u3059\u3002\u30a2\u30eb\u30b3\u30fc\u30eb\u3084\u523a\u6fc0\u7269\u3092\u542b\u307f\u307e\u305b\u3093\u3002\u30cf\u30f3\u30c9\u30d0\u30c3\u30b0\u306b\u3074\u3063\u305f\u308a\u306e\u30b3\u30f3\u30d1\u30af\u30c8\u306a\u30d1\u30c3\u30b1\u30fc\u30b8\u3002<\/p>\n\n\n\n<h2 class=\"wp-block-heading has-large-font-size\">\ud83e\uddd8\u200d\u2640\ufe0f \u5e03\u702c\u3092\u9078\u3076\u7406\u7531<\/h2>\n\n\n\n<ul class=\"wp-block-list has-small-font-size\">\n<li>\ud83c\udf3f <strong>\u89aa\u5bc6\u306a\u30a8\u30ea\u30a2\u306e\u305f\u3081\u306e\u6e05\u6f54\u306a\u7f8e\u3057\u3055<\/strong><\/li>\n\n\n\n<li>\ud83d\udd2c <strong>\u30b9\u30da\u30b7\u30e3\u30ea\u30b9\u30c8\u304c\u958b\u767a\u3057\u305f\u30d5\u30a9\u30fc\u30df\u30e5\u30e9<\/strong><\/li>\n\n\n\n<li>\ud83e\udde1 <strong>\u601d\u6625\u671f\u304b\u3089\u66f4\u5e74\u671f\u307e\u3067\u3001\u3042\u3089\u3086\u308b\u30e9\u30a4\u30d5\u30b9\u30c6\u30fc\u30b8\u306b\u5bfe\u5fdc<\/strong><\/li>\n\n\n\n<li>\u267b\ufe0f <strong>\u6301\u7d9a\u53ef\u80fd\u306a\u751f\u5206\u89e3\u6027\u5305\u88c5<\/strong><\/li>\n\n\n\n<li>\ud83d\udcac <strong>\u6065\u3084\u30bf\u30d6\u30fc\u306e\u306a\u3044\u30aa\u30fc\u30d7\u30f3\u306a\u30b3\u30df\u30e5\u30cb\u30b1\u30fc\u30b7\u30e7\u30f3<\/strong><\/li>\n<\/ul>\n\n\n\n<h2 class=\"wp-block-heading has-large-font-size\">\u30cc\u30fc\u30b9\u306f\u8ab0\u306e\u305f\u3081\u306b\u3042\u308b\u306e\u304b\uff1f<\/h2>\n\n\n\n<p class=\"has-small-font-size\">\u305d\u3093\u306a\u5973\u6027\u306e\u305f\u3081\u306b <strong>\u523a\u6fc0\u306e\u5f37\u3044\u6210\u5206\u3092\u542b\u307e\u306a\u3044\u30a4\u30f3\u30ca\u30fc\u30b1\u30a2\u88fd\u54c1<\/strong>\u3057\u304b\u3057\u3001\u305d\u306e\u52b9\u679c\u306f\u5b9f\u8a3c\u6e08\u307f\u3067\u3042\u308b\u3002\u610f\u8b58\u7684\u306b\u3001\u81ea\u7136\u306b\u3001\u504f\u898b\u306a\u304f\u81ea\u5206\u306e\u4f53\u3092\u30b1\u30a2\u3057\u305f\u3044\u4eba\u306e\u305f\u3081\u306b\u3002<\/p>\n\n\n\n<hr class=\"wp-block-separator aligncenter has-alpha-channel-opacity\"\/>\n\n\n\n<p class=\"has-text-align-center\"><strong>Nuse\u88fd\u54c1\u3092Nuse\u516c\u5f0f\u30d1\u30fc\u30c8\u30ca\u30fc\u30b7\u30e7\u30c3\u30d7\u304b\u3089\u30aa\u30f3\u30e9\u30a4\u30f3\u3067\u3054\u6ce8\u6587\u3044\u305f\u3060\u3051\u307e\u3059\uff1a<\/strong><\/p>\n\n\n\n<div class=\"wp-block-group has-large-font-size is-layout-grid wp-container-core-group-is-layout-6be84c55 wp-block-group-is-layout-grid\">\n<figure class=\"wp-block-image size-medium\"><a href=\"https:\/\/sole.ro\/brand\/nuse\" target=\"_blank\" rel=\" noreferrer noopener\"><img decoding=\"async\" width=\"300\" height=\"150\" src=\"https:\/\/onemd.ro\/wp-content\/uploads\/2021\/07\/f6-2-300x150.jpg\" alt=\"\u30bd\u30fc\u30eb\u30ed\" class=\"wp-image-297\" srcset=\"https:\/\/onemd.ro\/wp-content\/uploads\/2021\/07\/f6-2-300x150.jpg 300w, https:\/\/onemd.ro\/wp-content\/uploads\/2021\/07\/f6-2-16x8.jpg 16w, https:\/\/onemd.ro\/wp-content\/uploads\/2021\/07\/f6-2.jpg 600w\" sizes=\"(max-width: 300px) 100vw, 300px\" \/><\/a><\/figure>\n<\/div>","protected":false},"excerpt":{"rendered":"<p>Nuse \u2013 \u00cengrijire intim\u0103 sincer\u0103, curat\u0103 \u0219i dedicat\u0103 \u021bie Nuse este un brand rom\u00e2nesc care red\u0103 \u00eencrederea \u0219i confortul \u00een propria piele prin produse de \u00eengrijire intim\u0103 create cu grij\u0103, responsabilitate \u0219i bl\u00e2nde\u021be. F\u0103r\u0103 ru\u0219ine, f\u0103r\u0103 tabuuri, f\u0103r\u0103 compromisuri \u2013 doar formule atent dezvoltate, care respect\u0103 echilibrul natural al zonei intime \u0219i sus\u021bin s\u0103n\u0103tatea feminin\u0103 zi de zi. \ud83c\udf38 Rutina intim\u0103 care \u00eencepe cu \u00eencredere Fiecare produs Nuse este: \ud83d\udca7 Produse Nuse 1. Nuse Gentle Intimate Wash Gel de cur\u0103\u021bare intim\u0103 cu pH fiziologic (3.8-4.5), ideal pentru utilizare zilnic\u0103. Con\u021bine acid lactic \u0219i extracte calmante de mu\u0219e\u021bel, pentru o igien\u0103 delicat\u0103 \u0219i protec\u021bie natural\u0103. 2. Nuse Calming Spray Spray intim [&hellip;]<\/p>","protected":false},"author":1,"featured_media":0,"parent":0,"menu_order":0,"comment_status":"closed","ping_status":"closed","template":"","meta":{"footnotes":""},"class_list":["post-1320","page","type-page","status-publish","hentry"],"aioseo_notices":[],"_links":{"self":[{"href":"https:\/\/onemd.ro\/ja\/wp-json\/wp\/v2\/pages\/1320","targetHints":{"allow":["GET"]}}],"collection":[{"href":"https:\/\/onemd.ro\/ja\/wp-json\/wp\/v2\/pages"}],"about":[{"href":"https:\/\/onemd.ro\/ja\/wp-json\/wp\/v2\/types\/page"}],"author":[{"embeddable":true,"href":"https:\/\/onemd.ro\/ja\/wp-json\/wp\/v2\/users\/1"}],"replies":[{"embeddable":true,"href":"https:\/\/onemd.ro\/ja\/wp-json\/wp\/v2\/comments?post=1320"}],"version-history":[{"count":6,"href":"https:\/\/onemd.ro\/ja\/wp-json\/wp\/v2\/pages\/1320\/revisions"}],"predecessor-version":[{"id":1707,"href":"https:\/\/onemd.ro\/ja\/wp-json\/wp\/v2\/pages\/1320\/revisions\/1707"}],"wp:attachment":[{"href":"https:\/\/onemd.ro\/ja\/wp-json\/wp\/v2\/media?parent=1320"}],"curies":[{"name":"wp","href":"https:\/\/api.w.org\/{rel}","templated":true}]}}