{"id":1326,"date":"2025-04-11T09:33:19","date_gmt":"2025-04-11T09:33:19","guid":{"rendered":"https:\/\/onemd.ro\/?page_id=1326"},"modified":"2025-09-01T11:53:52","modified_gmt":"2025-09-01T11:53:52","slug":"ongredients","status":"publish","type":"page","link":"https:\/\/onemd.ro\/ja\/ongredients\/","title":{"rendered":"\u539f\u6750\u6599"},"content":{"rendered":"<div class=\"wp-block-image\">\n<figure class=\"aligncenter size-medium\"><img decoding=\"async\" width=\"300\" height=\"150\" src=\"https:\/\/onemd.ro\/wp-content\/uploads\/2025\/04\/ongredients-300x150.jpg\" alt=\"\u539f\u6750\u6599\" class=\"wp-image-1327\" srcset=\"https:\/\/onemd.ro\/wp-content\/uploads\/2025\/04\/ongredients-300x150.jpg 300w, https:\/\/onemd.ro\/wp-content\/uploads\/2025\/04\/ongredients-1024x512.jpg 1024w, https:\/\/onemd.ro\/wp-content\/uploads\/2025\/04\/ongredients-768x384.jpg 768w, https:\/\/onemd.ro\/wp-content\/uploads\/2025\/04\/ongredients.jpg 1058w\" sizes=\"(max-width: 300px) 100vw, 300px\" \/><\/figure><\/div>\n\n\n<h2 class=\"wp-block-heading has-large-font-size\"><strong>ongredients - \u6e05\u6f54\u3067\u3001\u8cac\u4efb\u611f\u304c\u3042\u308a\u3001\u52b9\u679c\u7684\u306a\u30b9\u30ad\u30f3\u30b1\u30a2<\/strong><\/h2>\n\n\n\n<p class=\"has-small-font-size\"><strong>\u539f\u6750\u6599<\/strong> \u306f\u3001\u30b7\u30f3\u30d7\u30eb\u3055\u3092\u518d\u5b9a\u7fa9\u3059\u308b\u97d3\u56fd\u306e\u30b9\u30ad\u30f3\u30b1\u30a2\u30d6\u30e9\u30f3\u30c9\u3060\uff1a <strong>\u30df\u30cb\u30de\u30ea\u30b9\u30c8\u3060\u304c\u52b9\u7387\u7684<\/strong>\u306b\u57fa\u3065\u3044\u3066\u3044\u308b\u3002 <strong>\u808c\u3068\u5730\u7403\u306e\u305f\u3081\u306b\u3001\u30af\u30ea\u30fc\u30f3\u3067\u30c6\u30b9\u30c8\u6e08\u307f\u306e\u5b89\u5168\u306a\u6210\u5206<\/strong>.\u30b5\u30b9\u30c6\u30a4\u30ca\u30d3\u30ea\u30c6\u30a3\u3068\u900f\u660e\u6027\u3078\u306e\u78ba\u56fa\u305f\u308b\u30b3\u30df\u30c3\u30c8\u30e1\u30f3\u30c8\u3067\u3001\u30aa\u30f3\u30b0\u30ea\u30c7\u30a3\u30a8\u30f3\u30c8\u306f\u59a5\u5354\u3059\u308b\u3053\u3068\u306a\u304f\u3001\u3042\u306a\u305f\u306e\u808c\u3092\u5c0a\u91cd\u3059\u308b\u88fd\u54c1\u3092\u63d0\u4f9b\u3057\u307e\u3059\u3002<\/p>\n\n\n\n<h2 class=\"wp-block-heading has-large-font-size\">\ud83c\udf3f <strong>\u5c11\u306a\u3044\u3053\u3068\u306f\u591a\u3044\u3053\u3068\u3002\u30af\u30ea\u30fc\u30f3\u3053\u305d\u529b\u3002<\/strong><\/h2>\n\n\n\n<p class=\"has-small-font-size\">\u30aa\u30f3\u30b0\u30ec\u30c7\u30a3\u30a8\u30f3\u30c8\u306e\u88fd\u54c1\u306f\u3059\u3079\u3066\u305d\u3046\u3060\uff1a<\/p>\n\n\n\n<ul class=\"wp-block-list has-small-font-size\">\n<li>\ud83c\udf31 <strong>\u30d3\u30fc\u30ac\u30f3\u3001\u7121\u8fb2\u85ac\u3001EWG\u30b0\u30ea\u30fc\u30f3\u30ec\u30d9\u30eb<\/strong><\/li>\n\n\n\n<li>\u274c <strong>\u4eba\u5de5\u9999\u6599\u3001\u30d1\u30e9\u30d9\u30f3\u3001\u5909\u6027\u30a2\u30eb\u30b3\u30fc\u30eb\u3001\u7740\u8272\u6599\u306f\u4f7f\u7528\u3057\u3066\u3044\u307e\u305b\u3093\u3002<\/strong><\/li>\n\n\n\n<li>\u2705 <strong>\u76ae\u819a\u79d1\u5b66\u7684\u306b\u30c6\u30b9\u30c8\u6e08\u307f\u3001\u654f\u611f\u808c\u306b\u3082\u5b89\u5168<\/strong><\/li>\n\n\n\n<li>\u267b\ufe0f <strong>\u751f\u5206\u89e3\u6027\u307e\u305f\u306f\u30ea\u30b5\u30a4\u30af\u30eb\u53ef\u80fd\u306a\u30d1\u30c3\u30b1\u30fc\u30b8\u306b\u3088\u308b\u74b0\u5883\u306b\u512a\u3057\u3044\u5305\u88c5<\/strong><\/li>\n<\/ul>\n\n\n\n<h2 class=\"wp-block-heading has-primary-color has-text-color has-link-color has-large-font-size wp-elements-b85f5a28224a508fac205661823d26fa\">\u4e3b\u8981\u88fd\u54c1 \ud83c\udf0a \u539f\u6750\u6599<\/h2>\n\n\n\n<h3 class=\"wp-block-heading has-normal-font-size\"><strong>1.\u6210\u5206 \u30cf\u30fc\u30c8\u30ea\u30fc\u30d5 77% \u30b9\u30fc\u30b8\u30f3\u30b0\u30fb\u30c8\u30ca\u30fc<\/strong><\/h3>\n\n\n\n<p class=\"has-small-font-size\">\u93ae\u9759\u52b9\u679c\u306e\u3042\u308b\u30c8\u30ca\u30fc <strong>77%\u30cf\u30fc\u30c8\u30ea\u30fc\u30d5\u30a8\u30ad\u30b9(houttuynia cordata)<\/strong>\u654f\u611f\u808c\u3001\u708e\u75c7\u808c\u3001\u30cb\u30ad\u30d3\u808c\u306b\u6700\u9069\u3002\u3084\u3055\u3057\u304f\u4fdd\u6e7f\u3057\u3001\u8d64\u307f\u3092\u6291\u3048\u3001\u808c\u306epH\u30d0\u30e9\u30f3\u30b9\u3092\u6574\u3048\u307e\u3059\u3002<\/p>\n\n\n\n<h3 class=\"wp-block-heading has-normal-font-size\"><strong>2.\u6210\u5206 \u30bb\u30f3\u30c6\u30e9\u93ae\u9759\u30a2\u30f3\u30d7\u30eb<\/strong><\/h3>\n\n\n\n<p class=\"has-small-font-size\">\u6fc3\u7e2e\u30a2\u30f3\u30d7\u30eb <strong>\u30bb\u30f3\u30c6\u30e9\u30a2\u30b8\u30a2<\/strong> \u305d\u3057\u3066 <strong>\u30de\u30c7\u30ab\u30c3\u30bd\u30b7\u30c9<\/strong>\u53cd\u5fdc\u3057\u3084\u3059\u3044\u808c\u306b\u6700\u9069\u3002\u9854\u8272\u3092\u91cd\u304f\u3059\u308b\u3053\u3068\u306a\u304f\u3001\u518d\u751f\u3092\u4fc3\u9032\u3057\u3001\u708e\u75c7\u3092\u548c\u3089\u3052\u308b\u3002<\/p>\n\n\n\n<h3 class=\"wp-block-heading has-normal-font-size\"><strong>3.\u30e9\u30a4\u30b9\u30fb\u30d6\u30e9\u30f3\u30fb\u30f4\u30a3\u30fc\u30ac\u30f3\u30fb\u30af\u30ec\u30f3\u30b6\u30fc\u306e\u6210\u5206<\/strong><\/h3>\n\n\n\n<p class=\"has-small-font-size\">\u3092\u914d\u5408\u3057\u305f\u512a\u3057\u3044\u6d17\u9854\u30b8\u30a7\u30eb\u3002 <strong>\u7c73\u306c\u304b\u30a8\u30ad\u30b9<\/strong>\u4e7e\u71e5\u3055\u305b\u308b\u3053\u3068\u306a\u304f\u52b9\u679c\u7684\u306b\u6d17\u6d44\u3002K\u30d3\u30e5\u30fc\u30c6\u30a3\u30fc\u306e\u30c0\u30d6\u30eb\u30af\u30ec\u30f3\u30b8\u30f3\u30b0\u306b\u6700\u9069\u3002<\/p>\n\n\n\n<h3 class=\"wp-block-heading has-normal-font-size\"><strong>4.\u30d3\u30fc\u30ac\u30f3\u30fb\u30d0\u30ea\u30a2\u30fb\u30af\u30ea\u30fc\u30e0<\/strong><\/h3>\n\n\n\n<p class=\"has-small-font-size\">\u4fdd\u6e7f\u30af\u30ea\u30fc\u30e0 <strong>\u30f4\u30a3\u30fc\u30ac\u30f3\u30fb\u30bb\u30e9\u30df\u30c9<\/strong>, <strong>\u30d1\u30f3\u30c6\u30ce\u30fc\u30eb<\/strong> \u305d\u3057\u3066 <strong>\u30d9\u30fc\u30bf\u30b0\u30eb\u30ab\u30f3<\/strong>\u808c\u306e\u30d0\u30ea\u30a2\u6a5f\u80fd\u3092\u56de\u5fa9\u3055\u305b\u3001\u7d4c\u8868\u76ae\u6c34\u5206\u640d\u5931\u3092\u9632\u3050\u3002\u8efd\u304f\u3001\u6804\u990a\u4fa1\u306e\u9ad8\u3044\u30c6\u30af\u30b9\u30c1\u30e3\u30fc\u3002<\/p>\n\n\n\n<h2 class=\"wp-block-heading has-large-font-size\">\ud83d\udca7 \u76f8\u6027\u306e\u826f\u3044\u9078\u624b\u306f\uff1f<\/h2>\n\n\n\n<ul class=\"wp-block-list has-small-font-size\">\n<li>\u3092\u6301\u3064\u4eba\u3005 <strong>\u654f\u611f\u808c\u307e\u305f\u306f\u53cd\u5fdc\u6027\u808c<\/strong><\/li>\n\n\n\n<li>\u3092\u63a2\u3057\u3066\u3044\u308b\u30e6\u30fc\u30b6\u30fc <strong>\u4e00\u822c\u7684\u306a\u30a2\u30ec\u30eb\u30b2\u30f3\u3092\u542b\u307e\u306a\u3044\u88fd\u54c1<\/strong><\/li>\n\n\n\n<li>\u30b0\u30eb\u30fc\u30df\u30f3\u30b0\u306e\u7fd2\u6163\u3092\u597d\u3080\u4eba <strong>\u30af\u30ea\u30fc\u30f3\u3001\u502b\u7406\u7684\u3001\u6301\u7d9a\u53ef\u80fd<\/strong><\/li>\n\n\n\n<li>\u306e\u71b1\u72c2\u7684\u306a\u30d5\u30a1\u30f3\u306b\u306f\u305f\u307e\u3089\u306a\u3044\u3002 <strong>\u97d3\u56fd\u306e\u30df\u30cb\u30de\u30ea\u30b9\u30c8\u30fb\u30b9\u30ad\u30f3\u30b1\u30a2<\/strong><\/li>\n<\/ul>\n\n\n\n<h2 class=\"wp-block-heading has-large-font-size\">\u306a\u305c\u98df\u6750\u3092\u9078\u3076\u306e\u304b\uff1f<\/h2>\n\n\n\n<ul class=\"wp-block-list has-small-font-size\">\n<li>\ud83e\uddea <strong>\u79d1\u5b66\u7684\u7814\u7a76\u306b\u57fa\u3065\u304f\u51e6\u65b9<\/strong><\/li>\n\n\n\n<li>\ud83c\udf0e <strong>\u771f\u306e\u74b0\u5883\u8cac\u4efb\u3001\u5358\u306a\u308b\u30b0\u30ea\u30fc\u30f3\u30a6\u30a9\u30c3\u30b7\u30e5\u3067\u306f\u306a\u3044<\/strong><\/li>\n\n\n\n<li>\ud83d\udcac <strong>\u900f\u660e\u3067\u8aa0\u5b9f\u306a\u8868\u793a<\/strong><\/li>\n\n\n\n<li>\ud83e\uddfc <strong>\u30c8\u30e9\u30d6\u30eb\u808c\u3001\u30cb\u30ad\u30d3\u808c\u3001\u9152\u3055\u808c\u3001\u708e\u75c7\u808c\u306b\u9069\u3057\u3066\u3044\u307e\u3059\u3002<\/strong><\/li>\n<\/ul>\n\n\n\n<hr class=\"wp-block-separator aligncenter has-alpha-channel-opacity\"\/>\n\n\n\n<p class=\"has-text-align-center\"><strong>\u30aa\u30f3\u30e9\u30a4\u30f3\u3067\u5546\u54c1\u3092\u6ce8\u6587\u3059\u308b <strong>\u539f\u6750\u6599<\/strong> \u30aa\u30d5\u30a3\u30b7\u30e3\u30eb\u30fb\u30d1\u30fc\u30c8\u30ca\u30fc\u30fb\u30b7\u30e7\u30c3\u30d7\u304b\u3089\uff1a<\/strong><\/p>\n\n\n\n<div class=\"wp-block-group has-large-font-size is-layout-grid wp-container-core-group-is-layout-6be84c55 wp-block-group-is-layout-grid\">\n<figure class=\"wp-block-image size-medium\"><a href=\"https:\/\/sole.ro\/brand\/ongredients\" target=\"_blank\" rel=\" noreferrer noopener\"><img decoding=\"async\" width=\"300\" height=\"150\" src=\"https:\/\/onemd.ro\/wp-content\/uploads\/2021\/07\/f6-2-300x150.jpg\" alt=\"\u30bd\u30fc\u30eb\u30ed\" class=\"wp-image-297\" srcset=\"https:\/\/onemd.ro\/wp-content\/uploads\/2021\/07\/f6-2-300x150.jpg 300w, https:\/\/onemd.ro\/wp-content\/uploads\/2021\/07\/f6-2-16x8.jpg 16w, https:\/\/onemd.ro\/wp-content\/uploads\/2021\/07\/f6-2.jpg 600w\" sizes=\"(max-width: 300px) 100vw, 300px\" \/><\/a><\/figure>\n<\/div>","protected":false},"excerpt":{"rendered":"<p>ongredients \u2013 Skincare curat, responsabil \u0219i eficient ongredients este un brand coreean de \u00eengrijire a pielii care redefine\u0219te simplitatea: formule minimaliste, dar eficiente, bazate pe ingrediente curate, verificate \u0219i sigure pentru piele \u0219i planet\u0103. Cu un angajament ferm fa\u021b\u0103 de sustenabilitate \u0219i transparen\u021b\u0103, ongredients \u00ee\u021bi ofer\u0103 produse care \u00ee\u021bi respect\u0103 pielea \u2013 f\u0103r\u0103 compromisuri. \ud83c\udf3f Less is more. Clean is power. Fiecare produs ongredients este: \ud83c\udf0a Produse cheie ongredients 1. ongredients Heartleaf 77% Soothing Toner Toner calmant cu 77% extract de heartleaf (houttuynia cordata), ideal pentru ten sensibil, iritat sau acneic. Hidrateaz\u0103 u\u0219or, reduce ro\u0219ea\u021ba \u0219i echilibreaz\u0103 pH-ul pielii. 2. ongredients Centella Calming Ampoule Ampul\u0103 concentrat\u0103 cu Centella Asiatica \u0219i [&hellip;]<\/p>","protected":false},"author":1,"featured_media":0,"parent":0,"menu_order":0,"comment_status":"closed","ping_status":"closed","template":"","meta":{"footnotes":""},"class_list":["post-1326","page","type-page","status-publish","hentry"],"aioseo_notices":[],"_links":{"self":[{"href":"https:\/\/onemd.ro\/ja\/wp-json\/wp\/v2\/pages\/1326","targetHints":{"allow":["GET"]}}],"collection":[{"href":"https:\/\/onemd.ro\/ja\/wp-json\/wp\/v2\/pages"}],"about":[{"href":"https:\/\/onemd.ro\/ja\/wp-json\/wp\/v2\/types\/page"}],"author":[{"embeddable":true,"href":"https:\/\/onemd.ro\/ja\/wp-json\/wp\/v2\/users\/1"}],"replies":[{"embeddable":true,"href":"https:\/\/onemd.ro\/ja\/wp-json\/wp\/v2\/comments?post=1326"}],"version-history":[{"count":3,"href":"https:\/\/onemd.ro\/ja\/wp-json\/wp\/v2\/pages\/1326\/revisions"}],"predecessor-version":[{"id":1706,"href":"https:\/\/onemd.ro\/ja\/wp-json\/wp\/v2\/pages\/1326\/revisions\/1706"}],"wp:attachment":[{"href":"https:\/\/onemd.ro\/ja\/wp-json\/wp\/v2\/media?parent=1326"}],"curies":[{"name":"wp","href":"https:\/\/api.w.org\/{rel}","templated":true}]}}