{"id":1329,"date":"2025-04-11T09:33:55","date_gmt":"2025-04-11T09:33:55","guid":{"rendered":"https:\/\/onemd.ro\/?page_id=1329"},"modified":"2025-09-01T12:26:13","modified_gmt":"2025-09-01T12:26:13","slug":"fwee","status":"publish","type":"page","link":"https:\/\/onemd.ro\/ja\/fwee\/","title":{"rendered":"\u9732\u5929\u98a8\u5442"},"content":{"rendered":"<div class=\"wp-block-image\">\n<figure class=\"aligncenter size-medium\"><img decoding=\"async\" width=\"300\" height=\"150\" src=\"https:\/\/onemd.ro\/wp-content\/uploads\/2025\/04\/fwee-300x150.jpg\" alt=\"\u9732\u5929\u98a8\u5442\" class=\"wp-image-1330\" srcset=\"https:\/\/onemd.ro\/wp-content\/uploads\/2025\/04\/fwee-300x150.jpg 300w, https:\/\/onemd.ro\/wp-content\/uploads\/2025\/04\/fwee-1024x512.jpg 1024w, https:\/\/onemd.ro\/wp-content\/uploads\/2025\/04\/fwee-768x384.jpg 768w, https:\/\/onemd.ro\/wp-content\/uploads\/2025\/04\/fwee.jpg 1058w\" sizes=\"(max-width: 300px) 100vw, 300px\" \/><\/figure><\/div>\n\n\n<h2 class=\"wp-block-heading has-large-font-size\"><strong>FWEE - \u30eb\u30fc\u30eb\u306e\u306a\u3044\u7f8e\u3057\u3055\u3001\u9650\u754c\u306e\u306a\u3044\u8272\u5f69<\/strong><\/h2>\n\n\n\n<p class=\"has-small-font-size\"><strong>FWEE<\/strong> \u306f\u3001\u3042\u306a\u305f\u304c\u611f\u3058\u305f\u307e\u307e\u306e\u81ea\u5206\u3092\u8868\u73fe\u3067\u304d\u308b\u97d3\u56fd\u306e\u30e1\u30a4\u30af\u30a2\u30c3\u30d7\u30d6\u30e9\u30f3\u30c9\u3002\u81ea\u7531\u3067\u3001\u30ab\u30e9\u30d5\u30eb\u3067\u3001\u62bc\u3057\u3064\u3051\u304c\u307e\u3057\u304f\u306a\u3044\u3002\u9769\u65b0\u7684\u306a\u30c6\u30af\u30b9\u30c1\u30e3\u30fc\u3001\u9b45\u529b\u7684\u306a\u30d1\u30c3\u30b1\u30fc\u30b8\u3001\u305d\u3057\u3066\u523a\u6fc0\u7684\u306a\u30ab\u30e9\u30fc\u3067\u3001FWEE\u306f\u30e1\u30a4\u30af\u30a2\u30c3\u30d7\u306e\u559c\u3073\u3092\u8ffd\u6c42\u3057\u307e\u3059-\u30ca\u30c1\u30e5\u30e9\u30eb\u306b\u4ed5\u4e0a\u3052\u305f\u3044\u4eba\u3082\u3001\u671d10\u6642\u306b\u30cd\u30aa\u30f3\u30d4\u30f3\u30af\u306b\u8f1d\u304d\u305f\u3044\u4eba\u3082\u3002<\/p>\n\n\n\n<h2 class=\"wp-block-heading has-large-font-size\">\ud83c\udfa8 <strong>\u808c\u89e6\u308a\u304c\u3088\u304f\u3001\u898b\u305f\u76ee\u304c\u7f8e\u3057\u304f\u3001\u808c\u3092\u5c0a\u91cd\u3059\u308b\u30e1\u30a4\u30af\u30a2\u30c3\u30d7<\/strong><\/h2>\n\n\n\n<p class=\"has-small-font-size\">FWEE\u306e\u88fd\u54c1\u306f\u4ee5\u4e0b\u306e\u901a\u308a\uff1a<\/p>\n\n\n\n<ul class=\"wp-block-list has-small-font-size\">\n<li>\ud83e\uddea <strong>\u76ae\u819a\u79d1\u5b66\u30c6\u30b9\u30c8\u6e08\u307f\u3001\u654f\u611f\u808c\u7528<\/strong><\/li>\n\n\n\n<li>\ud83c\udf31 <strong>\u7121\u6dfb\u52a0\uff06\u30d3\u30fc\u30ac\u30f3\u5bfe\u5fdc<\/strong><\/li>\n\n\n\n<li>\ud83d\udca7 <strong>\u4fdd\u6e7f\u6027\u306b\u512a\u308c\u3001\u8efd\u304f\u3001\u3084\u308f\u3089\u304b\u304f\u306a\u308a\u3084\u3059\u3044\u3002<\/strong><\/li>\n\n\n\n<li>\ud83d\udd25 <strong>\u5f3e\u529b\u6027\u304c\u3042\u308a\u3001\u30d4\u30b0\u30e1\u30f3\u30c8\u304c\u3042\u308a\u3001\u3072\u3068\u5857\u308a\u3067\u30ef\u30a6\u306b\u306a\u308b<\/strong><\/li>\n<\/ul>\n\n\n\n<h2 class=\"wp-block-heading has-primary-color has-text-color has-link-color has-large-font-size wp-elements-7a12798094fb2974e5c077b5a4406714\">FWEE\u306e\u4eba\u6c17\u5546\u54c1<\/h2>\n\n\n\n<h3 class=\"wp-block-heading has-normal-font-size\"><strong>1.FWEE\u30af\u30c3\u30b7\u30e7\u30f3\u30ac\u30e9\u30b9BB\u30d5\u30a1\u30f3\u30c7\u30fc\u30b7\u30e7\u30f3<\/strong><\/h3>\n\n\n\n<p class=\"has-small-font-size\">\u30df\u30c7\u30a3\u30a2\u30e0\u30ab\u30d0\u30ec\u30c3\u30b8\u306e\u30af\u30c3\u30b7\u30e7\u30f3\u30d5\u30a1\u30f3\u30c7\u30fc\u30b7\u30e7\u30f3\u3002\u8272\u30e0\u30e9\u3092\u6574\u3048\u3001\u8f1d\u304d\u3092\u4e0e\u3048\u3001\u65e5\u713c\u3051\u6b62\u3081\u52b9\u679c\uff08SPF50+\uff09\u3082\u3042\u308a\u307e\u3059\u3002\u808c\u306b\u8ca0\u62c5\u3092\u304b\u3051\u305a\u3001\u9178\u5316\u3057\u306b\u304f\u3044\u3002<\/p>\n\n\n\n<h3 class=\"wp-block-heading has-normal-font-size\"><strong>2.FWEE \u30ea\u30c3\u30d7\uff06\u30c1\u30fc\u30af \u30d6\u30e9\u30fc \u30d7\u30ea\u30f3 \u30c6\u30a3\u30f3\u30c8<\/strong><\/h3>\n\n\n\n<p class=\"has-small-font-size\">\u30d7\u30ea\u30f3\u3068\u3057\u305f\u30c6\u30af\u30b9\u30c1\u30e3\u30fc\u3067\u3001\u8d64\u307f\u52b9\u679c\u306e\u3042\u308b\u30af\u30ea\u30fc\u30df\u30fc\u306a2in1\u30ea\u30c3\u30d7\uff06\u30c1\u30fc\u30af\u30c6\u30a3\u30f3\u30c8\u3002\u6307\u3067\u5857\u308a\u3084\u3059\u304f\u3001\u8efd\u3084\u304b\u3067\u30b0\u30ed\u30c3\u30b7\u30fc\u306a\u30de\u30c3\u30c8\u611f\u3092\u6f14\u51fa\u3002<\/p>\n\n\n\n<h3 class=\"wp-block-heading has-normal-font-size\"><strong>3.FWEE\u30a2\u30a4\u30e9\u30a4\u30bf\u30fc\u30c7\u30e5\u30a2\u30eb\u30b9\u30c6\u30a3\u30c3\u30af<\/strong><\/h3>\n\n\n\n<p class=\"has-small-font-size\">\u30cf\u30a4\u30e9\u30a4\u30bf\u30fc\u3068\u30a2\u30a4\u30e9\u30a4\u30ca\u30fc\u304c\u540c\u3058\u30b9\u30c6\u30a3\u30c3\u30af\u306b\u3002\u6fc3\u5bc6\u306a\u30d4\u30b0\u30e1\u30f3\u30c8\u3067\u5857\u308a\u3084\u3059\u304f\u3001\u7d20\u65e9\u304f\u30af\u30ea\u30a8\u30a4\u30c6\u30a3\u30d3\u30c6\u30a3\u3092\u767a\u63ee\u3059\u308b\u306e\u306b\u6700\u9069\u306a\u30a2\u30a4\u30c6\u30e0\u3002<\/p>\n\n\n\n<h3 class=\"wp-block-heading has-normal-font-size\"><strong>4.FWEE \u30b0\u30ed\u30a6\u30b8\u30a7\u30ea\u30fc\u30cf\u30a4\u30e9\u30a4\u30bf\u30fc<\/strong><\/h3>\n\n\n\n<p class=\"has-small-font-size\">\u307f\u305a\u307f\u305a\u3057\u3044\u30b8\u30a7\u30ea\u30fc\u72b6\u306e\u30c6\u30af\u30b9\u30c1\u30e3\u30fc\u3002\u808c\u306e\u4e0a\u3067\u3068\u308d\u3051\u308b\u3088\u3046\u306b\u306a\u3058\u307f\u3001\u5857\u308b\u91cf\u306b\u3088\u3063\u3066\u81ea\u7136\u306a\u8f1d\u304d\u3001\u307e\u305f\u306f\u30d3\u30eb\u30c9\u53ef\u80fd\u306a\u8f1d\u304d\u3092\u4e0e\u3048\u307e\u3059\u3002<\/p>\n\n\n\n<h2 class=\"wp-block-heading has-large-font-size\">\u8ab0\u306e\u305f\u3081\u306eFWEE\u304b\uff1f<\/h2>\n\n\n\n<ul class=\"wp-block-list has-small-font-size\">\n<li>\u306e\u71b1\u72c2\u7684\u306a\u30d5\u30a1\u30f3\u306b\u306f\u305f\u307e\u3089\u306a\u3044\u3002 <strong>\u500b\u6027\u7684\u306aK\u30d3\u30e5\u30fc\u30c6\u30a3\u30fc<\/strong><\/li>\n\n\n\n<li>\u30e1\u30a4\u30af\u30a2\u30c3\u30d7\u88fd\u54c1\u3092\u597d\u3080\u4eba <strong>\u30de\u30eb\u30c1\u30bf\u30b9\u30af\u3067\u5857\u308a\u3084\u3059\u304f\u3001\u6301\u3061\u904b\u3073\u306b\u4fbf\u5229<\/strong><\/li>\n\n\n\n<li>\u30a4\u30e1\u30c1\u30a7\u30f3\u3057\u305f\u3044\u4eba <strong>\u81ea\u7136\u306a\u3053\u3068\u3060\u3002<\/strong><\/li>\n\n\n\n<li>\u3068\u8003\u3048\u3066\u3044\u308b\u4eba\u306f <strong>\u30e1\u30a4\u30af\u30a2\u30c3\u30d7\u306f\u30b2\u30fc\u30e0\u3067\u3042\u308a\u3001\u30eb\u30fc\u30eb\u3067\u306f\u306a\u3044<\/strong><\/li>\n<\/ul>\n\n\n\n<hr class=\"wp-block-separator aligncenter has-alpha-channel-opacity\"\/>\n\n\n\n<p class=\"has-text-align-center\"><strong>\u30aa\u30d5\u30a3\u30b7\u30e3\u30eb\u30d1\u30fc\u30c8\u30ca\u30fc\u30b7\u30e7\u30c3\u30d7\u3067FWEE\u306e\u5546\u54c1\u3092\u30aa\u30f3\u30e9\u30a4\u30f3\u3067\u6ce8\u6587\u3059\u308b\uff1a<\/strong><\/p>\n\n\n\n<div class=\"wp-block-group has-large-font-size is-layout-grid wp-container-core-group-is-layout-6be84c55 wp-block-group-is-layout-grid\">\n<figure class=\"wp-block-image size-medium\"><a href=\"https:\/\/sole.ro\/brand\/fwee\" target=\"_blank\" rel=\" noreferrer noopener\"><img decoding=\"async\" width=\"300\" height=\"150\" src=\"https:\/\/onemd.ro\/wp-content\/uploads\/2021\/07\/f6-2-300x150.jpg\" alt=\"\u30bd\u30fc\u30eb\u30ed\" class=\"wp-image-297\" srcset=\"https:\/\/onemd.ro\/wp-content\/uploads\/2021\/07\/f6-2-300x150.jpg 300w, https:\/\/onemd.ro\/wp-content\/uploads\/2021\/07\/f6-2-16x8.jpg 16w, https:\/\/onemd.ro\/wp-content\/uploads\/2021\/07\/f6-2.jpg 600w\" sizes=\"(max-width: 300px) 100vw, 300px\" \/><\/a><\/figure>\n<\/div>\n\n\n\n<p><\/p>","protected":false},"excerpt":{"rendered":"<p>FWEE \u2013 Beauty f\u0103r\u0103 reguli, culoare f\u0103r\u0103 limite FWEE este un brand coreean de makeup care \u00ee\u021bi d\u0103 voie s\u0103 te exprimi exact cum sim\u021bi. Liber, colorat, f\u0103r\u0103 standarde impuse. Cu texturi inovatoare, ambalaje irezistibile \u0219i culori care inspir\u0103, FWEE este despre bucuria machiajului \u2013 fie c\u0103 vrei un look natural, fie c\u0103 vrei s\u0103 str\u0103luce\u0219ti \u00een roz neon la ora 10 diminea\u021ba. \ud83c\udfa8 Makeup care se simte bine, arat\u0103 wow \u0219i respect\u0103 pielea Produsele FWEE sunt: \u2b50 Produse populare FWEE 1. FWEE Cushion Glass BB Foundation Fond de ten tip cushion cu acoperire medie \u0219i finish de sticl\u0103. Uniformizeaz\u0103, ilumineaz\u0103 \u0219i ofer\u0103 protec\u021bie solar\u0103 (SPF 50+). Nu \u00eencarc\u0103, nu [&hellip;]<\/p>","protected":false},"author":1,"featured_media":0,"parent":0,"menu_order":0,"comment_status":"closed","ping_status":"closed","template":"","meta":{"footnotes":""},"class_list":["post-1329","page","type-page","status-publish","hentry"],"aioseo_notices":[],"_links":{"self":[{"href":"https:\/\/onemd.ro\/ja\/wp-json\/wp\/v2\/pages\/1329","targetHints":{"allow":["GET"]}}],"collection":[{"href":"https:\/\/onemd.ro\/ja\/wp-json\/wp\/v2\/pages"}],"about":[{"href":"https:\/\/onemd.ro\/ja\/wp-json\/wp\/v2\/types\/page"}],"author":[{"embeddable":true,"href":"https:\/\/onemd.ro\/ja\/wp-json\/wp\/v2\/users\/1"}],"replies":[{"embeddable":true,"href":"https:\/\/onemd.ro\/ja\/wp-json\/wp\/v2\/comments?post=1329"}],"version-history":[{"count":3,"href":"https:\/\/onemd.ro\/ja\/wp-json\/wp\/v2\/pages\/1329\/revisions"}],"predecessor-version":[{"id":1725,"href":"https:\/\/onemd.ro\/ja\/wp-json\/wp\/v2\/pages\/1329\/revisions\/1725"}],"wp:attachment":[{"href":"https:\/\/onemd.ro\/ja\/wp-json\/wp\/v2\/media?parent=1329"}],"curies":[{"name":"wp","href":"https:\/\/api.w.org\/{rel}","templated":true}]}}