{"id":14,"date":"2021-07-07T10:31:54","date_gmt":"2021-07-07T10:31:54","guid":{"rendered":"http:\/\/onemd.ro\/?page_id=14"},"modified":"2025-08-19T12:39:54","modified_gmt":"2025-08-19T12:39:54","slug":"contact","status":"publish","type":"page","link":"https:\/\/onemd.ro\/ja\/contact\/","title":{"rendered":"\u9023\u7d61\u5148"},"content":{"rendered":"<div class=\"wp-block-cover alignfull is-light\"><img fetchpriority=\"high\" decoding=\"async\" width=\"1919\" height=\"600\" class=\"wp-block-cover__image-background wp-image-347\" alt=\"\" src=\"https:\/\/onemd.ro\/wp-content\/uploads\/2021\/07\/contactbg.jpg\" data-object-fit=\"cover\" srcset=\"https:\/\/onemd.ro\/wp-content\/uploads\/2021\/07\/contactbg.jpg 1919w, https:\/\/onemd.ro\/wp-content\/uploads\/2021\/07\/contactbg-300x94.jpg 300w, https:\/\/onemd.ro\/wp-content\/uploads\/2021\/07\/contactbg-1024x320.jpg 1024w, https:\/\/onemd.ro\/wp-content\/uploads\/2021\/07\/contactbg-768x240.jpg 768w, https:\/\/onemd.ro\/wp-content\/uploads\/2021\/07\/contactbg-1536x480.jpg 1536w, https:\/\/onemd.ro\/wp-content\/uploads\/2021\/07\/contactbg-16x5.jpg 16w, https:\/\/onemd.ro\/wp-content\/uploads\/2021\/07\/contactbg-1200x375.jpg 1200w\" sizes=\"(max-width: 1919px) 100vw, 1919px\" \/><span aria-hidden=\"true\" class=\"wp-block-cover__background has-background-dim-20 has-background-dim\"><\/span><div class=\"wp-block-cover__inner-container is-layout-flow wp-block-cover-is-layout-flow\">\n<p class=\"has-text-align-center has-background-color has-text-color has-link-color wp-elements-bb0860a05aa67558759dedc093bd05e6\" style=\"font-size:62px\">\u9023\u7d61\u5148<\/p>\n<\/div><\/div>\n\n\n\n<div class=\"wp-block-columns is-layout-flex wp-container-core-columns-is-layout-9d6595d7 wp-block-columns-is-layout-flex\">\n<div class=\"wp-block-column is-layout-flow wp-block-column-is-layout-flow\" style=\"flex-basis:100%\">\n<h2 class=\"wp-block-heading alignwide has-text-align-center has-normal-font-size\"><strong>1. \ud83c\udf0d\u6210\u529f\u3057\u305f\u56fd\u969b\u30d6\u30e9\u30f3\u30c9\u306e\u305f\u3081\u306b<\/strong><\/h2>\n\n\n\n<p class=\"has-small-font-size\">\u30eb\u30fc\u30de\u30cb\u30a2\u3001\u30cf\u30f3\u30ac\u30ea\u30fc\u3001\u30d6\u30eb\u30ac\u30ea\u30a2\u3001\u305d\u3057\u3066\u305d\u306e\u4ed6\u306e\u5730\u57df\u306e\u5e02\u5834\u306b\u3001\u771f\u5263\u304b\u3064\u5065\u5168\u306a\u5f62\u3067\u53c2\u5165\u3057\u305f\u3044\u3068\u304a\u8003\u3048\u3067\u3059\u304b\uff1f<\/p>\n\n\n\n<div style=\"height:40px\" aria-hidden=\"true\" class=\"wp-block-spacer\"><\/div>\n\n\n\n<p class=\"has-text-align-left\">\u306a\u305c1\u3064\u306e\u30de\u30b9\u30bf\u30fc\u30c7\u30a3\u30b9\u30c8\u30ea\u30d3\u30e5\u30fc\u30b7\u30e7\u30f3\u3092\u9078\u3076\u306e\u304b\uff1f<\/p>\n\n\n\n<p class=\"has-small-font-size\">\u30d7\u30ec\u30df\u30a2\u30e0\u30fb\u30d6\u30e9\u30f3\u30c9\u7acb\u3061\u4e0a\u3052\u306b\u304a\u3051\u308b13\u5e74\u306e\u7d4c\u9a13<\/p>\n\n\n\n<p class=\"has-small-font-size\">3\u30ab\u56fd\u3067\u72ec\u5360\u7684\u30cd\u30c3\u30c8\u30ef\u30fc\u30af\u3092\u5c55\u958b\u3001\u6771\u6b27\u3067\u3082\u62e1\u5927\u4e2d\u3002<\/p>\n\n\n\n<p class=\"has-small-font-size\">\u5b8c\u5168\u306a\u77e5\u7684\u8ca1\u7523\u6a29\u4fdd\u8b77\u306e\u5c02\u9580\u77e5\u8b58\u3068\u6cd5\u7684\u4ee3\u7406\u6a29<\/p>\n\n\n\n<p class=\"has-small-font-size\">\u2705 \u5927\u624b\u85ac\u5c40\u30c1\u30a7\u30fc\u30f3\u3068\u306e\u76f4\u63a5\u63d0\u643a<\/p>\n\n\n\n<p class=\"has-small-font-size\">\u2705 \u533b\u7642\u4fdd\u969c - \u76ae\u819a\u79d1\u533b\u3068\u306e\u5354\u529b\u3084\u5b66\u4f1a\u306a\u3069<\/p>\n\n\n\n<p class=\"has-small-font-size\">\u54c1\u8cea\u3001\u74b0\u5883\u3001\u5b89\u5168\u6027\u306b\u95a2\u3059\u308b ISO \u8a8d\u8a3c \u2705\u3002<\/p>\n\n\n\n<div style=\"height:40px\" aria-hidden=\"true\" class=\"wp-block-spacer\"><\/div>\n\n\n\n<p class=\"has-text-align-left\">\ud83d\udcca \u5b9f\u7e3e\u304c\u3042\u308b\uff1a <\/p>\n\n\n\n<p class=\"has-small-font-size\">- 50\u4ee5\u4e0a\u306e\u30d6\u30e9\u30f3\u30c9\u306e\u7acb\u3061\u4e0a\u3052\u306b\u6210\u529f<\/p>\n\n\n\n<p class=\"has-small-font-size\">- 500\u4ee5\u4e0a\u306e\u85ac\u5c40\u304a\u3088\u3073\u5c0f\u58f2\u5e97\u3067\u306e\u5c55\u958b<\/p>\n\n\n\n<p class=\"has-small-font-size\">- \u5e74\u959310\u4ee5\u4e0a\u306e\u533b\u5b66\u4f1a\u8b70\u306b\u53c2\u52a0<\/p>\n\n\n\n<p class=\"has-small-font-size\">- \u30d6\u30e9\u30f3\u30c9\u4fdd\u8b77\u3067\u52dd\u8a34<\/p>\n\n\n\n<div style=\"height:40px\" aria-hidden=\"true\" class=\"wp-block-spacer\"><\/div>\n\n\n\n<p class=\"has-text-align-left\">\ud83d\udcbc \u30d6\u30e9\u30f3\u30c9\u306e\u305f\u3081\u306e\u30d5\u30eb\u30b5\u30fc\u30d3\u30b9\uff1a<\/p>\n\n\n\n<p class=\"has-small-font-size\">\u5e02\u5834\u5206\u6790\u3068\u53c2\u5165\u6226\u7565<\/p>\n\n\n\n<p class=\"has-small-font-size\">\ud83d\udd39 \u77e5\u7684\u8ca1\u7523\u6a29\u306e\u53d6\u5f97\u3068\u7ba1\u7406<\/p>\n\n\n\n<p class=\"has-small-font-size\">\ud83d\udd39 EU\u898f\u5236\u3078\u306e\u5bfe\u5fdc<\/p>\n\n\n\n<p class=\"has-small-font-size\">\ud83d\udd39 \u533b\u7642\u30fb\u6559\u80b2\u30de\u30fc\u30b1\u30c6\u30a3\u30f3\u30b0<\/p>\n\n\n\n<p class=\"has-small-font-size\">\ud83d\udd39 \u72ec\u5360\u7684\u306a\u6d41\u901a\u3068\u30ed\u30b8\u30b9\u30c6\u30a3\u30af\u30b9<\/p>\n\n\n\n<p class=\"has-small-font-size\">\ud83d\udd39 \u507d\u9020\u54c1\u304b\u3089\u306e\u7a4d\u6975\u7684\u4fdd\u8b77<\/p>\n\n\n\n<div style=\"height:40px\" aria-hidden=\"true\" class=\"wp-block-spacer\"><\/div>\n\n\n\n<p class=\"has-text-align-center has-subtle-background-background-color has-background has-small-font-size\"><strong>\u62e1\u5927\u3059\u308b\u6e96\u5099\u306f\u3067\u304d\u3066\u3044\u307e\u3059\u304b\uff1f<\/strong><\/p>\n\n\n\n<p class=\"has-text-align-center has-subtle-background-background-color has-background has-small-font-size\">\u30d3\u30b8\u30cd\u30b9\u958b\u767a\u30c1\u30fc\u30e0\u306b\u3054\u9023\u7d61\u304f\u3060\u3055\u3044\uff1a<\/p>\n\n\n\n<p class=\"has-text-align-center has-subtle-background-background-color has-text-color has-background has-link-color has-small-font-size wp-elements-54ebda1941706b820f38edb0402e3f01\" style=\"color:#0f00b5\"><a href=\"mailto:contact@onemd.ro\" title=\"\"><strong>contact@onemd.ro<\/strong><\/a><\/p>\n\n\n\n<hr class=\"wp-block-separator has-alpha-channel-opacity is-style-dots\"\/>\n\n\n\n<h2 class=\"wp-block-heading alignwide has-text-align-center has-normal-font-size\"><strong><strong>2. \ud83c\udfea\u5c0f\u58f2\u5e97\u30fb\u85ac\u5c40\u30c1\u30a7\u30fc\u30f3\u5411\u3051<\/strong><\/strong><\/h2>\n\n\n\n<p class=\"has-small-font-size\">\u4e16\u754c\u3067\u6700\u3082\u30c8\u30ec\u30f3\u30c7\u30a3\u306a\u7f8e\u5bb9\u30d6\u30e9\u30f3\u30c9\u3092\u3042\u306a\u305f\u306e\u30dd\u30fc\u30c8\u30d5\u30a9\u30ea\u30aa\u306b\u52a0\u3048\u305f\u3044\u3067\u3059\u304b\uff1f<\/p>\n\n\n\n<div style=\"height:30px\" aria-hidden=\"true\" class=\"wp-block-spacer\"><\/div>\n\n\n\n<p class=\"has-text-align-left\">\u3042\u308b\u30de\u30b9\u30bf\u30fc\u30fb\u30c7\u30a3\u30b9\u30c8\u30ea\u30d3\u30e5\u30fc\u30b7\u30e7\u30f3\u3068\u306e\u30d1\u30fc\u30c8\u30ca\u30fc\u30b7\u30c3\u30d7\u306f\u3001\u3042\u306a\u305f\u65b9\u306b\u4e0e\u3048\u3066\u304f\u308c\u307e\u3059\uff1a<\/p>\n\n\n\n<p class=\"has-small-font-size\">50\u4ee5\u4e0a\u306e\u30d7\u30ec\u30df\u30a2\u30e0\u56fd\u969b\u30d6\u30e9\u30f3\u30c9\u3078\u306e\u72ec\u5360\u30a2\u30af\u30bb\u30b9<\/p>\n\n\n\n<p class=\"has-small-font-size\">\u2705 \u30c8\u30ec\u30f3\u30c9\u306e\u4e0a\u6607\u3068\u9700\u8981\u306e\u9ad8\u3044\u30d6\u30e9\u30f3\u30c9<\/p>\n\n\n\n<p class=\"has-small-font-size\">\u2705 \u5b8c\u5168\u306a\u30de\u30fc\u30b1\u30c6\u30a3\u30f3\u30b0\u30fb\u30b5\u30dd\u30fc\u30c8\u3068POS\u8cc7\u6599<\/p>\n\n\n\n<p class=\"has-small-font-size\">\u2705 \u55b6\u696d\u30c1\u30fc\u30e0\u306e\u305f\u3081\u306e\u5c02\u9580\u30c8\u30ec\u30fc\u30cb\u30f3\u30b0<\/p>\n\n\n\n<p class=\"has-small-font-size\">\u2705 \u7af6\u4e89\u529b\u306e\u3042\u308b\u4fa1\u683c\u3068\u512a\u9047\u6761\u4ef6<\/p>\n\n\n\n<p class=\"has-small-font-size\">\u2705 \u8fc5\u901f\u306a\u914d\u9054\u3068\u5728\u5eab\u4fdd\u8a3c<\/p>\n\n\n\n<div style=\"height:35px\" aria-hidden=\"true\" class=\"wp-block-spacer\"><\/div>\n\n\n\n<p class=\"has-text-align-left\">\u3042\u306a\u305f\u306e\u30d3\u30b8\u30cd\u30b9\u306b\u5177\u4f53\u7684\u306a\u5229\u76ca\u3092\u3082\u305f\u3089\u3057\u307e\u3059\uff1a<\/p>\n\n\n\n<p class=\"has-small-font-size\">- \u30d7\u30ec\u30df\u30a2\u30e0\u30fb\u30bb\u30b0\u30e1\u30f3\u30c8\u306b\u304a\u3051\u308b\u5229\u76ca\u7387<\/p>\n\n\n\n<p class=\"has-small-font-size\">- \u5fe0\u5b9f\u306a\u9867\u5ba2\u3068\u9ad8\u3044\u30ea\u30d4\u30fc\u30c8\u8cfc\u5165<\/p>\n\n\n\n<p class=\"has-small-font-size\">- \u7af6\u5408\u4ed6\u793e\u3068\u306e\u5dee\u5225\u5316<\/p>\n\n\n\n<p class=\"has-small-font-size\">- \u55b6\u696d\u958b\u767a\u306b\u304a\u3051\u308b\u7d99\u7d9a\u7684\u306a\u30b5\u30dd\u30fc\u30c8<\/p>\n\n\n\n<div style=\"height:35px\" aria-hidden=\"true\" class=\"wp-block-spacer\"><\/div>\n\n\n\n<p class=\"has-text-align-left\">\u30d1\u30fc\u30c8\u30ca\u30fc\u30b7\u30c3\u30d7\u306e\u7a2e\u985e\uff1a<\/p>\n\n\n\n<p class=\"has-small-font-size\">\ud83d\udd39 \u6a19\u6e96\u7684\u306a\u5c0f\u58f2\u6d41\u901a<\/p>\n\n\n\n<p class=\"has-small-font-size\">\ud83d\udd39 \u72ec\u5360\u7684\u5730\u57df\u30d1\u30fc\u30c8\u30ca\u30fc\u30b7\u30c3\u30d7<\/p>\n\n\n\n<p class=\"has-small-font-size\">\u72ec\u7acb\u85ac\u5c40\u306e\u30d5\u30e9\u30f3\u30c1\u30e3\u30a4\u30ba \ud83d\udd39 \u72ec\u7acb\u85ac\u5c40\u306e\u30d5\u30e9\u30f3\u30c1\u30e3\u30a4\u30ba<\/p>\n\n\n\n<p class=\"has-small-font-size\">\ud83d\udd39 \u30d7\u30e9\u30a4\u30d9\u30fc\u30c8\u30d6\u30e9\u30f3\u30c9\u3068\u5171\u540c\u30d6\u30e9\u30f3\u30c9\u30fb\u30bd\u30ea\u30e5\u30fc\u30b7\u30e7\u30f3<\/p>\n\n\n\n<div style=\"height:35px\" aria-hidden=\"true\" class=\"wp-block-spacer\"><\/div>\n\n\n\n<p class=\"has-text-align-center has-subtle-background-background-color has-background has-small-font-size\"><strong>\u4e00\u7dd2\u306b\u6210\u9577\u3059\u308b\u6e96\u5099\u306f\u3067\u304d\u3066\u3044\u307e\u3059\u304b\uff1f<\/strong><\/p>\n\n\n\n<p class=\"has-text-align-center has-subtle-background-background-color has-background has-small-font-size\">\u30ea\u30c6\u30fc\u30eb\u30fb\u30d1\u30fc\u30c8\u30ca\u30fc\u30b7\u30c3\u30d7\u30fb\u30c1\u30fc\u30e0\u307e\u3067\u304a\u554f\u3044\u5408\u308f\u305b\u304f\u3060\u3055\u3044\uff1a<\/p>\n\n\n\n<p class=\"has-text-align-center has-subtle-background-background-color has-text-color has-background has-link-color has-small-font-size wp-elements-2e7072cc159967b2377bcc1f4d5d7643\" style=\"color:#0f00b5\"><a href=\"mailto:contact@onemd.ro\" title=\"\">contact@onemd.ro<\/a><\/p>\n\n\n\n<div style=\"height:58px\" aria-hidden=\"true\" class=\"wp-block-spacer\"><\/div>\n<\/div>\n<\/div>\n\n\n<div class=\"wpforms-container wpforms-container-full\" id=\"wpforms-244\"><form id=\"wpforms-form-244\" class=\"wpforms-validate wpforms-form\" data-formid=\"244\" method=\"post\" enctype=\"multipart\/form-data\" action=\"\/ja\/wp-json\/wp\/v2\/pages\/14\" data-token=\"a0debf077e8ce7e8ada37a3ffd8d25aa\" data-token-time=\"1775679935\" data-trp-original-action=\"\/ja\/wp-json\/wp\/v2\/pages\/14\"><noscript class=\"wpforms-error-noscript\">\u3053\u306e\u30d5\u30a9\u30fc\u30e0\u306b\u5165\u529b\u3059\u308b\u306b\u306f\u3001\u30d6\u30e9\u30a6\u30b6\u30fc\u3067JavaScript\u3092\u6709\u52b9\u306b\u3057\u3066\u304f\u3060\u3055\u3044\u3002<\/noscript><div class=\"wpforms-field-container\"><div id=\"wpforms-244-field_0-container\" class=\"wpforms-field wpforms-field-name\" data-field-id=\"0\"><label class=\"wpforms-field-label\" for=\"wpforms-244-field_0\">\u540d\u79f0 <span class=\"wpforms-required-label\">*<\/span><\/label><input type=\"text\" id=\"wpforms-244-field_0\" class=\"wpforms-field-medium wpforms-field-required\" name=\"wpforms[fields][0]\" required><\/div><div id=\"wpforms-244-field_1-container\" class=\"wpforms-field wpforms-field-email\" data-field-id=\"1\"><label class=\"wpforms-field-label\" for=\"wpforms-244-field_1\">\u96fb\u5b50\u30e1\u30fc\u30eb<\/label><input type=\"email\" id=\"wpforms-244-field_1\" class=\"wpforms-field-medium\" name=\"wpforms[fields][1]\" spellcheck=\"false\" ><\/div><div id=\"wpforms-244-field_2-container\" class=\"wpforms-field wpforms-field-textarea\" data-field-id=\"2\"><label class=\"wpforms-field-label\" for=\"wpforms-244-field_2\">\u3042\u306a\u305f\u306e\u30e1\u30c3\u30bb\u30fc\u30b8 <span class=\"wpforms-required-label\">*<\/span><\/label><textarea id=\"wpforms-244-field_2\" class=\"wpforms-field-medium wpforms-field-required\" name=\"wpforms[fields][2]\" required><\/textarea><\/div><\/div><!-- .wpforms-field-container --><div class=\"wpforms-submit-container\" ><input type=\"hidden\" name=\"wpforms[id]\" value=\"244\"><input type=\"hidden\" name=\"page_title\" value=\"\"><input type=\"hidden\" name=\"page_url\" value=\"https:\/\/onemd.ro\/ja\/wp-json\/wp\/v2\/pages\/14\"><input type=\"hidden\" name=\"url_referer\" value=\"\"><button type=\"submit\" name=\"wpforms[submit]\" id=\"wpforms-submit-244\" class=\"wpforms-submit\" data-alt-text=\"Se trimite...\" data-submit-text=\"Trimite\" aria-live=\"assertive\" value=\"wpforms-submit\">\u9001\u4fe1<\/button><\/div><input type=\"hidden\" name=\"trp-form-language\" value=\"ja\"\/><\/form><\/div>  <!-- .wpforms-container -->","protected":false},"excerpt":{"rendered":"<p>1. \ud83c\udf0d PENTRU BRANDURI INTERNA\u021aIONALE DE SUCCESS Vrei s\u0103 intri serios \u0219i s\u0103n\u0103tos pe pia\u021ba din Rom\u00e2nia, Ungaria, Bulgaria \u0219i restul regiunii? \ud83c\udfaf DE CE S\u0102 ALEGI ONE MASTER DISTRIBUTION? \u2705 13 ani de experien\u021b\u0103 \u00een lansarea brandurilor premium \u2705 Re\u021bea exclusiv\u0103 \u00een 3 \u021b\u0103ri cu extindere \u00een Europa de Est \u2705 Expertiz\u0103 complet\u0103 \u00een protejarea IP \u0219i reprezentare legal\u0103 \u2705 Parteneriate directe cu lan\u021burile majore de farmacii \u2705 Acoperire medical\u0103 &#8211; colabor\u0103ri cu dermatologi \u0219i congrese \u2705 Certific\u0103ri ISO pentru calitate, mediu \u0219i siguran\u021b\u0103 \ud83d\udcca TRACK RECORD DOVEDIT: \u2022 50+ branduri lansate cu succes \u2022 Prezen\u021ba \u00een 500+ farmacii \u0219i retail points \u2022 Participare la 10+ congrese medicale anual [&hellip;]<\/p>","protected":false},"author":1,"featured_media":0,"parent":0,"menu_order":0,"comment_status":"closed","ping_status":"closed","template":"","meta":{"footnotes":""},"class_list":["post-14","page","type-page","status-publish","hentry"],"aioseo_notices":[],"_links":{"self":[{"href":"https:\/\/onemd.ro\/ja\/wp-json\/wp\/v2\/pages\/14","targetHints":{"allow":["GET"]}}],"collection":[{"href":"https:\/\/onemd.ro\/ja\/wp-json\/wp\/v2\/pages"}],"about":[{"href":"https:\/\/onemd.ro\/ja\/wp-json\/wp\/v2\/types\/page"}],"author":[{"embeddable":true,"href":"https:\/\/onemd.ro\/ja\/wp-json\/wp\/v2\/users\/1"}],"replies":[{"embeddable":true,"href":"https:\/\/onemd.ro\/ja\/wp-json\/wp\/v2\/comments?post=14"}],"version-history":[{"count":44,"href":"https:\/\/onemd.ro\/ja\/wp-json\/wp\/v2\/pages\/14\/revisions"}],"predecessor-version":[{"id":1524,"href":"https:\/\/onemd.ro\/ja\/wp-json\/wp\/v2\/pages\/14\/revisions\/1524"}],"wp:attachment":[{"href":"https:\/\/onemd.ro\/ja\/wp-json\/wp\/v2\/media?parent=14"}],"curies":[{"name":"wp","href":"https:\/\/api.w.org\/{rel}","templated":true}]}}