{"id":1740,"date":"2025-09-09T10:22:20","date_gmt":"2025-09-09T10:22:20","guid":{"rendered":"https:\/\/onemd.ro\/?page_id=1740"},"modified":"2025-09-09T10:23:14","modified_gmt":"2025-09-09T10:23:14","slug":"apothe","status":"publish","type":"page","link":"https:\/\/onemd.ro\/ja\/apothe\/","title":{"rendered":"\u30a2\u30dd\u30c6"},"content":{"rendered":"<div class=\"wp-block-image\">\n<figure class=\"aligncenter size-medium\"><img decoding=\"async\" width=\"300\" height=\"150\" src=\"https:\/\/onemd.ro\/wp-content\/uploads\/2025\/08\/apothe-300x150.jpg\" alt=\"\u30a2\u30dd\u30c6\" class=\"wp-image-1555\" srcset=\"https:\/\/onemd.ro\/wp-content\/uploads\/2025\/08\/apothe-300x150.jpg 300w, https:\/\/onemd.ro\/wp-content\/uploads\/2025\/08\/apothe-1024x512.jpg 1024w, https:\/\/onemd.ro\/wp-content\/uploads\/2025\/08\/apothe-768x384.jpg 768w, https:\/\/onemd.ro\/wp-content\/uploads\/2025\/08\/apothe-18x9.jpg 18w, https:\/\/onemd.ro\/wp-content\/uploads\/2025\/08\/apothe.jpg 1058w\" sizes=\"(max-width: 300px) 100vw, 300px\" \/><\/figure><\/div>\n\n\n<h2 class=\"wp-block-heading has-large-font-size\">APOTHE - \u5065\u5eb7\u3067\u8f1d\u304f\u808c\u306e\u305f\u3081\u306e\u97d3\u56fd\u306e\u30df\u30cb\u30de\u30ea\u30b9\u30c8\u30fb\u30b9\u30ad\u30f3\u30b1\u30a2<\/h2>\n\n\n\n<p><strong>\u30a2\u30dd\u30c6<\/strong> \u306e\u30d7\u30ec\u30df\u30a2\u30e0\u30d6\u30e9\u30f3\u30c9\u3067\u3042\u308b\u3002 <strong>\u97d3\u56fd\u306e\u30b9\u30ad\u30f3\u30b1\u30a2\uff08K\u30d3\u30e5\u30fc\u30c6\u30a3\u30fc\uff09<\/strong>\u5546\u54c1\u3092\u63a2\u3057\u3066\u3044\u308b\u4eba\u306e\u305f\u3081\u306b\u30c7\u30b6\u30a4\u30f3\u3055\u308c\u305f <strong>\u6e05\u6f54\u3001\u52b9\u679c\u7684\u3001\u808c\u306b\u3084\u3055\u3057\u3044<\/strong>.\u305d\u306e\u54f2\u5b66\u306f\u3001\u30b7\u30f3\u30d7\u30eb\u3055\u3068\u79d1\u5b66\u306b\u57fa\u3065\u3044\u3066\u3044\u308b\u3002\u53b3\u9078\u3055\u308c\u305f\u6210\u5206\u3092\u914d\u5408\u3057\u305f\u6700\u5c0f\u9650\u306e\u51e6\u65b9\u3067\u3001\u808c\u306b\u8ca0\u62c5\u3092\u304b\u3051\u308b\u3053\u3068\u306a\u304f\u76ee\u306b\u898b\u3048\u308b\u7d50\u679c\u3092\u3082\u305f\u3089\u3059\u3002<\/p>\n\n\n\n<p>\u3053\u306e\u30d6\u30e9\u30f3\u30c9\u306f\u6b21\u306e\u3053\u3068\u3092\u5f37\u8abf\u3057\u3066\u3044\u308b\u3002 <strong>\u4fdd\u6e7f\u3001\u93ae\u9759\u3001\u30d0\u30e9\u30f3\u30b7\u30f3\u30b0<\/strong>\u654f\u611f\u808c\u306e\u65b9\u3084\u3001\u5b89\u5168\u3067\u30e2\u30c0\u30f3\u306a\u30b9\u30ad\u30f3\u30b1\u30a2\u3092\u304a\u63a2\u3057\u306e\u65b9\u306b\u6700\u9069\u3067\u3059\u3002<\/p>\n\n\n\n<h2 class=\"wp-block-heading has-large-font-size\">APOTHE\u3092\u9078\u3076\u7406\u7531<\/h2>\n\n\n\n<ul class=\"wp-block-list\">\n<li>\ud83c\udf31 <strong>\u30af\u30ea\u30fc\u30f3\u306a\u51e6\u65b9<\/strong> - \u30d1\u30e9\u30d9\u30f3\u3001\u9999\u6599\u3001\u523a\u6fc0\u306e\u5f37\u3044\u6210\u5206\u306f\u4f7f\u7528\u3057\u3066\u3044\u307e\u305b\u3093\u3002<\/li>\n\n\n\n<li>\ud83d\udca7 <strong>\u4fdd\u6e7f\u3068\u4fdd\u8b77\u306b\u91cd\u70b9\u3092\u7f6e\u304f<\/strong> - \u5065\u5eb7\u7684\u3067\u9577\u6301\u3061\u3059\u308b\u808c\u306e\u305f\u3081\u306b\u3002<\/li>\n\n\n\n<li>\ud83e\udeb7 <strong>\u654f\u611f\u808c\u7528<\/strong> - \u30bd\u30d5\u30c8\u3067\u843d\u3061\u7740\u304d\u306e\u3042\u308b\u30c6\u30af\u30b9\u30c1\u30e3\u30fc\u3002<\/li>\n\n\n\n<li>\ud83d\udd2c <strong>\u81ea\u7136\uff0b\u79d1\u5b66<\/strong> - \u690d\u7269\u30a8\u30ad\u30b9\u3068\u76ae\u819a\u79d1\u5b66\u306e\u9769\u65b0\u304c\u7d44\u307f\u5408\u308f\u3055\u308c\u3066\u3044\u308b\u3002<\/li>\n\n\n\n<li>\ud83c\udfaf <strong>\u52b9\u7387\u7684\u306a\u30df\u30cb\u30de\u30ea\u30ba\u30e0<\/strong> - \u771f\u306e\u7d50\u679c\u3092\u5f97\u308b\u305f\u3081\u306b\u4e0d\u53ef\u6b20\u306a\u6210\u5206\u306e\u307f\u3002<\/li>\n<\/ul>\n\n\n\n<h2 class=\"wp-block-heading has-large-font-size\">\u4e3b\u8981\u88fd\u54c1 APOTHE<\/h2>\n\n\n\n<ul class=\"wp-block-list\">\n<li>\ud83d\udca6 <strong>\u30e2\u30a4\u30b9\u30c1\u30e3\u30e9\u30a4\u30b8\u30f3\u30b0\u30fb\u30a2\u30f3\u30d7\u30eb<\/strong> - \u30d2\u30a2\u30eb\u30ed\u30f3\u9178\u914d\u5408\u306e\u96c6\u4e2d\u7f8e\u5bb9\u6db2\u3067\u3001\u6df1\u3044\u3046\u308b\u304a\u3044\u3068\u30cf\u30ea\u3092\u4e0e\u3048\u307e\u3059\u3002<\/li>\n\n\n\n<li>\ud83c\udf3f <strong>\u93ae\u9759\u30af\u30ea\u30fc\u30e0<\/strong> - \u30bb\u30f3\u30c6\u30e9\u30fb\u30a2\u30b8\u30a2\u30c6\u30a3\u30ab\u30af\u30ea\u30fc\u30e0\u306f\u3001\u708e\u75c7\u3092\u8d77\u3053\u3057\u305f\u808c\u306e\u93ae\u9759\u5316\u306b\u6700\u9069\u3002<\/li>\n\n\n\n<li>\ud83c\udf43 <strong>\u30d0\u30e9\u30f3\u30b7\u30f3\u30b0\u30fb\u30c8\u30ca\u30fc<\/strong> - \u808c\u306epH\u30d0\u30e9\u30f3\u30b9\u3092\u6574\u3048\u3001\u6bce\u65e5\u306e\u304a\u624b\u5165\u308c\u306b\u9069\u3057\u305f\u72b6\u614b\u306b\u6574\u3048\u308b\u3002<\/li>\n\n\n\n<li>\u2728 <strong>\u30d6\u30e9\u30a4\u30c8\u30cb\u30f3\u30b0\u30fb\u30a8\u30c3\u30bb\u30f3\u30b9<\/strong> - \u30ca\u30a4\u30a2\u30b7\u30f3\u30a2\u30df\u30c9\u914d\u5408\u3067\u3001\u30c8\u30fc\u30f3\u3092\u5747\u4e00\u306b\u3057\u3001\u81ea\u7136\u306a\u8f1d\u304d\u3092\u4e0e\u3048\u307e\u3059\u3002<\/li>\n<\/ul>\n\n\n\n<p><strong>\u30a2\u30dd\u30c6<\/strong> \u306f\u30b0\u30eb\u30fc\u30df\u30f3\u30b0\u30fb\u30eb\u30fc\u30c6\u30a3\u30fc\u30f3\u306b\u7406\u60f3\u7684\u306a\u9078\u629e\u3067\u3042\u308b\u3002 <strong>\u30b7\u30f3\u30d7\u30eb\u3001\u5b89\u5168\u3001\u52b9\u679c\u7684<\/strong>\u808c\u306e\u5065\u5eb7\u3068\u7f8e\u3057\u3055\u306b\u7126\u70b9\u3092\u5f53\u3066\u305f\u3002\u3092\u7d44\u307f\u5408\u308f\u305b\u305f\u30df\u30cb\u30de\u30eb\u306a\u97d3\u56fd\u306e\u30b9\u30ad\u30f3\u30b1\u30a2\u3092\u767a\u898b\u3057\u3066\u304f\u3060\u3055\u3044\u3002 <strong>\u81ea\u7136\u3068\u79d1\u5b66<\/strong> \u3046\u308b\u304a\u3044\u306b\u6e80\u3061\u305f\u3001\u30d0\u30e9\u30f3\u30b9\u306e\u3068\u308c\u305f\u3001\u3064\u3084\u3084\u304b\u306a\u808c\u3078\u5c0e\u304d\u307e\u3059\u3002\ud83c\udf38<\/p>\n\n\n\n<hr class=\"wp-block-separator aligncenter has-alpha-channel-opacity\"\/>\n\n\n\n<p class=\"has-text-align-center\"><strong>APOTHE\u88fd\u54c1\u3092\u516c\u5f0f\u30d1\u30fc\u30c8\u30ca\u30fc\u30b7\u30e7\u30c3\u30d7\u304b\u3089\u30aa\u30f3\u30e9\u30a4\u30f3\u3067\u3054\u6ce8\u6587\u3044\u305f\u3060\u3051\u307e\u3059\uff1a<\/strong><\/p>\n\n\n\n<div class=\"wp-block-group has-large-font-size is-layout-grid wp-container-core-group-is-layout-6be84c55 wp-block-group-is-layout-grid\">\n<figure class=\"wp-block-image size-medium\"><a href=\"https:\/\/sole.ro\/\" target=\"_blank\" rel=\" noreferrer noopener\"><img decoding=\"async\" width=\"300\" height=\"150\" src=\"https:\/\/onemd.ro\/wp-content\/uploads\/2021\/07\/f6-2-300x150.jpg\" alt=\"\u30bd\u30fc\u30eb\u30ed\" class=\"wp-image-297\" srcset=\"https:\/\/onemd.ro\/wp-content\/uploads\/2021\/07\/f6-2-300x150.jpg 300w, https:\/\/onemd.ro\/wp-content\/uploads\/2021\/07\/f6-2-16x8.jpg 16w, https:\/\/onemd.ro\/wp-content\/uploads\/2021\/07\/f6-2.jpg 600w\" sizes=\"(max-width: 300px) 100vw, 300px\" \/><\/a><\/figure>\n<\/div>","protected":false},"excerpt":{"rendered":"<p>\ud83c\udf38 APOTHE \u2013 Skincare minimalist coreean pentru o piele s\u0103n\u0103toas\u0103 \u0219i luminoas\u0103 APOTHE este un brand premium de \u00eengrijire coreean\u0103 a pielii (K-Beauty), creat pentru cei care caut\u0103 produse curate, eficiente \u0219i prietenoase cu pielea. Filosofia sa se bazeaz\u0103 pe simplitate \u0219i \u0219tiin\u021b\u0103: formule minimaliste, cu ingrediente atent selec\u021bionate, care ofer\u0103 rezultate vizibile f\u0103r\u0103 a supra\u00eenc\u0103rca pielea. Brandul pune accent pe hidratare, calmare \u0219i echilibru, fiind alegerea perfect\u0103 pentru pielea sensibil\u0103 sau pentru oricine caut\u0103 o rutin\u0103 de skincare sigur\u0103 \u0219i modern\u0103. \ud83d\udc8e De ce s\u0103 alegi APOTHE \ud83d\udd11 Produse cheie APOTHE APOTHE este alegerea ideal\u0103 pentru o rutin\u0103 de \u00eengrijire simpl\u0103, sigur\u0103 \u0219i eficient\u0103, cu focus pe s\u0103n\u0103tatea \u0219i [&hellip;]<\/p>","protected":false},"author":1,"featured_media":0,"parent":0,"menu_order":0,"comment_status":"closed","ping_status":"closed","template":"","meta":{"footnotes":""},"class_list":["post-1740","page","type-page","status-publish","hentry"],"aioseo_notices":[],"_links":{"self":[{"href":"https:\/\/onemd.ro\/ja\/wp-json\/wp\/v2\/pages\/1740","targetHints":{"allow":["GET"]}}],"collection":[{"href":"https:\/\/onemd.ro\/ja\/wp-json\/wp\/v2\/pages"}],"about":[{"href":"https:\/\/onemd.ro\/ja\/wp-json\/wp\/v2\/types\/page"}],"author":[{"embeddable":true,"href":"https:\/\/onemd.ro\/ja\/wp-json\/wp\/v2\/users\/1"}],"replies":[{"embeddable":true,"href":"https:\/\/onemd.ro\/ja\/wp-json\/wp\/v2\/comments?post=1740"}],"version-history":[{"count":2,"href":"https:\/\/onemd.ro\/ja\/wp-json\/wp\/v2\/pages\/1740\/revisions"}],"predecessor-version":[{"id":1744,"href":"https:\/\/onemd.ro\/ja\/wp-json\/wp\/v2\/pages\/1740\/revisions\/1744"}],"wp:attachment":[{"href":"https:\/\/onemd.ro\/ja\/wp-json\/wp\/v2\/media?parent=1740"}],"curies":[{"name":"wp","href":"https:\/\/api.w.org\/{rel}","templated":true}]}}