{"id":1745,"date":"2025-09-09T10:27:54","date_gmt":"2025-09-09T10:27:54","guid":{"rendered":"https:\/\/onemd.ro\/?page_id=1745"},"modified":"2025-09-09T10:27:56","modified_gmt":"2025-09-09T10:27:56","slug":"ayunche","status":"publish","type":"page","link":"https:\/\/onemd.ro\/ja\/ayunche\/","title":{"rendered":"\u30a2\u30e6\u30f3\u30c1\u30a7"},"content":{"rendered":"<div class=\"wp-block-image\">\n<figure class=\"aligncenter size-medium\"><img decoding=\"async\" width=\"300\" height=\"150\" src=\"https:\/\/onemd.ro\/wp-content\/uploads\/2025\/08\/ayunche-300x150.jpg\" alt=\"\u30a2\u30e6\u30f3\u30c1\u30a7\" class=\"wp-image-1557\" srcset=\"https:\/\/onemd.ro\/wp-content\/uploads\/2025\/08\/ayunche-300x150.jpg 300w, https:\/\/onemd.ro\/wp-content\/uploads\/2025\/08\/ayunche-1024x512.jpg 1024w, https:\/\/onemd.ro\/wp-content\/uploads\/2025\/08\/ayunche-768x384.jpg 768w, https:\/\/onemd.ro\/wp-content\/uploads\/2025\/08\/ayunche-18x9.jpg 18w, https:\/\/onemd.ro\/wp-content\/uploads\/2025\/08\/ayunche.jpg 1058w\" sizes=\"(max-width: 300px) 100vw, 300px\" \/><\/figure><\/div>\n\n\n<h1 class=\"wp-block-heading has-large-font-size\">AYUNCHE - \u81ea\u7136\u306b\u30a4\u30f3\u30b9\u30d1\u30a4\u30a2\u3055\u308c\u305f\u30e9\u30b0\u30b8\u30e5\u30a2\u30ea\u30fc\u306a\u30d8\u30a2\uff06\u30b9\u30ab\u30eb\u30d7\u30b1\u30a2<\/h1>\n\n\n\n<p><strong>\u663c\u98df<\/strong> \u3092\u5c02\u9580\u3068\u3059\u308b\u97d3\u56fd\u306e\u30d7\u30ec\u30df\u30a2\u30e0\u30d6\u30e9\u30f3\u30c9\u3067\u3042\u308b\u3002 <strong>\u30d7\u30ed\u30d5\u30a7\u30c3\u30b7\u30e7\u30ca\u30eb\u306a\u982d\u76ae\u3068\u9aea\u306e\u30b1\u30a2<\/strong>\u30db\u30ea\u30b9\u30c6\u30a3\u30c3\u30af\u306a\u7f8e\u5bb9\u4f53\u9a13\u3092\u63d0\u4f9b\u3059\u308b\u305f\u3081\u306b\u8a95\u751f\u3057\u307e\u3057\u305f\u3002\u30a2\u30e6\u30f3\u30c1\u306e\u54f2\u5b66\u306f\u3001\u5065\u5eb7\u306a\u9aea\u306f\u30d0\u30e9\u30f3\u30b9\u306e\u3068\u308c\u305f\u982d\u76ae\u304b\u3089\u59cb\u307e\u308b\u3068\u3044\u3046\u8003\u3048\u306b\u57fa\u3065\u3044\u3066\u3044\u308b\u3002 <strong>\u690d\u7269\u6210\u5206\u3068\u9769\u65b0\u7684\u6280\u8853<\/strong>.<\/p>\n\n\n\n<p>\u3053\u306e\u30d6\u30e9\u30f3\u30c9\u306f\u305d\u306e\u30e6\u30cb\u30fc\u30af\u306a\u30a2\u30d7\u30ed\u30fc\u30c1\u3067\u969b\u7acb\u3063\u3066\u3044\u308b\uff1a <strong>\u8d05\u6ca2\u306a\u8eab\u3065\u304f\u308d\u3044\u306e\u5100\u5f0f<\/strong>\u30b9\u30d1\u306b\u30a4\u30f3\u30b9\u30d1\u30a4\u30a2\u3055\u308c\u305f\u30c8\u30ea\u30fc\u30c8\u30e1\u30f3\u30c8\u3067\u3001\u65e5\u5e38\u3092\u5b8c\u5168\u306b\u7518\u7f8e\u306a\u4f53\u9a13\u306b\u5909\u3048\u308b\u3002<\/p>\n\n\n\n<h2 class=\"wp-block-heading has-large-font-size\">\u30a2\u30e6\u30f3\u30c1\u3092\u9078\u3076\u7406\u7531<\/h2>\n\n\n\n<ul class=\"wp-block-list\">\n<li>\ud83c\udf31 <strong>\u81ea\u7136\u3067\u5b89\u5168\u306a\u6210\u5206<\/strong> - \u690d\u7269\u30a8\u30ad\u30b9\u3001\u30a8\u30c3\u30bb\u30f3\u30b7\u30e3\u30eb\u30aa\u30a4\u30eb\u3001\u982d\u76ae\u306b\u3084\u3055\u3057\u3044\u51e6\u65b9\u3002<\/li>\n\n\n\n<li>\ud83d\udc69\u200d\ud83d\udd2c <strong>\u5c02\u9580\u77e5\u8b58<\/strong> - \u30d8\u30a2\u30b1\u30a2\u306e\u5c02\u9580\u5bb6\u3068\u5171\u540c\u958b\u767a\u3057\u305f\u88fd\u54c1\u3002<\/li>\n\n\n\n<li>\ud83d\udc86 <strong>\u30db\u30ea\u30b9\u30c6\u30a3\u30c3\u30af\u30fb\u30b1\u30a2<\/strong> - \u982d\u76ae\u306e\u5065\u5eb7\u3068\u9aea\u306e\u7f8e\u3057\u3055\u306e\u4e21\u65b9\u306b\u7126\u70b9\u3092\u5f53\u3066\u308b\u3002<\/li>\n\n\n\n<li>\ud83c\udf0d <strong>\u30d7\u30ec\u30df\u30a2\u30e0\u4f53\u9a13<\/strong> - \u30b9\u30d1\u306b\u30a4\u30f3\u30b9\u30d1\u30a4\u30a2\u3055\u308c\u305f\u30ea\u30c1\u30e5\u30a2\u30eb\u3067\u3001\u30ea\u30e9\u30af\u30bc\u30fc\u30b7\u30e7\u30f3\u3068\u6d3b\u529b\u56de\u5fa9\u306e\u3072\u3068\u3068\u304d\u3092\u3002<\/li>\n\n\n\n<li>\ud83c\udfaf <strong>\u76ee\u306b\u898b\u3048\u308b\u6210\u679c<\/strong> - \u3088\u308a\u5f37\u304f\u3001\u3088\u308a\u5065\u5eb7\u7684\u3067\u3001\u3088\u308a\u5149\u6ca2\u306e\u3042\u308b\u9aea\u3002<\/li>\n<\/ul>\n\n\n\n<h2 class=\"wp-block-heading has-large-font-size\">\u4e3b\u8981\u88fd\u54c1 AYUNCHE<\/h2>\n\n\n\n<ul class=\"wp-block-list\">\n<li>\ud83d\udca7 <strong>\u30ea\u30d0\u30e9\u30f3\u30b7\u30f3\u30b0\u30fb\u30b7\u30e3\u30f3\u30d7\u30fc<\/strong> - \u654f\u611f\u306a\u982d\u76ae\u3084\u30aa\u30a4\u30ea\u30fc\u306a\u982d\u76ae\u306b\u3084\u3055\u3057\u3044\u30af\u30ec\u30f3\u30b8\u30f3\u30b0\u3068\u30d0\u30e9\u30f3\u30b7\u30f3\u30b0\u3002<\/li>\n\n\n\n<li>\ud83c\udf38 <strong>\u6804\u990a\u7642\u6cd5<\/strong> - \u9aea\u3092\u88dc\u4fee\u3057\u3001\u6804\u990a\u3092\u4e0e\u3048\u308b\u30de\u30b9\u30af\u3002<\/li>\n\n\n\n<li>\ud83c\udf43 <strong>\u30b9\u30ab\u30eb\u30d7\u30a8\u30c3\u30bb\u30f3\u30b9<\/strong> - \u5065\u3084\u304b\u306a\u982d\u76ae\u3068\u6839\u306e\u5f37\u5316\u306e\u305f\u3081\u306e\u30ea\u30d0\u30a4\u30bf\u30e9\u30a4\u30b8\u30f3\u30b0\u30fb\u30a8\u30c3\u30bb\u30f3\u30b9\u3002<\/li>\n\n\n\n<li>\u2728 <strong>\u30e2\u30a4\u30b9\u30c1\u30e3\u30e9\u30a4\u30b8\u30f3\u30b0\u30fb\u30b3\u30f3\u30c7\u30a3\u30b7\u30e7\u30ca\u30fc<\/strong> - \u30b7\u30eb\u30af\u306e\u3088\u3046\u306a\u3001\u307e\u3068\u307e\u308a\u306e\u3042\u308b\u9aea\u306e\u305f\u3081\u306e\u30e2\u30a4\u30b9\u30c1\u30e3\u30e9\u30a4\u30b8\u30f3\u30b0\u30fb\u30b3\u30f3\u30c7\u30a3\u30b7\u30e7\u30ca\u30fc\u3002<\/li>\n<\/ul>\n\n\n\n<p><strong>\u663c\u98df<\/strong> \u306e\u7d44\u307f\u5408\u308f\u305b\u306b\u3088\u308a\u3001\u30d8\u30a2\u30b1\u30a2\u3092\u518d\u5b9a\u7fa9\u3059\u308b\u3002 <strong>\u81ea\u7136\u3001\u79d1\u5b66\u3001\u8d05\u6ca2<\/strong>.AYUNCHE\u88fd\u54c1\u3092\u9078\u3076\u3053\u3068\u3067\u3001\u5065\u5eb7\u306a\u982d\u76ae\u304b\u3089\u59cb\u307e\u308a\u3001\u8276\u3084\u304b\u3067\u30cf\u30ea\u306e\u3042\u308b\u9aea\u3067\u7d42\u308f\u308b\u3001\u5b8c\u5168\u306a\u7f8e\u5bb9\u5100\u5f0f\u3092\u81ea\u5206\u81ea\u8eab\u306b\u4e0e\u3048\u308b\u3053\u3068\u306b\u306a\u308b\u306e\u3067\u3059\u3002\ud83c\udf3f\ud83d\udc86<\/p>\n\n\n\n<p class=\"has-text-align-center\"><strong>\u30aa\u30f3\u30e9\u30a4\u30f3\u3067\u5546\u54c1\u3092\u6ce8\u6587\u3059\u308b <strong>\u663c\u98df<\/strong> \u30aa\u30d5\u30a3\u30b7\u30e3\u30eb\u30fb\u30d1\u30fc\u30c8\u30ca\u30fc\u30fb\u30b7\u30e7\u30c3\u30d7\u304b\u3089\uff1a<\/strong><\/p>\n\n\n\n<div class=\"wp-block-group has-large-font-size is-layout-grid wp-container-core-group-is-layout-6be84c55 wp-block-group-is-layout-grid\">\n<figure class=\"wp-block-image size-medium\"><a href=\"https:\/\/sole.ro\" target=\"_blank\" rel=\" noreferrer noopener\"><img decoding=\"async\" width=\"300\" height=\"150\" src=\"https:\/\/onemd.ro\/wp-content\/uploads\/2021\/07\/f6-2-300x150.jpg\" alt=\"\u30bd\u30fc\u30eb\u30ed\" class=\"wp-image-297\" srcset=\"https:\/\/onemd.ro\/wp-content\/uploads\/2021\/07\/f6-2-300x150.jpg 300w, https:\/\/onemd.ro\/wp-content\/uploads\/2021\/07\/f6-2-16x8.jpg 16w, https:\/\/onemd.ro\/wp-content\/uploads\/2021\/07\/f6-2.jpg 600w\" sizes=\"(max-width: 300px) 100vw, 300px\" \/><\/a><\/figure>\n<\/div>","protected":false},"excerpt":{"rendered":"<p>\ud83c\udf3f AYUNCHE \u2013 Hair &amp; Scalp Care de lux inspirat din natur\u0103 AYUNCHE este un brand coreean premium specializat \u00een \u00eengrijirea profesional\u0103 a scalpului \u0219i p\u0103rului, creat pentru a oferi o experien\u021b\u0103 holistic\u0103 de frumuse\u021be. Filosofia AYUNCHE porne\u0219te de la ideea c\u0103 un p\u0103r s\u0103n\u0103tos \u00eencepe cu un scalp echilibrat \u2013 de aceea, produsele sale sunt dezvoltate cu formule avansate, bazate pe ingrediente botanice \u0219i tehnologie inovatoare. Brandul se remarc\u0103 prin abordarea sa unic\u0103: ritualuri de \u00eengrijire luxoase, inspirate din spa, care transform\u0103 rutina zilnic\u0103 \u00eentr-o experien\u021b\u0103 de r\u0103sf\u0103\u021b complet. \ud83d\udc8e De ce s\u0103 alegi AYUNCHE \ud83d\udd11 Produse cheie AYUNCHE AYUNCHE redefine\u0219te \u00eengrijirea p\u0103rului printr-o combina\u021bie de natur\u0103, \u0219tiin\u021b\u0103 \u0219i [&hellip;]<\/p>","protected":false},"author":1,"featured_media":0,"parent":0,"menu_order":0,"comment_status":"closed","ping_status":"closed","template":"","meta":{"footnotes":""},"class_list":["post-1745","page","type-page","status-publish","hentry"],"aioseo_notices":[],"_links":{"self":[{"href":"https:\/\/onemd.ro\/ja\/wp-json\/wp\/v2\/pages\/1745","targetHints":{"allow":["GET"]}}],"collection":[{"href":"https:\/\/onemd.ro\/ja\/wp-json\/wp\/v2\/pages"}],"about":[{"href":"https:\/\/onemd.ro\/ja\/wp-json\/wp\/v2\/types\/page"}],"author":[{"embeddable":true,"href":"https:\/\/onemd.ro\/ja\/wp-json\/wp\/v2\/users\/1"}],"replies":[{"embeddable":true,"href":"https:\/\/onemd.ro\/ja\/wp-json\/wp\/v2\/comments?post=1745"}],"version-history":[{"count":1,"href":"https:\/\/onemd.ro\/ja\/wp-json\/wp\/v2\/pages\/1745\/revisions"}],"predecessor-version":[{"id":1746,"href":"https:\/\/onemd.ro\/ja\/wp-json\/wp\/v2\/pages\/1745\/revisions\/1746"}],"wp:attachment":[{"href":"https:\/\/onemd.ro\/ja\/wp-json\/wp\/v2\/media?parent=1745"}],"curies":[{"name":"wp","href":"https:\/\/api.w.org\/{rel}","templated":true}]}}