{"id":1749,"date":"2025-09-09T10:47:45","date_gmt":"2025-09-09T10:47:45","guid":{"rendered":"https:\/\/onemd.ro\/?page_id=1749"},"modified":"2025-09-09T10:47:47","modified_gmt":"2025-09-09T10:47:47","slug":"centellian24","status":"publish","type":"page","link":"https:\/\/onemd.ro\/ja\/centellian24\/","title":{"rendered":"\u30bb\u30f3\u30c6\u30ea\u30a2\u30f324+\uff5c\u30cb\u30e5\u30fc\u30b9\uff5c\u30b5\u30a4\u30be\u30fc\u30a6\u30fc\u30de\u30f3"},"content":{"rendered":"<div class=\"wp-block-image\">\n<figure class=\"aligncenter size-medium is-resized\"><img decoding=\"async\" width=\"300\" height=\"150\" src=\"https:\/\/onemd.ro\/wp-content\/uploads\/2025\/08\/centellian24-300x150.jpg\" alt=\"\u30bb\u30f3\u30c6\u30ea\u30a2\u30f324+\uff5c\u30cb\u30e5\u30fc\u30b9\uff5c\u30b5\u30a4\u30be\u30fc\u30a6\u30fc\u30de\u30f3\" class=\"wp-image-1558\" style=\"width:300px;height:auto\" srcset=\"https:\/\/onemd.ro\/wp-content\/uploads\/2025\/08\/centellian24-300x150.jpg 300w, https:\/\/onemd.ro\/wp-content\/uploads\/2025\/08\/centellian24-1024x512.jpg 1024w, https:\/\/onemd.ro\/wp-content\/uploads\/2025\/08\/centellian24-768x384.jpg 768w, https:\/\/onemd.ro\/wp-content\/uploads\/2025\/08\/centellian24-18x9.jpg 18w, https:\/\/onemd.ro\/wp-content\/uploads\/2025\/08\/centellian24.jpg 1058w\" sizes=\"(max-width: 300px) 100vw, 300px\" \/><\/figure><\/div>\n\n\n<h1 class=\"wp-block-heading has-large-font-size\">\ud83c\udf38 Centellian24+ - \u30bb\u30f3\u30c6\u30e9\u30a2\u30b8\u30a2\u30c6\u30a3\u30ab\u306e\u529b\u3067\u3001\u76ee\u306b\u898b\u3048\u3066\u5065\u5eb7\u7684\u306a\u808c\u3078\u3002<\/h1>\n\n\n\n<p><strong>\u30bb\u30f3\u30c6\u30ea\u30a2\u30f324+\uff5c\u30cb\u30e5\u30fc\u30b9\uff5c\u30b5\u30a4\u30be\u30fc\u30a6\u30fc\u30de\u30f3<\/strong> \u304c\u958b\u767a\u3057\u305f\u97d3\u56fd\u306e\u76ae\u819a\u5316\u7ca7\u54c1\u30d6\u30e9\u30f3\u30c9\u3067\u3042\u308b\u3002 <strong>\u6771\u56fd\u88fd\u85ac<\/strong>\u306f\u3001\u5148\u9032\u7684\u306a\u76ae\u819a\u79d1\u5b66\u7814\u7a76\u3067\u77e5\u3089\u308c\u308b\u4f01\u696d\u3067\u3042\u308b\u3002\u88fd\u54c1\u306f\u3001\u4e3b\u6210\u5206\u3067\u3042\u308b <strong>TECA\uff08\u30bb\u30f3\u30c6\u30e9\u30a2\u30b8\u30a2\u30c6\u30a3\u30ab\u306e\u6ef4\u5b9a\u30a8\u30ad\u30b9\uff09<\/strong> - \u518d\u751f\u4f5c\u7528\u3001\u93ae\u9759\u4f5c\u7528\u3001\u808c\u306e\u30d0\u30ea\u30a2\u5f37\u5316\u4f5c\u7528\u3067\u77e5\u3089\u308c\u308b\u3002<\/p>\n\n\n\n<p>\u30bb\u30f3\u30c6\u30ea\u30a2\u30f324+\u304c\u30b3\u30f3\u30d0\u30a4\u30f3 <strong>\u533b\u7642\u5c02\u9580\u77e5\u8b58<\/strong> \u76ae\u819a\u79d1\u533b\u306b\u63a8\u5968\u3055\u308c\u3001\u305d\u306e\u52b9\u679c\u3068\u512a\u3057\u3055\u3067\u6d88\u8cbb\u8005\u306b\u611b\u3055\u308c\u3066\u3044\u308b\u3002<\/p>\n\n\n\n<h2 class=\"wp-block-heading has-large-font-size\">Centellian24+\u3092\u9078\u3076\u7406\u7531<\/h2>\n\n\n\n<ul class=\"wp-block-list\">\n<li>\ud83c\udf31 <strong>\u30bb\u30f3\u30c6\u30e9\u30a2\u30b8\u30a2\u30c6\u30a3\u30ab\u306e\u529b<\/strong> - \u6fc3\u7e2e\u3055\u308c\u305f\u6210\u5206\u304c\u808c\u3092\u843d\u3061\u7740\u304b\u305b\u3001\u518d\u751f\u3055\u305b\u308b\u3002<\/li>\n\n\n\n<li>\ud83d\udc69\u200d\u2695\ufe0f <strong>\u76ae\u819a\u79d1\u5b66\u306e\u5c02\u9580\u77e5\u8b58<\/strong> - \u533b\u85ac\u54c1\u7814\u7a76\u306b\u57fa\u3065\u3044\u3066\u958b\u767a\u3055\u308c\u305f\u88fd\u54c1\u3002<\/li>\n\n\n\n<li>\ud83d\udca7 <strong>\u654f\u611f\u808c\u306b\u6700\u9069<\/strong> - \u523a\u6fc0\u304c\u306a\u304f\u3001\u76ae\u819a\u79d1\u5b66\u7684\u306b\u30c6\u30b9\u30c8\u3055\u308c\u305f\u51e6\u65b9\u3002<\/li>\n\n\n\n<li>\u2728 <strong>\u30a2\u30f3\u30c1\u30a8\u30a4\u30b8\u30f3\u30b0\uff06\u30ea\u30da\u30a2<\/strong> - \u8001\u5316\u306e\u5146\u5019\u3092\u6291\u3048\u3001\u808c\u306e\u56de\u5fa9\u3092\u52a9\u3051\u308b\u3002<\/li>\n\n\n\n<li>\ud83c\udf0d <strong>\u56fd\u969b\u7684\u8a55\u4fa1<\/strong> - \u4e16\u754c\u7684\u306b\u8a8d\u77e5\u3055\u308c\u305f\u97d3\u56fd\u30d6\u30e9\u30f3\u30c9\u3002<\/li>\n<\/ul>\n\n\n\n<h2 class=\"wp-block-heading has-large-font-size\">\u4e3b\u306a\u88fd\u54c1 Centellian24+<\/h2>\n\n\n\n<ul class=\"wp-block-list\">\n<li>\ud83c\udf3f <strong>\u30de\u30c7\u30ab\u30af\u30ea\u30fc\u30e0<\/strong> - \u518d\u751f\u3068\u93ae\u9759\u306e\u305f\u3081\u306e\u30bb\u30f3\u30c6\u30e9\u30fb\u30a2\u30b8\u30a2\u30c6\u30a3\u30ab\u30fb\u30a8\u30ad\u30b9\u3092\u914d\u5408\u3057\u305f\u30a2\u30a4\u30b3\u30cb\u30c3\u30af\u306a\u88fd\u54c1\u3002<\/li>\n\n\n\n<li>\ud83d\udca6 <strong>\u30de\u30c7\u30ab\u30fb\u30a2\u30f3\u30d7\u30eb<\/strong> - \u30a2\u30f3\u30c1\u30a8\u30a4\u30b8\u30f3\u30b0\u3068\u5f37\u529b\u306a\u30ea\u30d0\u30a4\u30bf\u30e9\u30a4\u30b8\u30f3\u30b0\u52b9\u679c\u306e\u3042\u308b\u6fc3\u7e2e\u7f8e\u5bb9\u6db2\u3002<\/li>\n\n\n\n<li>\ud83c\udf43 <strong>\u30de\u30c7\u30ab\u30fb\u30c0\u30fc\u30de\u30fb\u30de\u30b9\u30af<\/strong> - \u93ae\u9759\u3068\u4fdd\u6e7f\u52b9\u679c\u306e\u3042\u308b\u30d5\u30a7\u30a4\u30b9\u30de\u30b9\u30af\u3067\u3001\u654f\u611f\u808c\u3084\u708e\u75c7\u808c\u306b\u6700\u9069\u3002<\/li>\n\n\n\n<li>\u2728 <strong>\u30de\u30c7\u30ab\u30fb\u30c8\u30ca\u30fc\uff06\u30ed\u30fc\u30b7\u30e7\u30f3<\/strong> - \u6bce\u65e5\u3001\u808c\u306e\u30d0\u30e9\u30f3\u30b9\u3092\u6574\u3048\u3001\u6f64\u3044\u3092\u4e0e\u3048\u3001\u4fdd\u8b77\u3059\u308b\u3002<\/li>\n<\/ul>\n\n\n\n<p><strong>\u30bb\u30f3\u30c6\u30ea\u30a2\u30f324+\uff5c\u30cb\u30e5\u30fc\u30b9\uff5c\u30b5\u30a4\u30be\u30fc\u30a6\u30fc\u30de\u30f3<\/strong> \u306f\u3001\u76ee\u306b\u898b\u3048\u3066\u7d50\u679c\u304c\u51fa\u308b\u52b9\u679c\u7684\u306a\u30b9\u30ad\u30f3\u30b1\u30a2\u30fb\u30eb\u30fc\u30c1\u30f3\u3092\u304a\u63a2\u3057\u306e\u65b9\u306b\u7406\u60f3\u7684\u306a\u9078\u629e\u3067\u3059\u3002 <strong>\u30bb\u30f3\u30c6\u30e9\u30a2\u30b8\u30a2\u30c6\u30a3\u30ab\u306e\u78ba\u304b\u306a\u529b<\/strong>.\u3053\u306e\u30d6\u30e9\u30f3\u30c9\u306e\u88fd\u54c1\u306f\u3001\u808c\u3092\u843d\u3061\u7740\u304b\u305b\u3001\u4fee\u5fa9\u3057\u3001\u82e5\u8fd4\u3089\u305b\u3001\u81ea\u7136\u306a\u5065\u5eb7\u3068\u7f8e\u3057\u3055\u3092\u53d6\u308a\u623b\u3057\u307e\u3059\u3002\ud83c\udf38<\/p>\n\n\n\n<hr class=\"wp-block-separator aligncenter has-alpha-channel-opacity\"\/>\n\n\n\n<p class=\"has-text-align-center\"><strong>\u516c\u5f0f\u30d1\u30fc\u30c8\u30ca\u30fc\u30b7\u30e7\u30c3\u30d7\u304b\u3089Centellian24+\u88fd\u54c1\u3092\u30aa\u30f3\u30e9\u30a4\u30f3\u3067\u3054\u6ce8\u6587\u304f\u3060\u3055\u3044\uff1a<\/strong><\/p>\n\n\n\n<div class=\"wp-block-group has-large-font-size is-layout-grid wp-container-core-group-is-layout-6be84c55 wp-block-group-is-layout-grid\">\n<figure class=\"wp-block-image size-medium\"><a href=\"https:\/\/sole.ro\" target=\"_blank\" rel=\" noreferrer noopener\"><img decoding=\"async\" width=\"300\" height=\"150\" src=\"https:\/\/onemd.ro\/wp-content\/uploads\/2021\/07\/f6-2-300x150.jpg\" alt=\"\u30bd\u30fc\u30eb\u30ed\" class=\"wp-image-297\" srcset=\"https:\/\/onemd.ro\/wp-content\/uploads\/2021\/07\/f6-2-300x150.jpg 300w, https:\/\/onemd.ro\/wp-content\/uploads\/2021\/07\/f6-2-16x8.jpg 16w, https:\/\/onemd.ro\/wp-content\/uploads\/2021\/07\/f6-2.jpg 600w\" sizes=\"(max-width: 300px) 100vw, 300px\" \/><\/a><\/figure>\n<\/div>","protected":false},"excerpt":{"rendered":"<p>\ud83c\udf38 Centellian24+ \u2013 Puterea Centella Asiatica pentru o piele vizibil mai s\u0103n\u0103toas\u0103 Centellian24+ este un brand dermatocosmetic coreean, dezvoltat de Dongkook Pharmaceutical, companie recunoscut\u0103 pentru cercet\u0103rile sale avansate \u00een domeniul dermatologiei. Produsele sunt formulate \u00een jurul ingredientului vedet\u0103 \u2013 TECA (Titrated Extract of Centella Asiatica) \u2013 cunoscut pentru efectele sale de regenerare, calmare \u0219i \u00eent\u0103rire a barierei cutanate. Centellian24+ \u00eembin\u0103 expertiza medical\u0103 cu inova\u021bia cosmetic\u0103, fiind recomandat at\u00e2t de dermatologi, c\u00e2t \u0219i iubit de consumatori pentru eficien\u021ba \u0219i delicate\u021bea produselor sale. \ud83d\udc8e De ce s\u0103 alegi Centellian24+ \ud83d\udd11 Produse cheie Centellian24+ Centellian24+ este alegerea ideal\u0103 pentru cei care caut\u0103 o rutin\u0103 de \u00eengrijire eficient\u0103, cu rezultate vizibile, bazat\u0103 pe puterea [&hellip;]<\/p>","protected":false},"author":1,"featured_media":0,"parent":0,"menu_order":0,"comment_status":"closed","ping_status":"closed","template":"","meta":{"footnotes":""},"class_list":["post-1749","page","type-page","status-publish","hentry"],"aioseo_notices":[],"_links":{"self":[{"href":"https:\/\/onemd.ro\/ja\/wp-json\/wp\/v2\/pages\/1749","targetHints":{"allow":["GET"]}}],"collection":[{"href":"https:\/\/onemd.ro\/ja\/wp-json\/wp\/v2\/pages"}],"about":[{"href":"https:\/\/onemd.ro\/ja\/wp-json\/wp\/v2\/types\/page"}],"author":[{"embeddable":true,"href":"https:\/\/onemd.ro\/ja\/wp-json\/wp\/v2\/users\/1"}],"replies":[{"embeddable":true,"href":"https:\/\/onemd.ro\/ja\/wp-json\/wp\/v2\/comments?post=1749"}],"version-history":[{"count":1,"href":"https:\/\/onemd.ro\/ja\/wp-json\/wp\/v2\/pages\/1749\/revisions"}],"predecessor-version":[{"id":1750,"href":"https:\/\/onemd.ro\/ja\/wp-json\/wp\/v2\/pages\/1749\/revisions\/1750"}],"wp:attachment":[{"href":"https:\/\/onemd.ro\/ja\/wp-json\/wp\/v2\/media?parent=1749"}],"curies":[{"name":"wp","href":"https:\/\/api.w.org\/{rel}","templated":true}]}}