{"id":1752,"date":"2025-09-09T10:52:28","date_gmt":"2025-09-09T10:52:28","guid":{"rendered":"https:\/\/onemd.ro\/?page_id=1752"},"modified":"2025-09-09T10:54:22","modified_gmt":"2025-09-09T10:54:22","slug":"dr-althea","status":"publish","type":"page","link":"https:\/\/onemd.ro\/ja\/dr-althea\/","title":{"rendered":"\u30a2\u30eb\u30c6\u30a2\u535a\u58eb"},"content":{"rendered":"<div class=\"wp-block-image\">\n<figure class=\"aligncenter size-medium is-resized\"><img decoding=\"async\" width=\"300\" height=\"150\" src=\"https:\/\/onemd.ro\/wp-content\/uploads\/2025\/08\/dralthea-300x150.jpg\" alt=\"\u30a2\u30eb\u30c6\u30a2\u535a\u58eb\" class=\"wp-image-1559\" style=\"width:300px;height:auto\" srcset=\"https:\/\/onemd.ro\/wp-content\/uploads\/2025\/08\/dralthea-300x150.jpg 300w, https:\/\/onemd.ro\/wp-content\/uploads\/2025\/08\/dralthea-1024x512.jpg 1024w, https:\/\/onemd.ro\/wp-content\/uploads\/2025\/08\/dralthea-768x384.jpg 768w, https:\/\/onemd.ro\/wp-content\/uploads\/2025\/08\/dralthea-18x9.jpg 18w, https:\/\/onemd.ro\/wp-content\/uploads\/2025\/08\/dralthea.jpg 1058w\" sizes=\"(max-width: 300px) 100vw, 300px\" \/><\/figure><\/div>\n\n\n<h1 class=\"wp-block-heading has-large-font-size\">\u30c9\u30af\u30bf\u30fc\u30fb\u30a2\u30eb\u30c6\u30a2 - \u81ea\u7136\u306a\u7f8e\u3057\u3055\u306e\u305f\u3081\u306e\u30d7\u30ec\u30df\u30a2\u30e0\u97d3\u56fd\u30b9\u30ad\u30f3\u30b1\u30a2<\/h1>\n\n\n\n<p><strong>\u30a2\u30eb\u30c6\u30a2\u535a\u58eb<\/strong> \u306f\u97d3\u56fd\u306e\u30d6\u30e9\u30f3\u30c9\u3067\u3042\u308b\u3002 <strong>\u30d7\u30ec\u30df\u30a2\u30e0\u30fb\u30b9\u30ad\u30f3\u30b1\u30a2<\/strong>\u3092\u7d44\u307f\u5408\u308f\u305b\u305f\u9769\u65b0\u7684\u3067\u512a\u3057\u3044\u51e6\u65b9\u3067\u77e5\u3089\u308c\u3066\u3044\u308b\u3002 <strong>\u5929\u7136\u6210\u5206\u3001\u76ae\u819a\u79d1\u5b66\u6280\u8853\u3001\u30a8\u30ec\u30ac\u30f3\u30c8\u306a\u30c7\u30b6\u30a4\u30f3<\/strong>.<\/p>\n\n\n\n<p>\u808c\u672c\u6765\u306e\u30d0\u30e9\u30f3\u30b9\u3092\u53d6\u308a\u623b\u3057\u3001\u672c\u6765\u306e\u7f8e\u3057\u3055\u3092\u53d6\u308a\u623b\u3059\u3053\u3068\u3092\u76ee\u6307\u3057\u3001\u654f\u611f\u808c\u3084\u8131\u6c34\u808c\u306e\u305f\u3081\u306b\u4f5c\u3089\u308c\u305f\u88fd\u54c1\u3067\u969b\u7acb\u3063\u305f\u5b58\u5728\u611f\u3092\u793a\u3057\u3066\u3044\u308b\u3002\u5404\u88fd\u54c1\u306f\u3001\u4ee5\u4e0b\u306e\u54f2\u5b66\u304b\u3089\u751f\u307e\u308c\u305f\u3082\u306e\u3067\u3042\u308b\u3002 <strong>\u79d1\u5b66\u3001\u5b89\u5168\u3001\u6d17\u7df4<\/strong>.<\/p>\n\n\n\n<h2 class=\"wp-block-heading has-large-font-size\">\u30a2\u30eb\u30c6\u30a2\u535a\u58eb\u3092\u9078\u3076\u7406\u7531<\/h2>\n\n\n\n<ul class=\"wp-block-list\">\n<li>\ud83c\udf31 <strong>\u30af\u30ea\u30fc\u30f3\u3067\u5b89\u5168\u306a\u539f\u6599<\/strong> - \u30d1\u30e9\u30d9\u30f3\u3001\u4eba\u5de5\u9999\u6599\u3001\u523a\u6fc0\u7269\u306f\u4e00\u5207\u4f7f\u7528\u3057\u3066\u3044\u307e\u305b\u3093\u3002<\/li>\n\n\n\n<li>\ud83d\udca7 <strong>\u96c6\u4e2d\u7684\u306a\u4fdd\u6e7f\u3068\u93ae\u9759<\/strong> - \u654f\u611f\u808c\u3001\u4e7e\u71e5\u808c\u306b\u6700\u9069\u3002<\/li>\n\n\n\n<li>\ud83d\udc69\u200d\u2695\ufe0f <strong>\u76ae\u819a\u79d1\u5b66\u7684\u51e6\u65b9<\/strong> - \u76ae\u819a\u30d0\u30ea\u30a2\u3092\u4fdd\u8b77\u3057\u3001\u56de\u5fa9\u3055\u305b\u308b\u305f\u3081\u306b\u958b\u767a\u3055\u308c\u305f\u3002<\/li>\n\n\n\n<li>\ud83c\udf80 <strong>\u30b9\u30bf\u30a4\u30ea\u30c3\u30b7\u30e5\u3067\u5b9f\u7528\u7684\u306a\u30c7\u30b6\u30a4\u30f3<\/strong> - \u73fe\u4ee3\u7684\u306a\u30b9\u30ad\u30f3\u30b1\u30a2\u306b\u3075\u3055\u308f\u3057\u3044\u3001\u30df\u30cb\u30de\u30eb\u306a\u30d1\u30c3\u30b1\u30fc\u30b8\u3002<\/li>\n\n\n\n<li>\ud83c\udf0d <strong>\u56fd\u969b\u7684\u8a55\u4fa1<\/strong> - \u4e16\u754c\u7684\u306b\u8a55\u4fa1\u3055\u308c\u3066\u3044\u308bK\u30d3\u30e5\u30fc\u30c6\u30a3\u30fc\u30fb\u30d6\u30e9\u30f3\u30c9\u3002<\/li>\n<\/ul>\n\n\n\n<h2 class=\"wp-block-heading has-large-font-size\">\u4e3b\u8981\u88fd\u54c1 Dr Althea<\/h2>\n\n\n\n<ul class=\"wp-block-list\">\n<li>\ud83d\udca6 <strong>\u30d2\u30a2\u30eb\u30ed\u30f3\u9178\u30cf\u30a4\u30c9\u30e9\u30d1\u30ef\u30fc\u30a8\u30c3\u30bb\u30f3\u30b9<\/strong> - \u30d2\u30a2\u30eb\u30ed\u30f3\u9178\u914d\u5408\u306e\u96c6\u4e2d\u4fdd\u6e7f\u7f8e\u5bb9\u6db2\u3002<\/li>\n\n\n\n<li>\ud83c\udf3f <strong>\u30a2\u30ba\u30ec\u30f3147HA\u30a4\u30f3\u30c6\u30f3\u30b7\u30d6\u30fb\u30b9\u30fc\u30b8\u30f3\u30b0\u30fb\u30af\u30ea\u30fc\u30e0<\/strong> - \u708e\u75c7\u3092\u8d77\u3053\u3057\u305f\u808c\u306b\u6700\u9069\u306a\u93ae\u9759\u30af\u30ea\u30fc\u30e0\u3002<\/li>\n\n\n\n<li>\ud83c\udf43 <strong>\u30dd\u30a2\u30fb\u30b3\u30f3\u30c8\u30ed\u30fc\u30eb\u30fb\u30c1\u30e3\u30b3\u30fc\u30eb\u30fb\u30de\u30b9\u30af<\/strong> - \u904e\u5270\u306a\u76ae\u8102\u3092\u6d44\u5316\u3057\u3001\u8abf\u6574\u3059\u308b\u30de\u30b9\u30af\u3002<\/li>\n\n\n\n<li>\u2728 <strong>\u30d3\u30bf\u30df\u30f3C\u30d6\u30e9\u30a4\u30c8\u30cb\u30f3\u30b0\u7f8e\u5bb9\u6db2<\/strong> - \u9854\u8272\u3092\u660e\u308b\u304f\u5747\u4e00\u306b\u3059\u308b\u6297\u9178\u5316\u7f8e\u5bb9\u6db2\u3002<\/li>\n<\/ul>\n\n\n\n<p><strong>\u30a2\u30eb\u30c6\u30a2\u535a\u58eb<\/strong> \u3092\u91cd\u8996\u3057\u305f\u9ad8\u7d1a\u97d3\u56fd\u30b9\u30ad\u30f3\u30b1\u30a2\u88fd\u54c1\u3092\u304a\u63a2\u3057\u306e\u65b9\u306b\u6700\u9069\u3067\u3059\u3002 <strong>\u4fdd\u6e7f\u3001\u93ae\u9759\u3001\u81ea\u7136\u306a\u7f8e\u3057\u3055<\/strong>.\u79d1\u5b66\u3068\u81ea\u7136\u306e\u878d\u5408\u306b\u3088\u308a\u3001\u3053\u306e\u30d6\u30e9\u30f3\u30c9\u306f\u5b8c\u5168\u3067\u52b9\u679c\u7684\u306a\u30b9\u30ad\u30f3\u30b1\u30a2\u30fb\u30eb\u30fc\u30c1\u30f3\u306e\u5fc5\u9700\u54c1\u3068\u306a\u3063\u3066\u3044\u308b\u3002\ud83c\udf38<\/p>\n\n\n\n<hr class=\"wp-block-separator aligncenter has-alpha-channel-opacity\"\/>\n\n\n\n<p class=\"has-text-align-center\"><strong>\u30c9\u30af\u30bf\u30fc\u30fb\u30a2\u30eb\u30c6\u30a2\u88fd\u54c1\u306f\u3001\u30c9\u30af\u30bf\u30fc\u30fb\u30a2\u30eb\u30c6\u30a2\u516c\u5f0f\u30d1\u30fc\u30c8\u30ca\u30fc\u30b7\u30e7\u30c3\u30d7\u304b\u3089\u30aa\u30f3\u30e9\u30a4\u30f3\u3067\u3054\u6ce8\u6587\u3044\u305f\u3060\u3051\u307e\u3059\uff1a<\/strong><\/p>\n\n\n\n<div class=\"wp-block-group has-large-font-size is-layout-grid wp-container-core-group-is-layout-6be84c55 wp-block-group-is-layout-grid\">\n<figure class=\"wp-block-image size-medium\"><a href=\"https:\/\/sole.ro\/brand\/dr-althea\" target=\"_blank\" rel=\" noreferrer noopener\"><img decoding=\"async\" width=\"300\" height=\"150\" src=\"https:\/\/onemd.ro\/wp-content\/uploads\/2021\/07\/f6-2-300x150.jpg\" alt=\"\u30bd\u30fc\u30eb\u30ed\" class=\"wp-image-297\" srcset=\"https:\/\/onemd.ro\/wp-content\/uploads\/2021\/07\/f6-2-300x150.jpg 300w, https:\/\/onemd.ro\/wp-content\/uploads\/2021\/07\/f6-2-16x8.jpg 16w, https:\/\/onemd.ro\/wp-content\/uploads\/2021\/07\/f6-2.jpg 600w\" sizes=\"(max-width: 300px) 100vw, 300px\" \/><\/a><\/figure>\n\n\n\n<figure class=\"wp-block-image size-medium\"><a href=\"https:\/\/comenzi.farmaciatei.ro\/brand\/dr-althea\" target=\"_blank\" rel=\" noreferrer noopener\"><img decoding=\"async\" width=\"300\" height=\"150\" src=\"https:\/\/onemd.ro\/wp-content\/uploads\/2021\/07\/f1-1-300x150.jpg\" alt=\"\u30c6\u30a4\u85ac\u5c40\u30aa\u30d5\u30a3\u30b7\u30e3\u30eb\u30d1\u30fc\u30c8\u30ca\u30fc\u30b7\u30e7\u30c3\u30d7\" class=\"wp-image-301\" srcset=\"https:\/\/onemd.ro\/wp-content\/uploads\/2021\/07\/f1-1-300x150.jpg 300w, https:\/\/onemd.ro\/wp-content\/uploads\/2021\/07\/f1-1-16x8.jpg 16w, https:\/\/onemd.ro\/wp-content\/uploads\/2021\/07\/f1-1.jpg 600w\" sizes=\"(max-width: 300px) 100vw, 300px\" \/><\/a><\/figure>\n\n\n\n<figure class=\"wp-block-image size-medium\"><a href=\"https:\/\/comenzi.bebetei.ro\/brand\/dr-althea\" target=\"_blank\" rel=\" noreferrer noopener\"><img loading=\"lazy\" decoding=\"async\" width=\"300\" height=\"150\" src=\"https:\/\/onemd.ro\/wp-content\/uploads\/2021\/07\/f4-300x150.jpg\" alt=\"\u3079\u3079\u4ead\u30aa\u30d5\u30a3\u30b7\u30e3\u30eb\u30d1\u30fc\u30c8\u30ca\u30fc\u30b7\u30e7\u30c3\u30d7\" class=\"wp-image-292\" srcset=\"https:\/\/onemd.ro\/wp-content\/uploads\/2021\/07\/f4-300x150.jpg 300w, https:\/\/onemd.ro\/wp-content\/uploads\/2021\/07\/f4-16x8.jpg 16w, https:\/\/onemd.ro\/wp-content\/uploads\/2021\/07\/f4.jpg 600w\" sizes=\"(max-width: 300px) 100vw, 300px\" \/><\/a><\/figure>\n<\/div>","protected":false},"excerpt":{"rendered":"<p>\ud83c\udf38 Dr. Althea \u2013 Skincare coreean premium pentru frumuse\u021be natural\u0103 Dr. Althea este un brand coreean de skincare premium, recunoscut pentru formulele sale inovatoare \u0219i bl\u00e2nde, ce combin\u0103 ingrediente naturale, tehnologie dermatologic\u0103 \u0219i design elegant. Brandul se remarc\u0103 prin produse create pentru pielea sensibil\u0103 \u0219i deshidratat\u0103, av\u00e2nd ca scop restabilirea echilibrului natural al pielii \u0219i redarea frumuse\u021bii ei autentice. Fiecare produs este rezultatul unei filozofii bazate pe \u0219tiin\u021b\u0103, siguran\u021b\u0103 \u0219i rafinament. \ud83d\udc8e De ce s\u0103 alegi Dr. Althea \ud83d\udd11 Produse cheie Dr. Althea Dr. Althea este alegerea perfect\u0103 pentru cei care caut\u0103 produse de skincare coreean de lux, cu accent pe hidratare, calmare \u0219i frumuse\u021be natural\u0103. Combina\u021bia dintre \u0219tiin\u021b\u0103 \u0219i [&hellip;]<\/p>\n","protected":false},"author":1,"featured_media":0,"parent":0,"menu_order":0,"comment_status":"closed","ping_status":"closed","template":"","meta":{"footnotes":""},"class_list":["post-1752","page","type-page","status-publish","hentry"],"aioseo_notices":[],"_links":{"self":[{"href":"https:\/\/onemd.ro\/ja\/wp-json\/wp\/v2\/pages\/1752","targetHints":{"allow":["GET"]}}],"collection":[{"href":"https:\/\/onemd.ro\/ja\/wp-json\/wp\/v2\/pages"}],"about":[{"href":"https:\/\/onemd.ro\/ja\/wp-json\/wp\/v2\/types\/page"}],"author":[{"embeddable":true,"href":"https:\/\/onemd.ro\/ja\/wp-json\/wp\/v2\/users\/1"}],"replies":[{"embeddable":true,"href":"https:\/\/onemd.ro\/ja\/wp-json\/wp\/v2\/comments?post=1752"}],"version-history":[{"count":2,"href":"https:\/\/onemd.ro\/ja\/wp-json\/wp\/v2\/pages\/1752\/revisions"}],"predecessor-version":[{"id":1756,"href":"https:\/\/onemd.ro\/ja\/wp-json\/wp\/v2\/pages\/1752\/revisions\/1756"}],"wp:attachment":[{"href":"https:\/\/onemd.ro\/ja\/wp-json\/wp\/v2\/media?parent=1752"}],"curies":[{"name":"wp","href":"https:\/\/api.w.org\/{rel}","templated":true}]}}