{"id":1757,"date":"2025-09-09T10:56:52","date_gmt":"2025-09-09T10:56:52","guid":{"rendered":"https:\/\/onemd.ro\/?page_id=1757"},"modified":"2025-09-09T11:07:37","modified_gmt":"2025-09-09T11:07:37","slug":"dr-forhair","status":"publish","type":"page","link":"https:\/\/onemd.ro\/ja\/dr-forhair\/","title":{"rendered":"\u30c9\u30af\u30bf\u30fc\u30fb\u30d5\u30a9\u30fc\u30d8\u30a2"},"content":{"rendered":"<div class=\"wp-block-image\">\n<figure class=\"aligncenter size-medium\"><img decoding=\"async\" width=\"300\" height=\"150\" src=\"https:\/\/onemd.ro\/wp-content\/uploads\/2025\/08\/drforhair-300x150.jpg\" alt=\"\u30c9\u30af\u30bf\u30fc\u30fb\u30d5\u30a9\u30fc\u30d8\u30a2\" class=\"wp-image-1560\" srcset=\"https:\/\/onemd.ro\/wp-content\/uploads\/2025\/08\/drforhair-300x150.jpg 300w, https:\/\/onemd.ro\/wp-content\/uploads\/2025\/08\/drforhair-1024x512.jpg 1024w, https:\/\/onemd.ro\/wp-content\/uploads\/2025\/08\/drforhair-768x384.jpg 768w, https:\/\/onemd.ro\/wp-content\/uploads\/2025\/08\/drforhair-18x9.jpg 18w, https:\/\/onemd.ro\/wp-content\/uploads\/2025\/08\/drforhair.jpg 1058w\" sizes=\"(max-width: 300px) 100vw, 300px\" \/><\/figure><\/div>\n\n\n<h1 class=\"wp-block-heading has-large-font-size\">Dr.FORHAIR - \u5065\u5eb7\u306a\u982d\u76ae\u3068\u9aea\u306e\u305f\u3081\u306e\u30d7\u30ed\u30d5\u30a7\u30c3\u30b7\u30e7\u30ca\u30eb\u30b1\u30a2<\/h1>\n\n\n\n<p><strong>\u30c9\u30af\u30bf\u30fc\u30fb\u30d5\u30a9\u30fc\u30d8\u30a2<\/strong> \u3092\u5c02\u9580\u3068\u3059\u308b\u97d3\u56fd\u306e\u76ae\u819a\u5316\u7ca7\u54c1\u30d6\u30e9\u30f3\u30c9\u3067\u3042\u308b\u3002 <strong>\u982d\u76ae\u3068\u9aea\u306e\u30b1\u30a2<\/strong>Dr.FORHAIR\u306e\u88fd\u54c1\u306f\u3001\u81e8\u5e8a\u306e\u5c02\u9580\u77e5\u8b58\u3068\u4e09\u5b66\u7814\u7a76\u306b\u57fa\u3065\u3044\u3066\u958b\u767a\u3055\u308c\u305f\u51e6\u65b9\u3067\u4f5c\u3089\u308c\u3066\u3044\u307e\u3059\u3002Dr.FORHAIR\u306e\u88fd\u54c1\u306f\u3001\u4ee5\u4e0b\u306e\u3088\u3046\u306a\u554f\u984c\u306b\u5bfe\u51e6\u3059\u308b\u3088\u3046\u306b\u8a2d\u8a08\u3055\u308c\u3066\u3044\u307e\u3059\u3002 <strong>\u629c\u3051\u6bdb\u3001\u654f\u611f\u306a\u982d\u76ae\u3001\u30d5\u30b1\u3001\u30dc\u30ea\u30e5\u30fc\u30e0\u4e0d\u8db3<\/strong>\u97d3\u56fd\u306e\u76ae\u819a\u79d1\u30af\u30ea\u30cb\u30c3\u30af\u3067\u4f7f\u7528\u3055\u308c\u3066\u3044\u308b\u3002<\/p>\n\n\n\n<p>\u3092\u30d9\u30fc\u30b9\u3068\u3057\u305f\u30a2\u30d7\u30ed\u30fc\u30c1\u3067 <strong>\u79d1\u5b66\u3068\u5b9f\u969b\u306e\u7d50\u679c<\/strong>Dr.FORHAIR\u306f\u3001\u30d0\u30e9\u30f3\u30b9\u306e\u3068\u308c\u305f\u982d\u76ae\u3068\u3001\u6839\u5143\u304b\u3089\u6bdb\u5148\u307e\u3067\u3088\u308a\u5f37\u3044\u9aea\u306e\u305f\u3081\u306e\u30d7\u30ec\u30df\u30a2\u30e0\u30bd\u30ea\u30e5\u30fc\u30b7\u30e7\u30f3\u3092\u63d0\u4f9b\u3057\u307e\u3059\u3002<\/p>\n\n\n\n<h2 class=\"wp-block-heading has-large-font-size\">Dr.FORHAIR\u3092\u9078\u3076\u7406\u7531<\/h2>\n\n\n\n<ul class=\"wp-block-list\">\n<li>\ud83d\udc69\u200d\u2695\ufe0f <strong>\u76ae\u819a\u79d1\u5b66\u306e\u5c02\u9580\u77e5\u8b58<\/strong> - \u30c8\u30ea\u30aa\u30ed\u30b8\u30b9\u30c8\u3068\u5171\u540c\u3067\u958b\u767a\u3057\u3001\u81e8\u5e8a\u8a66\u9a13\u3092\u884c\u3063\u305f\u88fd\u54c1\u3002<\/li>\n\n\n\n<li>\ud83c\udf31 <strong>\u5b89\u5168\u3067\u52b9\u679c\u7684\u306a\u6210\u5206<\/strong> - \u30d1\u30e9\u30d9\u30f3\u3084\u523a\u6fc0\u306e\u5f37\u3044\u786b\u9178\u5869\u3092\u542b\u307e\u306a\u3044\u3001\u808c\u306b\u3084\u3055\u3057\u3044\u51e6\u65b9\u3002<\/li>\n\n\n\n<li>\ud83d\udc86 <strong>\u30bf\u30fc\u30b2\u30c3\u30c8\u30fb\u30b1\u30a2<\/strong> - \u629c\u3051\u6bdb\u3001\u8102\u6027\u3001\u654f\u611f\u3001\u708e\u75c7\u6027\u982d\u76ae\u306e\u305f\u3081\u306e\u30bd\u30ea\u30e5\u30fc\u30b7\u30e7\u30f3\u3002<\/li>\n\n\n\n<li>\ud83d\udd2c <strong>\u76ee\u306b\u898b\u3048\u308b\u6210\u679c<\/strong> - \u982d\u76ae\u3092\u5065\u5eb7\u306b\u3057\u3001\u9aea\u306e\u6210\u9577\u3092\u4fc3\u3059\u3002<\/li>\n\n\n\n<li>\ud83c\udf0d <strong>\u30b0\u30ed\u30fc\u30d0\u30eb\u306a\u8a55\u4fa1<\/strong> - \u56fd\u969b\u7684\u306b\u8a8d\u3081\u3089\u308c\u305f\u4fe1\u983c\u306e\u30d6\u30e9\u30f3\u30c9\u3002<\/li>\n<\/ul>\n\n\n\n<h2 class=\"wp-block-heading has-large-font-size\">\u4e3b\u8981\u88fd\u54c1 Dr.FORHAIR<\/h2>\n\n\n\n<ul class=\"wp-block-list\">\n<li>\ud83d\udca7 <strong>\u30d5\u30a9\u30ea\u30b2\u30f3\u30fb\u30b7\u30e3\u30f3\u30d7\u30fc<\/strong> - \u629c\u3051\u6bdb\u3092\u9632\u304e\u3001\u6bdb\u6839\u3092\u5f37\u5316\u3059\u308b\u30a2\u30a4\u30b3\u30f3\u30b7\u30e3\u30f3\u30d7\u30fc\u3002<\/li>\n\n\n\n<li>\ud83c\udf3f <strong>\u30d5\u30a9\u30ea\u30b2\u30f3\u30fb\u30b9\u30b1\u30fc\u30e9\u30fc<\/strong> - \u4e0d\u7d14\u7269\u3084\u76ae\u8102\u3092\u53d6\u308a\u9664\u304f\u3001\u982d\u76ae\u306b\u3084\u3055\u3057\u3044\u30b9\u30af\u30e9\u30d6\u3002<\/li>\n\n\n\n<li>\ud83d\udcaa <strong>\u30d5\u30a9\u30ea\u30b2\u30f3\u30fb\u30c8\u30cb\u30c3\u30af<\/strong> - \u767a\u6bdb\u3092\u4fc3\u3059\u96c6\u4e2d\u30c8\u30ea\u30fc\u30c8\u30e1\u30f3\u30c8\u3002<\/li>\n\n\n\n<li>\ud83c\udf43 <strong>\u76ae\u8102\u30b3\u30f3\u30c8\u30ed\u30fc\u30eb\u30fb\u30b7\u30e3\u30f3\u30d7\u30fc<\/strong> - \u8102\u6027\u982d\u76ae\u306e\u305f\u3081\u306e\u30d0\u30e9\u30f3\u30b7\u30f3\u30b0\u30fb\u30b7\u30e3\u30f3\u30d7\u30fc\u3002<\/li>\n<\/ul>\n\n\n\n<p><strong>\u30c9\u30af\u30bf\u30fc\u30fb\u30d5\u30a9\u30fc\u30d8\u30a2<\/strong> \u306f\u3001\u982d\u76ae\u3068\u9aea\u306e\u60a9\u307f\u3092\u5c02\u9580\u7684\u304b\u3064\u5b89\u5168\u306b\u89e3\u6c7a\u3057\u305f\u3044\u4eba\u306b\u3068\u3063\u3066\u7406\u60f3\u7684\u306a\u9078\u629e\u3067\u3042\u308b\u3002\u9769\u65b0\u7684\u306a\u51e6\u65b9\u3068\u78ba\u304b\u306a\u52b9\u679c\u3067\u3001\u3053\u306e\u30d6\u30e9\u30f3\u30c9\u306f\u4ee5\u4e0b\u306e\u3082\u306e\u3092\u517c\u306d\u5099\u3048\u3066\u3044\u307e\u3059\u3002 <strong>\u76ae\u819a\u79d1\u5b66\u3068\u30d7\u30ec\u30df\u30a2\u30e0\u30b1\u30a2<\/strong>\u81ea\u4fe1\u3068\u81ea\u7136\u306a\u7f8e\u3057\u3055\u3092\u6bce\u65e5\u63d0\u4f9b\u3057\u307e\u3059\u3002\ud83c\udf3f\u2728<\/p>\n\n\n\n<hr class=\"wp-block-separator aligncenter has-alpha-channel-opacity\"\/>\n\n\n\n<p class=\"has-text-align-center\"><strong>Dr.FORHAIR\u88fd\u54c1\u3092\u516c\u5f0f\u30d1\u30fc\u30c8\u30ca\u30fc\u30b7\u30e7\u30c3\u30d7\u304b\u3089\u30aa\u30f3\u30e9\u30a4\u30f3\u3067\u3054\u6ce8\u6587\u3044\u305f\u3060\u3051\u307e\u3059\uff1a<\/strong><\/p>\n\n\n\n<div class=\"wp-block-group has-large-font-size is-layout-grid wp-container-core-group-is-layout-6be84c55 wp-block-group-is-layout-grid\">\n<figure class=\"wp-block-image size-medium\"><a href=\"https:\/\/sole.ro\" target=\"_blank\" rel=\" noreferrer noopener\"><img decoding=\"async\" width=\"300\" height=\"150\" src=\"https:\/\/onemd.ro\/wp-content\/uploads\/2021\/07\/f6-2-300x150.jpg\" alt=\"\u30bd\u30fc\u30eb\u30ed\" class=\"wp-image-297\" srcset=\"https:\/\/onemd.ro\/wp-content\/uploads\/2021\/07\/f6-2-300x150.jpg 300w, https:\/\/onemd.ro\/wp-content\/uploads\/2021\/07\/f6-2-16x8.jpg 16w, https:\/\/onemd.ro\/wp-content\/uploads\/2021\/07\/f6-2.jpg 600w\" sizes=\"(max-width: 300px) 100vw, 300px\" \/><\/a><\/figure>\n<\/div>","protected":false},"excerpt":{"rendered":"<p>\ud83c\udf3f Dr.FORHAIR \u2013 \u00cengrijire profesional\u0103 pentru scalp \u0219i p\u0103r s\u0103n\u0103tos Dr.FORHAIR este un brand coreean dermatocosmetic specializat \u00een \u00eengrijirea scalpului \u0219i a p\u0103rului, cu expertiz\u0103 clinic\u0103 \u0219i formule dezvoltate pe baza cercet\u0103rilor trihologice. Produsele Dr.FORHAIR sunt concepute pentru a combate probleme precum c\u0103derea p\u0103rului, scalpul sensibil, m\u0103trea\u021ba sau lipsa de volum, fiind recomandate de speciali\u0219ti \u0219i folosite \u00een clinici dermatologice din Coreea de Sud. Cu o abordare bazat\u0103 pe \u0219tiin\u021b\u0103 \u0219i rezultate reale, Dr.FORHAIR ofer\u0103 solu\u021bii premium pentru un scalp echilibrat \u0219i un p\u0103r mai puternic, de la r\u0103d\u0103cini p\u00e2n\u0103 la v\u00e2rfuri. \ud83d\udc8e De ce s\u0103 alegi Dr.FORHAIR \ud83d\udd11 Produse cheie Dr.FORHAIR Dr.FORHAIR este alegerea ideal\u0103 pentru cei care \u00ee\u0219i [&hellip;]<\/p>\n","protected":false},"author":1,"featured_media":0,"parent":0,"menu_order":0,"comment_status":"closed","ping_status":"closed","template":"","meta":{"footnotes":""},"class_list":["post-1757","page","type-page","status-publish","hentry"],"aioseo_notices":[],"_links":{"self":[{"href":"https:\/\/onemd.ro\/ja\/wp-json\/wp\/v2\/pages\/1757","targetHints":{"allow":["GET"]}}],"collection":[{"href":"https:\/\/onemd.ro\/ja\/wp-json\/wp\/v2\/pages"}],"about":[{"href":"https:\/\/onemd.ro\/ja\/wp-json\/wp\/v2\/types\/page"}],"author":[{"embeddable":true,"href":"https:\/\/onemd.ro\/ja\/wp-json\/wp\/v2\/users\/1"}],"replies":[{"embeddable":true,"href":"https:\/\/onemd.ro\/ja\/wp-json\/wp\/v2\/comments?post=1757"}],"version-history":[{"count":2,"href":"https:\/\/onemd.ro\/ja\/wp-json\/wp\/v2\/pages\/1757\/revisions"}],"predecessor-version":[{"id":1767,"href":"https:\/\/onemd.ro\/ja\/wp-json\/wp\/v2\/pages\/1757\/revisions\/1767"}],"wp:attachment":[{"href":"https:\/\/onemd.ro\/ja\/wp-json\/wp\/v2\/media?parent=1757"}],"curies":[{"name":"wp","href":"https:\/\/api.w.org\/{rel}","templated":true}]}}