{"id":1760,"date":"2025-09-09T10:59:42","date_gmt":"2025-09-09T10:59:42","guid":{"rendered":"https:\/\/onemd.ro\/?page_id=1760"},"modified":"2025-09-09T11:04:33","modified_gmt":"2025-09-09T11:04:33","slug":"k-secret","status":"publish","type":"page","link":"https:\/\/onemd.ro\/ja\/k-secret\/","title":{"rendered":"\u30b1\u30a4\u30fb\u30b7\u30fc\u30af\u30ec\u30c3\u30c8"},"content":{"rendered":"<div class=\"wp-block-image\">\n<figure class=\"aligncenter size-medium is-resized\"><img decoding=\"async\" width=\"300\" height=\"150\" src=\"https:\/\/onemd.ro\/wp-content\/uploads\/2025\/08\/kSecret-300x150.jpg\" alt=\"\u30b1\u30a4\u30fb\u30b7\u30fc\u30af\u30ec\u30c3\u30c8\" class=\"wp-image-1561\" style=\"width:300px;height:auto\" srcset=\"https:\/\/onemd.ro\/wp-content\/uploads\/2025\/08\/kSecret-300x150.jpg 300w, https:\/\/onemd.ro\/wp-content\/uploads\/2025\/08\/kSecret-1024x512.jpg 1024w, https:\/\/onemd.ro\/wp-content\/uploads\/2025\/08\/kSecret-768x384.jpg 768w, https:\/\/onemd.ro\/wp-content\/uploads\/2025\/08\/kSecret-18x9.jpg 18w, https:\/\/onemd.ro\/wp-content\/uploads\/2025\/08\/kSecret.jpg 1058w\" sizes=\"(max-width: 300px) 100vw, 300px\" \/><\/figure><\/div>\n\n\n<h1 class=\"wp-block-heading has-large-font-size\">\ud83c\udf38 K-SECRET - \u97d3\u56fd\u306e\u7f8e\u306e\u79d8\u8a23\u3092\u3072\u3068\u3064\u306b\u307e\u3068\u3081\u305f\u30eb\u30fc\u30c6\u30a3\u30f3<\/h1>\n\n\n\n<p><strong>\u30b1\u30a4\u30fb\u30b7\u30fc\u30af\u30ec\u30c3\u30c8<\/strong> \u3092\u7d44\u307f\u5408\u308f\u305b\u305f\u97d3\u56fd\u306e\u30b9\u30ad\u30f3\u30b1\u30a2\u30fb\u30d6\u30e9\u30f3\u30c9\u3067\u3042\u308b\u3002 <strong>\u4f1d\u7d71\u7684\u30a2\u30b8\u30a2\u98df\u6750<\/strong> \u3068 <strong>\u6700\u65b0\u306e\u76ae\u819a\u79d1\u5b66\u30a4\u30ce\u30d9\u30fc\u30b7\u30e7\u30f3<\/strong>\u3092\u8a2d\u7acb\u3057\u3001\u52b9\u679c\u7684\u306a\u30b9\u30ad\u30f3\u30b1\u30a2\u30bd\u30ea\u30e5\u30fc\u30b7\u30e7\u30f3\u3092\u63d0\u4f9b\u3057\u3066\u3044\u308b\u3002\u30d6\u30e9\u30f3\u30c9\u306e\u54f2\u5b66\u306f\u3001\u6e05\u6f54\u3067\u30d0\u30e9\u30f3\u30b9\u304c\u53d6\u308c\u3066\u304a\u308a\u3001\u654f\u611f\u808c\u3092\u542b\u3080\u3059\u3079\u3066\u306e\u808c\u30bf\u30a4\u30d7\u306b\u9069\u3057\u305f\u51e6\u65b9\u3092\u901a\u3058\u3066\u3001\u300c\u5b8c\u74a7\u306a\u808c\u306e\u79d8\u5bc6\u300d\u3092\u660e\u3089\u304b\u306b\u3059\u308b\u3068\u3044\u3046\u8003\u3048\u306b\u57fa\u3065\u3044\u3066\u3044\u308b\u3002<\/p>\n\n\n\n<p>K-SECRET\u306e\u88fd\u54c1\u306f\u3001\u808c\u3092\u56de\u5fa9\u3055\u305b\u308b\u305f\u3081\u306b\u958b\u767a\u3055\u308c\u305f\u3002 <strong>\u81ea\u7136\u306a\u8f1d\u304d\u3001\u6df1\u3044\u4fdd\u6e7f\u3001\u6bce\u65e5\u306e\u4fdd\u8b77<\/strong>\u3059\u3050\u306b\u3042\u306a\u305f\u306e\u30b0\u30eb\u30fc\u30df\u30f3\u30b0\u30fb\u30eb\u30fc\u30c6\u30a3\u30f3\u306e\u4fe1\u983c\u3067\u304d\u308b\u5473\u65b9\u306b\u306a\u308b\u3002<\/p>\n\n\n\n<h2 class=\"wp-block-heading has-large-font-size\">K-SECRET\u3092\u9078\u3076\u7406\u7531<\/h2>\n\n\n\n<ul class=\"wp-block-list\">\n<li>\ud83c\udf31 <strong>\u81ea\u7136\u304b\u3089\u30a4\u30f3\u30b9\u30d4\u30ec\u30fc\u30b7\u30e7\u30f3\u3092\u5f97\u305f\u7d20\u6750<\/strong> - \u76ae\u819a\u306e\u5065\u5eb7\u306e\u305f\u3081\u306e\u690d\u7269\u30a8\u30ad\u30b9\u3068\u6d3b\u6027\u5316\u5408\u7269\u3002<\/li>\n\n\n\n<li>\ud83d\udca7 <strong>\u4fdd\u6e7f\u3068\u30d6\u30e9\u30a4\u30c8\u30cb\u30f3\u30b0\u306b\u91cd\u70b9\u3092\u7f6e\u304f<\/strong> - \u307f\u305a\u307f\u305a\u3057\u304f\u82e5\u3005\u3057\u3044\u808c\u306b\u306f\u6b20\u304b\u305b\u306a\u3044\u3002<\/li>\n\n\n\n<li>\ud83d\udc69\u200d\u2695\ufe0f <strong>\u76ae\u819a\u79d1\u5b66\u7684\u5b89\u5168\u6027<\/strong> - \u654f\u611f\u808c\u306b\u9069\u3057\u305f\u30c6\u30b9\u30c8\u6e08\u307f\u51e6\u65b9\u3002<\/li>\n\n\n\n<li>\u2728 <strong>\u30d5\u30eb\u30eb\u30fc\u30c1\u30f3<\/strong> - \u6bce\u65e5\u306e\u30b9\u30ad\u30f3\u30b1\u30a2\u30fb\u30eb\u30fc\u30c1\u30f3\u306b\u7c21\u5358\u306b\u53d6\u308a\u5165\u308c\u308b\u3053\u3068\u304c\u3067\u304d\u308b\u88fd\u54c1\u3067\u3042\u308b\u3002<\/li>\n\n\n\n<li>\ud83c\udf0d <strong>\u672c\u7269\u306eK\u30d3\u30e5\u30fc\u30c6\u30a3\u30fc<\/strong> - \u56fd\u969b\u7684\u306b\u8a8d\u77e5\u3055\u308c\u305f\u97d3\u56fd\u72ec\u81ea\u306e\u7d4c\u9a13\u3002<\/li>\n<\/ul>\n\n\n\n<h2 class=\"wp-block-heading has-large-font-size\">\u30ad\u30fc\u30fb\u30d7\u30ed\u30c0\u30af\u30c8 K-SECRET<\/h2>\n\n\n\n<ul class=\"wp-block-list\">\n<li>\ud83d\udca6 <strong>\u30a4\u30c9\u30e9\u30fb\u30d0\u30e9\u30f3\u30b9\u30fb\u30c8\u30ca\u30fc<\/strong> - \u808c\u3092\u4fdd\u6e7f\u3057\u3001\u6574\u3048\u308b\u30d0\u30e9\u30f3\u30b7\u30f3\u30b0\u30fb\u30c8\u30ca\u30fc\u3002<\/li>\n\n\n\n<li>\ud83c\udf3f <strong>\u93ae\u9759\u30a2\u30f3\u30d7\u30eb<\/strong> - \u708e\u75c7\u3092\u8d77\u3053\u3057\u305f\u808c\u3092\u843d\u3061\u7740\u304b\u305b\u3001\u6d3b\u6027\u5316\u3055\u305b\u308b\u6fc3\u7e2e\u7f8e\u5bb9\u6db2\u3002<\/li>\n\n\n\n<li>\ud83c\udf43 <strong>\u30e2\u30a4\u30b9\u30c1\u30e3\u30fc\u30fb\u30ea\u30da\u30a2\u30fb\u30af\u30ea\u30fc\u30e0<\/strong> - \u5065\u3084\u304b\u306a\u808c\u30d0\u30ea\u30a2\u306e\u305f\u3081\u306e\u4fdd\u6e7f\u30fb\u4fee\u5fa9\u30af\u30ea\u30fc\u30e0\u3002<\/li>\n\n\n\n<li>\u2728 <strong>\u30d6\u30e9\u30a4\u30c8\u30cb\u30f3\u30b0\u30fb\u30de\u30b9\u30af\u30fb\u30d1\u30c3\u30af<\/strong> - \u30d6\u30e9\u30a4\u30c8\u30cb\u30f3\u30b0\u30de\u30b9\u30af\u3067\u3001\u5747\u4e00\u3067\u8f1d\u304d\u306e\u3042\u308b\u808c\u3078\u3002<\/li>\n<\/ul>\n\n\n\n<p><strong>\u30b1\u30a4\u30fb\u30b7\u30fc\u30af\u30ec\u30c3\u30c8<\/strong> \u65e5\u5e38\u306b\u53d6\u308a\u5165\u308c\u308b <strong>K\u30d3\u30e5\u30fc\u30c6\u30a3\u30fc\u30a8\u30c3\u30bb\u30f3\u30b9<\/strong>\u6e05\u6f54\u3067\u3001\u52b9\u679c\u7684\u3067\u3001\u5b89\u5168\u306a\u88fd\u54c1\u306f\u3001\u808c\u3092\u5065\u3084\u304b\u306b\u4fdd\u3061\u3001\u3046\u308b\u304a\u3044\u3092\u4e0e\u3048\u3001\u76ee\u306b\u898b\u3048\u3066\u660e\u308b\u304f\u306a\u308b\u3088\u3046\u306b\u8a2d\u8a08\u3055\u308c\u3066\u3044\u307e\u3059\u3002K-SECRET\u3092\u304a\u9078\u3073\u3044\u305f\u3060\u304f\u3068\u3001\u4ee5\u4e0b\u306e\u3053\u3068\u304c\u308f\u304b\u308a\u307e\u3059\u3002 <strong>\u81ea\u7136\u3067\u7f8e\u3057\u3044\u808c\u306e\u79d8\u8a23<\/strong> \ud83c\udf38.<\/p>\n\n\n\n<hr class=\"wp-block-separator aligncenter has-alpha-channel-opacity\"\/>\n\n\n\n<p class=\"has-text-align-center\"><strong>K-SECRET\u306e\u5546\u54c1\u306f\u3001\u30aa\u30d5\u30a3\u30b7\u30e3\u30eb\u30d1\u30fc\u30c8\u30ca\u30fc\u30b7\u30e7\u30c3\u30d7\u304b\u3089\u30aa\u30f3\u30e9\u30a4\u30f3\u3067\u3054\u6ce8\u6587\u3044\u305f\u3060\u3051\u307e\u3059\uff1a<\/strong><\/p>\n\n\n\n<div class=\"wp-block-group has-large-font-size is-layout-grid wp-container-core-group-is-layout-6be84c55 wp-block-group-is-layout-grid\">\n<figure class=\"wp-block-image size-medium\"><a href=\"https:\/\/sole.ro\/brand\/ksecret\" target=\"_blank\" rel=\" noreferrer noopener\"><img decoding=\"async\" width=\"300\" height=\"150\" src=\"https:\/\/onemd.ro\/wp-content\/uploads\/2021\/07\/f6-2-300x150.jpg\" alt=\"\u30bd\u30fc\u30eb\u30ed\" class=\"wp-image-297\" srcset=\"https:\/\/onemd.ro\/wp-content\/uploads\/2021\/07\/f6-2-300x150.jpg 300w, https:\/\/onemd.ro\/wp-content\/uploads\/2021\/07\/f6-2-16x8.jpg 16w, https:\/\/onemd.ro\/wp-content\/uploads\/2021\/07\/f6-2.jpg 600w\" sizes=\"(max-width: 300px) 100vw, 300px\" \/><\/a><\/figure>\n<\/div>","protected":false},"excerpt":{"rendered":"<p>\ud83c\udf38 K-SECRET \u2013 Secretele frumuse\u021bii coreene, \u00eentr-o rutin\u0103 complet\u0103 K-SECRET este un brand coreean de skincare care \u00eembin\u0103 ingredientele tradi\u021bionale asiatice cu inova\u021biile moderne dermatologice, pentru a oferi solu\u021bii eficiente de \u00eengrijire a pielii. Filosofia brandului se bazeaz\u0103 pe ideea de a dezv\u0103lui \u201esecretul pielii perfecte\u201d prin formule curate, echilibrate \u0219i potrivite pentru toate tipurile de ten, inclusiv cel sensibil. Produsele K-SECRET sunt dezvoltate pentru a reda pielii luminozitatea natural\u0103, hidratarea profund\u0103 \u0219i protec\u021bia zilnic\u0103, devenind rapid un aliat de \u00eencredere \u00een rutina ta de \u00eengrijire. \ud83d\udc8e De ce s\u0103 alegi K-SECRET \ud83d\udd11 Produse cheie K-SECRET K-SECRET aduce \u00een rutina ta esen\u021ba K-Beauty: produse curate, eficiente \u0219i sigure, create pentru [&hellip;]<\/p>","protected":false},"author":1,"featured_media":0,"parent":0,"menu_order":0,"comment_status":"closed","ping_status":"closed","template":"","meta":{"footnotes":""},"class_list":["post-1760","page","type-page","status-publish","hentry"],"aioseo_notices":[],"_links":{"self":[{"href":"https:\/\/onemd.ro\/ja\/wp-json\/wp\/v2\/pages\/1760","targetHints":{"allow":["GET"]}}],"collection":[{"href":"https:\/\/onemd.ro\/ja\/wp-json\/wp\/v2\/pages"}],"about":[{"href":"https:\/\/onemd.ro\/ja\/wp-json\/wp\/v2\/types\/page"}],"author":[{"embeddable":true,"href":"https:\/\/onemd.ro\/ja\/wp-json\/wp\/v2\/users\/1"}],"replies":[{"embeddable":true,"href":"https:\/\/onemd.ro\/ja\/wp-json\/wp\/v2\/comments?post=1760"}],"version-history":[{"count":2,"href":"https:\/\/onemd.ro\/ja\/wp-json\/wp\/v2\/pages\/1760\/revisions"}],"predecessor-version":[{"id":1766,"href":"https:\/\/onemd.ro\/ja\/wp-json\/wp\/v2\/pages\/1760\/revisions\/1766"}],"wp:attachment":[{"href":"https:\/\/onemd.ro\/ja\/wp-json\/wp\/v2\/media?parent=1760"}],"curies":[{"name":"wp","href":"https:\/\/api.w.org\/{rel}","templated":true}]}}