{"id":1763,"date":"2025-09-09T11:03:12","date_gmt":"2025-09-09T11:03:12","guid":{"rendered":"https:\/\/onemd.ro\/?page_id=1763"},"modified":"2025-09-09T11:11:41","modified_gmt":"2025-09-09T11:11:41","slug":"kundal","status":"publish","type":"page","link":"https:\/\/onemd.ro\/ja\/kundal\/","title":{"rendered":"\u30af\u30f3\u30c0\u30eb"},"content":{"rendered":"<div class=\"wp-block-image\">\n<figure class=\"aligncenter size-medium\"><img decoding=\"async\" width=\"300\" height=\"150\" src=\"https:\/\/onemd.ro\/wp-content\/uploads\/2025\/08\/kundal-300x150.jpg\" alt=\"\u30af\u30f3\u30c0\u30eb\" class=\"wp-image-1562\" srcset=\"https:\/\/onemd.ro\/wp-content\/uploads\/2025\/08\/kundal-300x150.jpg 300w, https:\/\/onemd.ro\/wp-content\/uploads\/2025\/08\/kundal-1024x512.jpg 1024w, https:\/\/onemd.ro\/wp-content\/uploads\/2025\/08\/kundal-768x384.jpg 768w, https:\/\/onemd.ro\/wp-content\/uploads\/2025\/08\/kundal-18x9.jpg 18w, https:\/\/onemd.ro\/wp-content\/uploads\/2025\/08\/kundal.jpg 1058w\" sizes=\"(max-width: 300px) 100vw, 300px\" \/><\/figure><\/div>\n\n\n<h1 class=\"wp-block-heading has-large-font-size\">KUNDAL - \u9aea\u3001\u808c\u3001\u4f53\u306e\u305f\u3081\u306e\u81ea\u7136\u3068\u30a2\u30ed\u30de\u30bb\u30e9\u30d4\u30fc<\/h1>\n\n\n\n<p><strong>\u30af\u30f3\u30c0\u30eb<\/strong> \u306f\u97d3\u56fd\u306e\u30d6\u30e9\u30f3\u30c9\u3067\u3042\u308b\u3002 <strong>\u30d7\u30ec\u30df\u30a2\u30e0\u30fb\u30d8\u30a2\u30b1\u30a2\u3001\u30b9\u30ad\u30f3\u30b1\u30a2\u3001\u30dc\u30c7\u30a3\u30b1\u30a2<\/strong>\u306b\u57fa\u3065\u304f\u51e6\u65b9\u3067\u77e5\u3089\u308c\u308b\u3002 <strong>\u5929\u7136\u7d20\u6750\u3068\u6d17\u7df4\u3055\u308c\u305f\u98a8\u5473<\/strong>.\u30e6\u30cb\u30fc\u30af\u306a\u611f\u899a\u7684\u4f53\u9a13\u3092\u63d0\u4f9b\u3059\u308b\u305f\u3081\u306b\u4f5c\u3089\u308c\u305fKUNDAL\u306f\u3001\u6b21\u306e\u3088\u3046\u306a\u3082\u306e\u3092\u7d50\u96c6\u3057\u3066\u3044\u308b\u3002 <strong>\u81ea\u7136\u306e\u529b<\/strong> \u305d\u3057\u3066 <strong>\u7dd1\u8c4a\u304b\u306a\u30a2\u30ed\u30de\u30bb\u30e9\u30d4\u30fc<\/strong>\u65e5\u5e38\u3092\u7518\u7f8e\u306a\u5100\u5f0f\u306b\u5909\u3048\u308b\u3002<\/p>\n\n\n\n<p>\u30a2\u30b8\u30a2\u3060\u3051\u3067\u306a\u304f\u4e16\u754c\u4e2d\u306b\u6570\u767e\u4e07\u4eba\u306e\u611b\u7528\u8005\u3092\u6301\u3064\u3053\u306e\u30d6\u30e9\u30f3\u30c9\u306f\u3001\u88fd\u54c1\u306e\u52b9\u679c\u3060\u3051\u3067\u306a\u304f\u3001\u7f8e\u5bb9\u7fd2\u6163\u3092\u30d1\u30fc\u30bd\u30ca\u30e9\u30a4\u30ba\u3059\u308b\u9999\u308a\u306e\u591a\u69d8\u6027\u3067\u3082\u9ad8\u304f\u8a55\u4fa1\u3055\u308c\u3066\u3044\u308b\u3002<\/p>\n\n\n\n<h2 class=\"wp-block-heading has-large-font-size\">KUNDAL\u3092\u9078\u3076\u7406\u7531<\/h2>\n\n\n\n<ul class=\"wp-block-list\">\n<li>\ud83c\udf31 <strong>\u5929\u7136\u7d20\u6750<\/strong> - \u8702\u871c\u3001\u690d\u7269\u6027\u30aa\u30a4\u30eb\u3001\u690d\u7269\u6027\u30bf\u30f3\u30d1\u30af\u8cea\u3002<\/li>\n\n\n\n<li>\ud83d\udc90 <strong>\u30d7\u30ec\u30df\u30a2\u30e0\u30fb\u30a2\u30ed\u30de\u30bb\u30e9\u30d4\u30fc<\/strong> - \u6570\u5341\u7a2e\u985e\u306e\u6d17\u7df4\u3055\u308c\u305f\u30d5\u30ec\u30fc\u30d0\u30fc\u304c\u3001\u3042\u3089\u3086\u308b\u5473\u899a\u306b\u5bfe\u5fdc\u3059\u308b\u3002<\/li>\n\n\n\n<li>\ud83d\udca7 <strong>\u4e07\u5168\u306e\u30b1\u30a2<\/strong> - \u9aea\u3001\u4f53\u3001\u808c\u306e\u305f\u3081\u306e\u88fd\u54c1\u3002<\/li>\n\n\n\n<li>\ud83d\udc69\u200d\ud83d\udd2c <strong>\u5b89\u5168\u306a\u51e6\u65b9<\/strong> - \u30d1\u30e9\u30d9\u30f3\u3001\u786b\u9178\u5869\u3001\u523a\u6fc0\u306e\u5f37\u3044\u6210\u5206\u306f\u4f7f\u7528\u3057\u3066\u3044\u307e\u305b\u3093\u3002<\/li>\n\n\n\n<li>\ud83c\udf0d <strong>\u56fd\u969b\u7684\u8a55\u4fa1<\/strong> - K-Beauty\u30d6\u30e9\u30f3\u30c9\u306f\u4e16\u754c\u4e2d\u3067\u4eba\u6c17\u304c\u3042\u308a\u3001\u9ad8\u304f\u8a55\u4fa1\u3055\u308c\u3066\u3044\u308b\u3002<\/li>\n<\/ul>\n\n\n\n<h2 class=\"wp-block-heading has-large-font-size\">\u4e3b\u8981\u88fd\u54c1 KUNDAL<\/h2>\n\n\n\n<ul class=\"wp-block-list\">\n<li>\ud83c\udf6f <strong>\u30cf\u30cb\u30fc\uff06\u30de\u30ab\u30c0\u30df\u30a2 \u30b7\u30e3\u30f3\u30d7\u30fc<\/strong> - \u4fdd\u6e7f\u3068\u8f1d\u304d\u3092\u4e0e\u3048\u308b\u30ca\u30ea\u30b7\u30f3\u30b0\u30fb\u30b7\u30e3\u30f3\u30d7\u30fc\u3002<\/li>\n\n\n\n<li>\ud83d\udc86 <strong>\u30cf\u30cb\u30fc\uff06\u30de\u30ab\u30c0\u30df\u30a2\u30fb\u30c8\u30ea\u30fc\u30c8\u30e1\u30f3\u30c8<\/strong> - \u67d4\u3089\u304b\u304f\u5065\u5eb7\u7684\u306a\u9aea\u306e\u305f\u3081\u306e\u4fdd\u6e7f\u30de\u30b9\u30af\u3002<\/li>\n\n\n\n<li>\ud83c\udf38 <strong>\u30dc\u30c7\u30a3\u30a6\u30a9\u30c3\u30b7\u30e5<\/strong> - \u512a\u3057\u3044\u30b7\u30e3\u30ef\u30fc\u30b8\u30a7\u30eb\u3067\u3001\u30a8\u30ec\u30ac\u30f3\u30c8\u306a\u30d5\u30ec\u30fc\u30d0\u30fc\u304b\u3089\u304a\u9078\u3073\u3044\u305f\u3060\u3051\u307e\u3059\u3002<\/li>\n\n\n\n<li>\ud83c\udf3f <strong>\u30cf\u30f3\u30c9\u30af\u30ea\u30fc\u30e0<\/strong> - \u307b\u306e\u304b\u306a\u9999\u308a\u3068\u8efd\u3044\u30c6\u30af\u30b9\u30c1\u30e3\u30fc\u306e\u4fdd\u6e7f\u30cf\u30f3\u30c9\u30af\u30ea\u30fc\u30e0\u3002<\/li>\n\n\n\n<li>\ud83d\udd6f\ufe0f <strong>\u30d8\u30a2\uff06\u30dc\u30c7\u30a3\u30df\u30b9\u30c8<\/strong> - \u30d5\u30ec\u30c3\u30b7\u30e5\u306a\u9999\u308a\u304c\u9577\u7d9a\u304d\u3059\u308b\u9999\u308a\u4ed8\u304d\u30b9\u30d7\u30ec\u30fc\u3002<\/li>\n<\/ul>\n\n\n\n<p><strong>\u30af\u30f3\u30c0\u30eb<\/strong> \u306f\u3001\u5358\u306a\u308b\u30b0\u30eb\u30fc\u30df\u30f3\u30b0\u88fd\u54c1\u4ee5\u4e0a\u306e\u3082\u306e\u3092\u6c42\u3081\u308b\u4eba\u306b\u3068\u3063\u3066\u7406\u60f3\u7684\u306a\u9078\u629e\u3067\u3042\u308b\u3002 <strong>\u8d05\u6ca2\u306a\u65e5\u5e38\u4f53\u9a13<\/strong>\u30e6\u30cb\u30fc\u30af\u306a\u30d5\u30ec\u30fc\u30d0\u30fc\u3068\u5929\u7136\u6210\u5206\u3002KUNDAL\u3092\u4f7f\u3048\u3070\u3001\u3042\u306a\u305f\u306e\u7f8e\u5bb9\u30eb\u30fc\u30c1\u30f3\u306f\u6b21\u306e\u3088\u3046\u306a\u5100\u5f0f\u306b\u306a\u308b\u3002 <strong>\u4fdd\u6e7f\u3001\u4fdd\u8b77\u3001\u5fd8\u308c\u3089\u308c\u306a\u3044\u9999\u308a<\/strong>.\ud83c\udf3f\ud83d\udc90<\/p>\n\n\n\n<hr class=\"wp-block-separator aligncenter has-alpha-channel-opacity\"\/>\n\n\n\n<p class=\"has-text-align-center\"><strong>\u30aa\u30f3\u30e9\u30a4\u30f3\u3067\u5546\u54c1\u3092\u6ce8\u6587\u3059\u308b <strong>\u30af\u30f3\u30c0\u30eb<\/strong> \u30aa\u30d5\u30a3\u30b7\u30e3\u30eb\u30fb\u30d1\u30fc\u30c8\u30ca\u30fc\u30fb\u30b7\u30e7\u30c3\u30d7\u304b\u3089\uff1a<\/strong><\/p>\n\n\n\n<div class=\"wp-block-group has-large-font-size is-layout-grid wp-container-core-group-is-layout-6be84c55 wp-block-group-is-layout-grid\">\n<figure class=\"wp-block-image size-medium\"><a href=\"https:\/\/sole.ro\" target=\"_blank\" rel=\" noreferrer noopener\"><img decoding=\"async\" width=\"300\" height=\"150\" src=\"https:\/\/onemd.ro\/wp-content\/uploads\/2021\/07\/f6-2-300x150.jpg\" alt=\"\u30bd\u30fc\u30eb\u30ed\" class=\"wp-image-297\" srcset=\"https:\/\/onemd.ro\/wp-content\/uploads\/2021\/07\/f6-2-300x150.jpg 300w, https:\/\/onemd.ro\/wp-content\/uploads\/2021\/07\/f6-2-16x8.jpg 16w, https:\/\/onemd.ro\/wp-content\/uploads\/2021\/07\/f6-2.jpg 600w\" sizes=\"(max-width: 300px) 100vw, 300px\" \/><\/a><\/figure>\n<\/div>","protected":false},"excerpt":{"rendered":"<p>\ud83c\udf3f KUNDAL \u2013 Natur\u0103 \u0219i aromaterapie pentru p\u0103r, piele \u0219i corp KUNDAL este un brand coreean dedicat \u00eengrijirii premium a p\u0103rului, pielii \u0219i corpului, cunoscut pentru formulele sale pe baz\u0103 de ingrediente naturale \u0219i arome rafinate. Creat pentru a oferi o experien\u021b\u0103 senzorial\u0103 unic\u0103, KUNDAL aduce \u00eempreun\u0103 puterea naturii \u0219i aromaterapia luxuriant\u0103, transform\u00e2nd rutina zilnic\u0103 \u00eentr-un ritual de r\u0103sf\u0103\u021b. Cu peste milioane de utilizatori fideli \u00een Asia \u0219i la nivel global, brandul este apreciat pentru eficien\u021ba produselor, dar \u0219i pentru diversitatea de parfumuri care \u00ee\u021bi personalizeaz\u0103 rutina de beauty. \ud83d\udc8e De ce s\u0103 alegi KUNDAL \ud83d\udd11 Produse cheie KUNDAL KUNDAL este alegerea ideal\u0103 pentru cei care vor mai mult dec\u00e2t [&hellip;]<\/p>","protected":false},"author":1,"featured_media":0,"parent":0,"menu_order":0,"comment_status":"closed","ping_status":"closed","template":"","meta":{"footnotes":""},"class_list":["post-1763","page","type-page","status-publish","hentry"],"aioseo_notices":[],"_links":{"self":[{"href":"https:\/\/onemd.ro\/ja\/wp-json\/wp\/v2\/pages\/1763","targetHints":{"allow":["GET"]}}],"collection":[{"href":"https:\/\/onemd.ro\/ja\/wp-json\/wp\/v2\/pages"}],"about":[{"href":"https:\/\/onemd.ro\/ja\/wp-json\/wp\/v2\/types\/page"}],"author":[{"embeddable":true,"href":"https:\/\/onemd.ro\/ja\/wp-json\/wp\/v2\/users\/1"}],"replies":[{"embeddable":true,"href":"https:\/\/onemd.ro\/ja\/wp-json\/wp\/v2\/comments?post=1763"}],"version-history":[{"count":2,"href":"https:\/\/onemd.ro\/ja\/wp-json\/wp\/v2\/pages\/1763\/revisions"}],"predecessor-version":[{"id":1768,"href":"https:\/\/onemd.ro\/ja\/wp-json\/wp\/v2\/pages\/1763\/revisions\/1768"}],"wp:attachment":[{"href":"https:\/\/onemd.ro\/ja\/wp-json\/wp\/v2\/media?parent=1763"}],"curies":[{"name":"wp","href":"https:\/\/api.w.org\/{rel}","templated":true}]}}