{"id":1769,"date":"2025-09-09T11:14:09","date_gmt":"2025-09-09T11:14:09","guid":{"rendered":"https:\/\/onemd.ro\/?page_id=1769"},"modified":"2025-09-09T11:14:11","modified_gmt":"2025-09-09T11:14:11","slug":"madeca21","status":"publish","type":"page","link":"https:\/\/onemd.ro\/ja\/madeca21\/","title":{"rendered":"\u30de\u30c7\u30ab21"},"content":{"rendered":"<div class=\"wp-block-image\">\n<figure class=\"aligncenter size-medium\"><img decoding=\"async\" width=\"300\" height=\"150\" src=\"https:\/\/onemd.ro\/wp-content\/uploads\/2025\/08\/madeca21-300x150.jpg\" alt=\"\u30de\u30c7\u30ab21\" class=\"wp-image-1563\" srcset=\"https:\/\/onemd.ro\/wp-content\/uploads\/2025\/08\/madeca21-300x150.jpg 300w, https:\/\/onemd.ro\/wp-content\/uploads\/2025\/08\/madeca21-1024x512.jpg 1024w, https:\/\/onemd.ro\/wp-content\/uploads\/2025\/08\/madeca21-768x384.jpg 768w, https:\/\/onemd.ro\/wp-content\/uploads\/2025\/08\/madeca21-18x9.jpg 18w, https:\/\/onemd.ro\/wp-content\/uploads\/2025\/08\/madeca21.jpg 1058w\" sizes=\"(max-width: 300px) 100vw, 300px\" \/><\/figure><\/div>\n\n\n<h1 class=\"wp-block-heading has-large-font-size\">Madeca21 - \u30bb\u30f3\u30c6\u30e9\u30a2\u30b8\u30a2\u30c6\u30a3\u30ab\u306e\u518d\u751f\u30d1\u30ef\u30fc\u3067\u5065\u5eb7\u306a\u808c\u3078\u3002<\/h1>\n\n\n\n<p><strong>\u30de\u30c7\u30ab21<\/strong> \u304c\u958b\u767a\u3057\u305f\u97d3\u56fd\u306e\u76ae\u819a\u5316\u7ca7\u54c1\u30d6\u30e9\u30f3\u30c9\u3067\u3042\u308b\u3002 <strong>\u6771\u56fd\u88fd\u85ac<\/strong>\u306e\u7814\u7a76\u3068\u4f7f\u7528\u306b\u304a\u3044\u3066\u4f1d\u7d71\u306e\u3042\u308b\u4f01\u696d\u3067\u3042\u308b\u3002 <strong>\u30bb\u30f3\u30c6\u30e9\u30a2\u30b8\u30a2<\/strong> \u30de\u30c7\u30ab21\u306e\u30d5\u30a3\u30ed\u30bd\u30d5\u30a3\u30fc\u306f\u3001\u76ae\u819a\u79d1\u5b66\u88fd\u54c1\u306b\u3042\u308a\u307e\u3059\u3002\u30de\u30c7\u30ab21\u306e\u30d5\u30a3\u30ed\u30bd\u30d5\u30a3\u30fc\u306f\u4ee5\u4e0b\u306b\u57fa\u3065\u3044\u3066\u3044\u308b\u3002 <strong>\u518d\u751f\u3001\u4fee\u5fa9\u3001\u4fdd\u8b77<\/strong>\u654f\u611f\u808c\u3001\u8131\u6c34\u808c\u3001\u30c0\u30e1\u30fc\u30b8\u808c\u306b\u52b9\u679c\u7684\u306a\u30bd\u30ea\u30e5\u30fc\u30b7\u30e7\u30f3\u3092\u63d0\u4f9b\u3059\u308b\u3002<\/p>\n\n\n\n<p>\u3053\u306e\u30d6\u30e9\u30f3\u30c9\u306f\u3001\u7279\u8a31\u6210\u5206\u3092\u4f7f\u7528\u3057\u3066\u3044\u308b\u3053\u3068\u3067\u969b\u7acb\u3063\u3066\u3044\u308b\u3002 <strong>TECA\uff08\u30bb\u30f3\u30c6\u30e9\u30a2\u30b8\u30a2\u30c6\u30a3\u30ab\u306e\u6ef4\u5b9a\u30a8\u30ad\u30b9\uff09<\/strong>\u30d2\u30fc\u30ea\u30f3\u30b0\u4f5c\u7528\u3068\u76ae\u819a\u306e\u30d0\u30ea\u30a2\u5f37\u5316\u4f5c\u7528\u304c\u8a8d\u3081\u3089\u308c\u3066\u3044\u308b\u3002<\/p>\n\n\n\n<h2 class=\"wp-block-heading has-large-font-size\">\u306a\u305c\u30de\u30c7\u30ab21\u306f\u7279\u5225\u306a\u306e\u304b\uff1f<\/h2>\n\n\n\n<ul class=\"wp-block-list\">\n<li>\ud83c\udf31 <strong>\u5b9f\u8a3c\u6e08\u307f\u306e\u76ae\u819a\u5316\u7ca7\u54c1\u6210\u5206<\/strong> - \u518d\u751f\u3068\u93ae\u9759\u306e\u30bb\u30f3\u30c6\u30e9\u30fb\u30a2\u30b8\u30a2\u30c6\u30a3\u30ab\u3002<\/li>\n\n\n\n<li>\ud83d\udc69\u200d\u2695\ufe0f <strong>\u533b\u7642\u306e\u5c02\u9580\u77e5\u8b58<\/strong> - \u6570\u5341\u5e74\u306b\u308f\u305f\u308b\u533b\u85ac\u54c1\u7814\u7a76\u306b\u57fa\u3065\u3044\u3066\u958b\u767a\u3055\u308c\u305f\u88fd\u54c1\u3002<\/li>\n\n\n\n<li>\ud83d\udca7 <strong>\u4fdd\u6e7f\u3068\u88dc\u4fee<\/strong> - \u654f\u611f\u808c\u3001\u4e7e\u71e5\u808c\u306b\u6700\u9069\u3002<\/li>\n\n\n\n<li>\u2728 <strong>\u30a2\u30f3\u30c1\u30a8\u30a4\u30b8\u30f3\u30b0\uff06\u30d7\u30ed\u30c6\u30af\u30b7\u30e7\u30f3<\/strong> - \u30b7\u30ef\u3092\u6e1b\u3089\u3057\u3001\u30b9\u30c8\u30ec\u30b9\u8981\u56e0\u304b\u3089\u808c\u3092\u5b88\u308b\u3002<\/li>\n\n\n\n<li>\ud83c\udf0d <strong>\u56fd\u969b\u7684\u306a\u4fe1\u983c<\/strong> - \u76ae\u819a\u5316\u7ca7\u54c1\u306b\u5b9a\u8a55\u306e\u3042\u308b\u97d3\u56fd\u30d6\u30e9\u30f3\u30c9\u3002<\/li>\n<\/ul>\n\n\n\n<h2 class=\"wp-block-heading has-large-font-size\">\u4e3b\u8981\u88fd\u54c1 Madeca21<\/h2>\n\n\n\n<ul class=\"wp-block-list\">\n<li>\ud83c\udf3f <strong>\u30de\u30c7\u30ab21 \u30af\u30ea\u30fc\u30e0<\/strong> - \u30bb\u30f3\u30c6\u30e9\u30fb\u30a2\u30b8\u30a2\u30c6\u30a3\u30ab\u914d\u5408\u306e\u5f37\u529b\u306a\u518d\u751f\u30af\u30ea\u30fc\u30e0\u3002<\/li>\n\n\n\n<li>\ud83d\udca6 <strong>\u30de\u30c7\u30ab21\u30d0\u30eb\u30d6<\/strong> - \u30a2\u30f3\u30c1\u30a8\u30a4\u30b8\u30f3\u30b0\u3068\u6d3b\u6027\u5316\u306e\u305f\u3081\u306e\u96c6\u4e2d\u7f8e\u5bb9\u6db2\u3002<\/li>\n\n\n\n<li>\ud83c\udf43 <strong>\u30de\u30c7\u30ab21 \u30b9\u30fc\u30b8\u30f3\u30b0\u30fb\u30b8\u30a7\u30eb<\/strong> - \u708e\u75c7\u808c\u3001\u8131\u6c34\u808c\u306e\u305f\u3081\u306e\u93ae\u9759\u30b8\u30a7\u30eb\u3002<\/li>\n\n\n\n<li>\u2728 <strong>\u30de\u30c7\u30ab21 \u30a8\u30c3\u30bb\u30f3\u30b9\u30ed\u30fc\u30b7\u30e7\u30f3<\/strong> - \u30c7\u30a4\u30ea\u30fc\u30b1\u30a2\u7528\u306e\u4fdd\u6e7f\u30fb\u88dc\u4fee\u30ed\u30fc\u30b7\u30e7\u30f3\u3002<\/li>\n<\/ul>\n\n\n\n<p><strong>\u30de\u30c7\u30ab21<\/strong> \u306f\u3001\u76ee\u306b\u898b\u3048\u3066\u7d50\u679c\u304c\u51fa\u308b\u30b9\u30ad\u30f3\u30b1\u30a2\u3092\u304a\u63a2\u3057\u306e\u65b9\u306b\u7406\u60f3\u7684\u306a\u9078\u629e\u3067\u3059\u3002 <strong>\u533b\u5b66\u7814\u7a76\u3068\u6709\u52b9\u6210\u5206<\/strong>.\u3053\u306e\u30d6\u30e9\u30f3\u30c9\u306e\u88fd\u54c1\u306f\u3001\u6b21\u306e\u3088\u3046\u306a\u3053\u3068\u306b\u5f79\u7acb\u3063\u3066\u3044\u308b\u3002 <strong>\u808c\u3092\u843d\u3061\u7740\u304b\u305b\u3001\u518d\u751f\u3057\u3001\u4fdd\u8b77\u3059\u308b<\/strong>\u3088\u308a\u5065\u5eb7\u7684\u3067\u3001\u6ed1\u3089\u304b\u3067\u3001\u660e\u308b\u3044\u5370\u8c61\u3092\u4e0e\u3048\u307e\u3059\u3002\ud83c\udf38<\/p>\n\n\n\n<hr class=\"wp-block-separator aligncenter has-alpha-channel-opacity\"\/>\n\n\n\n<p class=\"has-text-align-center\"><strong>\u30aa\u30f3\u30e9\u30a4\u30f3\u3067\u5546\u54c1\u3092\u6ce8\u6587\u3059\u308b <strong>\u30de\u30c7\u30ab21<\/strong> \u30aa\u30d5\u30a3\u30b7\u30e3\u30eb\u30fb\u30d1\u30fc\u30c8\u30ca\u30fc\u30fb\u30b7\u30e7\u30c3\u30d7\u304b\u3089\uff1a<\/strong><\/p>\n\n\n\n<div class=\"wp-block-group has-large-font-size is-layout-grid wp-container-core-group-is-layout-6be84c55 wp-block-group-is-layout-grid\">\n<figure class=\"wp-block-image size-medium\"><a href=\"https:\/\/sole.ro\" target=\"_blank\" rel=\" noreferrer noopener\"><img decoding=\"async\" width=\"300\" height=\"150\" src=\"https:\/\/onemd.ro\/wp-content\/uploads\/2021\/07\/f6-2-300x150.jpg\" alt=\"\u30bd\u30fc\u30eb\u30ed\" class=\"wp-image-297\" srcset=\"https:\/\/onemd.ro\/wp-content\/uploads\/2021\/07\/f6-2-300x150.jpg 300w, https:\/\/onemd.ro\/wp-content\/uploads\/2021\/07\/f6-2-16x8.jpg 16w, https:\/\/onemd.ro\/wp-content\/uploads\/2021\/07\/f6-2.jpg 600w\" sizes=\"(max-width: 300px) 100vw, 300px\" \/><\/a><\/figure>\n<\/div>","protected":false},"excerpt":{"rendered":"<p>\ud83c\udf3f Madeca21 \u2013 Puterea regenerant\u0103 a Centella Asiatica pentru piele s\u0103n\u0103toas\u0103 Madeca21 este un brand coreean dermatocosmetic dezvoltat de Dongkook Pharmaceutical, companie cu tradi\u021bie \u00een cercetarea \u0219i utilizarea extractului de Centella Asiatica \u00een produse dermatologice. Filosofia Madeca21 se bazeaz\u0103 pe regenerare, reparare \u0219i protec\u021bie, oferind solu\u021bii eficiente pentru pielea sensibil\u0103, deshidratat\u0103 sau afectat\u0103 de factori externi. Brandul se remarc\u0103 prin utilizarea ingredientului brevetat TECA (Titrated Extract of Centella Asiatica), recunoscut pentru propriet\u0103\u021bile sale de vindecare \u0219i \u00eent\u0103rire a barierei cutanate. \ud83d\udc8e De ce s\u0103 alegi Madeca21 \ud83d\udd11 Produse cheie Madeca21 Madeca21 este alegerea ideal\u0103 pentru cei care caut\u0103 o rutin\u0103 de skincare cu rezultate vizibile, bazat\u0103 pe cercetare medical\u0103 \u0219i [&hellip;]<\/p>","protected":false},"author":1,"featured_media":0,"parent":0,"menu_order":0,"comment_status":"closed","ping_status":"closed","template":"","meta":{"footnotes":""},"class_list":["post-1769","page","type-page","status-publish","hentry"],"aioseo_notices":[],"_links":{"self":[{"href":"https:\/\/onemd.ro\/ja\/wp-json\/wp\/v2\/pages\/1769","targetHints":{"allow":["GET"]}}],"collection":[{"href":"https:\/\/onemd.ro\/ja\/wp-json\/wp\/v2\/pages"}],"about":[{"href":"https:\/\/onemd.ro\/ja\/wp-json\/wp\/v2\/types\/page"}],"author":[{"embeddable":true,"href":"https:\/\/onemd.ro\/ja\/wp-json\/wp\/v2\/users\/1"}],"replies":[{"embeddable":true,"href":"https:\/\/onemd.ro\/ja\/wp-json\/wp\/v2\/comments?post=1769"}],"version-history":[{"count":1,"href":"https:\/\/onemd.ro\/ja\/wp-json\/wp\/v2\/pages\/1769\/revisions"}],"predecessor-version":[{"id":1770,"href":"https:\/\/onemd.ro\/ja\/wp-json\/wp\/v2\/pages\/1769\/revisions\/1770"}],"wp:attachment":[{"href":"https:\/\/onemd.ro\/ja\/wp-json\/wp\/v2\/media?parent=1769"}],"curies":[{"name":"wp","href":"https:\/\/api.w.org\/{rel}","templated":true}]}}