{"id":1772,"date":"2025-09-09T11:17:23","date_gmt":"2025-09-09T11:17:23","guid":{"rendered":"https:\/\/onemd.ro\/?page_id=1772"},"modified":"2025-09-09T11:17:25","modified_gmt":"2025-09-09T11:17:25","slug":"mixsoon","status":"publish","type":"page","link":"https:\/\/onemd.ro\/ja\/mixsoon\/","title":{"rendered":"\u30df\u30af\u30b9\u30fc\u30f3"},"content":{"rendered":"<div class=\"wp-block-image\">\n<figure class=\"aligncenter size-medium\"><img decoding=\"async\" width=\"300\" height=\"150\" src=\"https:\/\/onemd.ro\/wp-content\/uploads\/2025\/08\/mixsoon-300x150.jpg\" alt=\"\u30df\u30af\u30b9\u30fc\u30f3\" class=\"wp-image-1564\" srcset=\"https:\/\/onemd.ro\/wp-content\/uploads\/2025\/08\/mixsoon-300x150.jpg 300w, https:\/\/onemd.ro\/wp-content\/uploads\/2025\/08\/mixsoon-1024x512.jpg 1024w, https:\/\/onemd.ro\/wp-content\/uploads\/2025\/08\/mixsoon-768x384.jpg 768w, https:\/\/onemd.ro\/wp-content\/uploads\/2025\/08\/mixsoon-18x9.jpg 18w, https:\/\/onemd.ro\/wp-content\/uploads\/2025\/08\/mixsoon.jpg 1058w\" sizes=\"(max-width: 300px) 100vw, 300px\" \/><\/figure><\/div>\n\n\n<h1 class=\"wp-block-heading has-large-font-size\">\u30df\u30c3\u30af\u30b9\u30b9\u30fc\u30f3 - \u97d3\u56fd\u306e\u30df\u30cb\u30de\u30ea\u30b9\u30c8\u306b\u3088\u308b\u30d4\u30e5\u30a2\u306a\u30b9\u30ad\u30f3\u30b1\u30a2<\/h1>\n\n\n\n<p><strong>\u30df\u30af\u30b9\u30fc\u30f3<\/strong> \u3092\u63a8\u9032\u3059\u308b\u97d3\u56fd\u306e\u30b9\u30ad\u30f3\u30b1\u30a2\u30fb\u30d6\u30e9\u30f3\u30c9\u3067\u3042\u308b\u3002 <strong>\u30df\u30cb\u30de\u30ea\u30ba\u30e0\u3068\u900f\u660e\u6027<\/strong>.\u305d\u306e\u54f2\u5b66\u306f\u30b7\u30f3\u30d7\u30eb\u3060\uff1a\u300c\u3088\u308a\u5c11\u306a\u304f\u3001\u3057\u304b\u3057\u6fc3\u7e2e\u3055\u308c\u305f\u52b9\u679c\u7684\u306a\u6210\u5206\u3067\u3001\u5b89\u5168\u3067\u808c\u306b\u512a\u3057\u3044\u30b1\u30a2\u3092\u63d0\u4f9b\u3059\u308b\u3002<\/p>\n\n\n\n<p>Mixsoon\u88fd\u54c1\u306b\u306f\u3001\u4ee5\u4e0b\u306e\u6210\u5206\u304c\u914d\u5408\u3055\u308c\u3066\u3044\u308b\u3002 <strong>100%\u7d14\u7c8b\u306a\u30d3\u30fc\u30ac\u30f3\u6210\u5206<\/strong>\u4e0d\u8981\u306a\u6dfb\u52a0\u7269\u3001\u9999\u6599\u3001\u523a\u6fc0\u7269\u3092\u4e00\u5207\u4f7f\u7528\u3057\u3066\u3044\u306a\u3044\u305f\u3081\u3001\u654f\u611f\u808c\u306e\u65b9\u3084\u3001\u30af\u30ea\u30fc\u30f3\u3067\u52b9\u679c\u7684\u306a\u7f8e\u5bb9\u7fd2\u6163\u3092\u6c42\u3081\u308b\u65b9\u306b\u6700\u9069\u3002<\/p>\n\n\n\n<h2 class=\"wp-block-heading has-large-font-size\">Mixsoon\u3092\u9078\u3076\u7406\u7531<\/h2>\n\n\n\n<ul class=\"wp-block-list\">\n<li>\ud83c\udf31 <strong>\u30df\u30cb\u30de\u30eb\u3067\u30af\u30ea\u30fc\u30f3\u306a\u98df\u6750<\/strong> - \u30d1\u30e9\u30d9\u30f3\u3001\u9999\u6599\u3001\u7740\u8272\u6599\u306f\u4f7f\u7528\u3057\u3066\u3044\u307e\u305b\u3093\u3002<\/li>\n\n\n\n<li>\ud83d\udca7 <strong>\u6fc3\u7e2e\u30d5\u30a9\u30fc\u30df\u30e5\u30e9<\/strong> - \u5404\u88fd\u54c1\u306b\u306f\u7d14\u7c8b\u306a\u6709\u52b9\u6210\u5206\u304c\u542b\u307e\u308c\u3066\u3044\u308b\u3002<\/li>\n\n\n\n<li>\ud83e\udeb7 <strong>\u654f\u611f\u808c\u306b\u3082\u5b89\u5168<\/strong> - \u30bd\u30d5\u30c8\u3067\u843d\u3061\u7740\u304d\u306e\u3042\u308b\u30c6\u30af\u30b9\u30c1\u30e3\u30fc\u3002<\/li>\n\n\n\n<li>\ud83c\udf0d <strong>\u30f4\u30a3\u30fc\u30ac\u30f3\uff06\u30af\u30eb\u30fc\u30a8\u30eb\u30c6\u30a3\u30d5\u30ea\u30fc\u30fb\u30d6\u30e9\u30f3\u30c9<\/strong> - \u306f\u808c\u306b\u3082\u74b0\u5883\u306b\u3082\u512a\u3057\u3044\u3002<\/li>\n\n\n\n<li>\ud83c\udfaf <strong>\u30d1\u30fc\u30bd\u30ca\u30e9\u30a4\u30ba\u3055\u308c\u305f\u30eb\u30fc\u30c6\u30a3\u30f3<\/strong> - \u30a8\u30c3\u30bb\u30f3\u30b9\u3092\u7d44\u307f\u5408\u308f\u305b\u3066\u3001\u3042\u306a\u305f\u3060\u3051\u306e\u30b9\u30ad\u30f3\u30b1\u30a2\u30ec\u30b7\u30d4\u3092\u4f5c\u308d\u3046\u3002<\/li>\n<\/ul>\n\n\n\n<h2 class=\"wp-block-heading has-large-font-size\">\u4e3b\u8981\u88fd\u54c1 Mixsoon<\/h2>\n\n\n\n<ul class=\"wp-block-list\">\n<li>\ud83d\udca6 <strong>\u30d3\u30fc\u30f3\u30fb\u30a8\u30c3\u30bb\u30f3\u30b9<\/strong> - \u767a\u9175\u5927\u8c46\u30a8\u30ad\u30b9\u914d\u5408\u306e\u30ab\u30eb\u30c8\u30a8\u30c3\u30bb\u30f3\u30b9\u3002<\/li>\n\n\n\n<li>\ud83c\udf3f <strong>\u30bb\u30f3\u30c6\u30e9\u30fb\u30a2\u30b8\u30a2\u30c6\u30a3\u30ab\u30fb\u30a8\u30c3\u30bb\u30f3\u30b9<\/strong> - \u93ae\u9759\u4f5c\u7528\u3068\u7652\u3057\u4f5c\u7528\u304c\u3042\u308a\u3001\u654f\u611f\u808c\u306b\u6700\u9069\u3002<\/li>\n\n\n\n<li>\ud83c\udf75 <strong>\u7dd1\u8336\u30a8\u30c3\u30bb\u30f3\u30b9<\/strong> - \u6d44\u5316\u3068\u30d0\u30e9\u30f3\u30b9\u306e\u305f\u3081\u306e\u6297\u9178\u5316\u7269\u8cea\u304c\u8c4a\u5bcc\u3002<\/li>\n\n\n\n<li>\u2728 <strong>\u30d2\u30a2\u30eb\u30ed\u30f3\u9178\u30a8\u30c3\u30bb\u30f3\u30b9<\/strong> - \u4fdd\u6e7f\u3001\u5f3e\u529b\u3001\u30cf\u30ea\u3092\u4e0e\u3048\u307e\u3059\u3002<\/li>\n<\/ul>\n\n\n\n<p><strong>\u30df\u30af\u30b9\u30fc\u30f3<\/strong> \u306f\u3001\u30b9\u30ad\u30f3\u30b1\u30a2\u306e\u30eb\u30fc\u30c6\u30a3\u30f3\u3092\u63a2\u3057\u3066\u3044\u308b\u4eba\u306b\u6700\u9069\u306a\u9078\u629e\u3067\u3042\u308b\u3002 <strong>\u30b7\u30f3\u30d7\u30eb\u3001\u30af\u30ea\u30fc\u30f3\u3001\u30d1\u30fc\u30bd\u30ca\u30eb<\/strong>.\u30d4\u30e5\u30a2\u3067\u30f4\u30a3\u30fc\u30ac\u30f3\u539f\u6599\u3092\u4f7f\u7528\u3057\u3001K\u30d3\u30e5\u30fc\u30c6\u30a3\u30fc\u306e\u30a8\u30c3\u30bb\u30f3\u30b9\u3092\u524d\u9762\u306b\u62bc\u3057\u51fa\u3057\u305f\u30d6\u30e9\u30f3\u30c9\u3067\u3042\u308b\uff1a <strong>\u30d0\u30e9\u30f3\u30b9\u3001\u6f64\u3044\u3001\u76ee\u306b\u898b\u3048\u308b\u7d50\u679c<\/strong>.\ud83c\udf31\u2728<\/p>\n\n\n\n<hr class=\"wp-block-separator aligncenter has-alpha-channel-opacity\"\/>\n\n\n\n<p class=\"has-text-align-center\"><strong>Mixsoon\u306e\u88fd\u54c1\u3092Mixsoon\u516c\u5f0f\u30d1\u30fc\u30c8\u30ca\u30fc\u30b7\u30e7\u30c3\u30d7\u304b\u3089\u30aa\u30f3\u30e9\u30a4\u30f3\u3067\u3054\u6ce8\u6587\u304f\u3060\u3055\u3044\uff1a<\/strong><\/p>\n\n\n\n<div class=\"wp-block-group has-large-font-size is-layout-grid wp-container-core-group-is-layout-6be84c55 wp-block-group-is-layout-grid\">\n<figure class=\"wp-block-image size-medium\"><a href=\"https:\/\/sole.ro\" target=\"_blank\" rel=\" noreferrer noopener\"><img decoding=\"async\" width=\"300\" height=\"150\" src=\"https:\/\/onemd.ro\/wp-content\/uploads\/2021\/07\/f6-2-300x150.jpg\" alt=\"\u30bd\u30fc\u30eb\u30ed\" class=\"wp-image-297\" srcset=\"https:\/\/onemd.ro\/wp-content\/uploads\/2021\/07\/f6-2-300x150.jpg 300w, https:\/\/onemd.ro\/wp-content\/uploads\/2021\/07\/f6-2-16x8.jpg 16w, https:\/\/onemd.ro\/wp-content\/uploads\/2021\/07\/f6-2.jpg 600w\" sizes=\"(max-width: 300px) 100vw, 300px\" \/><\/a><\/figure>\n<\/div>","protected":false},"excerpt":{"rendered":"<p>\ud83c\udf31 Mixsoon \u2013 Skincare minimalist coreean cu ingrediente pure Mixsoon este un brand coreean de skincare care promoveaz\u0103 minimalismul \u0219i transparen\u021ba. Filosofia sa este simpl\u0103: \u201eLess is More\u201d \u2013 mai pu\u021bine ingrediente, dar concentrate \u0219i eficiente, pentru o \u00eengrijire sigur\u0103 \u0219i prietenoas\u0103 cu pielea. Produsele Mixsoon sunt formulate cu ingrediente 100% pure \u0219i vegane, f\u0103r\u0103 adaosuri inutile, parfumuri sau iritan\u021bi, fiind ideale pentru pielea sensibil\u0103 \u0219i pentru cei care \u00ee\u0219i doresc o rutin\u0103 de frumuse\u021be curat\u0103 \u0219i eficient\u0103. \ud83d\udc8e De ce s\u0103 alegi Mixsoon \ud83d\udd11 Produse cheie Mixsoon Mixsoon este alegerea perfect\u0103 pentru cei care caut\u0103 o rutin\u0103 de skincare simpl\u0103, curat\u0103 \u0219i personalizat\u0103. Cu ingrediente pure \u0219i vegane, brandul [&hellip;]<\/p>","protected":false},"author":1,"featured_media":0,"parent":0,"menu_order":0,"comment_status":"closed","ping_status":"closed","template":"","meta":{"footnotes":""},"class_list":["post-1772","page","type-page","status-publish","hentry"],"aioseo_notices":[],"_links":{"self":[{"href":"https:\/\/onemd.ro\/ja\/wp-json\/wp\/v2\/pages\/1772","targetHints":{"allow":["GET"]}}],"collection":[{"href":"https:\/\/onemd.ro\/ja\/wp-json\/wp\/v2\/pages"}],"about":[{"href":"https:\/\/onemd.ro\/ja\/wp-json\/wp\/v2\/types\/page"}],"author":[{"embeddable":true,"href":"https:\/\/onemd.ro\/ja\/wp-json\/wp\/v2\/users\/1"}],"replies":[{"embeddable":true,"href":"https:\/\/onemd.ro\/ja\/wp-json\/wp\/v2\/comments?post=1772"}],"version-history":[{"count":1,"href":"https:\/\/onemd.ro\/ja\/wp-json\/wp\/v2\/pages\/1772\/revisions"}],"predecessor-version":[{"id":1773,"href":"https:\/\/onemd.ro\/ja\/wp-json\/wp\/v2\/pages\/1772\/revisions\/1773"}],"wp:attachment":[{"href":"https:\/\/onemd.ro\/ja\/wp-json\/wp\/v2\/media?parent=1772"}],"curies":[{"name":"wp","href":"https:\/\/api.w.org\/{rel}","templated":true}]}}