{"id":1778,"date":"2025-09-09T11:23:16","date_gmt":"2025-09-09T11:23:16","guid":{"rendered":"https:\/\/onemd.ro\/?page_id=1778"},"modified":"2025-09-09T11:23:19","modified_gmt":"2025-09-09T11:23:19","slug":"romnd","status":"publish","type":"page","link":"https:\/\/onemd.ro\/ja\/romnd\/","title":{"rendered":"\u30ed\u30e0"},"content":{"rendered":"<div class=\"wp-block-image\">\n<figure class=\"aligncenter size-medium\"><img decoding=\"async\" width=\"300\" height=\"150\" src=\"https:\/\/onemd.ro\/wp-content\/uploads\/2025\/08\/RomAnd-300x150.jpg\" alt=\"\u30ed\u30e0\" class=\"wp-image-1566\" srcset=\"https:\/\/onemd.ro\/wp-content\/uploads\/2025\/08\/RomAnd-300x150.jpg 300w, https:\/\/onemd.ro\/wp-content\/uploads\/2025\/08\/RomAnd-1024x512.jpg 1024w, https:\/\/onemd.ro\/wp-content\/uploads\/2025\/08\/RomAnd-768x384.jpg 768w, https:\/\/onemd.ro\/wp-content\/uploads\/2025\/08\/RomAnd-18x9.jpg 18w, https:\/\/onemd.ro\/wp-content\/uploads\/2025\/08\/RomAnd.jpg 1058w\" sizes=\"(max-width: 300px) 100vw, 300px\" \/><\/figure><\/div>\n\n\n<h1 class=\"wp-block-heading has-large-font-size\">rom&amp;nd \ud83d\udc84 - \u30c8\u30ec\u30f3\u30c9\u306e\u97d3\u56fd\u30e1\u30a4\u30af\u3067\u30d5\u30ec\u30c3\u30b7\u30e5\uff06\u30ca\u30c1\u30e5\u30e9\u30eb\u306b<\/h1>\n\n\n\n<p><strong>\u30ed\u30e0<\/strong> \u306f\u3001\u6700\u3082\u4eba\u6c17\u306e\u3042\u308b\u97d3\u56fd\u30d6\u30e9\u30f3\u30c9\u306e\u3072\u3068\u3064\u3067\u3042\u308b\u3002 <strong>\u30e1\u30a4\u30af\u30a2\u30c3\u30d7<\/strong>\u97d3\u56fd\u306e\u30d3\u30e5\u30fc\u30c6\u30a3\u30fc\u30fb\u30a4\u30f3\u30d5\u30eb\u30a8\u30f3\u30b5\u30fc\u3068\u306e\u30b3\u30e9\u30dc\u30ec\u30fc\u30b7\u30e7\u30f3\u306b\u3088\u308a\u8a95\u751f\u3057\u305f\u3002\u3053\u306e\u30d6\u30e9\u30f3\u30c9\u306f\u3001\u9769\u65b0\u7684\u306a\u88fd\u54c1\u3001\u30e2\u30c0\u30f3\u306a\u30c6\u30af\u30b9\u30c1\u30e3\u30fc\u3001K\u30d3\u30e5\u30fc\u30c6\u30a3\u30fc\u306e\u30c8\u30ec\u30f3\u30c9\u306b\u30a4\u30f3\u30b9\u30d1\u30a4\u30a2\u3055\u308c\u305f\u30ab\u30e9\u30fc\u30d1\u30ec\u30c3\u30c8\u3067\u5dee\u5225\u5316\u3092\u56f3\u308a\u3001\u30e1\u30a4\u30af\u30a2\u30c3\u30d7\u3092\u63d0\u4f9b\u3057\u3066\u3044\u308b\u3002 <strong>\u81ea\u7136\u3067\u660e\u308b\u304f\u3001\u7740\u3084\u3059\u3044<\/strong>.<\/p>\n\n\n\n<p>\u30df\u30cb\u30de\u30eb\u306a\u30c7\u30b6\u30a4\u30f3\u3068\u9ad8\u54c1\u8cea\u306a\u51e6\u65b9\u3067\u3001rom&amp;nd\u306f\u90fd\u4f1a\u7684\u306a\u30e9\u30a4\u30d5\u30b9\u30bf\u30a4\u30eb\u306b\u5408\u308f\u305b\u305f\u30d5\u30ec\u30c3\u30b7\u30e5\u306a\u5916\u89b3\u3092\u6c42\u3081\u308b\u4eba\u3005\u306b\u611b\u7528\u3055\u308c\u3066\u3044\u308b\u3002<\/p>\n\n\n\n<h2 class=\"wp-block-heading has-large-font-size\">rom&amp;nd\u3092\u9078\u3076\u7406\u7531<\/h2>\n\n\n\n<ul class=\"wp-block-list\">\n<li>\ud83c\udfa8 <strong>K\u30d3\u30e5\u30fc\u30c6\u30a3\u30fc\u306b\u30a4\u30f3\u30b9\u30d1\u30a4\u30a2\u3055\u308c\u305f\u30ab\u30e9\u30fc<\/strong> - \u30ca\u30c1\u30e5\u30e9\u30eb\u306a\u8272\u8abf\u3068\u5927\u80c6\u306a\u8272\u5408\u3044\u3002<\/li>\n\n\n\n<li>\ud83d\udc8b <strong>\u9769\u65b0\u7684\u306a\u30c6\u30af\u30b9\u30c1\u30e3\u30fc<\/strong> - \u30d9\u30eb\u30d9\u30c3\u30c8\u306e\u3088\u3046\u306a\u53e3\u7d05\u3001\u8efd\u3044\u30b0\u30ed\u30b9\u3001\u6fc3\u5bc6\u306a\u9854\u6599\u306e\u30c1\u30fc\u30af\u3002<\/li>\n\n\n\n<li>\ud83c\udf38 <strong>\u30d5\u30ec\u30c3\u30b7\u30e5\u3067\u30ca\u30c1\u30e5\u30e9\u30eb\u306a\u30e1\u30a4\u30af\u30a2\u30c3\u30d7<\/strong> - \u30c7\u30a4\u30ea\u30fc\u306b\u3082\u7279\u5225\u306a\u65e5\u306b\u3082\u3002<\/li>\n\n\n\n<li>\ud83d\udc5c <strong>\u30b3\u30f3\u30d1\u30af\u30c8\u3067\u30e2\u30c0\u30f3\u306a\u30c7\u30b6\u30a4\u30f3<\/strong> - \u30d0\u30c3\u30b0\u306b\u5165\u308c\u3066\u6301\u3061\u904b\u3073\u3084\u3059\u3044\u3002<\/li>\n\n\n\n<li>\ud83c\udf0d <strong>\u4e16\u754c\u7684\u306a\u4eba\u6c17<\/strong> - \u4f55\u767e\u4e07\u4eba\u3082\u306e\u97d3\u56fd\u306e\u30e1\u30a4\u30af\u30a2\u30c3\u30d7\u30d5\u30a1\u30f3\u306b\u611b\u3055\u308c\u3066\u3044\u308b\u3002<\/li>\n<\/ul>\n\n\n\n<h2 class=\"wp-block-heading has-large-font-size\">\u4e3b\u8981\u88fd\u54c1 \ud83d\udd11 Rom&amp;nd<\/h2>\n\n\n\n<ul class=\"wp-block-list\">\n<li>\ud83d\udc84 <strong>\u30bc\u30ed\u30fb\u30f4\u30a7\u30eb\u30f4\u30a7\u30c3\u30c8\u30fb\u30c6\u30a3\u30f3\u30c8<\/strong> - \u30d9\u30eb\u30d9\u30c3\u30c8\u306e\u3088\u3046\u306a\u30c6\u30af\u30b9\u30c1\u30e3\u30fc\u3068\u9bae\u3084\u304b\u306a\u767a\u8272\u306e\u30de\u30c3\u30c8\u306a\u30ea\u30ad\u30c3\u30c9\u30ea\u30c3\u30d7\u30b9\u30c6\u30a3\u30c3\u30af\u3002<\/li>\n\n\n\n<li>\u2728 <strong>\u30d9\u30bf\u30fc\u30fb\u30b6\u30f3\u30fb\u30d1\u30ec\u30c3\u30c8<\/strong> - \u6696\u8272\u7cfb\u3068\u5bd2\u8272\u7cfb\u306e\u591a\u5f69\u306a\u30c1\u30fc\u30af\u30d1\u30ec\u30c3\u30c8\u3002<\/li>\n\n\n\n<li>\ud83d\udc8b <strong>\u30b8\u30e5\u30fc\u30b7\u30fc\u30fb\u30e9\u30b9\u30c6\u30a3\u30f3\u30b0\u30fb\u30c6\u30a3\u30f3\u30c8<\/strong> - \u30c4\u30e4\u3068\u6f64\u3044\u306e\u3042\u308b\u5149\u6ca2\u3002<\/li>\n\n\n\n<li>\ud83c\udf3f <strong>\u30cf\u30f3\u30fb\u30aa\u30fc\u30eb\u30fb\u30d5\u30a3\u30c3\u30af\u30b9\u30fb\u30de\u30b9\u30ab\u30e9<\/strong> - \u30dc\u30ea\u30e5\u30fc\u30e0\u3068\u81ea\u7136\u306a\u4ed5\u4e0a\u304c\u308a\u3092\u9577\u6642\u9593\u30ad\u30fc\u30d7\u3059\u308b\u30de\u30b9\u30ab\u30e9\u3002<\/li>\n<\/ul>\n\n\n\n<p><strong>\u30ed\u30e0<\/strong> \u3092\u611b\u3059\u308b\u4eba\u3005\u306b\u3068\u3063\u3066\u7406\u60f3\u7684\u306a\u9078\u629e\u3067\u3042\u308b\u3002 <strong>\u73fe\u4ee3\u97d3\u56fd\u306e\u30e1\u30a4\u30af\u30a2\u30c3\u30d7<\/strong>\u3092\u7d44\u307f\u5408\u308f\u305b\u305f\u88fd\u54c1\u3067 <strong>\u30c8\u30ec\u30f3\u30c9\u3001\u54c1\u8cea\u3001\u4fa1\u683c<\/strong>.rom&amp;nd\u306a\u3089\u3001\u30d5\u30ec\u30c3\u30b7\u30e5\u3067\u904a\u3073\u5fc3\u306e\u3042\u308b\u30ca\u30c1\u30e5\u30e9\u30eb\u306a\u30eb\u30c3\u30af\u3067\u3001\u3042\u306a\u305f\u3060\u3051\u306e\u30b9\u30bf\u30a4\u30eb\u3092\u8868\u73fe\u3067\u304d\u307e\u3059\u3002\ud83d\udc84\ud83c\udf38<\/p>\n\n\n\n<hr class=\"wp-block-separator aligncenter has-alpha-channel-opacity\"\/>\n\n\n\n<p class=\"has-text-align-center\"><strong>rom&amp;nd\u88fd\u54c1\u3092\u30aa\u30d5\u30a3\u30b7\u30e3\u30eb\u30d1\u30fc\u30c8\u30ca\u30fc\u30b7\u30e7\u30c3\u30d7\u3067\u30aa\u30f3\u30e9\u30a4\u30f3\u6ce8\u6587\uff1a<\/strong><\/p>\n\n\n\n<div class=\"wp-block-group has-large-font-size is-layout-grid wp-container-core-group-is-layout-6be84c55 wp-block-group-is-layout-grid\">\n<figure class=\"wp-block-image size-medium\"><a href=\"https:\/\/sole.ro\" target=\"_blank\" rel=\" noreferrer noopener\"><img decoding=\"async\" width=\"300\" height=\"150\" src=\"https:\/\/onemd.ro\/wp-content\/uploads\/2021\/07\/f6-2-300x150.jpg\" alt=\"\u30bd\u30fc\u30eb\u30ed\" class=\"wp-image-297\" srcset=\"https:\/\/onemd.ro\/wp-content\/uploads\/2021\/07\/f6-2-300x150.jpg 300w, https:\/\/onemd.ro\/wp-content\/uploads\/2021\/07\/f6-2-16x8.jpg 16w, https:\/\/onemd.ro\/wp-content\/uploads\/2021\/07\/f6-2.jpg 600w\" sizes=\"(max-width: 300px) 100vw, 300px\" \/><\/a><\/figure>\n<\/div>\n\n\n\n<p><\/p>","protected":false},"excerpt":{"rendered":"<p>\ud83d\udc84 rom&amp;nd \u2013 Makeup coreean trendy pentru un look fresh \u0219i natural rom&amp;nd este unul dintre cele mai populare branduri coreene de makeup, creat \u00een colaborare cu influenceri de beauty din Coreea de Sud. Brandul s-a remarcat prin produse inovatoare, texturi moderne \u0219i palete de culori inspirate din trendurile K-Beauty, oferind un machiaj natural, luminos \u0219i u\u0219or de purtat. Cu un design minimalist \u0219i formule de \u00eenalt\u0103 calitate, rom&amp;nd este alegerea preferat\u0103 a celor care vor un look fresh, adaptat stilului de via\u021b\u0103 urban. \ud83d\udc8e De ce s\u0103 alegi rom&amp;nd \ud83d\udd11 Produse cheie rom&amp;nd rom&amp;nd este alegerea ideal\u0103 pentru cei care iubesc machiajul coreean modern, cu produse care \u00eembin\u0103 trend, [&hellip;]<\/p>\n","protected":false},"author":1,"featured_media":0,"parent":0,"menu_order":0,"comment_status":"closed","ping_status":"closed","template":"","meta":{"footnotes":""},"class_list":["post-1778","page","type-page","status-publish","hentry"],"aioseo_notices":[],"_links":{"self":[{"href":"https:\/\/onemd.ro\/ja\/wp-json\/wp\/v2\/pages\/1778","targetHints":{"allow":["GET"]}}],"collection":[{"href":"https:\/\/onemd.ro\/ja\/wp-json\/wp\/v2\/pages"}],"about":[{"href":"https:\/\/onemd.ro\/ja\/wp-json\/wp\/v2\/types\/page"}],"author":[{"embeddable":true,"href":"https:\/\/onemd.ro\/ja\/wp-json\/wp\/v2\/users\/1"}],"replies":[{"embeddable":true,"href":"https:\/\/onemd.ro\/ja\/wp-json\/wp\/v2\/comments?post=1778"}],"version-history":[{"count":1,"href":"https:\/\/onemd.ro\/ja\/wp-json\/wp\/v2\/pages\/1778\/revisions"}],"predecessor-version":[{"id":1779,"href":"https:\/\/onemd.ro\/ja\/wp-json\/wp\/v2\/pages\/1778\/revisions\/1779"}],"wp:attachment":[{"href":"https:\/\/onemd.ro\/ja\/wp-json\/wp\/v2\/media?parent=1778"}],"curies":[{"name":"wp","href":"https:\/\/api.w.org\/{rel}","templated":true}]}}