{"id":1781,"date":"2025-09-09T11:26:12","date_gmt":"2025-09-09T11:26:12","guid":{"rendered":"https:\/\/onemd.ro\/?page_id=1781"},"modified":"2025-09-09T11:26:14","modified_gmt":"2025-09-09T11:26:14","slug":"snature","status":"publish","type":"page","link":"https:\/\/onemd.ro\/ja\/snature\/","title":{"rendered":"\u30b9\u30ca\u30c1\u30e5\u30ec"},"content":{"rendered":"<div class=\"wp-block-image\">\n<figure class=\"aligncenter size-medium\"><img decoding=\"async\" width=\"300\" height=\"150\" src=\"https:\/\/onemd.ro\/wp-content\/uploads\/2025\/08\/snature-300x150.jpg\" alt=\"\u30a8\u30b9\u30cd\u30a4\u30c1\u30e3\u30fc\" class=\"wp-image-1567\" srcset=\"https:\/\/onemd.ro\/wp-content\/uploads\/2025\/08\/snature-300x150.jpg 300w, https:\/\/onemd.ro\/wp-content\/uploads\/2025\/08\/snature-1024x512.jpg 1024w, https:\/\/onemd.ro\/wp-content\/uploads\/2025\/08\/snature-768x384.jpg 768w, https:\/\/onemd.ro\/wp-content\/uploads\/2025\/08\/snature-18x9.jpg 18w, https:\/\/onemd.ro\/wp-content\/uploads\/2025\/08\/snature.jpg 1058w\" sizes=\"(max-width: 300px) 100vw, 300px\" \/><\/figure><\/div>\n\n\n<h1 class=\"wp-block-heading has-large-font-size\">S.NATURE\uff08\u30a8\u30b9\u30ca\u30c1\u30e5\u30ec\uff09 - \u30ca\u30c1\u30e5\u30e9\u30eb\u3067\u5b89\u5168\u306a\u97d3\u56fd\u7523\u30b9\u30ad\u30f3\u30b1\u30a2\u3002<\/h1>\n\n\n\n<p><strong>\u30a8\u30b9\u30cd\u30a4\u30c1\u30e3\u30fc<\/strong> \u306f\u97d3\u56fd\u306e\u30d6\u30e9\u30f3\u30c9\u3067\u3042\u308b\u3002 <strong>\u30d7\u30ec\u30df\u30a2\u30e0\u30fb\u30b9\u30ad\u30f3\u30b1\u30a2<\/strong> \u3092\u7d44\u307f\u5408\u308f\u305b\u305f\u3002 <strong>\u5929\u7136\u7d20\u6750<\/strong> \u3068 <strong>\u6700\u65b0\u306e\u76ae\u819a\u79d1\u5b66\u6280\u8853<\/strong> \u5b89\u5168\u3067\u52b9\u679c\u7684\u306a\u88fd\u54c1\u3092\u751f\u307f\u51fa\u3059\u305f\u3081\u306b\u305d\u306e\u54f2\u5b66\u306e\u4e2d\u5fc3\u306f <strong>\u30b7\u30f3\u30d7\u30eb\u3001\u30d4\u30e5\u30a2\u3001\u30d0\u30e9\u30f3\u30b9<\/strong>\u654f\u611f\u808c\u306b\u3082\u9069\u3057\u305f\u30b1\u30a2\u30bd\u30ea\u30e5\u30fc\u30b7\u30e7\u30f3\u3092\u63d0\u4f9b\u3057\u3066\u3044\u308b\u3002<\/p>\n\n\n\n<p>\u808c\u306b\u512a\u3057\u304f\u52b9\u679c\u7684\u306a\u51e6\u65b9\u3067\u3001\u30a8\u30b9\u30ca\u30c1\u30e5\u30ec\u306f\u97d3\u56fd\u7f8e\u5bb9\u3078\u306e\u30af\u30ea\u30fc\u30f3\u306a\u30a2\u30d7\u30ed\u30fc\u30c1\u3092\u6700\u524d\u7dda\u306b\u62bc\u3057\u51fa\u3057\u3001\u5065\u5eb7\u7684\u3067\u76ee\u306b\u898b\u3048\u3066\u660e\u308b\u3044\u808c\u3092\u5b9f\u73fe\u3059\u308b\u3002<\/p>\n\n\n\n<h2 class=\"wp-block-heading has-large-font-size\">\u30a8\u30b9\u30ca\u30c1\u30e5\u30ec\u3092\u9078\u3076\u7406\u7531<\/h2>\n\n\n\n<ul class=\"wp-block-list\">\n<li>\ud83c\udf31 <strong>\u5929\u7136\u7d20\u6750<\/strong> - \u690d\u7269\u62bd\u51fa\u7269\u3068\u6d3b\u6027\u690d\u7269\u5316\u5408\u7269\u3002<\/li>\n\n\n\n<li>\ud83d\udca7 <strong>\u654f\u611f\u808c\u306b\u3082\u5b89\u5168<\/strong> - \u30d1\u30e9\u30d9\u30f3\u3001\u9999\u6599\u3001\u4eba\u5de5\u7740\u8272\u6599\u306f\u4f7f\u7528\u3057\u3066\u3044\u307e\u305b\u3093\u3002<\/li>\n\n\n\n<li>\ud83e\udeb7 <strong>\u4fdd\u6e7f\u3068\u93ae\u9759\u3092\u91cd\u8996<\/strong> - \u30d0\u30e9\u30f3\u30b9\u306e\u3068\u308c\u305f\u808c\u306b\u6b20\u304b\u305b\u306a\u3044\u3002<\/li>\n\n\n\n<li>\ud83d\udc69\u200d\u2695\ufe0f <strong>\u76ae\u819a\u79d1\u5b66\u7684\u30c6\u30b9\u30c8\u6e08\u307f<\/strong> - \u808c\u306e\u5065\u5eb7\u3092\u8003\u3048\u3066\u958b\u767a\u3055\u308c\u305f\u88fd\u54c1\u3002<\/li>\n\n\n\n<li>\ud83c\udf0d <strong>\u74b0\u5883\u306b\u512a\u3057\u3044\u54f2\u5b66<\/strong> - \u3042\u306a\u305f\u306e\u808c\u3068\u74b0\u5883\u3092\u5927\u5207\u306b\u3002<\/li>\n<\/ul>\n\n\n\n<h2 class=\"wp-block-heading has-large-font-size\">\u4e3b\u8981\u88fd\u54c1 S.NATURE<\/h2>\n\n\n\n<ul class=\"wp-block-list\">\n<li>\ud83d\udca6 <strong>\u30a2\u30af\u30a2\u30fb\u30b9\u30af\u30ef\u30e9\u30f3\u30fb\u30e2\u30a4\u30b9\u30c1\u30e3\u30e9\u30a4\u30b6\u30fc<\/strong> - \u8efd\u3044\u30c6\u30af\u30b9\u30c1\u30e3\u30fc\u306e\u6fc3\u539a\u306a\u30e2\u30a4\u30b9\u30c1\u30e3\u30e9\u30a4\u30b6\u30fc\u3002<\/li>\n\n\n\n<li>\ud83c\udf3f <strong>\u30bb\u30f3\u30c6\u30e9\u30fb\u30b9\u30ad\u30f3\u30ab\u30fc\u30df\u30f3\u30b0\u30fb\u30c8\u30ca\u30fc<\/strong> - \u30bb\u30f3\u30c6\u30e9\u30fb\u30a2\u30b8\u30a2\u30c6\u30a3\u30ab\u914d\u5408\u306e\u93ae\u9759\u52b9\u679c\u306e\u3042\u308b\u5316\u7ca7\u6c34\u3067\u3001\u654f\u611f\u808c\u306b\u6700\u9069\u3002<\/li>\n\n\n\n<li>\ud83c\udf43 <strong>\u7c73\u9175\u7d20\u30af\u30ec\u30f3\u30b6\u30fc<\/strong> - \u5929\u7136\u7c73\u9175\u7d20\u914d\u5408\u306e\u3084\u3055\u3057\u3044\u30af\u30ec\u30f3\u30b8\u30f3\u30b0\u30d1\u30a6\u30c0\u30fc\u3002<\/li>\n\n\n\n<li>\u2728 <strong>\u30c8\u30ea\u30d7\u30eb\u30d2\u30a2\u30eb\u30ed\u30f3\u30a2\u30f3\u30d7\u30eb<\/strong> - \u30d2\u30a2\u30eb\u30ed\u30f3\u9178\u7f8e\u5bb9\u6db2\u3067\u4fdd\u6e7f\u3002<\/li>\n<\/ul>\n\n\n\n<p><strong>\u30a8\u30b9\u30cd\u30a4\u30c1\u30e3\u30fc<\/strong> \u306f\u3001\u30b0\u30eb\u30fc\u30df\u30f3\u30b0\u306e\u30eb\u30fc\u30c6\u30a3\u30f3\u3092\u63a2\u3057\u3066\u3044\u308b\u4eba\u306b\u6700\u9069\u306a\u9078\u629e\u3067\u3042\u308b\u3002 <strong>\u6e05\u6f54\u3001\u5b89\u5168\u3001\u52b9\u7387\u7684<\/strong>\u808c\u306e\u30d0\u30e9\u30f3\u30b9\u3092\u6574\u3048\u3001\u6f64\u3044\u3092\u4e0e\u3048\u308b\u88fd\u54c1\u3067\u3002\u81ea\u7136\u304b\u3089\u30a4\u30f3\u30b9\u30d4\u30ec\u30fc\u30b7\u30e7\u30f3\u3092\u53d7\u3051\u3001\u79d1\u5b66\u306b\u88cf\u6253\u3061\u3055\u308c\u305f\u3053\u306e\u30d6\u30e9\u30f3\u30c9\u306f\u3001\u76ee\u306b\u898b\u3048\u308b\u7d50\u679c\u3092\u3082\u305f\u3089\u3059\u30b7\u30f3\u30d7\u30eb\u306a\u30bd\u30ea\u30e5\u30fc\u30b7\u30e7\u30f3\u3092\u63d0\u4f9b\u3057\u307e\u3059\u3002\ud83c\udf3f\ud83d\udca7<\/p>\n\n\n\n<hr class=\"wp-block-separator aligncenter has-alpha-channel-opacity\"\/>\n\n\n\n<p class=\"has-text-align-center\"><strong>\u30aa\u30f3\u30e9\u30a4\u30f3\u3067\u5546\u54c1\u3092\u6ce8\u6587\u3059\u308b <strong>\u30a8\u30b9\u30cd\u30a4\u30c1\u30e3\u30fc<\/strong> \u30aa\u30d5\u30a3\u30b7\u30e3\u30eb\u30fb\u30d1\u30fc\u30c8\u30ca\u30fc\u30fb\u30b7\u30e7\u30c3\u30d7\u304b\u3089\uff1a<\/strong><\/p>\n\n\n\n<div class=\"wp-block-group has-large-font-size is-layout-grid wp-container-core-group-is-layout-6be84c55 wp-block-group-is-layout-grid\">\n<figure class=\"wp-block-image size-medium\"><a href=\"https:\/\/sole.ro\" target=\"_blank\" rel=\" noreferrer noopener\"><img decoding=\"async\" width=\"300\" height=\"150\" src=\"https:\/\/onemd.ro\/wp-content\/uploads\/2021\/07\/f6-2-300x150.jpg\" alt=\"\u30bd\u30fc\u30eb\u30ed\" class=\"wp-image-297\" srcset=\"https:\/\/onemd.ro\/wp-content\/uploads\/2021\/07\/f6-2-300x150.jpg 300w, https:\/\/onemd.ro\/wp-content\/uploads\/2021\/07\/f6-2-16x8.jpg 16w, https:\/\/onemd.ro\/wp-content\/uploads\/2021\/07\/f6-2.jpg 600w\" sizes=\"(max-width: 300px) 100vw, 300px\" \/><\/a><\/figure>\n<\/div>","protected":false},"excerpt":{"rendered":"<p>\ud83c\udf3f S.NATURE \u2013 Skincare coreean natural \u0219i sigur pentru toate tipurile de piele S.NATURE este un brand coreean de skincare premium care \u00eembin\u0103 ingredientele naturale cu tehnologia dermatologic\u0103 modern\u0103 pentru a crea produse sigure \u0219i eficiente. Filosofia sa este centrat\u0103 pe simplitate, puritate \u0219i echilibru, oferind solu\u021bii de \u00eengrijire potrivite chiar \u0219i pentru pielea sensibil\u0103. Cu formule bl\u00e2nde \u0219i eficiente, S.NATURE aduce \u00een prim-plan o abordare curat\u0103 a frumuse\u021bii coreene, pentru o piele s\u0103n\u0103toas\u0103 \u0219i vizibil mai luminoas\u0103. \ud83d\udc8e De ce s\u0103 alegi S.NATURE \ud83d\udd11 Produse cheie S.NATURE S.NATURE este alegerea perfect\u0103 pentru cei care caut\u0103 o rutin\u0103 de \u00eengrijire curat\u0103, sigur\u0103 \u0219i eficient\u0103, cu produse care aduc echilibru \u0219i [&hellip;]<\/p>","protected":false},"author":1,"featured_media":0,"parent":0,"menu_order":0,"comment_status":"closed","ping_status":"closed","template":"","meta":{"footnotes":""},"class_list":["post-1781","page","type-page","status-publish","hentry"],"aioseo_notices":[],"_links":{"self":[{"href":"https:\/\/onemd.ro\/ja\/wp-json\/wp\/v2\/pages\/1781","targetHints":{"allow":["GET"]}}],"collection":[{"href":"https:\/\/onemd.ro\/ja\/wp-json\/wp\/v2\/pages"}],"about":[{"href":"https:\/\/onemd.ro\/ja\/wp-json\/wp\/v2\/types\/page"}],"author":[{"embeddable":true,"href":"https:\/\/onemd.ro\/ja\/wp-json\/wp\/v2\/users\/1"}],"replies":[{"embeddable":true,"href":"https:\/\/onemd.ro\/ja\/wp-json\/wp\/v2\/comments?post=1781"}],"version-history":[{"count":1,"href":"https:\/\/onemd.ro\/ja\/wp-json\/wp\/v2\/pages\/1781\/revisions"}],"predecessor-version":[{"id":1782,"href":"https:\/\/onemd.ro\/ja\/wp-json\/wp\/v2\/pages\/1781\/revisions\/1782"}],"wp:attachment":[{"href":"https:\/\/onemd.ro\/ja\/wp-json\/wp\/v2\/media?parent=1781"}],"curies":[{"name":"wp","href":"https:\/\/api.w.org\/{rel}","templated":true}]}}