{"id":1784,"date":"2025-09-09T11:28:43","date_gmt":"2025-09-09T11:28:43","guid":{"rendered":"https:\/\/onemd.ro\/?page_id=1784"},"modified":"2025-09-09T11:28:46","modified_gmt":"2025-09-09T11:28:46","slug":"somebymi","status":"publish","type":"page","link":"https:\/\/onemd.ro\/ja\/somebymi\/","title":{"rendered":"SOMEBYMI"},"content":{"rendered":"<div class=\"wp-block-image\">\n<figure class=\"aligncenter size-medium\"><img decoding=\"async\" width=\"300\" height=\"150\" src=\"https:\/\/onemd.ro\/wp-content\/uploads\/2025\/08\/somebymi-300x150.jpg\" alt=\"SOMEBYMI\" class=\"wp-image-1568\" srcset=\"https:\/\/onemd.ro\/wp-content\/uploads\/2025\/08\/somebymi-300x150.jpg 300w, https:\/\/onemd.ro\/wp-content\/uploads\/2025\/08\/somebymi-1024x512.jpg 1024w, https:\/\/onemd.ro\/wp-content\/uploads\/2025\/08\/somebymi-768x384.jpg 768w, https:\/\/onemd.ro\/wp-content\/uploads\/2025\/08\/somebymi-18x9.jpg 18w, https:\/\/onemd.ro\/wp-content\/uploads\/2025\/08\/somebymi.jpg 1058w\" sizes=\"(max-width: 300px) 100vw, 300px\" \/><\/figure><\/div>\n\n\n<h1 class=\"wp-block-heading has-large-font-size\">\ud83c\udf38 SOMEBYMI\uff08\u30bd\u30e1\u30d3\u30df\uff09 - \u672c\u7269\u306e\u808c\u60a9\u307f\u3092\u76ee\u306b\u898b\u3048\u308b\u5f62\u3067\u89e3\u6c7a\u3059\u308b\u97d3\u56fd\u306e\u30b9\u30ad\u30f3\u30b1\u30a2<\/h1>\n\n\n\n<p><strong>SOMEBYMI<\/strong> \u306f\u3001\u305d\u306e\u88fd\u54c1\u3067\u6709\u540d\u306a\u97d3\u56fd\u306e\u30b9\u30ad\u30f3\u30b1\u30a2\u30fb\u30d6\u30e9\u30f3\u30c9\u3067\u3042\u308b\u3002 <strong>\u52b9\u7387\u7684\u3067\u624b\u9803\u306a\u4fa1\u683c<\/strong>\u30cb\u30ad\u30d3\u3001\u8272\u7d20\u6c88\u7740\u3001\u654f\u611f\u808c\u3001\u304f\u3059\u307f\u306a\u3069\u3001\u5b9f\u969b\u306e\u808c\u306e\u554f\u984c\u3092\u89e3\u6c7a\u3059\u308b\u305f\u3081\u306b\u7279\u5225\u306b\u8a2d\u8a08\u3055\u308c\u3066\u3044\u308b\u3002<\/p>\n\n\n\n<p>\u30d6\u30e9\u30f3\u30c9\u540d\u306e\u7531\u6765\u306f\u3001\"<strong>\u5947\u8de1\u306b\u3088\u308b\u4f55\u304b<\/strong>\u300c\u9769\u65b0\u7684\u3067\u30af\u30ea\u30fc\u30f3\u306a\u30d5\u30a9\u30fc\u30df\u30e5\u30e9\u306b\u3088\u3063\u3066\u3001\u76ee\u306b\u898b\u3048\u308b\u901f\u3084\u304b\u306a\u5909\u5316\u3092\u3082\u305f\u3089\u3059\u3002SOMEBYMI\u306e\u88fd\u54c1\u306f\u3001\u4f55\u767e\u4e07\u4eba\u3082\u306e\u30e6\u30fc\u30b6\u30fc\u304b\u3089\u5bc4\u305b\u3089\u308c\u305f\u5b9f\u969b\u306e\u7d50\u679c\u3068\u30dd\u30b8\u30c6\u30a3\u30d6\u306a\u30ec\u30d3\u30e5\u30fc\u306b\u3088\u308a\u3001\u4e16\u754c\u4e2d\u3067\u4eba\u6c17\u3092\u535a\u3057\u3066\u3044\u307e\u3059\u3002<\/p>\n\n\n\n<h2 class=\"wp-block-heading has-large-font-size\">SOMEBYMI\u3092\u9078\u3076\u7406\u7531<\/h2>\n\n\n\n<ul class=\"wp-block-list\">\n<li>\ud83c\udf31 <strong>\u5b9f\u8a3c\u6e08\u307f\u306e\u6709\u52b9\u6210\u5206<\/strong> - AHA\u3001BHA\u3001PHA\u3001\u30bb\u30f3\u30c6\u30e9\u30a2\u30b8\u30a2\u30c1\u30ab\u3001\u30ca\u30a4\u30a2\u30b7\u30f3\u30a2\u30df\u30c9\u3002<\/li>\n\n\n\n<li>\ud83d\udca7 <strong>\u30c8\u30e9\u30d6\u30eb\u808c\u306b\u30d5\u30a9\u30fc\u30ab\u30b9<\/strong> - \u30cb\u30ad\u30d3\u3001\u4f59\u5206\u306a\u76ae\u8102\u3001\u30b7\u30df\u3001\u50b7\u8de1\u306b\u5bfe\u3059\u308b\u30bd\u30ea\u30e5\u30fc\u30b7\u30e7\u30f3\u3002<\/li>\n\n\n\n<li>\ud83e\udeb7 <strong>\u512a\u3057\u304f\u5b89\u5168\u306a\u51e6\u65b9<\/strong> - \u30d1\u30e9\u30d9\u30f3\u3084\u523a\u6fc0\u306e\u5f37\u3044\u6210\u5206\u306f\u4f7f\u7528\u3057\u3066\u3044\u307e\u305b\u3093\u3002<\/li>\n\n\n\n<li>\ud83d\udd2c <strong>\u76ee\u306b\u898b\u3048\u308b\u6210\u679c<\/strong> - \u8fc5\u901f\u304b\u3064\u9577\u671f\u7684\u306a\u5909\u8eab\u3002<\/li>\n\n\n\n<li>\ud83c\udf0d <strong>\u4e16\u754c\u7684\u306a\u4eba\u6c17<\/strong> - \u6700\u3082\u611b\u3055\u308c\u3066\u3044\u308bK\u30d3\u30e5\u30fc\u30c6\u30a3\u30fc\u30fb\u30d6\u30e9\u30f3\u30c9\u306e\u3072\u3068\u3064\u3067\u3042\u308b\u3002<\/li>\n<\/ul>\n\n\n\n<h2 class=\"wp-block-heading has-large-font-size\">\u4e3b\u8981\u88fd\u54c1 SOMEBYMI<\/h2>\n\n\n\n<ul class=\"wp-block-list\">\n<li>\ud83d\udca6 <strong>AHA BHA PHA 30\u30c7\u30a4\u30ba \u30df\u30e9\u30af\u30eb\u30fb\u30c8\u30ca\u30fc<\/strong> - \u4e16\u754c\u7684\u306b\u30d9\u30b9\u30c8\u30bb\u30e9\u30fc\u3068\u306a\u3063\u305f\u3001\u3084\u3055\u3057\u304f\u4fee\u5fa9\u3059\u308b\u30a8\u30af\u30b9\u30d5\u30a9\u30ea\u30a8\u30fc\u30bf\u30fc\u3002<\/li>\n\n\n\n<li>\ud83c\udf3f <strong>\u30b9\u30cd\u30a4\u30eb\u30fb\u30c8\u30a5\u30eb\u30fc\u30a8\u30b7\u30ab\u30fb\u30df\u30e9\u30af\u30eb\u30fb\u30ea\u30da\u30a2\u30fb\u30bb\u30e9\u30e0<\/strong> - \u30ab\u30bf\u30c4\u30e0\u30ea\u30a8\u30ad\u30b9\u3068Truecica\u914d\u5408\u306e\u518d\u751f\u3068\u93ae\u9759\u306e\u305f\u3081\u306e\u7f8e\u5bb9\u6db2\u3002<\/li>\n\n\n\n<li>\ud83c\udf43 <strong>\u30b9\u30fc\u30d1\u30fc\u62b9\u8336\u6bdb\u7a74\u5f15\u304d\u7de0\u3081\u30c8\u30ca\u30fc<\/strong> - \u62b9\u8336\u306e\u5316\u7ca7\u6c34\u3067\u6bdb\u7a74\u3092\u6d44\u5316\u3057\u3001\u7e2e\u5c0f\u3055\u305b\u308b\u3002<\/li>\n\n\n\n<li>\u2728 <strong>\u30e6\u30b8\u30e3\u30fb\u30ca\u30a4\u30a2\u30b7\u30f3\u30fb\u30d6\u30e9\u30a4\u30c8\u30cb\u30f3\u30b0\u30fb\u30b9\u30ea\u30fc\u30d4\u30f3\u30b0\u30fb\u30de\u30b9\u30af<\/strong> - \u30e6\u30ba\u30a8\u30ad\u30b9\u914d\u5408\u306e\u30d6\u30e9\u30a4\u30c8\u30cb\u30f3\u30b0\u30fb\u30ca\u30a4\u30c8\u30de\u30b9\u30af\u3002<\/li>\n<\/ul>\n\n\n\n<p><strong>SOMEBYMI<\/strong> \u30b9\u30ad\u30f3\u30b1\u30a2\u30fb\u30eb\u30fc\u30c1\u30f3\u3092\u304a\u671b\u307f\u306e\u65b9\u306b\u6700\u9069\u3067\u3059\u3002 <strong>\u52b9\u7387\u7684\u3001\u5b89\u5168\u3001\u624b\u9803\u306a\u4fa1\u683c<\/strong>\u77ed\u671f\u9593\u3067\u76ee\u306b\u898b\u3048\u308b\u52b9\u679c\u3092\u3082\u305f\u3089\u3057\u307e\u3059\u3002\u6bce\u65e5\u306e\u304a\u624b\u5165\u308c\u3092\u672c\u683c\u7684\u306a\u30b9\u30ad\u30f3\u30b1\u30a2\u306b\u5909\u3048\u3001\u5065\u3084\u304b\u3055\u3068\u30d0\u30e9\u30f3\u30b9\u3001\u81ea\u7136\u306a\u8f1d\u304d\u3092\u53d6\u308a\u623b\u3057\u307e\u3059\u3002\ud83c\udf38<\/p>\n\n\n\n<hr class=\"wp-block-separator aligncenter has-alpha-channel-opacity\"\/>\n\n\n\n<p class=\"has-text-align-center\"><strong>\u30aa\u30f3\u30e9\u30a4\u30f3\u3067\u5546\u54c1\u3092\u6ce8\u6587\u3059\u308b <strong>SOMEBYMI<\/strong> \u30aa\u30d5\u30a3\u30b7\u30e3\u30eb\u30fb\u30d1\u30fc\u30c8\u30ca\u30fc\u30fb\u30b7\u30e7\u30c3\u30d7\u304b\u3089\uff1a<\/strong><\/p>\n\n\n\n<div class=\"wp-block-group has-large-font-size is-layout-grid wp-container-core-group-is-layout-6be84c55 wp-block-group-is-layout-grid\">\n<figure class=\"wp-block-image size-medium\"><a href=\"https:\/\/sole.ro\/brand\/some-by-mi\" target=\"_blank\" rel=\" noreferrer noopener\"><img decoding=\"async\" width=\"300\" height=\"150\" src=\"https:\/\/onemd.ro\/wp-content\/uploads\/2021\/07\/f6-2-300x150.jpg\" alt=\"\u30bd\u30fc\u30eb\u30ed\" class=\"wp-image-297\" srcset=\"https:\/\/onemd.ro\/wp-content\/uploads\/2021\/07\/f6-2-300x150.jpg 300w, https:\/\/onemd.ro\/wp-content\/uploads\/2021\/07\/f6-2-16x8.jpg 16w, https:\/\/onemd.ro\/wp-content\/uploads\/2021\/07\/f6-2.jpg 600w\" sizes=\"(max-width: 300px) 100vw, 300px\" \/><\/a><\/figure>\n<\/div>\n\n\n\n<p><\/p>","protected":false},"excerpt":{"rendered":"<p>\ud83c\udf38 SOMEBYMI \u2013 Skincare coreean cu solu\u021bii vizibile pentru probleme reale ale pielii SOMEBYMI este un brand coreean de skincare renumit pentru produsele sale eficiente \u0219i accesibile, create special pentru a rezolva probleme reale ale pielii, precum acneea, petele pigmentare, sensibilitatea sau lipsa de luminozitate. Numele brandului provine din expresia \u201eSomething by a Miracle\u201d, care reflect\u0103 filosofia sa: transform\u0103ri vizibile \u0219i rapide prin formule inovatoare \u0219i curate. Produsele SOMEBYMI sunt populare \u00een \u00eentreaga lume datorit\u0103 rezultatelor reale \u0219i recenziilor pozitive de la milioane de utilizatori. \ud83d\udc8e De ce s\u0103 alegi SOMEBYMI \ud83d\udd11 Produse cheie SOMEBYMI SOMEBYMI este alegerea ideal\u0103 pentru cei care \u00ee\u0219i doresc o rutin\u0103 de skincare eficient\u0103, sigur\u0103 [&hellip;]<\/p>\n","protected":false},"author":1,"featured_media":0,"parent":0,"menu_order":0,"comment_status":"closed","ping_status":"closed","template":"","meta":{"footnotes":""},"class_list":["post-1784","page","type-page","status-publish","hentry"],"aioseo_notices":[],"_links":{"self":[{"href":"https:\/\/onemd.ro\/ja\/wp-json\/wp\/v2\/pages\/1784","targetHints":{"allow":["GET"]}}],"collection":[{"href":"https:\/\/onemd.ro\/ja\/wp-json\/wp\/v2\/pages"}],"about":[{"href":"https:\/\/onemd.ro\/ja\/wp-json\/wp\/v2\/types\/page"}],"author":[{"embeddable":true,"href":"https:\/\/onemd.ro\/ja\/wp-json\/wp\/v2\/users\/1"}],"replies":[{"embeddable":true,"href":"https:\/\/onemd.ro\/ja\/wp-json\/wp\/v2\/comments?post=1784"}],"version-history":[{"count":1,"href":"https:\/\/onemd.ro\/ja\/wp-json\/wp\/v2\/pages\/1784\/revisions"}],"predecessor-version":[{"id":1785,"href":"https:\/\/onemd.ro\/ja\/wp-json\/wp\/v2\/pages\/1784\/revisions\/1785"}],"wp:attachment":[{"href":"https:\/\/onemd.ro\/ja\/wp-json\/wp\/v2\/media?parent=1784"}],"curies":[{"name":"wp","href":"https:\/\/api.w.org\/{rel}","templated":true}]}}