{"id":1787,"date":"2025-09-09T11:31:32","date_gmt":"2025-09-09T11:31:32","guid":{"rendered":"https:\/\/onemd.ro\/?page_id=1787"},"modified":"2025-09-09T11:31:34","modified_gmt":"2025-09-09T11:31:34","slug":"unove","status":"publish","type":"page","link":"https:\/\/onemd.ro\/ja\/unove\/","title":{"rendered":"\u30a6\u30ce\u30fc\u30d6"},"content":{"rendered":"<div class=\"wp-block-image\">\n<figure class=\"aligncenter size-medium\"><img decoding=\"async\" width=\"300\" height=\"150\" src=\"https:\/\/onemd.ro\/wp-content\/uploads\/2025\/08\/unove-300x150.jpg\" alt=\"\u30a6\u30ce\u30fc\u30d6\" class=\"wp-image-1569\" srcset=\"https:\/\/onemd.ro\/wp-content\/uploads\/2025\/08\/unove-300x150.jpg 300w, https:\/\/onemd.ro\/wp-content\/uploads\/2025\/08\/unove-1024x512.jpg 1024w, https:\/\/onemd.ro\/wp-content\/uploads\/2025\/08\/unove-768x384.jpg 768w, https:\/\/onemd.ro\/wp-content\/uploads\/2025\/08\/unove-18x9.jpg 18w, https:\/\/onemd.ro\/wp-content\/uploads\/2025\/08\/unove.jpg 1058w\" sizes=\"(max-width: 300px) 100vw, 300px\" \/><\/figure><\/div>\n\n\n<h1 class=\"wp-block-heading has-large-font-size\">Unove - \u97d3\u56fd\u306e\u30d7\u30ec\u30df\u30a2\u30e0\u6280\u8853\u306b\u3088\u308b\u96c6\u4e2d\u30d8\u30a2\u30b1\u30a2<\/h1>\n\n\n\n<p><strong>\u30a6\u30ce\u30fc\u30d6<\/strong> \u306f\u97d3\u56fd\u306e\u30d6\u30e9\u30f3\u30c9\u3067\u3042\u308b\u3002 <strong>\u30d7\u30ed\u30d5\u30a7\u30c3\u30b7\u30e7\u30ca\u30eb\u30fb\u30d8\u30a2\u30b1\u30a2<\/strong>\u6700\u3082\u50b7\u3093\u3060\u6bdb\u9aea\u3082\u88dc\u4fee\u3059\u308b\u3088\u3046\u306b\u8a2d\u8a08\u3055\u308c\u305f\u9ad8\u5ea6\u306a\u51e6\u65b9\u3067\u77e5\u3089\u308c\u3066\u3044\u308b\u3002\u88fd\u54c1\u306f <strong>\u9ad8\u54c1\u8cea\u3067\u6804\u990a\u4fa1\u306e\u9ad8\u3044\u98df\u6750<\/strong> \u3068 <strong>\u9769\u65b0\u6280\u8853<\/strong>\u6700\u521d\u306e\u6570\u56de\u306e\u4f7f\u7528\u3067\u76ee\u306b\u898b\u3048\u308b\u52b9\u679c\u304c\u5f97\u3089\u308c\u308b\u3002<\/p>\n\n\n\n<p>\u30a6\u30ce\u30d9\u306e\u54f2\u5b66\u306f\u30b7\u30f3\u30d7\u30eb\u3060\uff1a <strong>\u5065\u5eb7\u3067\u6f64\u3044\u306e\u3042\u308b\u5f37\u3044\u9aea<\/strong>\u30d7\u30ed\u306e\u30b5\u30ed\u30f3\u30c8\u30ea\u30fc\u30c8\u30e1\u30f3\u30c8\u306b\u30a4\u30f3\u30b9\u30d1\u30a4\u30a2\u3055\u308c\u305f\u30d7\u30ec\u30df\u30a2\u30e0\u306a\u30b0\u30eb\u30fc\u30df\u30f3\u30b0\u30fb\u30eb\u30fc\u30c6\u30a3\u30f3\u3067\u3002<\/p>\n\n\n\n<h2 class=\"wp-block-heading has-large-font-size\">\u30a6\u30ce\u30d9\u3092\u9078\u3076\u7406\u7531<\/h2>\n\n\n\n<ul class=\"wp-block-list\">\n<li>\ud83c\udf31 <strong>\u6709\u52b9\u6804\u990a\u6210\u5206<\/strong> - \u30bf\u30f3\u30d1\u30af\u8cea\u3001\u30a2\u30df\u30ce\u9178\u3001\u690d\u7269\u6027\u30aa\u30a4\u30eb\u3002<\/li>\n\n\n\n<li>\ud83d\udca7 <strong>\u96c6\u4e2d\u7684\u306a\u4fdd\u6e7f\u3068\u88dc\u4fee<\/strong> - \u50b7\u3093\u3067\u30d1\u30b5\u3064\u3044\u305f\u308a\u3001\u3082\u308d\u304f\u306a\u3063\u305f\u9aea\u306b\u3002<\/li>\n\n\n\n<li>\ud83d\udc69\u200d\ud83d\udd2c <strong>\u30d7\u30ed\u306e\u516c\u5f0f<\/strong> - \u30b5\u30ed\u30f3\u54c1\u8cea\u306e\u4ed5\u4e0a\u304c\u308a\u3092\u3054\u81ea\u5b85\u3067\u3002<\/li>\n\n\n\n<li>\u2728 <strong>\u8d05\u6ca2\u306a\u30c6\u30af\u30b9\u30c1\u30e3\u30fc\u3068\u6d17\u7df4\u3055\u308c\u305f\u9999\u308a<\/strong> - \u6bce\u56de\u5fc3\u5730\u3088\u3044\u4f53\u9a13\u304c\u3067\u304d\u308b\u3002<\/li>\n\n\n\n<li>\ud83c\udf0d <strong>K\u30d3\u30e5\u30fc\u30c6\u30a3\u30fc\u306e\u8a55\u5224<\/strong> - \u30d6\u30e9\u30f3\u30c9\u306f\u97d3\u56fd\u3060\u3051\u3067\u306a\u304f\u4e16\u754c\u7684\u306b\u4eba\u6c17\u304c\u3042\u308a\u3001\u9ad8\u304f\u8a55\u4fa1\u3055\u308c\u3066\u3044\u308b\u3002<\/li>\n<\/ul>\n\n\n\n<h2 class=\"wp-block-heading has-large-font-size\">\ud83d\udd11 \u30a6\u30ce\u30d9\u306e\u4e3b\u8981\u88fd\u54c1<\/h2>\n\n\n\n<ul class=\"wp-block-list\">\n<li>\ud83d\udc86 <strong>\u30c7\u30a3\u30fc\u30d7\u30fb\u30c0\u30e1\u30fc\u30b8\u30fb\u30c8\u30ea\u30fc\u30c8\u30e1\u30f3\u30c8EX<\/strong> - \u6df1\u3044\u88dc\u4fee\u306e\u305f\u3081\u306e\u96c6\u4e2d\u30d8\u30a2\u30de\u30b9\u30af\u3002<\/li>\n\n\n\n<li>\ud83d\udca7 <strong>\u30b7\u30eb\u30ad\u30fc\u30fb\u30aa\u30a4\u30eb\u30fb\u30bb\u30e9\u30e0<\/strong> - \u7d79\u306e\u3088\u3046\u306b\u6ed1\u3089\u304b\u306a\u9aea\u306e\u305f\u3081\u306e\u8efd\u3044\u30c6\u30af\u30b9\u30c1\u30e3\u30fc\u306e\u6804\u990a\u88dc\u7d66\u7f8e\u5bb9\u6db2\u3002<\/li>\n\n\n\n<li>\ud83c\udf38 <strong>\u30dc\u30ea\u30e5\u30fc\u30e0\u30fb\u30a2\u30c3\u30d7\u30fb\u30b7\u30e3\u30f3\u30d7\u30fc<\/strong> - \u30dc\u30ea\u30e5\u30fc\u30e0\u3068\u6d3b\u529b\u306e\u3042\u308b\u7d30\u3044\u9aea\u306e\u305f\u3081\u306e\u30b7\u30e3\u30f3\u30d7\u30fc\u3002<\/li>\n\n\n\n<li>\ud83c\udf43 <strong>\u30ca\u30ea\u30b7\u30f3\u30b0\u30fb\u30b3\u30f3\u30c7\u30a3\u30b7\u30e7\u30ca\u30fc<\/strong> - \u67d4\u3089\u304b\u3055\u3068\u8f1d\u304d\u3092\u4e0e\u3048\u308b\u30e2\u30a4\u30b9\u30c1\u30e3\u30e9\u30a4\u30b8\u30f3\u30b0\u30fb\u30b3\u30f3\u30c7\u30a3\u30b7\u30e7\u30ca\u30fc\u3002<\/li>\n<\/ul>\n\n\n\n<p><strong>\u30a6\u30ce\u30fc\u30d6<\/strong> \u3092\u304a\u63a2\u3057\u306e\u65b9\u306b\u306f\u7406\u60f3\u7684\u306a\u9078\u629e\u3067\u3059\u3002 <strong>\u6bdb\u9aea\u88dc\u4fee\u3068\u6804\u990a\u88dc\u7d66<\/strong>K-Beauty\u306b\u30a4\u30f3\u30b9\u30d1\u30a4\u30a2\u3055\u308c\u305f\u30d7\u30ed\u4ed5\u69d8\u306e\u88fd\u54c1\u3067\u3059\u3002\u30a6\u30ce\u30fc\u30d6\u3067\u3001\u9aea\u306f\u76ee\u306b\u898b\u3048\u3066\u5065\u3084\u304b\u306b\u3001\u5f37\u304f\u3001\u8276\u3084\u304b\u306b\u306a\u308a\u307e\u3059\u3002\ud83c\udf3f\u2728<\/p>\n\n\n\n<hr class=\"wp-block-separator aligncenter has-alpha-channel-opacity\"\/>\n\n\n\n<p class=\"has-text-align-center\"><strong>\u30aa\u30f3\u30e9\u30a4\u30f3\u3067\u5546\u54c1\u3092\u6ce8\u6587\u3059\u308b <strong>\u30a6\u30ce\u30fc\u30d6<\/strong> \u30aa\u30d5\u30a3\u30b7\u30e3\u30eb\u30fb\u30d1\u30fc\u30c8\u30ca\u30fc\u30fb\u30b7\u30e7\u30c3\u30d7\u304b\u3089\uff1a<\/strong><\/p>\n\n\n\n<div class=\"wp-block-group has-large-font-size is-layout-grid wp-container-core-group-is-layout-6be84c55 wp-block-group-is-layout-grid\">\n<figure class=\"wp-block-image size-medium\"><a href=\"https:\/\/sole.ro\/brand\/unove\" target=\"_blank\" rel=\" noreferrer noopener\"><img decoding=\"async\" width=\"300\" height=\"150\" src=\"https:\/\/onemd.ro\/wp-content\/uploads\/2021\/07\/f6-2-300x150.jpg\" alt=\"\u30bd\u30fc\u30eb\u30ed\" class=\"wp-image-297\" srcset=\"https:\/\/onemd.ro\/wp-content\/uploads\/2021\/07\/f6-2-300x150.jpg 300w, https:\/\/onemd.ro\/wp-content\/uploads\/2021\/07\/f6-2-16x8.jpg 16w, https:\/\/onemd.ro\/wp-content\/uploads\/2021\/07\/f6-2.jpg 600w\" sizes=\"(max-width: 300px) 100vw, 300px\" \/><\/a><\/figure>\n<\/div>\n\n\n\n<p><\/p>","protected":false},"excerpt":{"rendered":"<p>\ud83c\udf3f Unove \u2013 \u00cengrijire intensiv\u0103 pentru p\u0103r cu tehnologie premium coreean\u0103 Unove este un brand coreean de \u00eengrijire profesional\u0103 a p\u0103rului, recunoscut pentru formulele sale avansate, concepute s\u0103 repare chiar \u0219i cele mai deteriorate fire de p\u0103r. Produsele combin\u0103 ingrediente nutritive de \u00eenalt\u0103 calitate cu tehnologie inovatoare, oferind rezultate vizibile dup\u0103 primele utiliz\u0103ri. Filosofia Unove este simpl\u0103: p\u0103r s\u0103n\u0103tos, hidratat \u0219i puternic, printr-o rutin\u0103 de \u00eengrijire premium, inspirat\u0103 de tratamentele profesionale din saloane. \ud83d\udc8e De ce s\u0103 alegi Unove \ud83d\udd11 Produse cheie Unove Unove este alegerea ideal\u0103 pentru cei care caut\u0103 o solu\u021bie premium de reparare \u0219i hr\u0103nire a p\u0103rului, cu produse profesionale inspirate din K-Beauty. Cu Unove, p\u0103rul devine [&hellip;]<\/p>","protected":false},"author":1,"featured_media":0,"parent":0,"menu_order":0,"comment_status":"closed","ping_status":"closed","template":"","meta":{"footnotes":""},"class_list":["post-1787","page","type-page","status-publish","hentry"],"aioseo_notices":[],"_links":{"self":[{"href":"https:\/\/onemd.ro\/ja\/wp-json\/wp\/v2\/pages\/1787","targetHints":{"allow":["GET"]}}],"collection":[{"href":"https:\/\/onemd.ro\/ja\/wp-json\/wp\/v2\/pages"}],"about":[{"href":"https:\/\/onemd.ro\/ja\/wp-json\/wp\/v2\/types\/page"}],"author":[{"embeddable":true,"href":"https:\/\/onemd.ro\/ja\/wp-json\/wp\/v2\/users\/1"}],"replies":[{"embeddable":true,"href":"https:\/\/onemd.ro\/ja\/wp-json\/wp\/v2\/comments?post=1787"}],"version-history":[{"count":1,"href":"https:\/\/onemd.ro\/ja\/wp-json\/wp\/v2\/pages\/1787\/revisions"}],"predecessor-version":[{"id":1788,"href":"https:\/\/onemd.ro\/ja\/wp-json\/wp\/v2\/pages\/1787\/revisions\/1788"}],"wp:attachment":[{"href":"https:\/\/onemd.ro\/ja\/wp-json\/wp\/v2\/media?parent=1787"}],"curies":[{"name":"wp","href":"https:\/\/api.w.org\/{rel}","templated":true}]}}