{"id":1793,"date":"2025-09-09T11:40:09","date_gmt":"2025-09-09T11:40:09","guid":{"rendered":"https:\/\/onemd.ro\/?page_id=1793"},"modified":"2025-09-09T11:40:11","modified_gmt":"2025-09-09T11:40:11","slug":"watiforskin","status":"publish","type":"page","link":"https:\/\/onemd.ro\/ja\/watiforskin\/","title":{"rendered":"\u30ef\u30c6\u30a3\u30d5\u30a9\u30fc\u30b9\u30ad\u30f3"},"content":{"rendered":"<div class=\"wp-block-image\">\n<figure class=\"aligncenter size-medium\"><img decoding=\"async\" width=\"300\" height=\"150\" src=\"https:\/\/onemd.ro\/wp-content\/uploads\/2025\/08\/wati-for-skin-300x150.jpg\" alt=\"\u30ef\u30c6\u30a3\u30d5\u30a9\u30fc\u30b9\u30ad\u30f3\" class=\"wp-image-1571\" srcset=\"https:\/\/onemd.ro\/wp-content\/uploads\/2025\/08\/wati-for-skin-300x150.jpg 300w, https:\/\/onemd.ro\/wp-content\/uploads\/2025\/08\/wati-for-skin-1024x512.jpg 1024w, https:\/\/onemd.ro\/wp-content\/uploads\/2025\/08\/wati-for-skin-768x384.jpg 768w, https:\/\/onemd.ro\/wp-content\/uploads\/2025\/08\/wati-for-skin-18x9.jpg 18w, https:\/\/onemd.ro\/wp-content\/uploads\/2025\/08\/wati-for-skin.jpg 1058w\" sizes=\"(max-width: 300px) 100vw, 300px\" \/><\/figure><\/div>\n\n\n<h1 class=\"wp-block-heading has-large-font-size\">WatiForSkin \ud83c\udf3f \u5065\u5eb7\u3067\u8f1d\u304f\u808c\u306e\u305f\u3081\u306e\u9769\u65b0\u7684\u306a\u97d3\u56fd\u5f0f\u30b9\u30ad\u30f3\u30b1\u30a2<\/h1>\n\n\n\n<p><strong>\u30ef\u30c6\u30a3\u30d5\u30a9\u30fc\u30b9\u30ad\u30f3<\/strong> \u306f\u97d3\u56fd\u306e\u30d6\u30e9\u30f3\u30c9\u3067\u3042\u308b\u3002 <strong>\u30b9\u30ad\u30f3\u30b1\u30a2<\/strong> \u3092\u7d44\u307f\u5408\u308f\u305b\u305f\u3002 <strong>\u5929\u7136\u7d20\u6750<\/strong> \u3068 <strong>\u5148\u7aef\u79d1\u5b66\u7814\u7a76<\/strong> \u52b9\u679c\u7684\u3067\u5b89\u5168\u306a\u30bd\u30ea\u30e5\u30fc\u30b7\u30e7\u30f3\u3092\u63d0\u4f9b\u3059\u308b\u3002\u30d6\u30e9\u30f3\u30c9\u54f2\u5b66\u306f\u3001\u300c\u771f\u306e\u7f8e\u3057\u3055\u306f\u3001\u307e\u305a\u3001\u808c\u306e\u7f8e\u3057\u3055\u304b\u3089\u59cb\u307e\u308b\u300d\u3068\u3044\u3046\u539f\u5247\u306b\u57fa\u3065\u3044\u3066\u3044\u308b\u3002 <strong>\u30d0\u30e9\u30f3\u30b9\u306e\u3068\u308c\u305f\u6574\u3063\u305f\u808c<\/strong>.<\/p>\n\n\n\n<p>WatiForSkin\u88fd\u54c1\u306f\u3001\u8efd\u91cf\u3067\u5438\u53ce\u306e\u65e9\u3044\u30c6\u30af\u30b9\u30c1\u30e3\u30fc\u3068\u6fc3\u7e2e\u3055\u308c\u305f\u6709\u52b9\u6210\u5206\u3067\u51e6\u65b9\u3055\u308c\u3001\u808c\u3092\u91cd\u304f\u3059\u308b\u3053\u3068\u306a\u304f\u76ee\u306b\u898b\u3048\u308b\u7d50\u679c\u3092\u3082\u305f\u3089\u3057\u307e\u3059\u3002<\/p>\n\n\n\n<h2 class=\"wp-block-heading has-large-font-size\">WatiForSkin\u3092\u9078\u3076\u7406\u7531<\/h2>\n\n\n\n<ul class=\"wp-block-list\">\n<li>\ud83c\udf31 <strong>\u30af\u30ea\u30fc\u30f3\u3067\u808c\u306b\u512a\u3057\u3044\u6210\u5206<\/strong> - \u30d1\u30e9\u30d9\u30f3\u3001\u5408\u6210\u9999\u6599\u3001\u4eba\u5de5\u7740\u8272\u6599\u306f\u4f7f\u7528\u3057\u3066\u3044\u307e\u305b\u3093\u3002<\/li>\n\n\n\n<li>\ud83d\udca7 <strong>\u4fdd\u6e7f\u3068\u4fdd\u8b77<\/strong> - \u5065\u5eb7\u306a\u76ae\u819a\u30d0\u30ea\u30a2\u3092\u7dad\u6301\u3059\u308b\u3053\u3068\u306b\u91cd\u70b9\u3092\u7f6e\u304f\u3002<\/li>\n\n\n\n<li>\ud83e\udeb7 <strong>\u3059\u3079\u3066\u306e\u808c\u30bf\u30a4\u30d7\u306b\u5b89\u5168<\/strong> - \u654f\u611f\u808c\u7528\u3082\u542b\u3080\u3002<\/li>\n\n\n\n<li>\ud83d\udd2c <strong>\u9769\u65b0\u3068\u7814\u7a76<\/strong> - \u79d1\u5b66\u7684\u6839\u62e0\u306b\u57fa\u3065\u3044\u305f\u8a08\u7b97\u5f0f\u3067\u3001\u771f\u306e\u52b9\u7387\u6027\u3092\u8ffd\u6c42\u3059\u308b\u3002<\/li>\n\n\n\n<li>\ud83c\udf0d <strong>\u672c\u7269\u306eK\u30d3\u30e5\u30fc\u30c6\u30a3\u30fc\u306e\u4e00\u90e8<\/strong> - \u56fd\u969b\u7684\u306b\u8a8d\u3081\u3089\u308c\u305f\u30e2\u30c0\u30f3\u306a\u30d6\u30e9\u30f3\u30c9\u3067\u3042\u308b\u3002<\/li>\n<\/ul>\n\n\n\n<h2 class=\"wp-block-heading has-large-font-size\">\u4e3b\u8981\u88fd\u54c1 WatiForSkin<\/h2>\n\n\n\n<ul class=\"wp-block-list\">\n<li>\ud83d\udca6 <strong>\u30cf\u30a4\u30c9\u30e9\u30a8\u30c3\u30bb\u30f3\u30b9<\/strong> - \u3057\u306a\u3084\u304b\u3067\u8f1d\u304d\u306e\u3042\u308b\u808c\u3078\u3002<\/li>\n\n\n\n<li>\ud83c\udf3f <strong>\u30b7\u30ab\u30fb\u30ab\u30eb\u30df\u30f3\u30b0\u30fb\u30af\u30ea\u30fc\u30e0<\/strong> - \u708e\u75c7\u3092\u6291\u3048\u308b\u30bb\u30f3\u30c6\u30e9\u30a2\u30b8\u30a2\u30c6\u30a3\u30ab\u914d\u5408\u306e\u93ae\u9759\u30af\u30ea\u30fc\u30e0\u3002<\/li>\n\n\n\n<li>\ud83c\udf43 <strong>\u30d0\u30e9\u30f3\u30b9\u30fb\u30c8\u30ca\u30fc<\/strong> - pH\u30d0\u30e9\u30f3\u30b9\u3092\u6574\u3048\u3001\u808c\u3092\u6574\u3048\u308b\u30e9\u30a4\u30c8\u30c8\u30ca\u30fc\u3002<\/li>\n\n\n\n<li>\u2728 <strong>\u30d6\u30e9\u30a4\u30c8\u30cb\u30f3\u30b0\u7f8e\u5bb9\u6db2<\/strong> - \u30d6\u30e9\u30a4\u30c8\u30cb\u30f3\u30b0\uff06\u30a4\u30d6\u30cb\u30f3\u30b0\u52b9\u679c\u306e\u3042\u308b\u6fc3\u7e2e\u7f8e\u5bb9\u6db2\u3002<\/li>\n<\/ul>\n\n\n\n<p><strong>\u30ef\u30c6\u30a3\u30d5\u30a9\u30fc\u30b9\u30ad\u30f3<\/strong> \u30b9\u30ad\u30f3\u30b1\u30a2\u30fb\u30eb\u30fc\u30c1\u30f3\u3092\u304a\u671b\u307f\u306e\u65b9\u306b\u6700\u9069\u3067\u3059\u3002 <strong>\u6e05\u6f54\u3001\u5b89\u5168\u3001\u52b9\u7387\u7684<\/strong>K-Beauty\u306e\u30a4\u30ce\u30d9\u30fc\u30b7\u30e7\u30f3\u306b\u30a4\u30f3\u30b9\u30d1\u30a4\u30a2\u3055\u308c\u305f\u3002\u305d\u306e\u88fd\u54c1\u306f\u3001\u808c\u3092 <strong>\u6f64\u3044\u304c\u5897\u3057\u3001\u843d\u3061\u7740\u304d\u3068\u660e\u308b\u3055\u304c\u5897\u3059<\/strong>\u4e00\u65e5\u4e00\u65e5\u3002\ud83c\udf3f\ud83d\udca7<\/p>\n\n\n\n<hr class=\"wp-block-separator aligncenter has-alpha-channel-opacity\"\/>\n\n\n\n<p class=\"has-text-align-center\"><strong>\u30aa\u30f3\u30e9\u30a4\u30f3\u3067\u5546\u54c1\u3092\u6ce8\u6587\u3059\u308b <strong>\u30ef\u30c6\u30a3\u30d5\u30a9\u30fc\u30b9\u30ad\u30f3<\/strong> \u30aa\u30d5\u30a3\u30b7\u30e3\u30eb\u30fb\u30d1\u30fc\u30c8\u30ca\u30fc\u30fb\u30b7\u30e7\u30c3\u30d7\u304b\u3089\uff1a<\/strong><\/p>\n\n\n\n<div class=\"wp-block-group has-large-font-size is-layout-grid wp-container-core-group-is-layout-6be84c55 wp-block-group-is-layout-grid\">\n<figure class=\"wp-block-image size-medium\"><a href=\"https:\/\/sole.ro\" target=\"_blank\" rel=\" noreferrer noopener\"><img decoding=\"async\" width=\"300\" height=\"150\" src=\"https:\/\/onemd.ro\/wp-content\/uploads\/2021\/07\/f6-2-300x150.jpg\" alt=\"\u30bd\u30fc\u30eb\u30ed\" class=\"wp-image-297\" srcset=\"https:\/\/onemd.ro\/wp-content\/uploads\/2021\/07\/f6-2-300x150.jpg 300w, https:\/\/onemd.ro\/wp-content\/uploads\/2021\/07\/f6-2-16x8.jpg 16w, https:\/\/onemd.ro\/wp-content\/uploads\/2021\/07\/f6-2.jpg 600w\" sizes=\"(max-width: 300px) 100vw, 300px\" \/><\/a><\/figure>\n<\/div>","protected":false},"excerpt":{"rendered":"<p>\ud83c\udf3f WatiForSkin \u2013 Skincare coreean inovator pentru piele s\u0103n\u0103toas\u0103 \u0219i radiant\u0103 WatiForSkin este un brand coreean dedicat \u00eengrijirii pielii care \u00eembin\u0103 ingredientele naturale cu cercetarea \u0219tiin\u021bific\u0103 avansat\u0103 pentru a oferi solu\u021bii eficiente \u0219i sigure. Filosofia brandului se bazeaz\u0103 pe principiul c\u0103 frumuse\u021bea autentic\u0103 \u00eencepe cu o piele echilibrat\u0103 \u0219i bine \u00eengrijit\u0103. Produsele WatiForSkin sunt formulate cu texturi u\u0219oare, absorb\u021bie rapid\u0103 \u0219i ingrediente active concentrate, astfel \u00eenc\u00e2t s\u0103 ofere rezultate vizibile f\u0103r\u0103 a \u00eenc\u0103rca pielea. \ud83d\udc8e De ce s\u0103 alegi WatiForSkin \ud83d\udd11 Produse cheie WatiForSkin WatiForSkin este alegerea ideal\u0103 pentru cei care \u00ee\u0219i doresc o rutin\u0103 de skincare curat\u0103, sigur\u0103 \u0219i eficient\u0103, inspirat\u0103 din inova\u021biile K-Beauty. Produsele sale ajut\u0103 pielea s\u0103 [&hellip;]<\/p>","protected":false},"author":1,"featured_media":0,"parent":0,"menu_order":0,"comment_status":"closed","ping_status":"closed","template":"","meta":{"footnotes":""},"class_list":["post-1793","page","type-page","status-publish","hentry"],"aioseo_notices":[],"_links":{"self":[{"href":"https:\/\/onemd.ro\/ja\/wp-json\/wp\/v2\/pages\/1793","targetHints":{"allow":["GET"]}}],"collection":[{"href":"https:\/\/onemd.ro\/ja\/wp-json\/wp\/v2\/pages"}],"about":[{"href":"https:\/\/onemd.ro\/ja\/wp-json\/wp\/v2\/types\/page"}],"author":[{"embeddable":true,"href":"https:\/\/onemd.ro\/ja\/wp-json\/wp\/v2\/users\/1"}],"replies":[{"embeddable":true,"href":"https:\/\/onemd.ro\/ja\/wp-json\/wp\/v2\/comments?post=1793"}],"version-history":[{"count":1,"href":"https:\/\/onemd.ro\/ja\/wp-json\/wp\/v2\/pages\/1793\/revisions"}],"predecessor-version":[{"id":1794,"href":"https:\/\/onemd.ro\/ja\/wp-json\/wp\/v2\/pages\/1793\/revisions\/1794"}],"wp:attachment":[{"href":"https:\/\/onemd.ro\/ja\/wp-json\/wp\/v2\/media?parent=1793"}],"curies":[{"name":"wp","href":"https:\/\/api.w.org\/{rel}","templated":true}]}}