{"id":695,"date":"2024-05-27T06:12:06","date_gmt":"2024-05-27T06:12:06","guid":{"rendered":"https:\/\/onemd.ro\/?page_id=695"},"modified":"2025-09-01T12:04:22","modified_gmt":"2025-09-01T12:04:22","slug":"evy-technology","status":"publish","type":"page","link":"https:\/\/onemd.ro\/ja\/evy-technology\/","title":{"rendered":"EVY\u30c6\u30af\u30ce\u30ed\u30b8\u30fc"},"content":{"rendered":"<div class=\"wp-block-image\">\n<figure class=\"aligncenter size-medium\"><img decoding=\"async\" width=\"300\" height=\"150\" src=\"https:\/\/onemd.ro\/wp-content\/uploads\/2021\/07\/evytechnlogy-300x150.jpg\" alt=\"EVY\u30c6\u30af\u30ce\u30ed\u30b8\u30fc\" class=\"wp-image-307\" title=\"EVY\u30c6\u30af\u30ce\u30ed\u30b8\u30fc\" srcset=\"https:\/\/onemd.ro\/wp-content\/uploads\/2021\/07\/evytechnlogy-300x150.jpg 300w, https:\/\/onemd.ro\/wp-content\/uploads\/2021\/07\/evytechnlogy-1024x512.jpg 1024w, https:\/\/onemd.ro\/wp-content\/uploads\/2021\/07\/evytechnlogy-768x384.jpg 768w, https:\/\/onemd.ro\/wp-content\/uploads\/2021\/07\/evytechnlogy-16x8.jpg 16w, https:\/\/onemd.ro\/wp-content\/uploads\/2021\/07\/evytechnlogy.jpg 1058w\" sizes=\"(max-width: 300px) 100vw, 300px\" \/><\/figure><\/div>\n\n\n<p><strong>EVY\u30c6\u30af\u30ce\u30ed\u30b8\u30fc\u306f\u3001\u9769\u65b0\u7684\u306a\u65e5\u713c\u3051\u6b62\u3081\u3068\u30b9\u30ad\u30f3\u30b1\u30a2\u88fd\u54c1\u3067\u77e5\u3089\u308c\u308b\u30b9\u30a6\u30a7\u30fc\u30c7\u30f3\u306e\u30b9\u30ad\u30f3\u30b1\u30a2\u30d6\u30e9\u30f3\u30c9\u3067\u3042\u308b\u3002<\/strong>.\u3053\u306e\u30d6\u30e9\u30f3\u30c9\u306e\u9ad8\u5ea6\u306a\u6280\u8853\u306f\u3001\u7d2b\u5916\u7dda\u3084\u305d\u306e\u4ed6\u306e\u74b0\u5883\u8981\u56e0\u304b\u3089\u808c\u3092\u5b88\u308a\u3001\u808c\u306e\u5065\u5eb7\u3068\u6d3b\u529b\u3092\u7dad\u6301\u3057\u306a\u304c\u3089\u3001\u52b9\u679c\u7684\u3067\u9577\u6301\u3061\u3059\u308b\u30bd\u30ea\u30e5\u30fc\u30b7\u30e7\u30f3\u3092\u63d0\u4f9b\u3059\u308b\u3002<\/p>\n\n\n\n<p class=\"has-primary-color has-text-color\"><strong>\u4e3b\u8981\u88fd\u54c1 EVY\u30c6\u30af\u30ce\u30ed\u30b8\u30fc<\/strong><\/p>\n\n\n\n<p>&#8211; <strong>\u30c7\u30a4\u30ea\u30fcUV\u30d5\u30a7\u30a4\u30b9\u30fb\u30e0\u30fc\u30b9 SPF50<\/strong>UVA\u3068UVB\u304b\u3089\u808c\u3092\u5b88\u308b\u30e0\u30fc\u30b9\u30bf\u30a4\u30d7\u306e\u65e5\u713c\u3051\u6b62\u3081\u3002<\/p>\n\n\n\n<p>&#8211; <strong>\u65e5\u713c\u3051\u6b62\u3081\u30e0\u30fc\u30b9 SPF30<\/strong>SPF30\u306e\u65e5\u713c\u3051\u6b62\u3081\u30e0\u30fc\u30b9\u3002\u30e0\u30e9\u306a\u304f\u9577\u6642\u9593\u30ab\u30d0\u30fc\u3057\u3001\u30a6\u30a9\u30fc\u30bf\u30fc\u30d7\u30eb\u30fc\u30d5\u3067\u30a2\u30a6\u30c8\u30c9\u30a2\u3084\u30b9\u30dd\u30fc\u30c4\u306b\u6700\u9069\u3002<\/p>\n\n\n\n<p>&#8211; <strong>\u30a2\u30d5\u30bf\u30fc\u30fb\u30b5\u30f3\u30fb\u30e0\u30fc\u30b9<\/strong>\u65e5\u713c\u3051\u5f8c\u306e\u808c\u3092\u4fee\u5fa9\u3057\u3001\u6c34\u5206\u3092\u88dc\u7d66\u3059\u308b\u305f\u3081\u306b\u7279\u5225\u306b\u51e6\u65b9\u3055\u308c\u305f\u3001\u93ae\u9759\u3068\u4fdd\u6e7f\u52b9\u679c\u306e\u3042\u308b\u30e0\u30fc\u30b9\u3002<\/p>\n\n\n\n<p>&#8211; <strong>\u30c7\u30a4\u30ea\u30fc\u30fb\u30c7\u30a3\u30d5\u30a7\u30f3\u30b9\u30fb\u30d5\u30a7\u30a4\u30b9\u30fb\u30e0\u30fc\u30b9<\/strong>\u6c5a\u67d3\u3001\u30d5\u30ea\u30fc\u30e9\u30b8\u30ab\u30eb\u3001\u7d2b\u5916\u7dda\u304b\u3089\u808c\u3092\u5b88\u308a\u3001\u4e00\u65e5\u4e2d\u3046\u308b\u304a\u3044\u3068\u30cf\u30ea\u3092\u4fdd\u3064\u591a\u6a5f\u80fd\u88fd\u54c1\u3002<\/p>\n\n\n\n<p>&#8211; <strong>\u4fdd\u6e7f\u65e5\u713c\u3051\u6b62\u3081\u30e0\u30fc\u30b9 SPF30 \u30ad\u30c3\u30ba<\/strong>\u5b50\u4f9b\u306e\u654f\u611f\u306a\u808c\u306e\u305f\u3081\u306b\u7279\u5225\u306b\u51e6\u65b9\u3055\u308c\u305f\u65e5\u713c\u3051\u6b62\u3081\u3067\u3001\u592a\u967d\u5149\u7dda\u304b\u3089\u808c\u3092\u52b9\u679c\u7684\u306b\u9577\u6642\u9593\u5b88\u308a\u307e\u3059\u3002<\/p>\n\n\n\n<p><strong>EVY\u30c6\u30af\u30ce\u30ed\u30b8\u30fc\u306e\u88fd\u54c1\u306f\u3001\u305d\u306e\u9769\u65b0\u7684\u306a\u51e6\u65b9\u3068\u65e5\u713c\u3051\u9632\u6b62\u3068\u30b9\u30ad\u30f3\u30b1\u30a2\u306b\u304a\u3051\u308b\u9ad8\u3044\u52b9\u80fd\u3067\u8a8d\u3081\u3089\u308c\u3066\u3044\u308b\u3002<\/strong>.\u3053\u306e\u30d6\u30e9\u30f3\u30c9\u306f\u3001\u6709\u5bb3\u306a\u74b0\u5883\u8981\u56e0\u304b\u3089\u76ae\u819a\u3092\u4fdd\u8b77\u3059\u308b\u305f\u3081\u306e\u9ad8\u5ea6\u306a\u30bd\u30ea\u30e5\u30fc\u30b7\u30e7\u30f3\u3092\u63d0\u4f9b\u3057\u3001\u54c1\u8cea\u3068\u5b89\u5168\u6027\u3078\u306e\u30b3\u30df\u30c3\u30c8\u30e1\u30f3\u30c8\u3067\u8a8d\u3081\u3089\u308c\u3066\u3044\u308b\u3002<\/p>\n\n\n\n<hr class=\"wp-block-separator aligncenter has-alpha-channel-opacity\"\/>\n\n\n\n<p class=\"has-text-align-center\"><strong>\u30aa\u30f3\u30e9\u30a4\u30f3\u3067\u5546\u54c1\u3092\u6ce8\u6587\u3059\u308b <strong>EVY\u30c6\u30af\u30ce\u30ed\u30b8\u30fc<\/strong> \u30aa\u30d5\u30a3\u30b7\u30e3\u30eb\u30fb\u30d1\u30fc\u30c8\u30ca\u30fc\u30fb\u30b7\u30e7\u30c3\u30d7\u304b\u3089\uff1a<\/strong><\/p>\n\n\n\n<div class=\"wp-block-group has-large-font-size is-layout-grid wp-container-core-group-is-layout-4d858cb8 wp-block-group-is-layout-grid\">\n<figure class=\"wp-block-image size-medium\"><a href=\"https:\/\/sole.ro\/brand\/evy-technology\" target=\"_blank\" rel=\" noreferrer noopener\"><img decoding=\"async\" width=\"300\" height=\"150\" src=\"https:\/\/onemd.ro\/wp-content\/uploads\/2021\/07\/f6-2-300x150.jpg\" alt=\"\u30bd\u30fc\u30eb\u30ed\" class=\"wp-image-297\" srcset=\"https:\/\/onemd.ro\/wp-content\/uploads\/2021\/07\/f6-2-300x150.jpg 300w, https:\/\/onemd.ro\/wp-content\/uploads\/2021\/07\/f6-2-16x8.jpg 16w, https:\/\/onemd.ro\/wp-content\/uploads\/2021\/07\/f6-2.jpg 600w\" sizes=\"(max-width: 300px) 100vw, 300px\" \/><\/a><\/figure>\n\n\n\n<figure class=\"wp-block-image size-medium\"><a href=\"https:\/\/comenzi.farmaciatei.ro\/brand\/evy-technology\" target=\"_blank\" rel=\" noreferrer noopener\"><img decoding=\"async\" width=\"300\" height=\"150\" src=\"https:\/\/onemd.ro\/wp-content\/uploads\/2021\/07\/f1-1-300x150.jpg\" alt=\"\u30c6\u30a4\u85ac\u5c40\u30aa\u30d5\u30a3\u30b7\u30e3\u30eb\u30d1\u30fc\u30c8\u30ca\u30fc\u30b7\u30e7\u30c3\u30d7\" class=\"wp-image-301\" srcset=\"https:\/\/onemd.ro\/wp-content\/uploads\/2021\/07\/f1-1-300x150.jpg 300w, https:\/\/onemd.ro\/wp-content\/uploads\/2021\/07\/f1-1-16x8.jpg 16w, https:\/\/onemd.ro\/wp-content\/uploads\/2021\/07\/f1-1.jpg 600w\" sizes=\"(max-width: 300px) 100vw, 300px\" \/><\/a><\/figure>\n\n\n\n<figure class=\"wp-block-image size-medium\"><a href=\"https:\/\/comenzi.bebetei.ro\/brand\/evy-technology\" target=\"_blank\" rel=\" noreferrer noopener\"><img loading=\"lazy\" decoding=\"async\" width=\"300\" height=\"150\" src=\"https:\/\/onemd.ro\/wp-content\/uploads\/2021\/07\/f4-300x150.jpg\" alt=\"\u3079\u3079\u4ead\u30aa\u30d5\u30a3\u30b7\u30e3\u30eb\u30d1\u30fc\u30c8\u30ca\u30fc\u30b7\u30e7\u30c3\u30d7\" class=\"wp-image-292\" srcset=\"https:\/\/onemd.ro\/wp-content\/uploads\/2021\/07\/f4-300x150.jpg 300w, https:\/\/onemd.ro\/wp-content\/uploads\/2021\/07\/f4-16x8.jpg 16w, https:\/\/onemd.ro\/wp-content\/uploads\/2021\/07\/f4.jpg 600w\" sizes=\"(max-width: 300px) 100vw, 300px\" \/><\/a><\/figure>\n\n\n\n<figure class=\"wp-block-image size-medium\"><a href=\"https:\/\/www.drmax.ro\/evy-technology\" target=\"_blank\" rel=\" noreferrer noopener\"><img loading=\"lazy\" decoding=\"async\" width=\"300\" height=\"129\" src=\"https:\/\/onemd.ro\/wp-content\/uploads\/2024\/05\/dr-max-300x129.jpg\" alt=\"\u30c9\u30af\u30bf\u30fc\u30de\u30c3\u30af\u30b9\u516c\u5f0f\u30d1\u30fc\u30c8\u30ca\u30fc\u30b7\u30e7\u30c3\u30d7\" class=\"wp-image-673\" srcset=\"https:\/\/onemd.ro\/wp-content\/uploads\/2024\/05\/dr-max-300x129.jpg 300w, https:\/\/onemd.ro\/wp-content\/uploads\/2024\/05\/dr-max-18x8.jpg 18w, https:\/\/onemd.ro\/wp-content\/uploads\/2024\/05\/dr-max.jpg 473w\" sizes=\"(max-width: 300px) 100vw, 300px\" \/><\/a><\/figure>\n\n\n\n<figure class=\"wp-block-image size-full\"><a href=\"https:\/\/www.dm.ro\" target=\"_blank\" rel=\" noreferrer noopener\"><img loading=\"lazy\" decoding=\"async\" width=\"600\" height=\"300\" src=\"https:\/\/onemd.ro\/wp-content\/uploads\/2021\/07\/f3-1.jpg\" alt=\"DM\u30b0\u30ed\u30fc\u30b5\u30ea\u30fc\" class=\"wp-image-291\" srcset=\"https:\/\/onemd.ro\/wp-content\/uploads\/2021\/07\/f3-1.jpg 600w, https:\/\/onemd.ro\/wp-content\/uploads\/2021\/07\/f3-1-300x150.jpg 300w, https:\/\/onemd.ro\/wp-content\/uploads\/2021\/07\/f3-1-16x8.jpg 16w\" sizes=\"(max-width: 600px) 100vw, 600px\" \/><\/a><\/figure>\n\n\n\n<figure class=\"wp-block-image size-full\"><a href=\"https:\/\/www.catena.ro\/cauta\/Evy+Technology\" target=\"_blank\" rel=\" noreferrer noopener\"><img loading=\"lazy\" decoding=\"async\" width=\"600\" height=\"300\" src=\"https:\/\/onemd.ro\/wp-content\/uploads\/2021\/07\/Farmaci-5.jpg\" alt=\"\u30c1\u30a7\u30fc\u30f3\" class=\"wp-image-111\" srcset=\"https:\/\/onemd.ro\/wp-content\/uploads\/2021\/07\/Farmaci-5.jpg 600w, https:\/\/onemd.ro\/wp-content\/uploads\/2021\/07\/Farmaci-5-300x150.jpg 300w, https:\/\/onemd.ro\/wp-content\/uploads\/2021\/07\/Farmaci-5-16x8.jpg 16w\" sizes=\"(max-width: 600px) 100vw, 600px\" \/><\/a><\/figure>\n\n\n\n<figure class=\"wp-block-image size-full\"><a href=\"https:\/\/www.springfarma.com\/evy-technology.html\" target=\"_blank\" rel=\" noreferrer noopener\"><img loading=\"lazy\" decoding=\"async\" width=\"600\" height=\"300\" src=\"https:\/\/onemd.ro\/wp-content\/uploads\/2025\/08\/Spring-Farma.jpg\" alt=\"\" class=\"wp-image-1611\" srcset=\"https:\/\/onemd.ro\/wp-content\/uploads\/2025\/08\/Spring-Farma.jpg 600w, https:\/\/onemd.ro\/wp-content\/uploads\/2025\/08\/Spring-Farma-300x150.jpg 300w, https:\/\/onemd.ro\/wp-content\/uploads\/2025\/08\/Spring-Farma-18x9.jpg 18w\" sizes=\"(max-width: 600px) 100vw, 600px\" \/><\/a><\/figure>\n<\/div>\n\n\n\n<p><\/p>","protected":false},"excerpt":{"rendered":"<p>EVY Technology este un brand suedez de \u00eengrijire a pielii, recunoscut pentru produsele sale inovatoare de protec\u021bie solar\u0103 \u0219i de \u00eengrijire a pielii. Tehnologia avansat\u0103 a brandului ofer\u0103 solu\u021bii eficiente \u0219i de lung\u0103 durat\u0103 pentru protec\u021bia \u00eempotriva radia\u021biilor UV \u0219i a altor factori de mediu, men\u021bin\u00e2nd \u00een acela\u0219i timp s\u0103n\u0103tatea \u0219i vitalitatea pielii. Produsele cheie EVY Technology &#8211; Daily UV Face Mousse SPF50: O protec\u021bie solar\u0103 zilnic\u0103 sub form\u0103 de mousse, care ofer\u0103 protec\u021bie ridicat\u0103 \u00eempotriva radia\u021biilor UVA \u0219i UVB, av\u00e2nd o formul\u0103 u\u0219oar\u0103 \u0219i non-gras\u0103, ideal\u0103 pentru toate tipurile de piele. &#8211; Sunscreen Mousse SPF30: Un mousse de protec\u021bie solar\u0103 cu SPF30, care asigur\u0103 o acoperire uniform\u0103 \u0219i de [&hellip;]<\/p>","protected":false},"author":1,"featured_media":0,"parent":0,"menu_order":0,"comment_status":"closed","ping_status":"closed","template":"","meta":{"footnotes":""},"class_list":["post-695","page","type-page","status-publish","hentry"],"aioseo_notices":[],"_links":{"self":[{"href":"https:\/\/onemd.ro\/ja\/wp-json\/wp\/v2\/pages\/695","targetHints":{"allow":["GET"]}}],"collection":[{"href":"https:\/\/onemd.ro\/ja\/wp-json\/wp\/v2\/pages"}],"about":[{"href":"https:\/\/onemd.ro\/ja\/wp-json\/wp\/v2\/types\/page"}],"author":[{"embeddable":true,"href":"https:\/\/onemd.ro\/ja\/wp-json\/wp\/v2\/users\/1"}],"replies":[{"embeddable":true,"href":"https:\/\/onemd.ro\/ja\/wp-json\/wp\/v2\/comments?post=695"}],"version-history":[{"count":3,"href":"https:\/\/onemd.ro\/ja\/wp-json\/wp\/v2\/pages\/695\/revisions"}],"predecessor-version":[{"id":1712,"href":"https:\/\/onemd.ro\/ja\/wp-json\/wp\/v2\/pages\/695\/revisions\/1712"}],"wp:attachment":[{"href":"https:\/\/onemd.ro\/ja\/wp-json\/wp\/v2\/media?parent=695"}],"curies":[{"name":"wp","href":"https:\/\/api.w.org\/{rel}","templated":true}]}}