{"id":697,"date":"2024-05-27T06:14:55","date_gmt":"2024-05-27T06:14:55","guid":{"rendered":"https:\/\/onemd.ro\/?page_id=697"},"modified":"2025-08-20T11:21:50","modified_gmt":"2025-08-20T11:21:50","slug":"im-from","status":"publish","type":"page","link":"https:\/\/onemd.ro\/ja\/im-from\/","title":{"rendered":"\u51fa\u8eab\u5730"},"content":{"rendered":"<div class=\"wp-block-image\">\n<figure class=\"aligncenter size-medium\"><img decoding=\"async\" width=\"300\" height=\"150\" src=\"https:\/\/onemd.ro\/wp-content\/uploads\/2021\/07\/imfrom-300x150.jpg\" alt=\"\u51fa\u8eab\u5730\" class=\"wp-image-309\" title=\"\u51fa\u8eab\u5730\" srcset=\"https:\/\/onemd.ro\/wp-content\/uploads\/2021\/07\/imfrom-300x150.jpg 300w, https:\/\/onemd.ro\/wp-content\/uploads\/2021\/07\/imfrom-1024x512.jpg 1024w, https:\/\/onemd.ro\/wp-content\/uploads\/2021\/07\/imfrom-768x384.jpg 768w, https:\/\/onemd.ro\/wp-content\/uploads\/2021\/07\/imfrom-16x8.jpg 16w, https:\/\/onemd.ro\/wp-content\/uploads\/2021\/07\/imfrom.jpg 1058w\" sizes=\"(max-width: 300px) 100vw, 300px\" \/><\/figure><\/div>\n\n\n<p><strong>I'm From\u306f\u97d3\u56fd\u306e\u30b9\u30ad\u30f3\u30b1\u30a2\u30fb\u30d6\u30e9\u30f3\u30c9\u3067\u3001\u539f\u7523\u5730\u76f4\u9001\u306e\u30ca\u30c1\u30e5\u30e9\u30eb\u3067\u672c\u7269\u306e\u539f\u6599\u3092\u4f7f\u7528\u3057\u3066\u3044\u308b\u3053\u3068\u3067\u77e5\u3089\u308c\u3066\u3044\u308b\u3002<\/strong>.\u3053\u306e\u30d6\u30e9\u30f3\u30c9\u306f\u900f\u660e\u6027\u3068\u54c1\u8cea\u306b\u91cd\u70b9\u3092\u7f6e\u304d\u3001\u808c\u306e\u5065\u5eb7\u3068\u6d3b\u529b\u3092\u7dad\u6301\u3059\u308b\u65b0\u9bae\u3067\u30af\u30ea\u30fc\u30f3\u306a\u6210\u5206\u3092\u914d\u5408\u3057\u305f\u88fd\u54c1\u3092\u63d0\u4f9b\u3057\u3066\u3044\u308b\u3002<\/p>\n\n\n\n<p class=\"has-primary-color has-text-color\"><strong>\u4e3b\u306a\u88fd\u54c1<\/strong><\/p>\n\n\n\n<p>&#8211; <strong>\u30a2\u30a4\u30e0\u30fb\u30d5\u30ed\u30e0\u30fb\u30cf\u30cb\u30fc\u30fb\u30de\u30b9\u30af<\/strong>38,7%\u306e\u7d14\u7c8b\u306a\u30b8\u30ea\u30b5\u30f3\u30cf\u30cb\u30fc\u3092\u914d\u5408\u3057\u305f\u3001\u4fdd\u6e7f\u3068\u6804\u990a\u88dc\u7d66\u306e\u30de\u30b9\u30af\u3002<\/p>\n\n\n\n<p>&#8211; <strong>\u3088\u3082\u304e\u30a8\u30c3\u30bb\u30f3\u30b9<\/strong>100%\u30ac\u30f3\u30b3\u30a6\u30e8\u30e2\u30ae\u30a8\u30ad\u30b9\u914d\u5408\u306e\u93ae\u9759\u30a8\u30c3\u30bb\u30f3\u30b9\u3067\u3001\u808c\u3092\u843d\u3061\u7740\u304b\u305b\u30d0\u30e9\u30f3\u30b9\u3092\u6574\u3048\u3001\u8d64\u307f\u3084\u708e\u75c7\u3092\u6291\u3048\u307e\u3059\u3002<\/p>\n\n\n\n<p>&#8211;<strong> \u30a2\u30a4\u30e0\u30fb\u30d5\u30ed\u30e0\u30fb\u30e9\u30a4\u30b9\u30fb\u30c8\u30ca\u30fc<\/strong>77,78%\u306e\u9a6a\u5dde\u7c73\u30a8\u30ad\u30b9\u3092\u914d\u5408\u3057\u305f\u3001\u4fdd\u6e7f\u3068\u30d6\u30e9\u30a4\u30c8\u30cb\u30f3\u30b0\u52b9\u679c\u306e\u3042\u308b\u5316\u7ca7\u6c34\u3002<\/p>\n\n\n\n<p>&#8211; <strong>\u30a2\u30a4\u30e0\u30fb\u30d5\u30ed\u30e0\u30fb\u30d5\u30a3\u30b0 \u30b9\u30af\u30e9\u30d6\u30de\u30b9\u30af<\/strong>\u30e8\u30f3\u30a2\u30e0\u7523\u30a4\u30c1\u30b8\u30af\u306e\u30d1\u30a6\u30c0\u30fc\u304c\u53e4\u3044\u89d2\u8cea\u3084\u4e0d\u7d14\u7269\u3092\u53d6\u308a\u9664\u304d\u3001\u306a\u3081\u3089\u304b\u3067\u751f\u304d\u751f\u304d\u3068\u3057\u305f\u808c\u3078\u3068\u5c0e\u304d\u307e\u3059\u3002<\/p>\n\n\n\n<p>&#8211; <strong>\u9ad8\u9e97\u4eba\u53c2\u7f8e\u5bb9\u6db2\u304b\u3089\u6765\u307e\u3057\u305f<\/strong>7,98%\u306e\u9326\u5c71\u7d05\u53c2\u30a8\u30ad\u30b9\u3092\u914d\u5408\u3057\u305f\u3001\u6d3b\u529b\u3092\u4e0e\u3048\u308b\u7f8e\u5bb9\u6db2\u3002<\/p>\n\n\n\n<p><strong>\u30a2\u30a4\u30e0\u30d5\u30ed\u30e0\u306e\u88fd\u54c1\u306f\u3001\u808c\u306e\u591a\u69d8\u306a\u30cb\u30fc\u30ba\u3092\u6e80\u305f\u3059\u305f\u3081\u306b\u958b\u767a\u3055\u308c\u305f\u3001\u672c\u683c\u7684\u3067\u52b9\u679c\u7684\u306a\u51e6\u65b9\u3067\u8a8d\u3081\u3089\u308c\u3066\u3044\u308b\u3002<\/strong>.\u3053\u306e\u30d6\u30e9\u30f3\u30c9\u306f\u3001\u54c1\u8cea\u3068\u900f\u660e\u6027\u3078\u306e\u3053\u3060\u308f\u308a\u3067\u969b\u7acb\u3063\u3066\u304a\u308a\u3001\u81ea\u7136\u3068\u808c\u306e\u5065\u5eb7\u3092\u5c0a\u91cd\u3057\u305f\u30b9\u30ad\u30f3\u30b1\u30a2\u30bd\u30ea\u30e5\u30fc\u30b7\u30e7\u30f3\u3092\u63d0\u4f9b\u3057\u3066\u3044\u308b\u3002<\/p>\n\n\n\n<hr class=\"wp-block-separator aligncenter has-alpha-channel-opacity\"\/>\n\n\n\n<p class=\"has-text-align-center\"><strong>\u30aa\u30f3\u30e9\u30a4\u30f3\u3067\u5546\u54c1\u3092\u6ce8\u6587\u3059\u308b <strong>\u51fa\u8eab\u5730<\/strong><\/strong> <strong>\u30aa\u30d5\u30a3\u30b7\u30e3\u30eb\u30fb\u30d1\u30fc\u30c8\u30ca\u30fc\u30fb\u30b7\u30e7\u30c3\u30d7\u304b\u3089\uff1a<\/strong><\/p>\n\n\n\n<div class=\"wp-block-group has-large-font-size is-layout-grid wp-container-core-group-is-layout-9649a0d9 wp-block-group-is-layout-grid\">\n<figure class=\"wp-block-image size-medium\"><a href=\"https:\/\/sole.ro\/brand\/i-m-from\" target=\"_blank\" rel=\" noreferrer noopener\"><img decoding=\"async\" width=\"300\" height=\"150\" src=\"https:\/\/onemd.ro\/wp-content\/uploads\/2021\/07\/f6-2-300x150.jpg\" alt=\"\u30bd\u30fc\u30eb\u30ed\" class=\"wp-image-297\" srcset=\"https:\/\/onemd.ro\/wp-content\/uploads\/2021\/07\/f6-2-300x150.jpg 300w, https:\/\/onemd.ro\/wp-content\/uploads\/2021\/07\/f6-2-16x8.jpg 16w, https:\/\/onemd.ro\/wp-content\/uploads\/2021\/07\/f6-2.jpg 600w\" sizes=\"(max-width: 300px) 100vw, 300px\" \/><\/a><\/figure>\n\n\n\n<figure class=\"wp-block-image size-medium\"><a href=\"https:\/\/comenzi.farmaciatei.ro\/brand\/im-from\" target=\"_blank\" rel=\" noreferrer noopener\"><img decoding=\"async\" width=\"300\" height=\"150\" src=\"https:\/\/onemd.ro\/wp-content\/uploads\/2021\/07\/f1-1-300x150.jpg\" alt=\"\u30c6\u30a4\u85ac\u5c40\u30aa\u30d5\u30a3\u30b7\u30e3\u30eb\u30d1\u30fc\u30c8\u30ca\u30fc\u30b7\u30e7\u30c3\u30d7\" class=\"wp-image-301\" srcset=\"https:\/\/onemd.ro\/wp-content\/uploads\/2021\/07\/f1-1-300x150.jpg 300w, https:\/\/onemd.ro\/wp-content\/uploads\/2021\/07\/f1-1-16x8.jpg 16w, https:\/\/onemd.ro\/wp-content\/uploads\/2021\/07\/f1-1.jpg 600w\" sizes=\"(max-width: 300px) 100vw, 300px\" \/><\/a><\/figure>\n\n\n\n<figure class=\"wp-block-image size-medium\"><a href=\"https:\/\/comenzi.bebetei.ro\/brand\/im-from\" target=\"_blank\" rel=\" noreferrer noopener\"><img loading=\"lazy\" decoding=\"async\" width=\"300\" height=\"150\" src=\"https:\/\/onemd.ro\/wp-content\/uploads\/2021\/07\/f4-300x150.jpg\" alt=\"\u3079\u3079\u4ead\u30aa\u30d5\u30a3\u30b7\u30e3\u30eb\u30d1\u30fc\u30c8\u30ca\u30fc\u30b7\u30e7\u30c3\u30d7\" class=\"wp-image-292\" srcset=\"https:\/\/onemd.ro\/wp-content\/uploads\/2021\/07\/f4-300x150.jpg 300w, https:\/\/onemd.ro\/wp-content\/uploads\/2021\/07\/f4-16x8.jpg 16w, https:\/\/onemd.ro\/wp-content\/uploads\/2021\/07\/f4.jpg 600w\" sizes=\"(max-width: 300px) 100vw, 300px\" \/><\/a><\/figure>\n\n\n\n<figure class=\"wp-block-image size-medium\"><a href=\"https:\/\/www.drmax.ro\/i-m-from\" target=\"_blank\" rel=\" noreferrer noopener\"><img loading=\"lazy\" decoding=\"async\" width=\"300\" height=\"129\" src=\"https:\/\/onemd.ro\/wp-content\/uploads\/2024\/05\/dr-max-300x129.jpg\" alt=\"\u30c9\u30af\u30bf\u30fc\u30de\u30c3\u30af\u30b9\u516c\u5f0f\u30d1\u30fc\u30c8\u30ca\u30fc\u30b7\u30e7\u30c3\u30d7\" class=\"wp-image-673\" srcset=\"https:\/\/onemd.ro\/wp-content\/uploads\/2024\/05\/dr-max-300x129.jpg 300w, https:\/\/onemd.ro\/wp-content\/uploads\/2024\/05\/dr-max-18x8.jpg 18w, https:\/\/onemd.ro\/wp-content\/uploads\/2024\/05\/dr-max.jpg 473w\" sizes=\"(max-width: 300px) 100vw, 300px\" \/><\/a><\/figure>\n<\/div>\n\n\n\n<p><\/p>","protected":false},"excerpt":{"rendered":"<p>I&#8217;m From este un brand coreean de \u00eengrijire a pielii, recunoscut pentru utilizarea ingredientelor naturale \u0219i autentice, direct din sursa lor de origine. Brandul se concentreaz\u0103 pe transparen\u021b\u0103 \u0219i calitate, oferind produse formulate cu ingrediente proaspete \u0219i curate, care men\u021bin s\u0103n\u0103tatea \u0219i vitalitatea pielii. Produsele cheie I&#8217;m From &#8211; I&#8217;m From Honey Mask: O masc\u0103 hidratant\u0103 \u0219i hr\u0103nitoare, formulat\u0103 cu 38,7% miere pur\u0103 din Jirisan, care ofer\u0103 hidratare intens\u0103 \u0219i repara\u021bii pentru pielea uscat\u0103 \u0219i sensibil\u0103. &#8211; I&#8217;m From Mugwort Essence: O esen\u021b\u0103 calmant\u0103, con\u021bin\u00e2nd 100% extract de pelin din Ganghwa, care ajut\u0103 la calmarea \u0219i echilibrarea pielii, reduc\u00e2nd ro\u0219ea\u021ba \u0219i inflama\u021bia. &#8211; I&#8217;m From Rice Toner: Un toner hidratant [&hellip;]<\/p>","protected":false},"author":1,"featured_media":0,"parent":0,"menu_order":0,"comment_status":"closed","ping_status":"closed","template":"","meta":{"footnotes":""},"class_list":["post-697","page","type-page","status-publish","hentry"],"aioseo_notices":[],"_links":{"self":[{"href":"https:\/\/onemd.ro\/ja\/wp-json\/wp\/v2\/pages\/697","targetHints":{"allow":["GET"]}}],"collection":[{"href":"https:\/\/onemd.ro\/ja\/wp-json\/wp\/v2\/pages"}],"about":[{"href":"https:\/\/onemd.ro\/ja\/wp-json\/wp\/v2\/types\/page"}],"author":[{"embeddable":true,"href":"https:\/\/onemd.ro\/ja\/wp-json\/wp\/v2\/users\/1"}],"replies":[{"embeddable":true,"href":"https:\/\/onemd.ro\/ja\/wp-json\/wp\/v2\/comments?post=697"}],"version-history":[{"count":10,"href":"https:\/\/onemd.ro\/ja\/wp-json\/wp\/v2\/pages\/697\/revisions"}],"predecessor-version":[{"id":1599,"href":"https:\/\/onemd.ro\/ja\/wp-json\/wp\/v2\/pages\/697\/revisions\/1599"}],"wp:attachment":[{"href":"https:\/\/onemd.ro\/ja\/wp-json\/wp\/v2\/media?parent=697"}],"curies":[{"name":"wp","href":"https:\/\/api.w.org\/{rel}","templated":true}]}}