{"id":699,"date":"2024-05-27T06:17:27","date_gmt":"2024-05-27T06:17:27","guid":{"rendered":"https:\/\/onemd.ro\/?page_id=699"},"modified":"2025-04-29T11:01:37","modified_gmt":"2025-04-29T11:01:37","slug":"brand-skintegra","status":"publish","type":"page","link":"https:\/\/onemd.ro\/ja\/brand-skintegra\/","title":{"rendered":"\u30b9\u30ad\u30f3\u30c6\u30b0\u30e9"},"content":{"rendered":"<div class=\"wp-block-image\"><figure class=\"aligncenter size-medium\"><img decoding=\"async\" width=\"300\" height=\"150\" src=\"https:\/\/onemd.ro\/wp-content\/uploads\/2021\/07\/skintegra-300x150.jpg\" alt=\"\u30b9\u30ad\u30f3\u30c6\u30b0\u30e9\" class=\"wp-image-318\" title=\"\u30b9\u30ad\u30f3\u30c6\u30b0\u30e9\" srcset=\"https:\/\/onemd.ro\/wp-content\/uploads\/2021\/07\/skintegra-300x150.jpg 300w, https:\/\/onemd.ro\/wp-content\/uploads\/2021\/07\/skintegra-1024x512.jpg 1024w, https:\/\/onemd.ro\/wp-content\/uploads\/2021\/07\/skintegra-768x384.jpg 768w, https:\/\/onemd.ro\/wp-content\/uploads\/2021\/07\/skintegra-16x8.jpg 16w, https:\/\/onemd.ro\/wp-content\/uploads\/2021\/07\/skintegra.jpg 1058w\" sizes=\"(max-width: 300px) 100vw, 300px\" \/><\/figure><\/div>\n\n\n\n<p><strong>\u30b9\u30ad\u30f3\u30c6\u30b0\u30e9\u306f\u3001\u52b9\u679c\u7684\u3067\u5b89\u5168\u306a\u76ae\u819a\u5316\u7ca7\u54c1\u306e\u958b\u767a\u306b\u7279\u5316\u3057\u305f\u3001\u9769\u65b0\u7684\u306a\u30b9\u30ad\u30f3\u30b1\u30a2\u30d6\u30e9\u30f3\u30c9\u3067\u3059\u3002\u5148\u9032\u306e\u79d1\u5b66\u7684\u7814\u7a76\u306b\u57fa\u3065\u304d\u3001\u30b9\u30ad\u30f3\u30c6\u30b0\u30e9\u306f\u69d8\u3005\u306a\u808c\u30c8\u30e9\u30d6\u30eb\u306b\u5bfe\u3057\u3001\u9ad8\u54c1\u8cea\u306e\u6709\u52b9\u6210\u5206\u3068\u808c\u306b\u512a\u3057\u3044\u51e6\u65b9\u306b\u91cd\u70b9\u3092\u7f6e\u304d\u3001\u4e00\u4eba\u3072\u3068\u308a\u306b\u5408\u3063\u305f\u30bd\u30ea\u30e5\u30fc\u30b7\u30e7\u30f3\u3092\u63d0\u4f9b\u3057\u3066\u3044\u307e\u3059\u3002<\/strong><\/p>\n\n\n\n<p class=\"has-primary-color has-text-color\"><strong><a href=\"https:\/\/www.sole.ro\/brand\/skintegra\" target=\"_blank\" rel=\"noopener\" title=\"\u30b9\u30ad\u30f3\u30c6\u30b0\u30e9\u4e3b\u8981\u88fd\u54c1\">\u30b9\u30ad\u30f3\u30c6\u30b0\u30e9\u4e3b\u8981\u88fd\u54c1<\/a><\/strong><\/p>\n\n\n\n<p>&#8211; <strong>\u30af\u30e9\u30ea\u30aa\u30f3<\/strong>\u30b5\u30ea\u30c1\u30eb\u9178\u3068\u30b0\u30eb\u30b3\u30ce\u30e9\u30af\u30c8\u30f3\u304c\u914d\u5408\u3055\u308c\u305f\u3001\u30cb\u30ad\u30d3\u808c\u3084\u30b7\u30df\u306e\u3067\u304d\u3084\u3059\u3044\u808c\u306b\u6700\u9069\u306a\u30b1\u30df\u30ab\u30eb\u30a8\u30af\u30b9\u30d5\u30a9\u30ea\u30a8\u30fc\u30bf\u30fc\u3002<\/p>\n\n\n\n<p>&#8211; <strong>\u7d20\u6674\u3089\u3057\u3044C<\/strong>\u30d5\u30ea\u30fc\u30e9\u30b8\u30ab\u30eb\u304b\u3089\u808c\u3092\u5b88\u308a\u306a\u304c\u3089\u3001\u9854\u8272\u3092\u660e\u308b\u304f\u5747\u4e00\u306b\u6574\u3048\u308b\u5b89\u5b9a\u5316\u30d3\u30bf\u30df\u30f3C\u914d\u5408\u306e\u6297\u9178\u5316\u7f8e\u5bb9\u6db2\u3002<\/p>\n\n\n\n<p>&#8211; <strong>\u30b9\u30da\u30af\u30c8\u30eb<\/strong>\u3042\u3089\u3086\u308b\u808c\u30bf\u30a4\u30d7\u306b\u9069\u3057\u305f\u591a\u6a5f\u80fd\u30e2\u30a4\u30b9\u30c1\u30e3\u30e9\u30a4\u30b6\u30fc\u3002<\/p>\n\n\n\n<p>&#8211; <strong>\u30eb\u30ca<\/strong>\u93ae\u9759\u6210\u5206\u3068\u6297\u708e\u75c7\u6210\u5206\u3092\u914d\u5408\u3057\u305f\u3001\u654f\u611f\u808c\u3068\u8d64\u307f\u304c\u51fa\u3084\u3059\u3044\u808c\u306e\u305f\u3081\u306e\u96c6\u4e2d\u7f8e\u5bb9\u6db2\u3002<\/p>\n\n\n\n<p>&#8211; <strong>\u30bd\u30fc\u30e9\u30fcI<\/strong>UVA\u3068UVB\u304b\u3089\u808c\u3092\u52b9\u679c\u7684\u306b\u4fdd\u8b77\u3059\u308bSPF30\u306e\u65e5\u713c\u3051\u6b62\u3081\u3002<strong>\u30b9\u30ad\u30f3\u30c6\u30b0\u30e9\u88fd\u54c1\u306f\u3001\u523a\u6fc0\u6027\u306e\u6210\u5206\u3092\u542b\u307e\u306a\u3044\u51e6\u65b9\u3067\u3001\u6700\u3082\u654f\u611f\u306a\u808c\u30bf\u30a4\u30d7\u306b\u3082\u9069\u3057\u3066\u3044\u307e\u3059\u3002<\/strong>.\u3053\u306e\u30d6\u30e9\u30f3\u30c9\u306f\u3001\u88fd\u54c1\u306e\u6709\u52b9\u6027\u3068\u5b89\u5168\u6027\u306b\u5bfe\u3059\u308b\u900f\u660e\u6027\u306e\u9ad8\u3044\u30a2\u30d7\u30ed\u30fc\u30c1\u3068\u732e\u8eab\u7684\u306a\u53d6\u308a\u7d44\u307f\u3067\u9ad8\u304f\u8a55\u4fa1\u3055\u308c\u3066\u304a\u308a\u3001\u6bce\u65e5\u306e\u30b9\u30ad\u30f3\u30b1\u30a2\u306b\u4fe1\u983c\u6027\u306e\u9ad8\u3044\u76ae\u819a\u5316\u7ca7\u54c1\u30bd\u30ea\u30e5\u30fc\u30b7\u30e7\u30f3\u3092\u63d0\u4f9b\u3057\u3066\u3044\u308b\u3002<\/p>\n\n\n\n<p class=\"has-text-align-center\"><strong>\u30aa\u30d5\u30a3\u30b7\u30e3\u30eb\u30d1\u30fc\u30c8\u30ca\u30fc\u306eSOLE\u304b\u3089\u30aa\u30f3\u30e9\u30a4\u30f3\u3067\u6ce8\u6587<\/strong><\/p>\n\n\n\n<div class=\"wp-block-buttons is-content-justification-center is-layout-flex wp-block-buttons-is-layout-flex\">\n<div class=\"wp-block-button is-style-outline is-style-outline--1\"><a class=\"wp-block-button__link has-background-color has-text-color has-background\" href=\"https:\/\/www.sole.ro\/brand\/skintegra\" style=\"border-radius:17px;background-color:#1474b8\" target=\"_blank\" rel=\"noreferrer noopener\">\u30aa\u30fc\u30c0\u30fc<\/a><\/div>\n<\/div>","protected":false},"excerpt":{"rendered":"<p>Skintegra este un brand inovator de \u00eengrijire a pielii, dedicat dezvolt\u0103rii de produse dermatocosmetice eficiente \u0219i sigure. Bazat pe cercet\u0103ri \u0219tiin\u021bifice avansate, Skintegra ofer\u0103 solu\u021bii personalizate pentru diverse probleme ale pielii, pun\u00e2nd accent pe utilizarea ingredientelor active de \u00eenalt\u0103 calitate \u0219i formule bl\u00e2nde. Produsele cheie Skintegra &#8211; Clarion: Un exfoliant chimic bl\u00e2nd, formulat cu acid salicilic \u0219i gluconolacton\u0103, ideal pentru pielea predispus\u0103 la acnee \u0219i imperfec\u021biuni. &#8211; Superba C: Un ser antioxidant cu vitamina C stabilizat\u0103, care lumineaz\u0103 \u0219i uniformizeaz\u0103 tenul, protej\u00e2nd \u00een acela\u0219i timp \u00eempotriva radicalilor liberi. &#8211; Spectra: O crem\u0103 hidratant\u0103 multifunc\u021bional\u0103, potrivit\u0103 pentru toate tipurile de piele, care ofer\u0103 hidratare intens\u0103 \u0219i reparare a barierei cutanate. &#8211; [&hellip;]<\/p>","protected":false},"author":1,"featured_media":0,"parent":0,"menu_order":0,"comment_status":"closed","ping_status":"closed","template":"","meta":{"footnotes":""},"class_list":["post-699","page","type-page","status-publish","hentry"],"aioseo_notices":[],"_links":{"self":[{"href":"https:\/\/onemd.ro\/ja\/wp-json\/wp\/v2\/pages\/699","targetHints":{"allow":["GET"]}}],"collection":[{"href":"https:\/\/onemd.ro\/ja\/wp-json\/wp\/v2\/pages"}],"about":[{"href":"https:\/\/onemd.ro\/ja\/wp-json\/wp\/v2\/types\/page"}],"author":[{"embeddable":true,"href":"https:\/\/onemd.ro\/ja\/wp-json\/wp\/v2\/users\/1"}],"replies":[{"embeddable":true,"href":"https:\/\/onemd.ro\/ja\/wp-json\/wp\/v2\/comments?post=699"}],"version-history":[{"count":2,"href":"https:\/\/onemd.ro\/ja\/wp-json\/wp\/v2\/pages\/699\/revisions"}],"predecessor-version":[{"id":896,"href":"https:\/\/onemd.ro\/ja\/wp-json\/wp\/v2\/pages\/699\/revisions\/896"}],"wp:attachment":[{"href":"https:\/\/onemd.ro\/ja\/wp-json\/wp\/v2\/media?parent=699"}],"curies":[{"name":"wp","href":"https:\/\/api.w.org\/{rel}","templated":true}]}}