{"id":703,"date":"2024-05-27T06:21:39","date_gmt":"2024-05-27T06:21:39","guid":{"rendered":"https:\/\/onemd.ro\/?page_id=703"},"modified":"2025-08-29T09:20:49","modified_gmt":"2025-08-29T09:20:49","slug":"allies-of-skin","status":"publish","type":"page","link":"https:\/\/onemd.ro\/ja\/allies-of-skin\/","title":{"rendered":"\u808c\u306e\u5473\u65b9"},"content":{"rendered":"<div class=\"wp-block-image\">\n<figure class=\"aligncenter size-medium\"><img decoding=\"async\" width=\"300\" height=\"150\" src=\"https:\/\/onemd.ro\/wp-content\/uploads\/2023\/06\/Allies-Of-Skin-1-300x150.jpg\" alt=\"\" class=\"wp-image-588\" srcset=\"https:\/\/onemd.ro\/wp-content\/uploads\/2023\/06\/Allies-Of-Skin-1-300x150.jpg 300w, https:\/\/onemd.ro\/wp-content\/uploads\/2023\/06\/Allies-Of-Skin-1-1024x512.jpg 1024w, https:\/\/onemd.ro\/wp-content\/uploads\/2023\/06\/Allies-Of-Skin-1-768x384.jpg 768w, https:\/\/onemd.ro\/wp-content\/uploads\/2023\/06\/Allies-Of-Skin-1-18x9.jpg 18w, https:\/\/onemd.ro\/wp-content\/uploads\/2023\/06\/Allies-Of-Skin-1.jpg 1058w\" sizes=\"(max-width: 300px) 100vw, 300px\" \/><\/figure><\/div>\n\n\n<p><strong>\u30a2\u30ea\u30fc\u30ba\u30fb\u30aa\u30d6\u30fb\u30b9\u30ad\u30f3\u306f\u3001\u73fe\u4ee3\u79d1\u5b66\u3068\u9ad8\u54c1\u8cea\u306e\u6709\u52b9\u6210\u5206\u3092\u7d44\u307f\u5408\u308f\u305b\u305f\u3001\u5148\u9032\u7684\u3067\u52b9\u679c\u7684\u306a\u51e6\u65b9\u3067\u77e5\u3089\u308c\u308b\u30b9\u30ad\u30f3\u30b1\u30a2\u30d6\u30e9\u30f3\u30c9\u3067\u3059\u3002<\/strong>.\u30a2\u30ea\u30fc\u30ba\u30fb\u30aa\u30d6\u30fb\u30b9\u30ad\u30f3\u306f\u3001\u808c\u306e\u5065\u5eb7\u3068\u6d3b\u529b\u3092\u7dad\u6301\u3057\u306a\u304c\u3089\u3001\u69d8\u3005\u306a\u808c\u30c8\u30e9\u30d6\u30eb\u306e\u6cbb\u7642\u3068\u4e88\u9632\u3092\u76ee\u7684\u3068\u3057\u305f\u30b9\u30ad\u30f3\u30b1\u30a2\u30bd\u30ea\u30e5\u30fc\u30b7\u30e7\u30f3\u3092\u63d0\u4f9b\u3057\u3066\u3044\u307e\u3059\u3002<\/p>\n\n\n\n<p class=\"has-primary-color has-text-color\"><strong>\u808c\u306e\u5473\u65b9 \u4e3b\u8981\u88fd\u54c1<\/strong><\/p>\n\n\n\n<p>&#8211; <strong>1A \u30ec\u30c1\u30ca\u30fc\u30eb\uff06\u30da\u30d7\u30c1\u30c9 \u30aa\u30fc\u30d0\u30fc\u30ca\u30a4\u30c8\u30de\u30b9\u30af<\/strong>\u30ec\u30c1\u30ca\u30fc\u30eb\u3068\u30da\u30d7\u30c1\u30c9\u3092\u914d\u5408\u3057\u305f\u5f37\u529b\u306a\u30ca\u30a4\u30c8\u30de\u30b9\u30af\u3067\u3001\u808c\u3092\u518d\u751f\u3057\u3001\u5c0f\u30b8\u30ef\u3092\u76ee\u7acb\u305f\u306a\u304f\u3057\u3001\u30ad\u30e1\u3092\u6574\u3048\u307e\u3059\u3002<\/p>\n\n\n\n<p>&#8211; <strong>\u30e2\u30ec\u30ad\u30e5\u30e9\u30fc\u30fb\u30bb\u30a4\u30d0\u30fc\u30fb\u30d7\u30ed\u30d0\u30a4\u30aa\u30c6\u30a3\u30af\u30b9\u30fb\u30ea\u30da\u30a2\u30fb\u30df\u30b9\u30c8<\/strong>\u808c\u306b\u3046\u308b\u304a\u3044\u3092\u4e0e\u3048\u3001\u30d0\u30e9\u30f3\u30b9\u3092\u6574\u3048\u3001\u6297\u9178\u5316\u4f5c\u7528\u3067\u808c\u3092\u4fdd\u8b77\u3057\u3001\u708e\u75c7\u3092\u93ae\u3081\u308b\u30d7\u30ed\u30d0\u30a4\u30aa\u30c6\u30a3\u30af\u30b9\u30fb\u30d5\u30a7\u30a4\u30b7\u30e3\u30eb\u30b9\u30d7\u30ec\u30fc\u3002<\/p>\n\n\n\n<p>&#8211; <strong>\u30d7\u30ed\u30df\u30b9\u30fb\u30ad\u30fc\u30d1\u30fc \u30b7\u30df\u53d6\u308a\u30b9\u30ea\u30fc\u30d4\u30f3\u30b0\u30fb\u30d5\u30a7\u30a4\u30b7\u30e3\u30eb<\/strong>\u30b7\u30df\u3092\u6700\u5c0f\u9650\u306b\u6291\u3048\u3001\u30b7\u30df\u306e\u51fa\u73fe\u3092\u9632\u304e\u3001\u900f\u660e\u611f\u306e\u3042\u308b\u306a\u3081\u3089\u304b\u306a\u808c\u3092\u4fdd\u3061\u307e\u3059\u3002<\/p>\n\n\n\n<p>&#8211; <strong>\u30da\u30d7\u30c1\u30c9\uff06\u6297\u9178\u5316\u6210\u5206 \u30d5\u30a1\u30fc\u30df\u30f3\u30b0 \u30c7\u30a4\u30ea\u30fc \u30c8\u30ea\u30fc\u30c8\u30e1\u30f3\u30c8<\/strong>\u30b3\u30e9\u30fc\u30b2\u30f3\u306e\u751f\u6210\u3092\u4fc3\u9032\u3057\u3001\u808c\u306e\u5f3e\u529b\u6027\u3092\u9ad8\u3081\u307e\u3059\u3002<\/p>\n\n\n\n<p>&#8211; <strong>\u30de\u30f3\u30c7\u30ea\u30c3\u30af\u30fb\u30d4\u30b0\u30e1\u30f3\u30c6\u30fc\u30b7\u30e7\u30f3\u30fb\u30b3\u30ec\u30af\u30bf\u30fc\u30fb\u30ca\u30a4\u30c8\u30fb\u30bb\u30e9\u30e0<\/strong>\u8272\u7d20\u6c88\u7740\u3092\u88dc\u6b63\u3057\u3001\u808c\u306e\u30c8\u30fc\u30f3\u3092\u5747\u4e00\u306b\u3059\u308b\u30de\u30f3\u30c7\u30eb\u9178\u914d\u5408\u306e\u591c\u7528\u7f8e\u5bb9\u6db2\u3002<strong>\u30a2\u30ea\u30fc\u30ba\u30fb\u30aa\u30d6\u30fb\u30b9\u30ad\u30f3\u306e\u88fd\u54c1\u306f\u3001\u76ee\u306b\u898b\u3048\u308b\u52b9\u679c\u3092\u9577\u6642\u9593\u6301\u7d9a\u3055\u305b\u308b\u305f\u3081\u306b\u958b\u767a\u3055\u308c\u305f\u3001\u30d1\u30ef\u30d5\u30eb\u3067\u52b9\u679c\u7684\u306a\u51e6\u65b9\u3067\u77e5\u3089\u308c\u3066\u3044\u307e\u3059\u3002<\/strong> \u3053\u306e\u30d6\u30e9\u30f3\u30c9\u306f\u3001\u4eca\u65e5\u306e\u8907\u96d1\u306a\u30b9\u30ad\u30f3\u30b1\u30a2\u30e6\u30fc\u30b6\u30fc\u306e\u30cb\u30fc\u30ba\u3092\u6e80\u305f\u3059\u30b9\u30ad\u30f3\u30b1\u30a2\u30bd\u30ea\u30e5\u30fc\u30b7\u30e7\u30f3\u3092\u63d0\u4f9b\u3057\u3001\u9769\u65b0\u3068\u5353\u8d8a\u6027\u3078\u306e\u30b3\u30df\u30c3\u30c8\u30e1\u30f3\u30c8\u3067\u8a8d\u3081\u3089\u308c\u3066\u3044\u308b\u3002<\/p>\n\n\n\n<hr class=\"wp-block-separator aligncenter has-alpha-channel-opacity\"\/>\n\n\n\n<p class=\"has-text-align-center\"><strong>\u30a2\u30ea\u30fc\u30ba\u30fb\u30aa\u30d6\u30fb\u30b9\u30ad\u30f3\u306e\u88fd\u54c1\u306f\u3001\u516c\u5f0f\u30d1\u30fc\u30c8\u30ca\u30fc\u30b7\u30e7\u30c3\u30d7\u304b\u3089\u30aa\u30f3\u30e9\u30a4\u30f3\u3067\u3054\u6ce8\u6587\u3044\u305f\u3060\u3051\u307e\u3059\uff1a<\/strong><\/p>\n\n\n\n<div class=\"wp-block-group has-large-font-size is-layout-grid wp-container-core-group-is-layout-4d858cb8 wp-block-group-is-layout-grid\">\n<figure class=\"wp-block-image size-medium\"><a href=\"https:\/\/sole.ro\/brand\/allies-of-skin\" target=\"_blank\" rel=\" noreferrer noopener\"><img decoding=\"async\" width=\"300\" height=\"150\" src=\"https:\/\/onemd.ro\/wp-content\/uploads\/2021\/07\/f6-2-300x150.jpg\" alt=\"\u30bd\u30fc\u30eb\u30ed\" class=\"wp-image-297\" srcset=\"https:\/\/onemd.ro\/wp-content\/uploads\/2021\/07\/f6-2-300x150.jpg 300w, https:\/\/onemd.ro\/wp-content\/uploads\/2021\/07\/f6-2-16x8.jpg 16w, https:\/\/onemd.ro\/wp-content\/uploads\/2021\/07\/f6-2.jpg 600w\" sizes=\"(max-width: 300px) 100vw, 300px\" \/><\/a><\/figure>\n\n\n\n<figure class=\"wp-block-image size-medium\"><a href=\"https:\/\/comenzi.farmaciatei.ro\/brand\/allies-of-skin\" target=\"_blank\" rel=\" noreferrer noopener\"><img decoding=\"async\" width=\"300\" height=\"150\" src=\"https:\/\/onemd.ro\/wp-content\/uploads\/2021\/07\/f1-1-300x150.jpg\" alt=\"\u30c6\u30a4\u85ac\u5c40\u30aa\u30d5\u30a3\u30b7\u30e3\u30eb\u30d1\u30fc\u30c8\u30ca\u30fc\u30b7\u30e7\u30c3\u30d7\" class=\"wp-image-301\" srcset=\"https:\/\/onemd.ro\/wp-content\/uploads\/2021\/07\/f1-1-300x150.jpg 300w, https:\/\/onemd.ro\/wp-content\/uploads\/2021\/07\/f1-1-16x8.jpg 16w, https:\/\/onemd.ro\/wp-content\/uploads\/2021\/07\/f1-1.jpg 600w\" sizes=\"(max-width: 300px) 100vw, 300px\" \/><\/a><\/figure>\n\n\n\n<figure class=\"wp-block-image size-medium\"><a href=\"https:\/\/comenzi.bebetei.ro\/brand\/allies-of-skin\" target=\"_blank\" rel=\" noreferrer noopener\"><img loading=\"lazy\" decoding=\"async\" width=\"300\" height=\"150\" src=\"https:\/\/onemd.ro\/wp-content\/uploads\/2021\/07\/f4-300x150.jpg\" alt=\"\u3079\u3079\u4ead\u30aa\u30d5\u30a3\u30b7\u30e3\u30eb\u30d1\u30fc\u30c8\u30ca\u30fc\u30b7\u30e7\u30c3\u30d7\" class=\"wp-image-292\" srcset=\"https:\/\/onemd.ro\/wp-content\/uploads\/2021\/07\/f4-300x150.jpg 300w, https:\/\/onemd.ro\/wp-content\/uploads\/2021\/07\/f4-16x8.jpg 16w, https:\/\/onemd.ro\/wp-content\/uploads\/2021\/07\/f4.jpg 600w\" sizes=\"(max-width: 300px) 100vw, 300px\" \/><\/a><\/figure>\n\n\n\n<figure class=\"wp-block-image size-medium\"><a href=\"https:\/\/www.drmax.ro\/allies-of-skin\" target=\"_blank\" rel=\" noreferrer noopener\"><img loading=\"lazy\" decoding=\"async\" width=\"300\" height=\"129\" src=\"https:\/\/onemd.ro\/wp-content\/uploads\/2024\/05\/dr-max-300x129.jpg\" alt=\"\u30c9\u30af\u30bf\u30fc\u30de\u30c3\u30af\u30b9\u516c\u5f0f\u30d1\u30fc\u30c8\u30ca\u30fc\u30b7\u30e7\u30c3\u30d7\" class=\"wp-image-673\" srcset=\"https:\/\/onemd.ro\/wp-content\/uploads\/2024\/05\/dr-max-300x129.jpg 300w, https:\/\/onemd.ro\/wp-content\/uploads\/2024\/05\/dr-max-18x8.jpg 18w, https:\/\/onemd.ro\/wp-content\/uploads\/2024\/05\/dr-max.jpg 473w\" sizes=\"(max-width: 300px) 100vw, 300px\" \/><\/a><\/figure>\n<\/div>\n\n\n\n<p><\/p>","protected":false},"excerpt":{"rendered":"<p>Allies of Skin este un brand de \u00eengrijire a pielii recunoscut pentru formul\u0103rile sale avansate \u0219i eficiente, care combin\u0103 \u0219tiin\u021ba modern\u0103 cu ingrediente active de \u00eenalt\u0103 calitate. Allies of Skin ofer\u0103 solu\u021bii de \u00eengrijire a pielii concepute pentru a trata \u0219i preveni diverse probleme cutanate, men\u021bin\u00e2nd \u00een acela\u0219i timp s\u0103n\u0103tatea \u0219i vitalitatea pielii. Produsele cheie Allies of Skin &#8211; 1A Retinal &amp; Peptides Overnight Mask: O masc\u0103 de noapte puternic\u0103, formulat\u0103 cu retinal \u0219i peptide, care regenereaz\u0103 pielea, reduce liniile fine \u0219i \u00eembun\u0103t\u0103\u021be\u0219te textura pielii. &#8211; Molecular Saviour Probiotics Repair Mist: Un spray facial probiotic, care hidrateaz\u0103 \u0219i reechilibreaz\u0103 pielea, oferind protec\u021bie antioxidant\u0103 \u0219i calm\u00e2nd irita\u021biile. &#8211; Promise Keeper Blemish [&hellip;]<\/p>","protected":false},"author":1,"featured_media":0,"parent":0,"menu_order":0,"comment_status":"closed","ping_status":"closed","template":"","meta":{"footnotes":""},"class_list":["post-703","page","type-page","status-publish","hentry"],"aioseo_notices":[],"_links":{"self":[{"href":"https:\/\/onemd.ro\/ja\/wp-json\/wp\/v2\/pages\/703","targetHints":{"allow":["GET"]}}],"collection":[{"href":"https:\/\/onemd.ro\/ja\/wp-json\/wp\/v2\/pages"}],"about":[{"href":"https:\/\/onemd.ro\/ja\/wp-json\/wp\/v2\/types\/page"}],"author":[{"embeddable":true,"href":"https:\/\/onemd.ro\/ja\/wp-json\/wp\/v2\/users\/1"}],"replies":[{"embeddable":true,"href":"https:\/\/onemd.ro\/ja\/wp-json\/wp\/v2\/comments?post=703"}],"version-history":[{"count":2,"href":"https:\/\/onemd.ro\/ja\/wp-json\/wp\/v2\/pages\/703\/revisions"}],"predecessor-version":[{"id":1634,"href":"https:\/\/onemd.ro\/ja\/wp-json\/wp\/v2\/pages\/703\/revisions\/1634"}],"wp:attachment":[{"href":"https:\/\/onemd.ro\/ja\/wp-json\/wp\/v2\/media?parent=703"}],"curies":[{"name":"wp","href":"https:\/\/api.w.org\/{rel}","templated":true}]}}