{"id":707,"date":"2024-05-27T06:28:02","date_gmt":"2024-05-27T06:28:02","guid":{"rendered":"https:\/\/onemd.ro\/?page_id=707"},"modified":"2025-08-29T09:54:07","modified_gmt":"2025-08-29T09:54:07","slug":"its-skin","status":"publish","type":"page","link":"https:\/\/onemd.ro\/ja\/its-skin\/","title":{"rendered":"\u808c"},"content":{"rendered":"<div class=\"wp-block-image\">\n<figure class=\"aligncenter size-medium\"><img decoding=\"async\" width=\"300\" height=\"150\" src=\"https:\/\/onemd.ro\/wp-content\/uploads\/2021\/07\/itsskin-300x150.jpg\" alt=\"\u808c\" class=\"wp-image-310\" title=\"\u808c\" srcset=\"https:\/\/onemd.ro\/wp-content\/uploads\/2021\/07\/itsskin-300x150.jpg 300w, https:\/\/onemd.ro\/wp-content\/uploads\/2021\/07\/itsskin-1024x512.jpg 1024w, https:\/\/onemd.ro\/wp-content\/uploads\/2021\/07\/itsskin-768x384.jpg 768w, https:\/\/onemd.ro\/wp-content\/uploads\/2021\/07\/itsskin-16x8.jpg 16w, https:\/\/onemd.ro\/wp-content\/uploads\/2021\/07\/itsskin.jpg 1058w\" sizes=\"(max-width: 300px) 100vw, 300px\" \/><\/figure><\/div>\n\n\n<p>\u30a4\u30c3\u30c4\u30b9\u30ad\u30f3\u306f\u3001\u5929\u7136\u6210\u5206\u3068\u5148\u9032\u6280\u8853\u3092\u99c6\u4f7f\u3057\u3001\u52b9\u679c\u7684\u3067\u624b\u9803\u306a\u4fa1\u683c\u306e\u88fd\u54c1\u3092\u958b\u767a\u3059\u308b\u3053\u3068\u3067\u6709\u540d\u306a\u97d3\u56fd\u306e\u30b9\u30ad\u30f3\u30b1\u30a2\u30d6\u30e9\u30f3\u30c9\u3067\u3059\u3002\u3042\u3089\u3086\u308b\u808c\u30bf\u30a4\u30d7\u306b\u5bfe\u5fdc\u3059\u308b\u5e45\u5e83\u3044\u30bd\u30ea\u30e5\u30fc\u30b7\u30e7\u30f3\u3067\u3001\u30a4\u30c3\u30c4\u30fb\u30b9\u30ad\u30f3\u306f\u808c\u306e\u5065\u5eb7\u3068\u898b\u305f\u76ee\u3092\u6539\u5584\u3059\u308b\u88fd\u54c1\u3092\u63d0\u4f9b\u3059\u308b\u3053\u3068\u306b\u91cd\u70b9\u3092\u7f6e\u3044\u3066\u3044\u307e\u3059\u3002<\/p>\n\n\n\n<p class=\"has-primary-color has-text-color\"><strong>\u30b9\u30ad\u30f3\u306e\u4e3b\u8981\u88fd\u54c1<\/strong><\/p>\n\n\n\n<p>&#8211; <strong>\u30d1\u30ef\u30fc10\u30d5\u30a9\u30fc\u30df\u30e5\u30e9\u30fb\u30a8\u30d5\u30a7\u30af\u30bf\u30fc<\/strong>\u30e2\u30a4\u30b9\u30c1\u30e3\u30e9\u30a4\u30b8\u30f3\u30b0\u3001\u30d6\u30e9\u30a4\u30c8\u30cb\u30f3\u30b0\u3001\u30a2\u30f3\u30c1\u30a8\u30a4\u30b8\u30f3\u30b0\u3001\u93ae\u9759\u306a\u3069\u3001\u7279\u5b9a\u306e\u808c\u60a9\u307f\u306b\u5bfe\u5fdc\u3059\u308b\u3088\u3046\u51e6\u65b9\u3055\u308c\u305f\u3001\u6fc3\u7e2e\u30bf\u30a4\u30d7\u306e\u7f8e\u5bb9\u6db2\u30b7\u30ea\u30fc\u30ba\u3002<\/p>\n\n\n\n<p>&#8211; <strong>\u30d7\u30ec\u30b9\u30c6\u30fc\u30b8 \u30af\u30ec\u30fc\u30e0\u30fb\u30c7\u30b9\u30ab\u30eb\u30b4<\/strong>: \u30ab\u30bf\u30c4\u30e0\u30ea\u30a8\u30ad\u30b9\u914d\u5408\u306e\u8d05\u6ca2\u306a\u30af\u30ea\u30fc\u30e0\u306f\u3001\u808c\u3092\u6df1\u304f\u518d\u751f\u3057\u3066\u6f64\u3044\u3092\u4e0e\u3048\u3001\u30b7\u30ef\u3092\u76ee\u7acb\u305f\u306a\u304f\u3057\u3001\u808c\u306e\u5f3e\u529b\u6027\u3092\u9ad8\u3081\u307e\u3059\u3002<\/p>\n\n\n\n<p>&#8211; <strong>\u30a2\u30ed\u30a8\u30fb\u30b9\u30fc\u30b8\u30f3\u30b0\u30fb\u30b8\u30a7\u30eb<\/strong>\u30a2\u30ed\u30a8\u30d9\u30e9\u30a8\u30ad\u30b9\u3092\u914d\u5408\u3057\u305f\u3001\u808c\u3092\u843d\u3061\u7740\u304b\u305b\u3001\u6f64\u3044\u3092\u4e0e\u3048\u308b\u30b8\u30a7\u30eb\u3002<\/p>\n\n\n\n<p>&#8211; <strong>\u30b3\u30e9\u30fc\u30b2\u30f3\u6804\u990a\u30af\u30ea\u30fc\u30e0<\/strong>\u30b3\u30e9\u30fc\u30b2\u30f3\u914d\u5408\u306e\u30af\u30ea\u30fc\u30e0\u306f\u3001\u808c\u306b\u3046\u308b\u304a\u3044\u3092\u4e0e\u3048\u3001\u30cf\u30ea\u3092\u4e0e\u3048\u3001\u30b7\u30ef\u3092\u76ee\u7acb\u305f\u306a\u304f\u3057\u307e\u3059\u3002<\/p>\n\n\n\n<p>&#8211; <strong>\u30d2\u30a2\u30eb\u30ed\u30f3\u9178\u30e2\u30a4\u30b9\u30c1\u30e3\u30fc\u30af\u30ea\u30fc\u30e0<\/strong>\u30d2\u30a2\u30eb\u30ed\u30f3\u9178\u3092\u8c4a\u5bcc\u306b\u542b\u3080\u4fdd\u6e7f\u5264\u3067\u3001\u4e00\u65e5\u4e2d\u808c\u306e\u6f64\u3044\u3068\u3057\u306a\u3084\u304b\u3055\u3092\u4fdd\u3061\u307e\u3059\u3002<\/p>\n\n\n\n<p><strong>\u30a4\u30c3\u30c4\u30fb\u30b9\u30ad\u30f3\u306e\u88fd\u54c1\u306f\u3001\u6709\u52b9\u6027\u3068\u5b89\u5168\u6027\u3092\u91cd\u8996\u3057\u305f\u51e6\u65b9\u3068\u54c1\u8cea\u3067\u9ad8\u304f\u8a55\u4fa1\u3055\u308c\u3066\u3044\u308b\u3002<\/strong> \u540c\u30d6\u30e9\u30f3\u30c9\u306f\u3001\u6d88\u8cbb\u8005\u306e\u591a\u69d8\u306a\u30cb\u30fc\u30ba\u306b\u5fdc\u3048\u308b\u30b9\u30ad\u30f3\u30b1\u30a2\u88fd\u54c1\u3092\u63d0\u4f9b\u3057\u3001\u5065\u5eb7\u3067\u8f1d\u304f\u808c\u3092\u5b9f\u73fe\u3059\u308b\u3053\u3068\u306b\u5168\u529b\u3092\u6ce8\u3044\u3067\u3044\u308b\u3002<\/p>\n\n\n\n<hr class=\"wp-block-separator aligncenter has-alpha-channel-opacity\"\/>\n\n\n\n<p class=\"has-text-align-center\"><strong>\u30a4\u30c3\u30c4\u30fb\u30b9\u30ad\u30f3\u306e\u88fd\u54c1\u306f\u3001\u516c\u5f0f\u30d1\u30fc\u30c8\u30ca\u30fc\u30b7\u30e7\u30c3\u30d7\u304b\u3089\u30aa\u30f3\u30e9\u30a4\u30f3\u3067\u3054\u6ce8\u6587\u3044\u305f\u3060\u3051\u307e\u3059\uff1a<\/strong><\/p>\n\n\n\n<div class=\"wp-block-group has-large-font-size is-layout-grid wp-container-core-group-is-layout-4d858cb8 wp-block-group-is-layout-grid\">\n<figure class=\"wp-block-image size-medium\"><a href=\"https:\/\/sole.ro\/brand\/it-s-skin\" target=\"_blank\" rel=\" noreferrer noopener\"><img decoding=\"async\" width=\"300\" height=\"150\" src=\"https:\/\/onemd.ro\/wp-content\/uploads\/2021\/07\/f6-2-300x150.jpg\" alt=\"\u30bd\u30fc\u30eb\u30ed\" class=\"wp-image-297\" srcset=\"https:\/\/onemd.ro\/wp-content\/uploads\/2021\/07\/f6-2-300x150.jpg 300w, https:\/\/onemd.ro\/wp-content\/uploads\/2021\/07\/f6-2-16x8.jpg 16w, https:\/\/onemd.ro\/wp-content\/uploads\/2021\/07\/f6-2.jpg 600w\" sizes=\"(max-width: 300px) 100vw, 300px\" \/><\/a><\/figure>\n\n\n\n<figure class=\"wp-block-image size-medium\"><a href=\"https:\/\/comenzi.farmaciatei.ro\/brand\/its-skin\" target=\"_blank\" rel=\" noreferrer noopener\"><img decoding=\"async\" width=\"300\" height=\"150\" src=\"https:\/\/onemd.ro\/wp-content\/uploads\/2021\/07\/f1-1-300x150.jpg\" alt=\"\u30c6\u30a4\u85ac\u5c40\u30aa\u30d5\u30a3\u30b7\u30e3\u30eb\u30d1\u30fc\u30c8\u30ca\u30fc\u30b7\u30e7\u30c3\u30d7\" class=\"wp-image-301\" srcset=\"https:\/\/onemd.ro\/wp-content\/uploads\/2021\/07\/f1-1-300x150.jpg 300w, https:\/\/onemd.ro\/wp-content\/uploads\/2021\/07\/f1-1-16x8.jpg 16w, https:\/\/onemd.ro\/wp-content\/uploads\/2021\/07\/f1-1.jpg 600w\" sizes=\"(max-width: 300px) 100vw, 300px\" \/><\/a><\/figure>\n\n\n\n<figure class=\"wp-block-image size-medium\"><a href=\"https:\/\/comenzi.bebetei.ro\/brand\/its-skin\" target=\"_blank\" rel=\" noreferrer noopener\"><img loading=\"lazy\" decoding=\"async\" width=\"300\" height=\"150\" src=\"https:\/\/onemd.ro\/wp-content\/uploads\/2021\/07\/f4-300x150.jpg\" alt=\"\u3079\u3079\u4ead\u30aa\u30d5\u30a3\u30b7\u30e3\u30eb\u30d1\u30fc\u30c8\u30ca\u30fc\u30b7\u30e7\u30c3\u30d7\" class=\"wp-image-292\" srcset=\"https:\/\/onemd.ro\/wp-content\/uploads\/2021\/07\/f4-300x150.jpg 300w, https:\/\/onemd.ro\/wp-content\/uploads\/2021\/07\/f4-16x8.jpg 16w, https:\/\/onemd.ro\/wp-content\/uploads\/2021\/07\/f4.jpg 600w\" sizes=\"(max-width: 300px) 100vw, 300px\" \/><\/a><\/figure>\n\n\n\n<figure class=\"wp-block-image size-medium\"><a href=\"https:\/\/www.drmax.ro\/it-s-skin\" target=\"_blank\" rel=\" noreferrer noopener\"><img loading=\"lazy\" decoding=\"async\" width=\"300\" height=\"129\" src=\"https:\/\/onemd.ro\/wp-content\/uploads\/2024\/05\/dr-max-300x129.jpg\" alt=\"\u30c9\u30af\u30bf\u30fc\u30de\u30c3\u30af\u30b9\u516c\u5f0f\u30d1\u30fc\u30c8\u30ca\u30fc\u30b7\u30e7\u30c3\u30d7\" class=\"wp-image-673\" srcset=\"https:\/\/onemd.ro\/wp-content\/uploads\/2024\/05\/dr-max-300x129.jpg 300w, https:\/\/onemd.ro\/wp-content\/uploads\/2024\/05\/dr-max-18x8.jpg 18w, https:\/\/onemd.ro\/wp-content\/uploads\/2024\/05\/dr-max.jpg 473w\" sizes=\"(max-width: 300px) 100vw, 300px\" \/><\/a><\/figure>\n\n\n\n<figure class=\"wp-block-image size-full\"><a href=\"https:\/\/www.dm.ro\/\" target=\"_blank\" rel=\" noreferrer noopener\"><img loading=\"lazy\" decoding=\"async\" width=\"600\" height=\"300\" src=\"https:\/\/onemd.ro\/wp-content\/uploads\/2021\/07\/f3-1.jpg\" alt=\"DM\u30b0\u30ed\u30fc\u30b5\u30ea\u30fc\" class=\"wp-image-291\" srcset=\"https:\/\/onemd.ro\/wp-content\/uploads\/2021\/07\/f3-1.jpg 600w, https:\/\/onemd.ro\/wp-content\/uploads\/2021\/07\/f3-1-300x150.jpg 300w, https:\/\/onemd.ro\/wp-content\/uploads\/2021\/07\/f3-1-16x8.jpg 16w\" sizes=\"(max-width: 600px) 100vw, 600px\" \/><\/a><\/figure>\n\n\n\n<figure class=\"wp-block-image size-full\"><a href=\"https:\/\/www.catena.ro\/cauta\/it%27s+Skin\" target=\"_blank\" rel=\" noreferrer noopener\"><img loading=\"lazy\" decoding=\"async\" width=\"600\" height=\"300\" src=\"https:\/\/onemd.ro\/wp-content\/uploads\/2021\/07\/Farmaci-5.jpg\" alt=\"\u30c1\u30a7\u30fc\u30f3\" class=\"wp-image-111\" srcset=\"https:\/\/onemd.ro\/wp-content\/uploads\/2021\/07\/Farmaci-5.jpg 600w, https:\/\/onemd.ro\/wp-content\/uploads\/2021\/07\/Farmaci-5-300x150.jpg 300w, https:\/\/onemd.ro\/wp-content\/uploads\/2021\/07\/Farmaci-5-16x8.jpg 16w\" sizes=\"(max-width: 600px) 100vw, 600px\" \/><\/a><\/figure>\n\n\n\n<figure class=\"wp-block-image size-full\"><a href=\"https:\/\/www.remediumfarm.ro\/\" target=\"_blank\" rel=\" noreferrer noopener\"><img loading=\"lazy\" decoding=\"async\" width=\"600\" height=\"300\" src=\"https:\/\/onemd.ro\/wp-content\/uploads\/2021\/07\/f5-1.jpg\" alt=\"\u30ec\u30e1\u30c7\u30a3\u30a6\u30e0\u8fb2\u5834\" class=\"wp-image-299\" srcset=\"https:\/\/onemd.ro\/wp-content\/uploads\/2021\/07\/f5-1.jpg 600w, https:\/\/onemd.ro\/wp-content\/uploads\/2021\/07\/f5-1-300x150.jpg 300w, https:\/\/onemd.ro\/wp-content\/uploads\/2021\/07\/f5-1-16x8.jpg 16w\" sizes=\"(max-width: 600px) 100vw, 600px\" \/><\/a><\/figure>\n\n\n\n<figure class=\"wp-block-image size-full\"><a href=\"https:\/\/www.springfarma.com\/it-s-skin.html\" target=\"_blank\" rel=\" noreferrer noopener\"><img loading=\"lazy\" decoding=\"async\" width=\"600\" height=\"300\" src=\"https:\/\/onemd.ro\/wp-content\/uploads\/2025\/08\/Spring-Farma.jpg\" alt=\"\" class=\"wp-image-1611\" srcset=\"https:\/\/onemd.ro\/wp-content\/uploads\/2025\/08\/Spring-Farma.jpg 600w, https:\/\/onemd.ro\/wp-content\/uploads\/2025\/08\/Spring-Farma-300x150.jpg 300w, https:\/\/onemd.ro\/wp-content\/uploads\/2025\/08\/Spring-Farma-18x9.jpg 18w\" sizes=\"(max-width: 600px) 100vw, 600px\" \/><\/a><\/figure>\n<\/div>\n\n\n\n<p><\/p>","protected":false},"excerpt":{"rendered":"<p>It&#8217;s Skin este un brand coreean de \u00eengrijire a pielii, renumit pentru utilizarea ingredientelor naturale \u0219i a tehnologiei avansate pentru a crea produse eficiente \u0219i accesibile. Cu o gam\u0103 larg\u0103 de solu\u021bii pentru toate tipurile de piele, It&#8217;s Skin se concentreaz\u0103 pe oferirea unor produse care \u00eembun\u0103t\u0103\u021besc s\u0103n\u0103tatea \u0219i aspectul pielii. Produsele cheie It&#8217;s Skin &#8211; Power 10 Formula Effector: O serie de seruri concentrate, fiecare formulat pentru a aborda probleme specifice ale pielii, cum ar fi hidratarea, luminozitatea, anti-\u00eemb\u0103tr\u00e2nirea \u0219i calmarea. &#8211; Prestige Creme D&#8217;Escargot: O crem\u0103 luxoas\u0103 cu extract de melc, care regenereaz\u0103 \u0219i hidrateaz\u0103 profund pielea, ajut\u00e2nd la reducerea ridurilor \u0219i la \u00eembun\u0103t\u0103\u021birea elasticit\u0103\u021bii pielii. &#8211; Aloe [&hellip;]<\/p>","protected":false},"author":1,"featured_media":0,"parent":0,"menu_order":0,"comment_status":"closed","ping_status":"closed","template":"","meta":{"footnotes":""},"class_list":["post-707","page","type-page","status-publish","hentry"],"aioseo_notices":[],"_links":{"self":[{"href":"https:\/\/onemd.ro\/ja\/wp-json\/wp\/v2\/pages\/707","targetHints":{"allow":["GET"]}}],"collection":[{"href":"https:\/\/onemd.ro\/ja\/wp-json\/wp\/v2\/pages"}],"about":[{"href":"https:\/\/onemd.ro\/ja\/wp-json\/wp\/v2\/types\/page"}],"author":[{"embeddable":true,"href":"https:\/\/onemd.ro\/ja\/wp-json\/wp\/v2\/users\/1"}],"replies":[{"embeddable":true,"href":"https:\/\/onemd.ro\/ja\/wp-json\/wp\/v2\/comments?post=707"}],"version-history":[{"count":3,"href":"https:\/\/onemd.ro\/ja\/wp-json\/wp\/v2\/pages\/707\/revisions"}],"predecessor-version":[{"id":1643,"href":"https:\/\/onemd.ro\/ja\/wp-json\/wp\/v2\/pages\/707\/revisions\/1643"}],"wp:attachment":[{"href":"https:\/\/onemd.ro\/ja\/wp-json\/wp\/v2\/media?parent=707"}],"curies":[{"name":"wp","href":"https:\/\/api.w.org\/{rel}","templated":true}]}}